{"id":11236,"date":"2023-05-31T11:30:45","date_gmt":"2023-05-31T15:30:45","guid":{"rendered":"https:\/\/e8e300b34e.nxcli.io\/sps-commerce-edi-connector\/"},"modified":"2025-10-15T13:42:06","modified_gmt":"2025-10-15T17:42:06","slug":"connecteur-edi-sps-commerce","status":"publish","type":"page","link":"https:\/\/www.nwaretech.com\/fr\/connecteur-edi-sps-commerce\/","title":{"rendered":"Connecteur EDI SPS Commerce"},"content":{"rendered":"<div class=\"wpb-content-wrapper\">[vc_row fullwidth=&#8221;true&#8221; css=&#8221;.vc_custom_1532701016934{margin-top: -155px !important;}&#8221;][vc_column][mk_page_title_box section_height=&#8221;525&#8243; bg_image=&#8221;https:\/\/www.nwaretech.com\/wp-content\/uploads\/2023\/05\/sps_header-01-4.png&#8221; bg_position=&#8221;center center&#8221; bg_stretch=&#8221;true&#8221; bg_effects=&#8221;parallax&#8221; font_size=&#8221;60&#8243; underline=&#8221;false&#8221; padding=&#8221;10&#8243;][mk_divider style=&#8221;thin_solid&#8221; thickness=&#8221;3&#8243; margin_top=&#8221;0&#8243; margin_bottom=&#8221;0&#8243;][\/vc_column][\/vc_row][vc_row][vc_column][mk_padding_divider size=&#8221;100&#8243;][\/vc_column][\/vc_row][vc_row][vc_column][vc_column_text css=&#8221;.vc_custom_1686842903911{margin-bottom: 0px !important;}&#8221;]\n<h1>Automatisez le traitement des transactions EDI pour<br \/>\nam\u00e9liorer la productivit\u00e9 et l\u2019exactitude des donn\u00e9es<\/h1>\n[\/vc_column_text][vc_row_inner][vc_column_inner width=&#8221;2\/3&#8243;][mk_padding_divider size=&#8221;60&#8243;][vc_column_text css=&#8221;.vc_custom_1760550124095{margin-bottom: 0px !important;}&#8221;]L\u2019int\u00e9gration de SPS Commerce et <a href=\"https:\/\/www.nwaretech.com\/fr\/produits-sap-business-one\/\">SAP Business One<\/a>, propuls\u00e9 par le <strong>connecteur EDI <a href=\"https:\/\/www.nwaretech.com\/fr\/ntegrate-conntecteur-sap-business-one\/\">N\u2019Tegrate<\/a><\/strong>, offre une plateforme conviviale et performante permettant d\u2019automatiser l\u2019\u00e9change de donn\u00e9es bidirectionnel entre votre syst\u00e8me ERP et celui de vos clients.<\/p>\n<p>L\u2019\u00c9change de Donn\u00e9es Informatis\u00e9 (EDI) remplace l\u2019utilisation de documents commerciaux traditionnels tels que les t\u00e9l\u00e9copies ou les documents papier, par l\u2019\u00e9change de documents \u00e9lectroniques entre les syst\u00e8mes de deux entreprises.<\/p>\n<p>SPS Commerce procure un ensemble de mod\u00e8les de messages EDI pr\u00e9configur\u00e9s et de de formats standards. La plateforme offre \u00e9galement d&#8217;autres possibilit\u00e9s de personnalisation pour s&#8217;adapter aux exigences sp\u00e9cifiques de votre entreprise.[\/vc_column_text][\/vc_column_inner][vc_column_inner width=&#8221;1\/3&#8243;][mk_padding_divider size=&#8221;26&#8243;][vc_single_image image=&#8221;11240&#8243; img_size=&#8221;large&#8221; alignment=&#8221;center&#8221;][\/vc_column_inner][\/vc_row_inner][mk_padding_divider size=&#8221;20&#8243;][\/vc_column][\/vc_row][vc_row fullwidth=&#8221;true&#8221; fullwidth_content=&#8221;false&#8221; css=&#8221;.vc_custom_1533930149385{padding-top: 40px !important;padding-bottom: 40px !important;background-color: #e8e8e8 !important;}&#8221;][vc_column][mk_padding_divider size=&#8221;20&#8243;][vc_column_text css=&#8221;.vc_custom_1686843234655{margin-bottom: 0px !important;}&#8221;]\n<h2>Avantages de la solution<\/h2>\n[\/vc_column_text][mk_custom_list icon_color=&#8221;#081828&#8243;]\n<ul>\n<li>R\u00e9duit les co\u00fbts d&#8217;exploitation et augmente la profitabilit\u00e9 en automatisant la saisie de donn\u00e9es et l&#8217;\u00e9limination des op\u00e9rations sur papier<\/li>\n<li>Am\u00e9liore la gestion des flux de tr\u00e9sorie en acc\u00e9l\u00e9rant le traitement des commandes clients<\/li>\n<li>Am\u00e9liore la satisfaction et la fid\u00e9lit\u00e9 de vos clients gr\u00e2ce \u00e0 des communications efficaces, une ex\u00e9cution plus rapide des commandes et en r\u00e9pondant aux exigences de vos partenaires commerciaux<\/li>\n<li>Int\u00e9gration bidirectionnelle et compl\u00e8te avec la plateforme #1 d&#8217;EDI, <a href=\"https:\/\/www.spscommerce.com\/\">SPS Commerce<\/a>, propuls\u00e9\u00e9 par N&#8217;Tegrate pour SAP Business One<\/li>\n<\/ul>\n[\/mk_custom_list][\/vc_column][\/vc_row][vc_row fullwidth=&#8221;true&#8221; fullwidth_content=&#8221;false&#8221; css=&#8221;.vc_custom_1685548512607{padding-top: 40px !important;padding-bottom: 40px !important;background-color: #ffffff !important;}&#8221;][vc_column][mk_padding_divider size=&#8221;32&#8243;][vc_column_text css=&#8221;.vc_custom_1686843352747{margin-bottom: 0px !important;}&#8221;]Le connecteur EDI de N&#8217;Tegrate pour SAP Business One permet une communication directe avec SPS Commerce. Simple et rapide \u00e0 d\u00e9ployer, il fournit un ensemble complet de mod\u00e8les et de formats standards pr\u00eats \u00e0 l&#8217;emploi, tout en permettant une personnalisation et une configuration avanc\u00e9es. La flexibilit\u00e9 du module d&#8217;int\u00e9gration de N&#8217;Tegrate assure une compatibilit\u00e9 optimale avec les besoins spc\u00e9ifiques de vos partenaires commerciaux.[\/vc_column_text][mk_padding_divider size=&#8221;32&#8243;][vc_separator][vc_single_image image=&#8221;11242&#8243; img_size=&#8221;full&#8221; alignment=&#8221;center&#8221;][vc_separator][\/vc_column][\/vc_row][vc_row][vc_column width=&#8221;1\/4&#8243;][vc_single_image image=&#8221;11167&#8243; img_size=&#8221;full&#8221; alignment=&#8221;center&#8221;][vc_column_text css=&#8221;.vc_custom_1686843398849{margin-bottom: 0px !important;}&#8221;]\n<h3 style=\"text-align: center\">Prise en charge des messages EDI 850 (R\u00e9ception de la commande), 855 (Accus\u00e9 de r\u00e9ception de commande), 856 (Avis d&#8217;exp\u00e9dition), 810 (Facture) avec les correspondances par d\u00e9faut les plus courantes pour SPS<\/h3>\n[\/vc_column_text][\/vc_column][vc_column width=&#8221;1\/4&#8243;][vc_single_image image=&#8221;11170&#8243; img_size=&#8221;full&#8221; alignment=&#8221;center&#8221;][vc_column_text css=&#8221;.vc_custom_1686843414981{margin-bottom: 0px !important;}&#8221;]\n<h3 style=\"text-align: center\">Configuration de messages EDI personnalis\u00e9s, d&#8217;alerte automatis\u00e9es, de valeurs suppl\u00e9mentaires et de routage sur mesure<\/h3>\n[\/vc_column_text][\/vc_column][vc_column width=&#8221;1\/4&#8243;][vc_single_image image=&#8221;11172&#8243; img_size=&#8221;full&#8221; alignment=&#8221;center&#8221;][vc_column_text css=&#8221;.vc_custom_1686843434077{margin-bottom: 0px !important;}&#8221;]\n<h3 style=\"text-align: center\">Possibilit\u00e9 d&#8217;ajouter des modules d&#8217;int\u00e9gration compl\u00e9mentaires pour assurer une compatibilit\u00e9 optimale avec les r\u00e8gles commerciales propres \u00e0 votre entreprise<\/h3>\n[\/vc_column_text][\/vc_column][vc_column width=&#8221;1\/4&#8243;][vc_single_image image=&#8221;11176&#8243; img_size=&#8221;full&#8221; alignment=&#8221;center&#8221;][vc_column_text css=&#8221;.vc_custom_1686843477026{margin-bottom: 0px !important;}&#8221;]\n<h3 style=\"text-align: center\">Int\u00e9gration directe et fluide entre SAP Business One et SPS Commerce<\/h3>\n[\/vc_column_text][\/vc_column][\/vc_row][vc_row][vc_column][mk_padding_divider size=&#8221;80&#8243;][\/vc_column][\/vc_row][vc_row fullwidth=&#8221;true&#8221; column_padding=&#8221;2&#8243; css=&#8221;.vc_custom_1669160564690{background-color: #edaf23 !important;}&#8221;][vc_column width=&#8221;2\/3&#8243;][mk_padding_divider][vc_column_text css=&#8221;.vc_custom_1686843494183{margin-bottom: 0px !important;}&#8221;]\n<h2><\/h2>\n<h2 style=\"text-align: center\"><strong>Contactez notre \u00e9quipe d&#8217;experts pour en savoir plus<br \/>\nsur SPS Commerce et N&#8217;Tegrate!<\/strong><\/h2>\n[\/vc_column_text][mk_padding_divider size=&#8221;30&#8243;][\/vc_column][vc_column width=&#8221;1\/3&#8243;][mk_padding_divider][mk_button dimension=&#8221;flat&#8221; corner_style=&#8221;rounded&#8221; size=&#8221;x-large&#8221; url=&#8221;https:\/\/www.nwaretech.com\/contact-us\/&#8221; target=&#8221;_blank&#8221;]CONTACTEZ-NOUS ![\/mk_button][mk_padding_divider size=&#8221;30&#8243;][\/vc_column][\/vc_row]\n<\/div>","protected":false},"excerpt":{"rendered":"<p>[vc_row fullwidth=&#8221;true&#8221; css=&#8221;.vc_custom_1532701016934{margin-top: -155px !important;}&#8221;][vc_column][mk_page_title_box section_height=&#8221;525&#8243; bg_image=&#8221;https:\/\/www.nwaretech.com\/wp-content\/uploads\/2023\/05\/sps_header-01-4.png&#8221; bg_position=&#8221;center center&#8221; bg_stretch=&#8221;true&#8221; bg_effects=&#8221;parallax&#8221; font_size=&#8221;60&#8243; underline=&#8221;false&#8221; padding=&#8221;10&#8243;][mk_divider style=&#8221;thin_solid&#8221; thickness=&#8221;3&#8243; margin_top=&#8221;0&#8243; margin_bottom=&#8221;0&#8243;][\/vc_column][\/vc_row][vc_row][vc_column][mk_padding_divider size=&#8221;100&#8243;][\/vc_column][\/vc_row][vc_row][vc_column][vc_column_text css=&#8221;.vc_custom_1686842903911{margin-bottom: 0px !important;}&#8221;] Automatisez le traitement des transactions EDI pour am\u00e9liorer la productivit\u00e9 et l\u2019exactitude des donn\u00e9es [\/vc_column_text][vc_row_inner][vc_column_inner width=&#8221;2\/3&#8243;][mk_padding_divider size=&#8221;60&#8243;][vc_column_text css=&#8221;.vc_custom_1760550124095{margin-bottom: 0px !important;}&#8221;]L\u2019int\u00e9gration de SPS Commerce et SAP Business One, propuls\u00e9 par le connecteur EDI N\u2019Tegrate, [&hellip;]<\/p>\n","protected":false},"author":7,"featured_media":0,"parent":0,"menu_order":0,"comment_status":"closed","ping_status":"closed","template":"","meta":{"footnotes":""},"class_list":["post-11236","page","type-page","status-publish","hentry"],"yoast_head":"<!-- This site is optimized with the Yoast SEO plugin v27.2 - https:\/\/yoast.com\/product\/yoast-seo-wordpress\/ -->\n<title>Connecteur EDI de SPS Commerce<\/title>\n<meta name=\"description\" content=\"Le connecteur SPS Commerce est une int\u00e9gration EDI robuste et transparente pour SAP Business One, aliment\u00e9e par la plateforme N&#039;Tegrate.\" \/>\n<meta name=\"robots\" content=\"index, follow, max-snippet:-1, max-image-preview:large, max-video-preview:-1\" \/>\n<link rel=\"canonical\" href=\"https:\/\/www.nwaretech.com\/fr\/connecteur-edi-sps-commerce\/\" \/>\n<meta property=\"og:locale\" content=\"fr_FR\" \/>\n<meta property=\"og:type\" content=\"article\" \/>\n<meta property=\"og:title\" content=\"Connecteur EDI de SPS Commerce\" \/>\n<meta property=\"og:description\" content=\"Le connecteur SPS Commerce est une int\u00e9gration EDI robuste et transparente pour SAP Business One, aliment\u00e9e par la plateforme N&#039;Tegrate.\" \/>\n<meta property=\"og:url\" content=\"https:\/\/www.nwaretech.com\/fr\/connecteur-edi-sps-commerce\/\" \/>\n<meta property=\"og:site_name\" content=\"N\u2019ware Technologies\" \/>\n<meta property=\"article:modified_time\" content=\"2025-10-15T17:42:06+00:00\" \/>\n<meta name=\"twitter:card\" content=\"summary_large_image\" \/>\n<meta name=\"twitter:label1\" content=\"Dur\u00e9e de lecture estim\u00e9e\" \/>\n\t<meta name=\"twitter:data1\" content=\"3 minutes\" \/>\n<script type=\"application\/ld+json\" class=\"yoast-schema-graph\">{\"@context\":\"https:\/\/schema.org\",\"@graph\":[{\"@type\":\"WebPage\",\"@id\":\"https:\/\/www.nwaretech.com\/fr\/connecteur-edi-sps-commerce\/\",\"url\":\"https:\/\/www.nwaretech.com\/fr\/connecteur-edi-sps-commerce\/\",\"name\":\"Connecteur EDI de SPS Commerce\",\"isPartOf\":{\"@id\":\"https:\/\/www.nwaretech.com\/#website\"},\"datePublished\":\"2023-05-31T15:30:45+00:00\",\"dateModified\":\"2025-10-15T17:42:06+00:00\",\"description\":\"Le connecteur SPS Commerce est une int\u00e9gration EDI robuste et transparente pour SAP Business One, aliment\u00e9e par la plateforme N'Tegrate.\",\"breadcrumb\":{\"@id\":\"https:\/\/www.nwaretech.com\/fr\/connecteur-edi-sps-commerce\/#breadcrumb\"},\"inLanguage\":\"fr-FR\",\"potentialAction\":[{\"@type\":\"ReadAction\",\"target\":[\"https:\/\/www.nwaretech.com\/fr\/connecteur-edi-sps-commerce\/\"]}]},{\"@type\":\"BreadcrumbList\",\"@id\":\"https:\/\/www.nwaretech.com\/fr\/connecteur-edi-sps-commerce\/#breadcrumb\",\"itemListElement\":[{\"@type\":\"ListItem\",\"position\":1,\"name\":\"Home\",\"item\":\"https:\/\/www.nwaretech.com\/fr\/\"},{\"@type\":\"ListItem\",\"position\":2,\"name\":\"Connecteur EDI SPS Commerce\"}]},{\"@type\":\"WebSite\",\"@id\":\"https:\/\/www.nwaretech.com\/#website\",\"url\":\"https:\/\/www.nwaretech.com\/\",\"name\":\"N\u2019ware Technologies\",\"description\":\"ERP &amp; WMS Software\",\"potentialAction\":[{\"@type\":\"SearchAction\",\"target\":{\"@type\":\"EntryPoint\",\"urlTemplate\":\"https:\/\/www.nwaretech.com\/?s={search_term_string}\"},\"query-input\":{\"@type\":\"PropertyValueSpecification\",\"valueRequired\":true,\"valueName\":\"search_term_string\"}}],\"inLanguage\":\"fr-FR\"}]}<\/script>\n<!-- \/ Yoast SEO plugin. -->","yoast_head_json":{"title":"Connecteur EDI de SPS Commerce","description":"Le connecteur SPS Commerce est une int\u00e9gration EDI robuste et transparente pour SAP Business One, aliment\u00e9e par la plateforme N'Tegrate.","robots":{"index":"index","follow":"follow","max-snippet":"max-snippet:-1","max-image-preview":"max-image-preview:large","max-video-preview":"max-video-preview:-1"},"canonical":"https:\/\/www.nwaretech.com\/fr\/connecteur-edi-sps-commerce\/","og_locale":"fr_FR","og_type":"article","og_title":"Connecteur EDI de SPS Commerce","og_description":"Le connecteur SPS Commerce est une int\u00e9gration EDI robuste et transparente pour SAP Business One, aliment\u00e9e par la plateforme N'Tegrate.","og_url":"https:\/\/www.nwaretech.com\/fr\/connecteur-edi-sps-commerce\/","og_site_name":"N\u2019ware Technologies","article_modified_time":"2025-10-15T17:42:06+00:00","twitter_card":"summary_large_image","twitter_misc":{"Dur\u00e9e de lecture estim\u00e9e":"3 minutes"},"schema":{"@context":"https:\/\/schema.org","@graph":[{"@type":"WebPage","@id":"https:\/\/www.nwaretech.com\/fr\/connecteur-edi-sps-commerce\/","url":"https:\/\/www.nwaretech.com\/fr\/connecteur-edi-sps-commerce\/","name":"Connecteur EDI de SPS Commerce","isPartOf":{"@id":"https:\/\/www.nwaretech.com\/#website"},"datePublished":"2023-05-31T15:30:45+00:00","dateModified":"2025-10-15T17:42:06+00:00","description":"Le connecteur SPS Commerce est une int\u00e9gration EDI robuste et transparente pour SAP Business One, aliment\u00e9e par la plateforme N'Tegrate.","breadcrumb":{"@id":"https:\/\/www.nwaretech.com\/fr\/connecteur-edi-sps-commerce\/#breadcrumb"},"inLanguage":"fr-FR","potentialAction":[{"@type":"ReadAction","target":["https:\/\/www.nwaretech.com\/fr\/connecteur-edi-sps-commerce\/"]}]},{"@type":"BreadcrumbList","@id":"https:\/\/www.nwaretech.com\/fr\/connecteur-edi-sps-commerce\/#breadcrumb","itemListElement":[{"@type":"ListItem","position":1,"name":"Home","item":"https:\/\/www.nwaretech.com\/fr\/"},{"@type":"ListItem","position":2,"name":"Connecteur EDI SPS Commerce"}]},{"@type":"WebSite","@id":"https:\/\/www.nwaretech.com\/#website","url":"https:\/\/www.nwaretech.com\/","name":"N\u2019ware Technologies","description":"ERP &amp; WMS Software","potentialAction":[{"@type":"SearchAction","target":{"@type":"EntryPoint","urlTemplate":"https:\/\/www.nwaretech.com\/?s={search_term_string}"},"query-input":{"@type":"PropertyValueSpecification","valueRequired":true,"valueName":"search_term_string"}}],"inLanguage":"fr-FR"}]}},"_links":{"self":[{"href":"https:\/\/www.nwaretech.com\/fr\/wp-json\/wp\/v2\/pages\/11236","targetHints":{"allow":["GET"]}}],"collection":[{"href":"https:\/\/www.nwaretech.com\/fr\/wp-json\/wp\/v2\/pages"}],"about":[{"href":"https:\/\/www.nwaretech.com\/fr\/wp-json\/wp\/v2\/types\/page"}],"author":[{"embeddable":true,"href":"https:\/\/www.nwaretech.com\/fr\/wp-json\/wp\/v2\/users\/7"}],"replies":[{"embeddable":true,"href":"https:\/\/www.nwaretech.com\/fr\/wp-json\/wp\/v2\/comments?post=11236"}],"version-history":[{"count":2,"href":"https:\/\/www.nwaretech.com\/fr\/wp-json\/wp\/v2\/pages\/11236\/revisions"}],"predecessor-version":[{"id":36610,"href":"https:\/\/www.nwaretech.com\/fr\/wp-json\/wp\/v2\/pages\/11236\/revisions\/36610"}],"wp:attachment":[{"href":"https:\/\/www.nwaretech.com\/fr\/wp-json\/wp\/v2\/media?parent=11236"}],"curies":[{"name":"wp","href":"https:\/\/api.w.org\/{rel}","templated":true}]}}