{"id":29413,"date":"2023-02-14T09:43:27","date_gmt":"2023-02-14T14:43:27","guid":{"rendered":"https:\/\/e8e300b34e.nxcli.io\/industries\/firearms-industry-erp\/"},"modified":"2025-01-20T10:55:17","modified_gmt":"2025-01-20T15:55:17","slug":"firearms-industry-erp","status":"publish","type":"page","link":"https:\/\/www.nwaretech.com\/fr\/industries\/firearms-industry-erp\/","title":{"rendered":"ERP pour l&#8217;industrie des armes \u00e0 feu"},"content":{"rendered":"<div class=\"wpb-content-wrapper\">[vc_row fullwidth=&#8221;true&#8221; css=&#8221;.vc_custom_1532701016934{margin-top: -155px !important;}&#8221;][vc_column][mk_divider style=&#8221;thin_solid&#8221; thickness=&#8221;3&#8243; margin_top=&#8221;0&#8243; margin_bottom=&#8221;0&#8243;][\/vc_column][\/vc_row][mk_page_section bg_color=&#8221;#e8e8e8&#8243; bg_repeat=&#8221;no-repeat&#8221; min_height=&#8221;200&#8243; full_width=&#8221;true&#8221; padding_top=&#8221;40&#8243; padding_bottom=&#8221;0&#8243; has_bottom_shape_divider=&#8221;true&#8221; bottom_shape_size=&#8221;small&#8221; bottom_shape_bg_color=&#8221;#e8e8e8&#8243; sidebar=&#8221;sidebar-1&#8243;][vc_column width=&#8221;2\/3&#8243;][mk_padding_divider size=&#8221;120&#8243;][mk_page_title_box page_title=&#8221;LOGICIEL ERP POUR L&#8217;INDUSTRIE DES ARMES \u00c0 FEU&#8221; page_subtitle=&#8221;SIMPLIFIER LES OP\u00c9RATIONS ET LA CONFORMIT\u00c9&#8221; section_height=&#8221;300&#8243; font_color=&#8221;#213356&#8243; font_weight=&#8221;500&#8243; underline=&#8221;false&#8221; sub_font_color=&#8221;#213356&#8243;][mk_padding_divider size=&#8221;30&#8243;][\/vc_column][vc_column width=&#8221;1\/3&#8243;][mk_padding_divider size=&#8221;80&#8243;][vc_single_image image=&#8221;29437&#8243; img_size=&#8221;375&#215;375&#8243; alignment=&#8221;center&#8221;][\/vc_column][\/mk_page_section][vc_row][vc_column][mk_padding_divider][vc_column_text css=&#8221;.vc_custom_1713207423379{margin-bottom: 0px !important;}&#8221;]Notre logiciel de gestion d&#8217;entreprise est con\u00e7u sp\u00e9cifiquement pour r\u00e9pondre aux besoins uniques des petites et moyennes entreprises de fabrication et de distribution dans le secteur des armes \u00e0 feu. Avec des fonctionnalit\u00e9s telles que la gestion des stocks, la gestion financi\u00e8re, l&#8217;int\u00e9gration des livres consolid\u00e9s et la gestion de la cha\u00eene d&#8217;approvisionnement, <a href=\"https:\/\/www.nwaretech.com\/fr\/produits-sap-business-one\/\" target=\"_blank\" rel=\"noopener\">SAP Business One<\/a> ERP offre les fonctions n\u00e9cessaires pour prendre le contr\u00f4le de vos op\u00e9rations tout en respectant les normes gouvernementales (ATF, ITAR, DCAA, etc.).<\/p>\n<p>Con\u00e7u sp\u00e9cifiquement pour r\u00e9pondre aux besoins des petites et moyennes entreprises en pleine croissance, SAP Business One est une plate-forme \u00e9volutive qui permet aux entreprises de rationaliser tous les aspects de leurs op\u00e9rations, de la gestion des stocks et des achats \u00e0 la gestion financi\u00e8re et au suivi des r\u00e9sultats.[\/vc_column_text][mk_padding_divider size=&#8221;60&#8243;][vc_separator border_width=&#8221;5&#8243; el_width=&#8221;20&#8243;][mk_padding_divider][\/vc_column][\/vc_row][vc_row][vc_column][mk_fancy_title margin_bottom=&#8221;10&#8243; font_family=&#8221;none&#8221;]\n<h2 style=\"text-align: center;\"><strong>Avantages d&#8217;un ERP pour les licences f\u00e9d\u00e9rales d&#8217;armes \u00e0 feu<\/strong><\/h2>\n[\/mk_fancy_title][\/vc_column][\/vc_row][vc_row][vc_column width=&#8221;1\/4&#8243;][vc_single_image image=&#8221;29278&#8243; alignment=&#8221;center&#8221;][mk_fancy_title color=&#8221;#ebae25&#8243; size=&#8221;12&#8243; margin_bottom=&#8221;0&#8243; font_family=&#8221;none&#8221;]\n<h3 style=\"text-align: center;\">S\u00e9rialisation et optimisation des entrep\u00f4ts<\/h3>\n[\/mk_fancy_title][vc_column_text css=&#8221;.vc_custom_1713206381181{margin-bottom: 0px !important;}&#8221;]\n<p style=\"text-align: center;\">Stimulez la productivit\u00e9 des op\u00e9rateurs, am\u00e9liorez la visibilit\u00e9 des stocks et r\u00e9duisez les co\u00fbts de possession gr\u00e2ce \u00e0 la <strong>lecture des codes-barres<\/strong>, au <strong>suivi des num\u00e9ros de s\u00e9rie<\/strong> et \u00e0 la mise en stock et \u00e0 la pr\u00e9paration des commandes pilot\u00e9es par le syst\u00e8me.<\/p>\n[\/vc_column_text][\/vc_column][vc_column width=&#8221;1\/4&#8243;][vc_single_image image=&#8221;29280&#8243; alignment=&#8221;center&#8221;][mk_fancy_title color=&#8221;#ebae25&#8243; margin_bottom=&#8221;0&#8243; font_family=&#8221;none&#8221;]\n<h3 style=\"text-align: center;\">Approvisionnement, fabrication et assemblage<\/h3>\n[\/mk_fancy_title][vc_column_text css=&#8221;.vc_custom_1712849521686{margin-bottom: 0px !important;}&#8221;]\n<p style=\"text-align: center;\">Optimisez l&#8217;approvisionnement, r\u00e9duisez les d\u00e9lais de production, contr\u00f4lez vos marges, saisissez les d\u00e9tails\/actuels des ordres de production et suivez les op\u00e9rations de l&#8217;atelier en temps r\u00e9el.<\/p>\n[\/vc_column_text][\/vc_column][vc_column width=&#8221;1\/4&#8243;][vc_single_image image=&#8221;29282&#8243; alignment=&#8221;center&#8221;][mk_fancy_title color=&#8221;#ebae25&#8243; margin_bottom=&#8221;0&#8243; font_family=&#8221;none&#8221;]\n<h3 style=\"text-align: center;\">Automatisation des t\u00e2ches administratives et processus sans papier<\/h3>\n[\/mk_fancy_title][vc_column_text css=&#8221;.vc_custom_1712849633506{margin-bottom: 0px !important;}&#8221;]\n<p style=\"text-align: center;\">Gagnez du temps et r\u00e9duisez les erreurs co\u00fbteuses dues \u00e0 la saisie manuelle des donn\u00e9es en automatisant les t\u00e2ches \u00e0 forte intensit\u00e9 de main-d&#8217;\u0153uvre telles que les \u00e9critures de journal, la r\u00e9ception des commandes et le traitement des paiements.<\/p>\n[\/vc_column_text][\/vc_column][vc_column width=&#8221;1\/4&#8243;][vc_single_image image=&#8221;29284&#8243; alignment=&#8221;center&#8221;][mk_fancy_title color=&#8221;#ebae25&#8243; margin_bottom=&#8221;0&#8243; font_family=&#8221;none&#8221;]\n<h3 style=\"text-align: center;\">Simplifier la conformit\u00e9 avec les r\u00e8gles gouvernementales<\/h3>\n[\/mk_fancy_title][vc_column_text css=&#8221;.vc_custom_1712849965749{margin-bottom: 0px !important;}&#8221;]\n<p style=\"text-align: center;\">Tirer parti d&#8217;une technologie s\u00e9curis\u00e9e et d&#8217;une <a href=\"https:\/\/www.fastbound.com\/\" target=\"_blank\" rel=\"noopener\">int\u00e9gration transparente<\/a> pour assurer la conformit\u00e9 des armes \u00e0 feu avec les exigences de l&#8217;ATF, de la DCAA et de l&#8217;ITAR.<\/p>\n[\/vc_column_text][\/vc_column][vc_column][mk_padding_divider size=&#8221;60&#8243;][\/vc_column][\/vc_row][vc_row][vc_column][\/vc_column][\/vc_row][mk_page_section vertical_align=&#8221;center&#8221; bg_image=&#8221;https:\/\/www.nwaretech.com\/wp-content\/uploads\/2024\/04\/huxwrx2-02-2.png&#8221; bg_position=&#8221;center center&#8221; bg_repeat=&#8221;no-repeat&#8221; video_opacity=&#8221;0.5&#8243; adaptive_height=&#8221;true&#8221; max_height=&#8221;400&#8243; min_height=&#8221;300&#8243; sidebar=&#8221;sidebar-1&#8243;][vc_column][mk_padding_divider size=&#8221;60&#8243;][vc_single_image image=&#8221;29420&#8243; img_size=&#8221;medium&#8221; alignment=&#8221;center&#8221; css=&#8221;.vc_custom_1721664633471{margin-bottom: 20px !important;border-bottom-width: 20px !important;padding-bottom: 20px !important;}&#8221;][vc_column_text css=&#8221;.vc_custom_1737388494378{margin-bottom: 20px !important;border-bottom-width: 20px !important;padding-bottom: 20px !important;}&#8221;]\n<h3 style=\"text-align: center;\"><strong><span style=\"color: #ffffff;\">D\u00e9couvrez comment HUXWRX ont augment\u00e9 <\/span><\/strong><strong><span style=\"color: #ffffff;\">leurs revenus de<\/span> <span style=\"color: #ebae25;\"><a style=\"color: #ebae25;\" href=\"https:\/\/www.nwaretech.com\/fr\/blog\/erp-pour-fabricants-armes-a-feu\/\">102%<\/a><\/span><span style=\"color: #ffffff;\">!<\/span><\/strong><\/h3>\n[\/vc_column_text][mk_button dimension=&#8221;savvy&#8221; corner_style=&#8221;rounded&#8221; size=&#8221;large&#8221; letter_spacing=&#8221;2&#8243; url=&#8221;https:\/\/www.nwaretech.com\/fr\/blog\/erp-pour-fabricants-armes-a-feu\/&#8221; target=&#8221;_blank&#8221; align=&#8221;center&#8221; visibility=&#8221;hidden-sm&#8221; outline_skin=&#8221;custom&#8221; outline_active_text_color=&#8221;#ffffff&#8221; outline_hover_bg_color=&#8221;#ffffff&#8221; outline_hover_color=&#8221;#213356&#8243;]VOIR PLUS[\/mk_button][\/vc_column][\/mk_page_section][vc_row][vc_column width=&#8221;1\/2&#8243;][mk_padding_divider size=&#8221;60&#8243;][mk_fancy_title margin_bottom=&#8221;10&#8243; font_family=&#8221;none&#8221;]\n<h2>UN ERP ABORDABLE, \u00c9VOLUTIF ET RAPIDE \u00c0 D\u00c9PLOYER<\/h2>\n[\/mk_fancy_title][vc_column_text css=&#8221;.vc_custom_1712849991798{margin-bottom: 0px !important;}&#8221;]Notre solution ERP permet aux fabricants et aux distributeurs d&#8217;armes \u00e0 feu d&#8217;\u00eatre op\u00e9rationnels rapidement et avec un minimum de perturbation de leurs op\u00e9rations, afin de commencer \u00e0 r\u00e9aliser la valeur commerciale de la gestion int\u00e9gr\u00e9e plus t\u00f4t. Avec SAP Business One, vous pouvez commencer modestement et \u00e9voluer au fur et \u00e0 mesure de votre croissance![\/vc_column_text][mk_padding_divider][vc_separator border_width=&#8221;5&#8243; el_width=&#8221;20&#8243;][mk_padding_divider][mk_fancy_title size=&#8221;18&#8243; margin_bottom=&#8221;10&#8243; font_family=&#8221;none&#8221;]\n<h2>SIMPLIFIER LES PROCESSUS CL\u00c9S GR\u00c2CE \u00c0 UN LOGICIEL DE GESTION D&#8217;ENTREPRISE INT\u00c9GR\u00c9<\/h2>\n[\/mk_fancy_title][vc_column_text css=&#8221;.vc_custom_1712850109842{margin-bottom: 0px !important;}&#8221;]Notre logiciel est con\u00e7u pour r\u00e9pondre aux besoins uniques des entreprises d&#8217;armes \u00e0 feu. Que vous assembliez des pi\u00e8ces et des accessoires ou que vous importiez et distribuiez des produits finis, notre solution est \u00e9volutive et personnalisable pour r\u00e9pondre \u00e0 vos besoins sp\u00e9cifiques.[\/vc_column_text][mk_padding_divider][\/vc_column][vc_column width=&#8221;1\/2&#8243;][mk_padding_divider][vc_tta_accordion][vc_tta_section i_icon_fontawesome=&#8221;fas fa-briefcase&#8221; add_icon=&#8221;true&#8221; title=&#8221;COMPTABILIT\u00c9 &amp; ADMINISTRATION&#8221; tab_id=&#8221;1676472710902-8aafd971-55d1&#8243;][vc_column_text css=&#8221;.vc_custom_1712850328920{margin-bottom: 0px !important;}&#8221;]\n<ul>\n<li>Suivi et rapport des donn\u00e9es financi\u00e8res<\/li>\n<li>Automatiser et rationaliser :\n<ul>\n<li>Factures AP\/AR<\/li>\n<li>Grand livre<\/li>\n<li>Paie<\/li>\n<li>Flux de tr\u00e9sorerie et suivi des actifs<\/li>\n<li>Budg\u00e9tisation<\/li>\n<\/ul>\n<\/li>\n<li>Pr\u00e9vision pour am\u00e9liorer<\/li>\n<li>Transparence financi\u00e8re<\/li>\n<\/ul>\n[\/vc_column_text][\/vc_tta_section][vc_tta_section i_icon_fontawesome=&#8221;far fa-file-alt&#8221; add_icon=&#8221;true&#8221; title=&#8221;ACHATS &amp; APPROVISIONNEMENT&#8221; tab_id=&#8221;1676472710946-e2feb813-bf4d&#8221;][vc_column_text css=&#8221;.vc_custom_1712850372792{margin-bottom: 0px !important;}&#8221;]\n<ul>\n<li>Notification d&#8217;inventaire pour les produits finis<\/li>\n<li>Gestion automatique des commandes en fonction des d\u00e9lais de livraison<\/li>\n<li>Ajout facile de nouveaux articles \u00e0 la base de donn\u00e9es<\/li>\n<\/ul>\n[\/vc_column_text][\/vc_tta_section][vc_tta_section i_icon_fontawesome=&#8221;fas fa-certificate&#8221; add_icon=&#8221;true&#8221; title=&#8221;CONFORMIT\u00c9 R\u00c9GLEMENTAIRE&#8221; tab_id=&#8221;1676472710970-d383969d-9ec7&#8243;][vc_column_text css=&#8221;.vc_custom_1712850515552{margin-bottom: 0px !important;}&#8221;]\n<ul>\n<li>Solution sp\u00e9cifique \u00e0 l&#8217;industrie : OneShot<\/li>\n<li>Conformit\u00e9 ITAR pour garantir une distribution s\u00fbre\n<ul>\n<li>Blocage des ventes aux acheteurs soumis \u00e0 des restrictions<\/li>\n<\/ul>\n<\/li>\n<li>Suivi des formulaires ATF par le biais des commandes de vente\n<ul>\n<li>Soumission automatique des formulaires ATF<\/li>\n<li>Notification du retour des formulaires<\/li>\n<li>Blocage des transactions finales si le formulaire n&#8217;est pas rempli<\/li>\n<\/ul>\n<\/li>\n<li>Prise en charge de la cr\u00e9ation de carnets reli\u00e9s num\u00e9riques pour les armes \u00e0 feu\n<ul>\n<li>Cr\u00e9ation facile de livres reli\u00e9s avec signature \u00e9lectronique<\/li>\n<li>Fournit l&#8217;historique des ventes d&#8217;unit\u00e9s individuelles<\/li>\n<\/ul>\n<\/li>\n<li>Maintien de la conformit\u00e9 aux contrats DCAA\n<ul>\n<li>D\u00e9finir l&#8217;\u00e9tendue des travaux<\/li>\n<li>Estimer les co\u00fbts directs et indirects<\/li>\n<li>Contr\u00f4le de la facturation<\/li>\n<\/ul>\n<\/li>\n<\/ul>\n[\/vc_column_text][\/vc_tta_section][vc_tta_section i_icon_fontawesome=&#8221;fas fa-boxes&#8221; add_icon=&#8221;true&#8221; title=&#8221;GESTION DE L&#8217;INVENTAIRE&#8221; tab_id=&#8221;1676473310589-5c4ed8ae-48d5&#8243;][vc_column_text css=&#8221;.vc_custom_1712850583383{margin-bottom: 0px !important;}&#8221;]\n<ul>\n<li>Module 3PL pour l&#8217;entreposage \u00e0 distance<\/li>\n<li>Suivi des unit\u00e9s en temps r\u00e9el<\/li>\n<li>Automatisation de l&#8217;impression des \u00e9tiquettes et de la s\u00e9rialisation<\/li>\n<li>Ex\u00e9cution rapide des commandes au fur et \u00e0 mesure des ventes<\/li>\n<li>Lecture de codes-barres et pr\u00e9l\u00e8vement vocal<\/li>\n<\/ul>\n[\/vc_column_text][\/vc_tta_section][vc_tta_section i_icon_fontawesome=&#8221;fas fa-cogs&#8221; add_icon=&#8221;true&#8221; title=&#8221;FABRICATION &amp; PRODUCTION&#8221; tab_id=&#8221;1676473569619-338d9520-9821&#8243;][vc_column_text css=&#8221;.vc_custom_1712850627658{margin-bottom: 0px !important;}&#8221;]\n<ul>\n<li>Visibilit\u00e9 de l&#8217;atelier de production<\/li>\n<li>Mise \u00e0 jour du nombre de pi\u00e8ces et de la demande actuelle<\/li>\n<li>Vue d&#8217;ensemble du cycle d&#8217;assemblage du produit<\/li>\n<li>Suivi d&#8217;une nomenclature pour chaque unit\u00e9 avec instructions<\/li>\n<\/ul>\n[\/vc_column_text][\/vc_tta_section][vc_tta_section i_icon_fontawesome=&#8221;fas fa-headset&#8221; add_icon=&#8221;true&#8221; title=&#8221;VENTE &amp; SERVICE \u00c0 LA CLIENT\u00c8LE&#8221; tab_id=&#8221;1676473667438-e5e2e0b0-b082&#8243;][vc_column_text css=&#8221;.vc_custom_1712850671749{margin-bottom: 0px !important;}&#8221;]\n<ul>\n<li>Automatiser la saisie des partenaires commerciaux<\/li>\n<li>Stockage s\u00e9curis\u00e9 des informations sur les clients\n<ul>\n<li>Contact commercial<\/li>\n<li>Historique des ventes<\/li>\n<li>Factures<\/li>\n<\/ul>\n<\/li>\n<li>Gestion des r\u00e9parations et des retours<\/li>\n<li>E-commerce et int\u00e9gration EDI<\/li>\n<\/ul>\n[\/vc_column_text][\/vc_tta_section][\/vc_tta_accordion][\/vc_column][\/vc_row][vc_row][vc_column][mk_padding_divider][\/vc_column][\/vc_row][vc_row fullwidth=&#8221;true&#8221; css=&#8221;.vc_custom_1533222006898{margin-bottom: -50px !important;padding-top: 45px !important;padding-bottom: 25px !important;background-color: #edaf23 !important;}&#8221;][vc_column width=&#8221;2\/3&#8243; css=&#8221;.vc_custom_1532698532225{margin-top: 15px !important;}&#8221;][mk_padding_divider size=&#8221;10&#8243;][vc_column_text css=&#8221;.vc_custom_1712850710972{margin-bottom: 0px !important;}&#8221;]\n<h2 style=\"text-align: center;\"><strong>CONTACTEZ-NOUS POUR EN SAVOIR PLUS SUR NOTRE SOLUTION ERP<\/strong><\/h2>\n[\/vc_column_text][mk_padding_divider size=&#8221;30&#8243;][\/vc_column][vc_column width=&#8221;1\/3&#8243;][mk_button dimension=&#8221;flat&#8221; corner_style=&#8221;rounded&#8221; size=&#8221;x-large&#8221; url=&#8221;https:\/\/www.nwaretech.com\/fr\/contactez-nous\/&#8221; margin_right=&#8221;20&#8243; bg_color=&#8221;#081828&#8243; btn_hover_bg=&#8221;#ffffff&#8221; btn_hover_txt_color=&#8221;#081828&#8243;]CONTACTEZ-NOUS[\/mk_button][\/vc_column][\/vc_row]\n<\/div>","protected":false},"excerpt":{"rendered":"<p>[vc_row fullwidth=&#8221;true&#8221; css=&#8221;.vc_custom_1532701016934{margin-top: -155px !important;}&#8221;][vc_column][mk_divider style=&#8221;thin_solid&#8221; thickness=&#8221;3&#8243; margin_top=&#8221;0&#8243; margin_bottom=&#8221;0&#8243;][\/vc_column][\/vc_row][mk_page_section bg_color=&#8221;#e8e8e8&#8243; bg_repeat=&#8221;no-repeat&#8221; min_height=&#8221;200&#8243; full_width=&#8221;true&#8221; padding_top=&#8221;40&#8243; padding_bottom=&#8221;0&#8243; has_bottom_shape_divider=&#8221;true&#8221; bottom_shape_size=&#8221;small&#8221; bottom_shape_bg_color=&#8221;#e8e8e8&#8243; sidebar=&#8221;sidebar-1&#8243;][vc_column width=&#8221;2\/3&#8243;][mk_padding_divider size=&#8221;120&#8243;][mk_page_title_box page_title=&#8221;LOGICIEL ERP POUR L&#8217;INDUSTRIE DES ARMES \u00c0 FEU&#8221; page_subtitle=&#8221;SIMPLIFIER LES OP\u00c9RATIONS ET LA CONFORMIT\u00c9&#8221; section_height=&#8221;300&#8243; font_color=&#8221;#213356&#8243; font_weight=&#8221;500&#8243; underline=&#8221;false&#8221; sub_font_color=&#8221;#213356&#8243;][mk_padding_divider size=&#8221;30&#8243;][\/vc_column][vc_column width=&#8221;1\/3&#8243;][mk_padding_divider size=&#8221;80&#8243;][vc_single_image image=&#8221;29437&#8243; img_size=&#8221;375&#215;375&#8243; alignment=&#8221;center&#8221;][\/vc_column][\/mk_page_section][vc_row][vc_column][mk_padding_divider][vc_column_text css=&#8221;.vc_custom_1713207423379{margin-bottom: 0px !important;}&#8221;]Notre logiciel de gestion d&#8217;entreprise est con\u00e7u [&hellip;]<\/p>\n","protected":false},"author":7,"featured_media":0,"parent":5779,"menu_order":0,"comment_status":"closed","ping_status":"closed","template":"","meta":{"footnotes":""},"class_list":["post-29413","page","type-page","status-publish","hentry"],"yoast_head":"<!-- This site is optimized with the Yoast SEO plugin v27.5 - https:\/\/yoast.com\/product\/yoast-seo-wordpress\/ -->\n<title>ERP pour l&#039;industrie des armes \u00e0 feu - N\u2019ware Technologies<\/title>\n<meta name=\"description\" content=\"Notre ERP est con\u00e7u pour r\u00e9pondre aux besoins uniques des PME de fabrication et de distribution dans l&#039;industrie des armes \u00e0 feu.\" \/>\n<meta name=\"robots\" content=\"index, follow, max-snippet:-1, max-image-preview:large, max-video-preview:-1\" \/>\n<link rel=\"canonical\" href=\"https:\/\/www.nwaretech.com\/fr\/industries\/firearms-industry-erp\/\" \/>\n<meta property=\"og:locale\" content=\"fr_FR\" \/>\n<meta property=\"og:type\" content=\"article\" \/>\n<meta property=\"og:title\" content=\"ERP pour l&#039;industrie des armes \u00e0 feu - N\u2019ware Technologies\" \/>\n<meta property=\"og:description\" content=\"Notre ERP est con\u00e7u pour r\u00e9pondre aux besoins uniques des PME de fabrication et de distribution dans l&#039;industrie des armes \u00e0 feu.\" \/>\n<meta property=\"og:url\" content=\"https:\/\/www.nwaretech.com\/fr\/industries\/firearms-industry-erp\/\" \/>\n<meta property=\"og:site_name\" content=\"N\u2019ware Technologies\" \/>\n<meta property=\"article:modified_time\" content=\"2025-01-20T15:55:17+00:00\" \/>\n<meta name=\"twitter:card\" content=\"summary_large_image\" \/>\n<meta name=\"twitter:label1\" content=\"Dur\u00e9e de lecture estim\u00e9e\" \/>\n\t<meta name=\"twitter:data1\" content=\"6 minutes\" \/>\n<script type=\"application\/ld+json\" class=\"yoast-schema-graph\">{\"@context\":\"https:\\\/\\\/schema.org\",\"@graph\":[{\"@type\":\"WebPage\",\"@id\":\"https:\\\/\\\/www.nwaretech.com\\\/fr\\\/industries\\\/firearms-industry-erp\\\/\",\"url\":\"https:\\\/\\\/www.nwaretech.com\\\/fr\\\/industries\\\/firearms-industry-erp\\\/\",\"name\":\"ERP pour l'industrie des armes \u00e0 feu - N\u2019ware Technologies\",\"isPartOf\":{\"@id\":\"https:\\\/\\\/www.nwaretech.com\\\/#website\"},\"datePublished\":\"2023-02-14T14:43:27+00:00\",\"dateModified\":\"2025-01-20T15:55:17+00:00\",\"description\":\"Notre ERP est con\u00e7u pour r\u00e9pondre aux besoins uniques des PME de fabrication et de distribution dans l'industrie des armes \u00e0 feu.\",\"breadcrumb\":{\"@id\":\"https:\\\/\\\/www.nwaretech.com\\\/fr\\\/industries\\\/firearms-industry-erp\\\/#breadcrumb\"},\"inLanguage\":\"fr-FR\",\"potentialAction\":[{\"@type\":\"ReadAction\",\"target\":[\"https:\\\/\\\/www.nwaretech.com\\\/fr\\\/industries\\\/firearms-industry-erp\\\/\"]}]},{\"@type\":\"BreadcrumbList\",\"@id\":\"https:\\\/\\\/www.nwaretech.com\\\/fr\\\/industries\\\/firearms-industry-erp\\\/#breadcrumb\",\"itemListElement\":[{\"@type\":\"ListItem\",\"position\":1,\"name\":\"Home\",\"item\":\"https:\\\/\\\/www.nwaretech.com\\\/fr\\\/\"},{\"@type\":\"ListItem\",\"position\":2,\"name\":\"Industries\",\"item\":\"https:\\\/\\\/www.nwaretech.com\\\/fr\\\/industries\\\/\"},{\"@type\":\"ListItem\",\"position\":3,\"name\":\"ERP pour l&#8217;industrie des armes \u00e0 feu\"}]},{\"@type\":\"WebSite\",\"@id\":\"https:\\\/\\\/www.nwaretech.com\\\/#website\",\"url\":\"https:\\\/\\\/www.nwaretech.com\\\/\",\"name\":\"N\u2019ware Technologies\",\"description\":\"ERP &amp; WMS Software\",\"potentialAction\":[{\"@type\":\"SearchAction\",\"target\":{\"@type\":\"EntryPoint\",\"urlTemplate\":\"https:\\\/\\\/www.nwaretech.com\\\/?s={search_term_string}\"},\"query-input\":{\"@type\":\"PropertyValueSpecification\",\"valueRequired\":true,\"valueName\":\"search_term_string\"}}],\"inLanguage\":\"fr-FR\"}]}<\/script>\n<!-- \/ Yoast SEO plugin. -->","yoast_head_json":{"title":"ERP pour l'industrie des armes \u00e0 feu - N\u2019ware Technologies","description":"Notre ERP est con\u00e7u pour r\u00e9pondre aux besoins uniques des PME de fabrication et de distribution dans l'industrie des armes \u00e0 feu.","robots":{"index":"index","follow":"follow","max-snippet":"max-snippet:-1","max-image-preview":"max-image-preview:large","max-video-preview":"max-video-preview:-1"},"canonical":"https:\/\/www.nwaretech.com\/fr\/industries\/firearms-industry-erp\/","og_locale":"fr_FR","og_type":"article","og_title":"ERP pour l'industrie des armes \u00e0 feu - N\u2019ware Technologies","og_description":"Notre ERP est con\u00e7u pour r\u00e9pondre aux besoins uniques des PME de fabrication et de distribution dans l'industrie des armes \u00e0 feu.","og_url":"https:\/\/www.nwaretech.com\/fr\/industries\/firearms-industry-erp\/","og_site_name":"N\u2019ware Technologies","article_modified_time":"2025-01-20T15:55:17+00:00","twitter_card":"summary_large_image","twitter_misc":{"Dur\u00e9e de lecture estim\u00e9e":"6 minutes"},"schema":{"@context":"https:\/\/schema.org","@graph":[{"@type":"WebPage","@id":"https:\/\/www.nwaretech.com\/fr\/industries\/firearms-industry-erp\/","url":"https:\/\/www.nwaretech.com\/fr\/industries\/firearms-industry-erp\/","name":"ERP pour l'industrie des armes \u00e0 feu - N\u2019ware Technologies","isPartOf":{"@id":"https:\/\/www.nwaretech.com\/#website"},"datePublished":"2023-02-14T14:43:27+00:00","dateModified":"2025-01-20T15:55:17+00:00","description":"Notre ERP est con\u00e7u pour r\u00e9pondre aux besoins uniques des PME de fabrication et de distribution dans l'industrie des armes \u00e0 feu.","breadcrumb":{"@id":"https:\/\/www.nwaretech.com\/fr\/industries\/firearms-industry-erp\/#breadcrumb"},"inLanguage":"fr-FR","potentialAction":[{"@type":"ReadAction","target":["https:\/\/www.nwaretech.com\/fr\/industries\/firearms-industry-erp\/"]}]},{"@type":"BreadcrumbList","@id":"https:\/\/www.nwaretech.com\/fr\/industries\/firearms-industry-erp\/#breadcrumb","itemListElement":[{"@type":"ListItem","position":1,"name":"Home","item":"https:\/\/www.nwaretech.com\/fr\/"},{"@type":"ListItem","position":2,"name":"Industries","item":"https:\/\/www.nwaretech.com\/fr\/industries\/"},{"@type":"ListItem","position":3,"name":"ERP pour l&#8217;industrie des armes \u00e0 feu"}]},{"@type":"WebSite","@id":"https:\/\/www.nwaretech.com\/#website","url":"https:\/\/www.nwaretech.com\/","name":"N\u2019ware Technologies","description":"ERP &amp; WMS Software","potentialAction":[{"@type":"SearchAction","target":{"@type":"EntryPoint","urlTemplate":"https:\/\/www.nwaretech.com\/?s={search_term_string}"},"query-input":{"@type":"PropertyValueSpecification","valueRequired":true,"valueName":"search_term_string"}}],"inLanguage":"fr-FR"}]}},"_links":{"self":[{"href":"https:\/\/www.nwaretech.com\/fr\/wp-json\/wp\/v2\/pages\/29413","targetHints":{"allow":["GET"]}}],"collection":[{"href":"https:\/\/www.nwaretech.com\/fr\/wp-json\/wp\/v2\/pages"}],"about":[{"href":"https:\/\/www.nwaretech.com\/fr\/wp-json\/wp\/v2\/types\/page"}],"author":[{"embeddable":true,"href":"https:\/\/www.nwaretech.com\/fr\/wp-json\/wp\/v2\/users\/7"}],"replies":[{"embeddable":true,"href":"https:\/\/www.nwaretech.com\/fr\/wp-json\/wp\/v2\/comments?post=29413"}],"version-history":[{"count":0,"href":"https:\/\/www.nwaretech.com\/fr\/wp-json\/wp\/v2\/pages\/29413\/revisions"}],"up":[{"embeddable":true,"href":"https:\/\/www.nwaretech.com\/fr\/wp-json\/wp\/v2\/pages\/5779"}],"wp:attachment":[{"href":"https:\/\/www.nwaretech.com\/fr\/wp-json\/wp\/v2\/media?parent=29413"}],"curies":[{"name":"wp","href":"https:\/\/api.w.org\/{rel}","templated":true}]}}