{"id":31342,"date":"2024-07-31T12:38:51","date_gmt":"2024-07-31T16:38:51","guid":{"rendered":"https:\/\/e8e300b34e.nxcli.io\/programme-de-referencement-copy\/"},"modified":"2024-12-04T15:37:12","modified_gmt":"2024-12-04T20:37:12","slug":"documentation-clients","status":"publish","type":"page","link":"https:\/\/www.nwaretech.com\/fr\/documentation-clients\/","title":{"rendered":"Documentation clients"},"content":{"rendered":"<div class=\"wpb-content-wrapper\">[mk_page_section vertical_align=&#8221;top&#8221; bg_image=&#8221;https:\/\/www.nwaretech.com\/wp-content\/uploads\/2024\/07\/happy1.jpg&#8221; bg_position=&#8221;center center&#8221; bg_repeat=&#8221;no-repeat&#8221; bg_stretch=&#8221;true&#8221; video_color_mask=&#8221;#213356&#8243; video_opacity=&#8221;0.65&#8243; min_height=&#8221;0&#8243; padding_top=&#8221;0&#8243; padding_bottom=&#8221;0&#8243; top_shape_size=&#8221;small&#8221; top_shape_color=&#8221;#213356&#8243; has_bottom_shape_divider=&#8221;true&#8221; bottom_shape_size=&#8221;small&#8221; sidebar=&#8221;sidebar-1&#8243;][vc_column css=&#8221;.vc_custom_1683556953958{padding-top: 0px !important;}&#8221;][mk_padding_divider size=&#8221;150&#8243;][mk_page_title_box page_title=&#8221;BIENVENUE DANS NOTRE PORTAIL DE FORMATION&#8221; page_subtitle=&#8221;FAMILIARISEZ-VOUS AVEC SAP BUSINESS ONE ET SOYEZ BIEN OUTILL\u00c9&#8221; section_height=&#8221;0&#8243; bg_position=&#8221;center center&#8221; bg_repeat=&#8221;no-repeat&#8221; font_size=&#8221;48&#8243; title_force_font_size=&#8221;true&#8221; title_size_smallscreen=&#8221;32&#8243; title_size_tablet=&#8221;26&#8243; title_size_phone=&#8221;26&#8243; title_letter_spacing=&#8221;0&#8243; font_color=&#8221;#ffffff&#8221; font_weight=&#8221;bold&#8221; underline=&#8221;false&#8221; padding=&#8221;12&#8243; sub_font_size=&#8221;26&#8243; subtitle_force_font_size=&#8221;true&#8221; subtitle_size_smallscreen=&#8221;26&#8243; subtitle_size_tablet=&#8221;20&#8243; subtitle_size_phone=&#8221;20&#8243; sub_font_color=&#8221;#ffffff&#8221; sub_font_weight=&#8221;300&#8243;][mk_padding_divider visibility=&#8221;visible-sm&#8221;][\/vc_column][\/mk_page_section][mk_page_section bg_position=&#8221;center top&#8221; bg_repeat=&#8221;repeat-x&#8221; video_color_mask=&#8221;#dbdbdb&#8221; video_opacity=&#8221;0&#8243; min_height=&#8221;0&#8243; padding_top=&#8221;0&#8243; padding_bottom=&#8221;0&#8243; top_shape_color=&#8221;#ededed&#8221; top_shape_bg_color=&#8221;#ededed&#8221; has_bottom_shape_divider=&#8221;true&#8221; bottom_shape_size=&#8221;small&#8221; bottom_shape_color=&#8221;#ededed&#8221; sidebar=&#8221;sidebar-1&#8243;][vc_column css=&#8221;.vc_custom_1683556953958{padding-top: 0px !important;}&#8221;][mk_padding_divider size=&#8221;80&#8243;][vc_column_text]Cher client,<\/p>\n<p>Nous sommes ravis de vous offrir ce portail pour am\u00e9liorer vos connaissances de SAP Business One.\u00a0 N\u2019h\u00e9sitez pas \u00e0 faire appel \u00e0 notre \u00e9quipe, pour plus d\u2019information ou des formations plus cibl\u00e9es.<\/p>\n<p>Notre r\u00f4le est de vous offrir l\u2019assistance requise pour vous soutenir dans votre croissance. Pour \u00e9tablir une bonne base, la formation de vos utilisateurs et super-utilisateurs est l\u2019une des cl\u00e9s essentielles de la r\u00e9ussite. Comprendre les capacit\u00e9s de chacun des modules de SAP Business One vous permettra de maximiser son utilisation pour la gestion de vos op\u00e9rations.<\/p>\n<p>Afin de vous familiariser avec votre logiciel et d\u2019optimiser son utilisation, voici une s\u00e9rie de liens vous proposant d\u2019abord un parcours de formation de base sur SAP Business One (<em>\u00abSAP Learning Journey\u00bb<\/em>), ainsi que de la documentation d\u00e9taill\u00e9e sur l\u2019ensemble des modules et fonctionnalit\u00e9s de SAP Business One.[\/vc_column_text][mk_padding_divider size=&#8221;20&#8243;][\/vc_column][\/mk_page_section][mk_page_section bg_color=&#8221;#ededed&#8221; bg_position=&#8221;center top&#8221; bg_repeat=&#8221;repeat-x&#8221; video_color_mask=&#8221;#dbdbdb&#8221; video_opacity=&#8221;0&#8243; min_height=&#8221;0&#8243; padding_top=&#8221;0&#8243; padding_bottom=&#8221;0&#8243; has_top_shape_divider=&#8221;true&#8221; top_shape_size=&#8221;small&#8221; top_shape_color=&#8221;#ededed&#8221; top_shape_bg_color=&#8221;#ededed&#8221; has_bottom_shape_divider=&#8221;true&#8221; bottom_shape_size=&#8221;small&#8221; bottom_shape_color=&#8221;#ffffff&#8221; bottom_shape_bg_color=&#8221;#ededed&#8221; sidebar=&#8221;sidebar-1&#8243;][vc_column css=&#8221;.vc_custom_1683556953958{padding-top: 0px !important;}&#8221;][mk_fancy_title color=&#8221;#ffffff&#8221; force_font_size=&#8221;true&#8221; size_phone=&#8221;18&#8243; txt_transform=&#8221;uppercase&#8221; margin_bottom=&#8221;0&#8243; font_family=&#8221;none&#8221; align=&#8221;center&#8221;]\n<h1 style=\"text-align: center;\"><strong>SITE OFFICIEL DE FORMATION SAP\u00a0<\/strong><\/h1>\n[\/mk_fancy_title][mk_padding_divider size=&#8221;20&#8243;][vc_column_text css=&#8221;.vc_custom_1723129460634{margin-bottom: 0px !important;}&#8221;]Le \u00ab<em>SAP Learning Journey\u00bb <\/em>propose un parcours d\u2019apprentissage structur\u00e9 pour les nouveaux utilisateurs de SAP Business One, permettant de commencer par les bases et de progresser vers des sujets plus avanc\u00e9s selon les besoins et le r\u00f4le sp\u00e9cifique. Ces formations, compos\u00e9es d&#8217;une combinaison de ressources th\u00e9oriques et pratiques, vous permettront de d\u00e9couvrir l\u2019interface du logiciel ainsi que les principales fonctionnalit\u00e9s de chacun des modules afin de\u00a0garantir une compr\u00e9hension compl\u00e8te et une application efficace du syst\u00e8me. Veuillez noter que ces formations sont g\u00e9n\u00e9riques et que certains de vos processus internes pourraient \u00eatre diff\u00e9rents pour mieux r\u00e9pondre \u00e0 vos besoins sp\u00e9cifiques.<\/p>\n<p>\u00c0 chacune des \u00e9tapes, vous pourrez tester votre niveau d\u2019apprentissage en r\u00e9pondant \u00e0 un petit quiz (confidentiel et facultatif). Pour ceux qui le souhaitent, tels que les super-utilisateurs, des examens de certification officiels SAP sont \u00e9galement disponibles.<\/p>\n<p><span class=\"ui-provider a b c d e f g h i j k l m n o p q r s t u v w x y z ab ac ae af ag ah ai aj ak\" dir=\"ltr\">L&#8217;acc\u00e8s au contenu de formation du <em>\u00abSAP Learning Hub\u00bb<\/em> est gratuit. Cependant, lors de votre premi\u00e8re connexion, vous devrez cr\u00e9er un compte en utilisant l&#8217;adresse e-mail et le mot de passe de votre choix.<\/span><\/p>\n<p>Vous pourrez s\u00e9lectionner la langue de votre choix au moment de d\u00e9buter votre parcours.[\/vc_column_text][mk_padding_divider size=&#8221;20&#8243;][vc_message message_box_style=&#8221;solid&#8221; message_box_color=&#8221;orange&#8221; css=&#8221;&#8221;]<span style=\"color: #ffffff;\"><em>Nous vous encourageons \u00e0 vous exercer dans un environnement test (isol\u00e9 du serveur de production) durant ce parcours de formation.<\/em><\/span>[\/vc_message][mk_padding_divider size=&#8221;20&#8243;][mk_button dimension=&#8221;savvy&#8221; corner_style=&#8221;rounded&#8221; size=&#8221;large&#8221; url=&#8221;https:\/\/help.sap.com\/learning-journeys\/overview?search=sap%20business%20one&#8221; target=&#8221;_blank&#8221; align=&#8221;center&#8221; margin_bottom=&#8221;0&#8243; margin_right=&#8221;0&#8243; outline_skin=&#8221;custom&#8221; outline_active_text_color=&#8221;#213356&#8243; outline_hover_bg_color=&#8221;#213356&#8243; outline_hover_color=&#8221;#ffffff&#8221;]D\u00c9COUVREZ LA FORMATION SP\u00c9CIFIQUE \u00c0 SAP BUSINESS ONE[\/mk_button][mk_padding_divider][\/vc_column][\/mk_page_section][mk_page_section bg_color=&#8221;#ffffff&#8221; bg_position=&#8221;center top&#8221; bg_repeat=&#8221;repeat-x&#8221; bg_video=&#8221;yes&#8221; video_color_mask=&#8221;#ffffff&#8221; video_opacity=&#8221;0.65&#8243; min_height=&#8221;0&#8243; padding_top=&#8221;0&#8243; padding_bottom=&#8221;0&#8243; top_shape_color=&#8221;#ffffff&#8221; top_shape_bg_color=&#8221;#ededed&#8221; bottom_shape_size=&#8221;small&#8221; bottom_shape_color=&#8221;#ededed&#8221; bottom_shape_bg_color=&#8221;#ffffff&#8221; sidebar=&#8221;sidebar-1&#8243;][vc_column css=&#8221;.vc_custom_1683556953958{padding-top: 0px !important;}&#8221;][mk_padding_divider size=&#8221;60&#8243;][mk_fancy_title color=&#8221;#ffffff&#8221; force_font_size=&#8221;true&#8221; size_phone=&#8221;18&#8243; txt_transform=&#8221;uppercase&#8221; margin_bottom=&#8221;0&#8243; font_family=&#8221;none&#8221; align=&#8221;center&#8221;]\n<h2 style=\"text-align: center;\"><strong>Approfondir davantage votre ma\u00eetrise de <span style=\"color: #ebae25;\">SAP Business One<\/span><\/strong><\/h2>\n[\/mk_fancy_title][mk_padding_divider size=&#8221;60&#8243;][vc_row_inner][vc_column_inner width=&#8221;1\/6&#8243;][vc_single_image image=&#8221;31429&#8243; css=&#8221;&#8221;][\/vc_column_inner][vc_column_inner width=&#8221;2\/6&#8243;][mk_fancy_title margin_bottom=&#8221;0&#8243; font_family=&#8221;none&#8221;]\n<h3><strong>Documentation <\/strong><strong>SAP\u00a0<\/strong><\/h3>\n[\/mk_fancy_title][vc_column_text css=&#8221;.vc_custom_1722515789361{margin-bottom: 0px !important;}&#8221;]Acc\u00e9dez \u00e0 la documentation compl\u00e8te de SAP Business One regroup\u00e9e au m\u00eame endroit. Vous pourrez explorer les diff\u00e9rents modules en utilisant le menu situ\u00e9 \u00e0 gauche ou avec la fonction de recherche pour trouver des informations sp\u00e9cifiques.[\/vc_column_text][mk_padding_divider size=&#8221;20&#8243;][\/vc_column_inner][vc_column_inner width=&#8221;1\/6&#8243;][vc_single_image image=&#8221;31462&#8243; img_size=&#8221;large&#8221; css=&#8221;&#8221;][\/vc_column_inner][vc_column_inner width=&#8221;2\/6&#8243;][mk_fancy_title margin_bottom=&#8221;0&#8243; font_family=&#8221;none&#8221;]\n<h3><strong>Faits marquants de la V10<\/strong><\/h3>\n[\/mk_fancy_title][vc_column_text css=&#8221;.vc_custom_1722526487916{margin-bottom: 0px !important;}&#8221;]Cette ressource permet de rester inform\u00e9 des nouveaut\u00e9s et mises \u00e0 jour disponibles pour SAP Business One. Elle offre des informations d\u00e9taill\u00e9es sur les nouvelles fonctionnalit\u00e9s et am\u00e9liorations, vous aidant ainsi \u00e0 tirer le meilleur parti de votre logiciel. <em><strong>(Anglais seulement)<\/strong><\/em>[\/vc_column_text][mk_padding_divider size=&#8221;20&#8243;][\/vc_column_inner][\/vc_row_inner][vc_row_inner][vc_column_inner width=&#8221;1\/2&#8243; css=&#8221;.vc_custom_1722452984760{padding-right: 20px !important;}&#8221;][mk_button dimension=&#8221;savvy&#8221; corner_style=&#8221;rounded&#8221; size=&#8221;large&#8221; url=&#8221;https:\/\/help.sap.com\/docs\/SAP_BUSINESS_ONE\/68a2e87fb29941b5bf959a184d9c6727\/44c4c1cd7ca22e17e10000000a114a6b.html?locale=fr-FR&#8221; target=&#8221;_blank&#8221; align=&#8221;center&#8221; margin_bottom=&#8221;0&#8243; margin_right=&#8221;0&#8243; outline_skin=&#8221;custom&#8221; outline_active_text_color=&#8221;#213356&#8243; outline_hover_bg_color=&#8221;#213356&#8243; outline_hover_color=&#8221;#ffffff&#8221;]ACC\u00c9DEZ \u00c0 LA DOCUMENTATION[\/mk_button][mk_padding_divider size=&#8221;80&#8243;][\/vc_column_inner][vc_column_inner width=&#8221;1\/2&#8243; css=&#8221;.vc_custom_1722452994294{padding-left: 20px !important;}&#8221;][mk_button dimension=&#8221;savvy&#8221; corner_style=&#8221;rounded&#8221; size=&#8221;large&#8221; url=&#8221;https:\/\/help.sap.com\/doc\/1e149715909a4d8ea8920df5513eb64c\/10.0\/en-US\/SAP_Business_One_10.0_Highlights.pdf&#8221; target=&#8221;_blank&#8221; align=&#8221;center&#8221; margin_bottom=&#8221;0&#8243; margin_right=&#8221;0&#8243; outline_skin=&#8221;custom&#8221; outline_active_text_color=&#8221;#213356&#8243; outline_hover_bg_color=&#8221;#213356&#8243; outline_hover_color=&#8221;#ffffff&#8221;]VOIR LES NOUVEAUT\u00c9S[\/mk_button][mk_padding_divider size=&#8221;80&#8243;][\/vc_column_inner][\/vc_row_inner][vc_row_inner][vc_column_inner width=&#8221;1\/6&#8243;][mk_padding_divider size=&#8221;10&#8243;][vc_single_image image=&#8221;31464&#8243; css=&#8221;&#8221;][\/vc_column_inner][vc_column_inner width=&#8221;2\/6&#8243;][mk_fancy_title margin_bottom=&#8221;0&#8243; font_family=&#8221;none&#8221;]\n<h3><strong>SAP Business One &#8211; Web Client<\/strong><\/h3>\n[\/mk_fancy_title][vc_column_text css=&#8221;.vc_custom_1733343563233{margin-bottom: 0px !important;padding-right: 20px !important;}&#8221;]Le Web Client est une interface moderne et intuitive qui permet aux utilisateurs d\u2019acc\u00e9der \u00e0 SAP Business One via un navigateur. Le web client offre une exp\u00e9rience de navigation diff\u00e9rente et permet de cr\u00e9er des analyses approfondies avec diverses options pour filtrer, trier et interroger les donn\u00e9es.\u00a0 Le web client est accessible dans les plus r\u00e9centes versions de SAP Business One.\u00a0 <strong><em>(Anglais seulement)<\/em><\/strong>[\/vc_column_text][\/vc_column_inner][vc_column_inner width=&#8221;1\/6&#8243;][vc_single_image image=&#8221;31439&#8243; img_size=&#8221;large&#8221; css=&#8221;&#8221;][\/vc_column_inner][vc_column_inner width=&#8221;2\/6&#8243;][mk_fancy_title margin_bottom=&#8221;0&#8243; font_family=&#8221;none&#8221;]\n<h3><strong>Boyum B1UP<\/strong><\/h3>\n[\/mk_fancy_title][vc_column_text css=&#8221;.vc_custom_1733343318952{margin-bottom: 0px !important;}&#8221;]B1UP est un logiciel compl\u00e9mentaire \u00e0 SAP Business One tr\u00e8s populaire aupr\u00e8s de nos clients. Il permet de personnaliser et d\u2019am\u00e9liorer l\u2019interface utilisateur et bien plus. Il est fortement conseill\u00e9 de consulter un membre de notre \u00e9quipe avant d\u2019implanter des fonctions qui pourraient nuire \u00e0 l\u2019int\u00e9grit\u00e9 de vos processus. Ce lien vous permettra d\u2019en apprendre davantage sur les possibilit\u00e9s.\u00a0<strong><em>(Anglais seulement)<\/em><\/strong>[\/vc_column_text][mk_padding_divider size=&#8221;20&#8243;][\/vc_column_inner][\/vc_row_inner][vc_row_inner][vc_column_inner width=&#8221;1\/2&#8243; css=&#8221;.vc_custom_1722452984760{padding-right: 20px !important;}&#8221;][mk_button dimension=&#8221;savvy&#8221; corner_style=&#8221;rounded&#8221; size=&#8221;large&#8221; url=&#8221;https:\/\/learning.sap.com\/learning-journeys\/exploring-sap-business-one-web-client&#8221; target=&#8221;_blank&#8221; align=&#8221;center&#8221; margin_bottom=&#8221;0&#8243; margin_right=&#8221;0&#8243; outline_skin=&#8221;custom&#8221; outline_active_text_color=&#8221;#213356&#8243; outline_hover_bg_color=&#8221;#213356&#8243; outline_hover_color=&#8221;#ffffff&#8221;]EN SAVOIR PLUS SUR LE WEB CLIENT[\/mk_button][\/vc_column_inner][vc_column_inner width=&#8221;1\/2&#8243; css=&#8221;.vc_custom_1722452994294{padding-left: 20px !important;}&#8221;][mk_button dimension=&#8221;savvy&#8221; corner_style=&#8221;rounded&#8221; size=&#8221;large&#8221; url=&#8221;https:\/\/boyum-it.com\/b1up100\/&#8221; target=&#8221;_blank&#8221; align=&#8221;center&#8221; margin_bottom=&#8221;0&#8243; margin_right=&#8221;0&#8243; outline_skin=&#8221;custom&#8221; outline_active_text_color=&#8221;#213356&#8243; outline_hover_bg_color=&#8221;#213356&#8243; outline_hover_color=&#8221;#ffffff&#8221;]REGARDEZ LA S\u00c9RIE DE VID\u00c9OS[\/mk_button][\/vc_column_inner][\/vc_row_inner][\/vc_column][\/mk_page_section][mk_page_section bg_color=&#8221;#ffffff&#8221; bottom_shape_color=&#8221;#223356&#8243; bottom_shape_bg_color=&#8221;#ffffff&#8221; section_id=&#8221;referral-form&#8221; sidebar=&#8221;sidebar-1&#8243;][vc_column][mk_padding_divider size=&#8221;60&#8243;][mk_divider style=&#8221;thin_solid&#8221; thin_single_color=&#8221;#cccccc&#8221; margin_top=&#8221;0&#8243; margin_bottom=&#8221;40&#8243;][mk_padding_divider size=&#8221;30&#8243;][mk_social_networks size=&#8221;xx-large&#8221; margin=&#8221;0&#8243; icon_color=&#8221;#213356&#8243; icon_hover_color=&#8221;#ebae25&#8243; align=&#8221;center&#8221; youtube=&#8221;https:\/\/www.youtube.com\/@nwaretechnologies8023&#8243;][mk_fancy_title size=&#8221;12&#8243; margin_bottom=&#8221;0&#8243; font_family=&#8221;none&#8221;]\n<h1 style=\"text-align: center;\"><strong>cha\u00eene Youtube N&#8217;ware<\/strong><\/h1>\n[\/mk_fancy_title][vc_column_text css=&#8221;.vc_custom_1723136110799{margin-bottom: 0px !important;}&#8221;]\n<p style=\"text-align: center;\">D\u00e9couvrez notre cha\u00eene YouTube pour en savoir plus sur SAP Business One, sur N&#8217;ware, nos services et nos produits, voir des histoires de succ\u00e8s, des d\u00e9monstrations et plus encore! Abonnez-vous et activez la cloche pour rester inform\u00e9(e) des nouveaut\u00e9s et voir du contenu exclusif!<\/p>\n[\/vc_column_text][mk_padding_divider size=&#8221;60&#8243;][mk_divider style=&#8221;thin_solid&#8221; thin_single_color=&#8221;#cccccc&#8221; margin_top=&#8221;0&#8243; margin_bottom=&#8221;40&#8243;][mk_padding_divider size=&#8221;20&#8243;][mk_fancy_title font_family=&#8221;none&#8221;]\n<h2 style=\"text-align: center;\"><strong>Pour de l\u2019assistance \u00e0 propos des formations ou de la documentation propos\u00e9es ci-haut, n\u2019h\u00e9sitez pas \u00e0 communiquer avec votre repr\u00e9sentant <span style=\"color: #ebae25;\">Client Care<\/span>!<\/strong><\/h2>\n[\/mk_fancy_title][vc_row_inner][vc_column_inner width=&#8221;1\/6&#8243;][vc_single_image image=&#8221;31363&#8243; img_size=&#8221;200&#215;200&#8243; css=&#8221;&#8221;][\/vc_column_inner][vc_column_inner width=&#8221;2\/6&#8243;][mk_contact_info title=&#8221;Directrice du Client Care&#8221; email=&#8221;apotvin@nwaretech.com&#8221;][\/vc_column_inner][vc_column_inner width=&#8221;1\/6&#8243;][vc_single_image image=&#8221;31365&#8243; img_size=&#8221;200&#215;200&#8243; css=&#8221;&#8221;][\/vc_column_inner][vc_column_inner width=&#8221;2\/6&#8243;][mk_contact_info title=&#8221;Sp\u00e9cialiste Client Care&#8221; email=&#8221;jpdion@nwaretech.com&#8221;][\/vc_column_inner][\/vc_row_inner][mk_padding_divider size=&#8221;20&#8243;][\/vc_column][\/mk_page_section]\n<\/div>","protected":false},"excerpt":{"rendered":"<p>[mk_page_section vertical_align=&#8221;top&#8221; bg_image=&#8221;https:\/\/www.nwaretech.com\/wp-content\/uploads\/2024\/07\/happy1.jpg&#8221; bg_position=&#8221;center center&#8221; bg_repeat=&#8221;no-repeat&#8221; bg_stretch=&#8221;true&#8221; video_color_mask=&#8221;#213356&#8243; video_opacity=&#8221;0.65&#8243; min_height=&#8221;0&#8243; padding_top=&#8221;0&#8243; padding_bottom=&#8221;0&#8243; top_shape_size=&#8221;small&#8221; top_shape_color=&#8221;#213356&#8243; has_bottom_shape_divider=&#8221;true&#8221; bottom_shape_size=&#8221;small&#8221; sidebar=&#8221;sidebar-1&#8243;][vc_column css=&#8221;.vc_custom_1683556953958{padding-top: 0px !important;}&#8221;][mk_padding_divider size=&#8221;150&#8243;][mk_page_title_box page_title=&#8221;BIENVENUE DANS NOTRE PORTAIL DE FORMATION&#8221; page_subtitle=&#8221;FAMILIARISEZ-VOUS AVEC SAP BUSINESS ONE ET SOYEZ BIEN OUTILL\u00c9&#8221; section_height=&#8221;0&#8243; bg_position=&#8221;center center&#8221; bg_repeat=&#8221;no-repeat&#8221; font_size=&#8221;48&#8243; title_force_font_size=&#8221;true&#8221; title_size_smallscreen=&#8221;32&#8243; title_size_tablet=&#8221;26&#8243; title_size_phone=&#8221;26&#8243; title_letter_spacing=&#8221;0&#8243; font_color=&#8221;#ffffff&#8221; font_weight=&#8221;bold&#8221; underline=&#8221;false&#8221; padding=&#8221;12&#8243; sub_font_size=&#8221;26&#8243; subtitle_force_font_size=&#8221;true&#8221; subtitle_size_smallscreen=&#8221;26&#8243; subtitle_size_tablet=&#8221;20&#8243; subtitle_size_phone=&#8221;20&#8243; [&hellip;]<\/p>\n","protected":false},"author":7,"featured_media":0,"parent":0,"menu_order":0,"comment_status":"closed","ping_status":"closed","template":"","meta":{"footnotes":""},"class_list":["post-31342","page","type-page","status-publish","hentry"],"yoast_head":"<!-- This site is optimized with the Yoast SEO plugin v27.5 - https:\/\/yoast.com\/product\/yoast-seo-wordpress\/ -->\n<title>Documentation clients - N\u2019ware Technologies<\/title>\n<meta name=\"description\" content=\"Pour \u00e9tablir une bonne base, la formation de vos utilisateurs et super-utilisateurs est l\u2019une des cl\u00e9s essentielles de la r\u00e9ussite.\" \/>\n<meta name=\"robots\" content=\"index, follow, max-snippet:-1, max-image-preview:large, max-video-preview:-1\" \/>\n<link rel=\"canonical\" href=\"https:\/\/www.nwaretech.com\/fr\/documentation-clients\/\" \/>\n<meta property=\"og:locale\" content=\"fr_FR\" \/>\n<meta property=\"og:type\" content=\"article\" \/>\n<meta property=\"og:title\" content=\"Documentation clients - N\u2019ware Technologies\" \/>\n<meta property=\"og:description\" content=\"Pour \u00e9tablir une bonne base, la formation de vos utilisateurs et super-utilisateurs est l\u2019une des cl\u00e9s essentielles de la r\u00e9ussite.\" \/>\n<meta property=\"og:url\" content=\"https:\/\/www.nwaretech.com\/fr\/documentation-clients\/\" \/>\n<meta property=\"og:site_name\" content=\"N\u2019ware Technologies\" \/>\n<meta property=\"article:modified_time\" content=\"2024-12-04T20:37:12+00:00\" \/>\n<meta name=\"twitter:card\" content=\"summary_large_image\" \/>\n<meta name=\"twitter:label1\" content=\"Dur\u00e9e de lecture estim\u00e9e\" \/>\n\t<meta name=\"twitter:data1\" content=\"6 minutes\" \/>\n<script type=\"application\/ld+json\" class=\"yoast-schema-graph\">{\"@context\":\"https:\\\/\\\/schema.org\",\"@graph\":[{\"@type\":\"WebPage\",\"@id\":\"https:\\\/\\\/www.nwaretech.com\\\/fr\\\/documentation-clients\\\/\",\"url\":\"https:\\\/\\\/www.nwaretech.com\\\/fr\\\/documentation-clients\\\/\",\"name\":\"Documentation clients - N\u2019ware Technologies\",\"isPartOf\":{\"@id\":\"https:\\\/\\\/www.nwaretech.com\\\/#website\"},\"datePublished\":\"2024-07-31T16:38:51+00:00\",\"dateModified\":\"2024-12-04T20:37:12+00:00\",\"description\":\"Pour \u00e9tablir une bonne base, la formation de vos utilisateurs et super-utilisateurs est l\u2019une des cl\u00e9s essentielles de la r\u00e9ussite.\",\"breadcrumb\":{\"@id\":\"https:\\\/\\\/www.nwaretech.com\\\/fr\\\/documentation-clients\\\/#breadcrumb\"},\"inLanguage\":\"fr-FR\",\"potentialAction\":[{\"@type\":\"ReadAction\",\"target\":[\"https:\\\/\\\/www.nwaretech.com\\\/fr\\\/documentation-clients\\\/\"]}]},{\"@type\":\"BreadcrumbList\",\"@id\":\"https:\\\/\\\/www.nwaretech.com\\\/fr\\\/documentation-clients\\\/#breadcrumb\",\"itemListElement\":[{\"@type\":\"ListItem\",\"position\":1,\"name\":\"Home\",\"item\":\"https:\\\/\\\/www.nwaretech.com\\\/fr\\\/\"},{\"@type\":\"ListItem\",\"position\":2,\"name\":\"Documentation clients\"}]},{\"@type\":\"WebSite\",\"@id\":\"https:\\\/\\\/www.nwaretech.com\\\/#website\",\"url\":\"https:\\\/\\\/www.nwaretech.com\\\/\",\"name\":\"N\u2019ware Technologies\",\"description\":\"ERP &amp; WMS Software\",\"potentialAction\":[{\"@type\":\"SearchAction\",\"target\":{\"@type\":\"EntryPoint\",\"urlTemplate\":\"https:\\\/\\\/www.nwaretech.com\\\/?s={search_term_string}\"},\"query-input\":{\"@type\":\"PropertyValueSpecification\",\"valueRequired\":true,\"valueName\":\"search_term_string\"}}],\"inLanguage\":\"fr-FR\"}]}<\/script>\n<!-- \/ Yoast SEO plugin. -->","yoast_head_json":{"title":"Documentation clients - N\u2019ware Technologies","description":"Pour \u00e9tablir une bonne base, la formation de vos utilisateurs et super-utilisateurs est l\u2019une des cl\u00e9s essentielles de la r\u00e9ussite.","robots":{"index":"index","follow":"follow","max-snippet":"max-snippet:-1","max-image-preview":"max-image-preview:large","max-video-preview":"max-video-preview:-1"},"canonical":"https:\/\/www.nwaretech.com\/fr\/documentation-clients\/","og_locale":"fr_FR","og_type":"article","og_title":"Documentation clients - N\u2019ware Technologies","og_description":"Pour \u00e9tablir une bonne base, la formation de vos utilisateurs et super-utilisateurs est l\u2019une des cl\u00e9s essentielles de la r\u00e9ussite.","og_url":"https:\/\/www.nwaretech.com\/fr\/documentation-clients\/","og_site_name":"N\u2019ware Technologies","article_modified_time":"2024-12-04T20:37:12+00:00","twitter_card":"summary_large_image","twitter_misc":{"Dur\u00e9e de lecture estim\u00e9e":"6 minutes"},"schema":{"@context":"https:\/\/schema.org","@graph":[{"@type":"WebPage","@id":"https:\/\/www.nwaretech.com\/fr\/documentation-clients\/","url":"https:\/\/www.nwaretech.com\/fr\/documentation-clients\/","name":"Documentation clients - N\u2019ware Technologies","isPartOf":{"@id":"https:\/\/www.nwaretech.com\/#website"},"datePublished":"2024-07-31T16:38:51+00:00","dateModified":"2024-12-04T20:37:12+00:00","description":"Pour \u00e9tablir une bonne base, la formation de vos utilisateurs et super-utilisateurs est l\u2019une des cl\u00e9s essentielles de la r\u00e9ussite.","breadcrumb":{"@id":"https:\/\/www.nwaretech.com\/fr\/documentation-clients\/#breadcrumb"},"inLanguage":"fr-FR","potentialAction":[{"@type":"ReadAction","target":["https:\/\/www.nwaretech.com\/fr\/documentation-clients\/"]}]},{"@type":"BreadcrumbList","@id":"https:\/\/www.nwaretech.com\/fr\/documentation-clients\/#breadcrumb","itemListElement":[{"@type":"ListItem","position":1,"name":"Home","item":"https:\/\/www.nwaretech.com\/fr\/"},{"@type":"ListItem","position":2,"name":"Documentation clients"}]},{"@type":"WebSite","@id":"https:\/\/www.nwaretech.com\/#website","url":"https:\/\/www.nwaretech.com\/","name":"N\u2019ware Technologies","description":"ERP &amp; WMS Software","potentialAction":[{"@type":"SearchAction","target":{"@type":"EntryPoint","urlTemplate":"https:\/\/www.nwaretech.com\/?s={search_term_string}"},"query-input":{"@type":"PropertyValueSpecification","valueRequired":true,"valueName":"search_term_string"}}],"inLanguage":"fr-FR"}]}},"_links":{"self":[{"href":"https:\/\/www.nwaretech.com\/fr\/wp-json\/wp\/v2\/pages\/31342","targetHints":{"allow":["GET"]}}],"collection":[{"href":"https:\/\/www.nwaretech.com\/fr\/wp-json\/wp\/v2\/pages"}],"about":[{"href":"https:\/\/www.nwaretech.com\/fr\/wp-json\/wp\/v2\/types\/page"}],"author":[{"embeddable":true,"href":"https:\/\/www.nwaretech.com\/fr\/wp-json\/wp\/v2\/users\/7"}],"replies":[{"embeddable":true,"href":"https:\/\/www.nwaretech.com\/fr\/wp-json\/wp\/v2\/comments?post=31342"}],"version-history":[{"count":0,"href":"https:\/\/www.nwaretech.com\/fr\/wp-json\/wp\/v2\/pages\/31342\/revisions"}],"wp:attachment":[{"href":"https:\/\/www.nwaretech.com\/fr\/wp-json\/wp\/v2\/media?parent=31342"}],"curies":[{"name":"wp","href":"https:\/\/api.w.org\/{rel}","templated":true}]}}