{"id":37837,"date":"2026-03-20T11:00:00","date_gmt":"2026-03-20T15:00:00","guid":{"rendered":"https:\/\/www.nwaretech.com\/nsight-2\/"},"modified":"2026-03-23T13:42:28","modified_gmt":"2026-03-23T17:42:28","slug":"nsight","status":"publish","type":"page","link":"https:\/\/www.nwaretech.com\/fr\/nsight\/","title":{"rendered":"N&#8217;Sight"},"content":{"rendered":"<div class=\"wpb-content-wrapper\">[mk_page_section vertical_align=&#8221;top&#8221; bg_color=&#8221;#ededed&#8221; bg_position=&#8221;center top&#8221; bg_repeat=&#8221;repeat-x&#8221; bg_stretch=&#8221;true&#8221; bg_video=&#8221;yes&#8221; video_loop=&#8221;false&#8221; video_opacity=&#8221;0.65&#8243; adaptive_height=&#8221;true&#8221; max_height=&#8221;403&#8243; min_height=&#8221;0&#8243; full_width=&#8221;true&#8221; js_vertical_centered=&#8221;true&#8221; padding_top=&#8221;0&#8243; padding_bottom=&#8221;0&#8243; top_shape_color=&#8221;#213356&#8243; top_shape_bg_color=&#8221;#f9f9f9&#8243; has_bottom_shape_divider=&#8221;true&#8221; bottom_shape_size=&#8221;small&#8221; bottom_shape_color=&#8221;#ffffff&#8221; bottom_shape_bg_color=&#8221;#ededed&#8221; sidebar=&#8221;sidebar-1&#8243;][vc_column width=&#8221;1\/2&#8243;][mk_padding_divider size=&#8221;60&#8243; visibility=&#8221;hidden-sm&#8221;][vc_single_image image=&#8221;37719&#8243; img_size=&#8221;full&#8221; alignment=&#8221;right&#8221; css=&#8221;.vc_custom_1774030226121{padding-right: 100px !important;padding-left: 100px !important;}&#8221;][\/vc_column][vc_column width=&#8221;1\/2&#8243;][mk_padding_divider size=&#8221;70&#8243; visibility=&#8221;hidden-sm&#8221;][vc_single_image image=&#8221;28078&#8243; img_size=&#8221;full&#8221; alignment=&#8221;center&#8221; css=&#8221;.vc_custom_1774029820939{margin-bottom: 40px !important;}&#8221;][mk_padding_divider size=&#8221;20&#8243;][mk_page_title_box page_title=&#8221;NOTRE SOLUTION D&#8217;INTELLIGENCE D&#8217;AFFAIRES CL\u00c9 EN MAIN&#8221; page_subtitle=&#8221;OPTIMISEZ VOS D\u00c9CISIONS POUR STIMULER VOTRE CROISSANCE ET VOTRE RENTABILIT\u00c9&#8221; section_height=&#8221;0&#8243; font_size=&#8221;52&#8243; font_color=&#8221;#213356&#8243; font_weight=&#8221;bold&#8221; underline=&#8221;false&#8221; padding=&#8221;10&#8243; sub_font_color=&#8221;#213356&#8243; sub_font_weight=&#8221;300&#8243;][mk_padding_divider][mk_button dimension=&#8221;savvy&#8221; corner_style=&#8221;rounded&#8221; size=&#8221;large&#8221; url=&#8221;https:\/\/www.nwaretech.com\/fr\/contactez-nous\/&#8221; align=&#8221;center&#8221; margin_bottom=&#8221;-30&#8243; margin_right=&#8221;0&#8243; outline_skin=&#8221;custom&#8221; outline_active_text_color=&#8221;#213356&#8243; outline_hover_bg_color=&#8221;#213356&#8243; outline_hover_color=&#8221;#ededed&#8221;]R\u00c9SERVEZ UNE D\u00c9MONSTRATION[\/mk_button][\/vc_column][\/mk_page_section][vc_section][vc_row][vc_column][mk_padding_divider size=&#8221;80&#8243;][\/vc_column][\/vc_row][vc_row][vc_column width=&#8221;1\/2&#8243;][vc_column_text css=&#8221;.vc_custom_1774281920638{margin-bottom: 0px !important;}&#8221;]\n<h2>TRANSFORMEZ VOS DONN\u00c9ES EN D\u00c9CISIONS CONCR\u00c8TES<\/h2>\n<p data-start=\"182\" data-end=\"460\">N\u2019Sight est une solution de Business Intelligence (BI) cl\u00e9 en main qui rend l\u2019analytique accessible aux PME. Propuls\u00e9e par Tableau, N\u2019Sight permet aux organisations de tirer parti d\u2019outils d\u2019analyse de classe mondiale pour prendre des d\u00e9cisions plus rapides et plus \u00e9clair\u00e9es.<\/p>\n<p data-start=\"462\" data-end=\"834\">Avec N\u2019Sight, d\u00e9ployez rapidement une solution d\u2019analytique puissante, \u00e0 la fois accessible pour votre budget et simple \u00e0 adopter pour vos \u00e9quipes. Gr\u00e2ce \u00e0 une gamme compl\u00e8te de rapports pr\u00e9configur\u00e9s et pr\u00eats \u00e0 l\u2019emploi, vos \u00e9quipes acc\u00e8dent imm\u00e9diatement \u00e0 des indicateurs cl\u00e9s de performance (KPI) et \u00e0 des analyses bas\u00e9es sur les meilleures pratiques de l\u2019industrie.<\/p>\n<h3><strong>Pourquoi N\u2019Sight ?<\/strong><\/h3>\n<p data-start=\"664\" data-end=\"726\">La plupart des PME font face \u00e0 des donn\u00e9es fragment\u00e9es, des rapports manuels et un manque de visibilit\u00e9. N\u2019Sight simplifie l\u2019analytique en offrant une solution BI pr\u00eate \u00e0 l\u2019emploi et enti\u00e8rement int\u00e9gr\u00e9e \u2014 pour un acc\u00e8s imm\u00e9diat aux informations qui am\u00e9liorent la performance.<\/p>\n[\/vc_column_text][mk_custom_list style=&#8221;mk-icon-angle-right&#8221; icon_color=&#8221;#e0d7d7&#8243;]\n<ul>\n<li>Prenez des d\u00e9cisions plus rapides, bas\u00e9es sur les donn\u00e9es<\/li>\n<li>Obtenez une visibilit\u00e9 compl\u00e8te sur vos op\u00e9rations<\/li>\n<li>\u00c9liminez les rapports manuels et les fichiers Excel<\/li>\n<li>Autonomisez vos \u00e9quipes gr\u00e2ce \u00e0 l\u2019analytique en libre-service<\/li>\n<\/ul>\n[\/mk_custom_list][\/vc_column][vc_column width=&#8221;1\/2&#8243; css=&#8221;.vc_custom_1774272132151{padding-right: 40px !important;padding-left: 40px !important;}&#8221;][mk_padding_divider size=&#8221;10&#8243; visibility=&#8221;hidden-sm&#8221;][vc_single_image image=&#8221;37728&#8243; img_size=&#8221;medium&#8221; alignment=&#8221;center&#8221; css=&#8221;&#8221;][mk_button dimension=&#8221;savvy&#8221; corner_style=&#8221;rounded&#8221; size=&#8221;large&#8221; letter_spacing=&#8221;2&#8243; url=&#8221;https:\/\/www.nwaretech.com\/wp-content\/uploads\/2026\/03\/nsight_fr_2025_web_c.pdf&#8221; target=&#8221;_blank&#8221; align=&#8221;center&#8221; outline_skin=&#8221;custom&#8221; outline_active_text_color=&#8221;#213356&#8243; outline_hover_bg_color=&#8221;#213356&#8243; outline_hover_color=&#8221;#ffffff&#8221;]T\u00c9L\u00c9CHARGER LA BROCHURE N&#8217;SIGHT[\/mk_button][mk_padding_divider size=&#8221;10&#8243;][vc_message css=&#8221;&#8221;]<strong>D\u00e9finition de la Business Intelligence (BI) : <\/strong>La Business Intelligence (BI) combine strat\u00e9gie, analytique, exploration de donn\u00e9es, visualisation, outils et infrastructure pour aider les entreprises \u00e0 prendre des d\u00e9cisions \u00e9clair\u00e9es, bas\u00e9es sur des informations historiques, actuelles et pr\u00e9dictives.[\/vc_message][\/vc_column][\/vc_row][vc_row][vc_column][mk_padding_divider size=&#8221;30&#8243;][vc_separator css=&#8221;&#8221;][mk_padding_divider size=&#8221;20&#8243;][\/vc_column][\/vc_row][vc_row][vc_column width=&#8221;1\/4&#8243;][vc_single_image image=&#8221;37812&#8243; img_size=&#8221;180&#215;180&#8243; alignment=&#8221;center&#8221; css=&#8221;.vc_custom_1774273520733{margin-bottom: 10px !important;}&#8221;][vc_custom_heading text=&#8221;Con\u00e7u pour de meilleures d\u00e9cisions&#8221; font_container=&#8221;tag:h3|font_size:22|text_align:center&#8221; google_fonts=&#8221;font_family:Roboto%3A100%2C100italic%2C300%2C300italic%2Cregular%2Citalic%2C500%2C500italic%2C700%2C700italic%2C900%2C900italic|font_style:900%20bold%20regular%3A900%3Anormal&#8221; css=&#8221;.vc_custom_1774282383685{margin-bottom: 0px !important;}&#8221;][vc_custom_heading text=&#8221;Transformez vos donn\u00e9es en insights clairs et exploitables&#8221; font_container=&#8221;tag:p|font_size:18|text_align:center&#8221; google_fonts=&#8221;font_family:Roboto%3A100%2C100italic%2C300%2C300italic%2Cregular%2Citalic%2C500%2C500italic%2C700%2C700italic%2C900%2C900italic|font_style:300%20light%20regular%3A300%3Anormal&#8221; css=&#8221;&#8221;][\/vc_column][vc_column width=&#8221;1\/4&#8243;][vc_single_image image=&#8221;37811&#8243; img_size=&#8221;180&#215;180&#8243; alignment=&#8221;center&#8221; css=&#8221;.vc_custom_1774273499789{margin-bottom: 10px !important;}&#8221;][vc_custom_heading text=&#8221;Visibilit\u00e9 en temps r\u00e9el&#8221; font_container=&#8221;tag:h3|font_size:22|text_align:center&#8221; google_fonts=&#8221;font_family:Roboto%3A100%2C100italic%2C300%2C300italic%2Cregular%2Citalic%2C500%2C500italic%2C700%2C700italic%2C900%2C900italic|font_style:900%20bold%20regular%3A900%3Anormal&#8221; css=&#8221;.vc_custom_1774282397208{margin-bottom: 0px !important;}&#8221;][vc_custom_heading text=&#8221;Suivez la performance de l\u2019ensemble de vos op\u00e9rations&#8221; font_container=&#8221;tag:p|font_size:18|text_align:center&#8221; google_fonts=&#8221;font_family:Roboto%3A100%2C100italic%2C300%2C300italic%2Cregular%2Citalic%2C500%2C500italic%2C700%2C700italic%2C900%2C900italic|font_style:300%20light%20regular%3A300%3Anormal&#8221; css=&#8221;&#8221;][\/vc_column][vc_column width=&#8221;1\/4&#8243;][vc_single_image image=&#8221;37820&#8243; img_size=&#8221;180&#215;180&#8243; alignment=&#8221;center&#8221; css=&#8221;.vc_custom_1774273572918{margin-bottom: 10px !important;}&#8221;][vc_custom_heading text=&#8221;Pens\u00e9 pour les utilisateurs&#8221; font_container=&#8221;tag:h3|font_size:22|text_align:center&#8221; google_fonts=&#8221;font_family:Roboto%3A100%2C100italic%2C300%2C300italic%2Cregular%2Citalic%2C500%2C500italic%2C700%2C700italic%2C900%2C900italic|font_style:900%20bold%20regular%3A900%3Anormal&#8221; css=&#8221;.vc_custom_1774282417133{margin-bottom: 0px !important;}&#8221;][vc_custom_heading text=&#8221;Cr\u00e9ez des rapports et tableaux de bord sans expertise technique&#8221; font_container=&#8221;tag:p|font_size:18|text_align:center&#8221; google_fonts=&#8221;font_family:Roboto%3A100%2C100italic%2C300%2C300italic%2Cregular%2Citalic%2C500%2C500italic%2C700%2C700italic%2C900%2C900italic|font_style:300%20light%20regular%3A300%3Anormal&#8221; css=&#8221;&#8221;][\/vc_column][vc_column width=&#8221;1\/4&#8243;][vc_single_image image=&#8221;37810&#8243; img_size=&#8221;180&#215;180&#8243; alignment=&#8221;center&#8221; css=&#8221;.vc_custom_1774273494729{margin-bottom: 10px !important;}&#8221;][vc_custom_heading text=&#8221;Intelligence pr\u00e9configur\u00e9e&#8221; font_container=&#8221;tag:h3|font_size:22|text_align:center&#8221; google_fonts=&#8221;font_family:Roboto%3A100%2C100italic%2C300%2C300italic%2Cregular%2Citalic%2C500%2C500italic%2C700%2C700italic%2C900%2C900italic|font_style:900%20bold%20regular%3A900%3Anormal&#8221; css=&#8221;.vc_custom_1774282434668{margin-bottom: 0px !important;}&#8221;][vc_custom_heading text=&#8221;D\u00e9marrez rapidement : tableaux de bord et KPI pr\u00eats \u00e0 l\u2019emploi&#8221; font_container=&#8221;tag:p|font_size:18|text_align:center&#8221; google_fonts=&#8221;font_family:Roboto%3A100%2C100italic%2C300%2C300italic%2Cregular%2Citalic%2C500%2C500italic%2C700%2C700italic%2C900%2C900italic|font_style:300%20light%20regular%3A300%3Anormal&#8221; css=&#8221;&#8221;][\/vc_column][\/vc_row][vc_row][vc_column][mk_padding_divider visibility=&#8221;hidden-sm&#8221;][\/vc_column][\/vc_row][\/vc_section][mk_page_section bg_color=&#8221;#f4f4f4&#8243; top_shape_size=&#8221;small&#8221; top_shape_color=&#8221;#ffffff&#8221; top_shape_bg_color=&#8221;ededed&#8221; bottom_shape_size=&#8221;small&#8221; bottom_shape_color=&#8221;#ffffff&#8221; bottom_shape_bg_color=&#8221;#ededed&#8221; sidebar=&#8221;sidebar-1&#8243;][vc_column][vc_row_inner][vc_column_inner][mk_padding_divider size=&#8221;50&#8243;][vc_column_text css=&#8221;.vc_custom_1774283227816{margin-bottom: 0px !important;}&#8221;]\n<h2 style=\"text-align: left;\"><strong>AVANTAGES CL\u00c9S POUR MAXIMISER LA <span style=\"color: #ebae25;\">PERFORMANCE<\/span><\/strong><\/h2>\n[\/vc_column_text][mk_custom_list style=&#8221;mk-icon-angle-right&#8221; icon_color=&#8221;#a39999&#8243;]\n<ul>\n<li><strong>D\u00e9ploiement rapide et flexible<\/strong> : d\u00e9ployez en quelques jours, pas en mois, avec des options cloud ou sur site<\/li>\n<li><strong>Mod\u00e8le d\u2019abonnement simple et \u00e9conomique<\/strong> : ne payez que pour les utilisateurs n\u00e9cessaires, avec maintenance et mises \u00e0 jour incluses<\/li>\n<li><strong>Accessible partout<\/strong> : plateforme web disponible sur tout appareil, \u00e0 tout moment<\/li>\n<li><strong>\u00c9volutif<\/strong>\u00a0: adaptez et d\u00e9veloppez facilement la solution \u00e0 mesure que votre entreprise cro\u00eet<\/li>\n<li><strong>Acc\u00e8s \u00e9tendu aux utilisateurs<\/strong> : donnez acc\u00e8s aux \u00e9quipes internes et aux utilisateurs externes non-SAP<\/li>\n<li><strong>Cl\u00e9 en main et personnalisable<\/strong> : commencez avec des tableaux de bord pr\u00e9configur\u00e9s et faites \u00e9voluer la solution avec l\u2019auto-service ou le support expert<\/li>\n<\/ul>\n[\/mk_custom_list][mk_padding_divider size=&#8221;20&#8243;][\/vc_column_inner][\/vc_row_inner][\/vc_column][\/mk_page_section][mk_page_section top_shape_size=&#8221;small&#8221; top_shape_color=&#8221;#ffffff&#8221; top_shape_bg_color=&#8221;ededed&#8221; bottom_shape_size=&#8221;small&#8221; bottom_shape_color=&#8221;#ffffff&#8221; bottom_shape_bg_color=&#8221;#ededed&#8221; sidebar=&#8221;sidebar-1&#8243;][vc_column][mk_padding_divider size=&#8221;60&#8243;][vc_column_text css=&#8221;.vc_custom_1774283374326{margin-bottom: 0px !important;}&#8221;]\n<h2 style=\"text-align: center;\"><strong>D\u00c9COUVREZ LES ASPECTS CACH\u00c9S DE VOTRE PME&#8230;<\/strong><\/h2>\n[\/vc_column_text][vc_column_text css=&#8221;.vc_custom_1774283400961{margin-bottom: 0px !important;}&#8221;]\n<p style=\"text-align: center;\"><em>Gagnez en clart\u00e9. Am\u00e9liorez vos performances. Prenez de meilleures d\u00e9cisions avec N\u2019Sight.<\/em><\/p>\n[\/vc_column_text][vc_row_inner][vc_column_inner width=&#8221;1\/2&#8243;][mk_custom_box corner_radius=&#8221;10&#8243; padding_horizental=&#8221;30&#8243; margin_bottom=&#8221;20&#8243; border_color_style=&#8221;single_color&#8221; border_color=&#8221;#d3d3d3&#8243;][vc_column_text css=&#8221;.vc_custom_1774283440955{margin-bottom: 0px !important;}&#8221;]\n<h4>CONTR\u00d4LE DES STOCKS<\/h4>\n<p><strong><em>Plus de pr\u00e9cision, des stocks optimis\u00e9s et<\/em> une disponibilit\u00e9 ponctuelle<\/strong><br \/>\nRapport de roulement, articles \u00e0 rotation lente, analyse des d\u00e9lais, taux d\u2019ex\u00e9cution&#8230;[\/vc_column_text][mk_padding_divider size=&#8221;28&#8243;][\/mk_custom_box][\/vc_column_inner][vc_column_inner width=&#8221;1\/2&#8243;][mk_custom_box corner_radius=&#8221;10&#8243; padding_horizental=&#8221;30&#8243; margin_bottom=&#8221;20&#8243; border_color_style=&#8221;single_color&#8221; border_color=&#8221;#d8d8d8&#8243;][vc_column_text css=&#8221;.vc_custom_1774283845292{margin-bottom: 0px !important;}&#8221;]\n<h4>PORTAIL DES FOURNISSEURS<\/h4>\n<p><em><strong>Acc\u00e8s simplifi\u00e9 pour vos fournisseurs aux stocks et ventes<\/strong><\/em><br \/>\nHistorique des stocks des fournisseurs et quantit\u00e9s actuellement en stocks, nombre de ventes par client et groupe d\u2019articles, r\u00e9partition g\u00e9ographique des clients&#8230;[\/vc_column_text][\/mk_custom_box][\/vc_column_inner][\/vc_row_inner][vc_row_inner][vc_column_inner width=&#8221;1\/3&#8243;][mk_custom_box corner_radius=&#8221;10&#8243; padding_horizental=&#8221;30&#8243; border_color_style=&#8221;single_color&#8221; border_color=&#8221;#d3d3d3&#8243;][vc_column_text css=&#8221;.vc_custom_1774283496256{margin-bottom: 0px !important;}&#8221;]\n<h4>PROACTIVIT\u00c9 FINANCI\u00c8RE<\/h4>\n<p><em><strong>Donn\u00e9es standard pour l\u2019ensemble de l\u2019entreprise :<\/strong> planifier les flux, r\u00e9duire les risques et atteindre les cibles de rentabilit\u00e9<\/em><br \/>\n\u00c9tat des r\u00e9sultats, analyse des ratios, ventilation des donn\u00e9es par segment, centres de co\u00fbts, par projets, comparaison entre chiffres budg\u00e9taires et r\u00e9els&#8230;[\/vc_column_text][vc_single_image image=&#8221;37761&#8243; img_size=&#8221;full&#8221; alignment=&#8221;center&#8221; onclick=&#8221;img_link_large&#8221; css=&#8221;.vc_custom_1774271889974{margin-bottom: 0px !important;}&#8221;][\/mk_custom_box][\/vc_column_inner][vc_column_inner width=&#8221;1\/3&#8243;][mk_custom_box corner_radius=&#8221;10&#8243; padding_horizental=&#8221;30&#8243; border_color_style=&#8221;single_color&#8221; border_color=&#8221;#d8d8d8&#8243;][vc_column_text css=&#8221;.vc_custom_1774283520282{margin-bottom: 0px !important;}&#8221;]\n<h4>OPTIMISATION D\u2019ENTREP\u00d4T<\/h4>\n<p><strong><em>Cha\u00eene d\u2019approvisionnement rationalis\u00e9e<\/em> et r\u00e9duction des co\u00fbts d\u2019exploitation<\/strong><br \/>\nRendement du personnel, emplacements vides, aper\u00e7u du site, analyse des files d\u2019attente du travail&#8230;[\/vc_column_text][mk_padding_divider size=&#8221;10&#8243;][vc_single_image image=&#8221;37774&#8243; img_size=&#8221;full&#8221; alignment=&#8221;center&#8221; onclick=&#8221;img_link_large&#8221; css=&#8221;&#8221;][mk_padding_divider size=&#8221;8&#8243;][\/mk_custom_box][\/vc_column_inner][vc_column_inner width=&#8221;1\/3&#8243;][mk_custom_box corner_radius=&#8221;10&#8243; padding_horizental=&#8221;30&#8243; border_color_style=&#8221;single_color&#8221; border_color=&#8221;#d8d8d8&#8243;][vc_column_text css=&#8221;.vc_custom_1774283572631{margin-bottom: 0px !important;}&#8221;]\n<h4>VENTE STRAT\u00c9GIQUE<\/h4>\n<p><em><strong>Rapports clairs et utiles sur les besoins<\/strong> <strong>de vos clients et les tendances du march\u00e9<\/strong><\/em><br \/>\nRendez-vous, ventes, devis, r\u00e9partition par repr\u00e9sentant, groupes d\u2019articles, groupes de clients, g\u00e9ographie&#8230;[\/vc_column_text][mk_padding_divider size=&#8221;22&#8243;][vc_single_image image=&#8221;37775&#8243; img_size=&#8221;full&#8221; alignment=&#8221;center&#8221; onclick=&#8221;img_link_large&#8221; css=&#8221;.vc_custom_1774271927739{margin-bottom: 0px !important;}&#8221;][mk_padding_divider size=&#8221;28&#8243;][\/mk_custom_box][\/vc_column_inner][\/vc_row_inner][mk_padding_divider size=&#8221;30&#8243;][\/vc_column][\/mk_page_section][mk_page_section bg_color=&#8221;#ebae25&#8243; bottom_shape_color=&#8221;#0b1928&#8243; bottom_shape_bg_color=&#8221;#f9f9f9&#8243; sidebar=&#8221;sidebar-1&#8243;][vc_column width=&#8221;2\/3&#8243;][mk_padding_divider size=&#8221;45&#8243;][mk_fancy_title size=&#8221;32&#8243; font_weight=&#8221;500&#8243; letter_spacing=&#8221;1&#8243; font_family=&#8221;none&#8221; align=&#8221;center&#8221;]\n<h2><span style=\"color: #ffffff;\">PARLEZ \u00c0 NOS EXPERTS ET D\u00c9COUVREZ N&#8217;SIGHT, NOTRE SOLUTION BI<\/span><\/h2>\n[\/mk_fancy_title][\/vc_column][vc_column width=&#8221;1\/3&#8243;][mk_padding_divider][mk_button dimension=&#8221;savvy&#8221; corner_style=&#8221;rounded&#8221; size=&#8221;large&#8221; letter_spacing=&#8221;4&#8243; url=&#8221;https:\/\/www.nwaretech.com\/fr\/contactez-nous\/&#8221; target=&#8221;_blank&#8221; align=&#8221;center&#8221; outline_skin=&#8221;light&#8221;]CONTACTEZ-NOUS[\/mk_button][\/vc_column][\/mk_page_section]\n<\/div>","protected":false},"excerpt":{"rendered":"<p>[mk_page_section vertical_align=&#8221;top&#8221; bg_color=&#8221;#ededed&#8221; bg_position=&#8221;center top&#8221; bg_repeat=&#8221;repeat-x&#8221; bg_stretch=&#8221;true&#8221; bg_video=&#8221;yes&#8221; video_loop=&#8221;false&#8221; video_opacity=&#8221;0.65&#8243; adaptive_height=&#8221;true&#8221; max_height=&#8221;403&#8243; min_height=&#8221;0&#8243; full_width=&#8221;true&#8221; js_vertical_centered=&#8221;true&#8221; padding_top=&#8221;0&#8243; padding_bottom=&#8221;0&#8243; top_shape_color=&#8221;#213356&#8243; top_shape_bg_color=&#8221;#f9f9f9&#8243; has_bottom_shape_divider=&#8221;true&#8221; bottom_shape_size=&#8221;small&#8221; bottom_shape_color=&#8221;#ffffff&#8221; bottom_shape_bg_color=&#8221;#ededed&#8221; sidebar=&#8221;sidebar-1&#8243;][vc_column width=&#8221;1\/2&#8243;][mk_padding_divider size=&#8221;60&#8243; visibility=&#8221;hidden-sm&#8221;][vc_single_image image=&#8221;37719&#8243; img_size=&#8221;full&#8221; alignment=&#8221;right&#8221; [&hellip;]<\/p>\n","protected":false},"author":3,"featured_media":0,"parent":0,"menu_order":0,"comment_status":"closed","ping_status":"closed","template":"","meta":{"footnotes":""},"class_list":["post-37837","page","type-page","status-publish","hentry"],"yoast_head":"<!-- This site is optimized with the Yoast SEO plugin v27.6 - https:\/\/yoast.com\/product\/yoast-seo-wordpress\/ -->\n<title>N&#039;Sight - N\u2019ware Technologies<\/title>\n<meta name=\"description\" content=\"N\u2019Sight is a turn-key Business Intelligence (BI) solution that brings analytics within small and medium business\u2019 reach.\" \/>\n<meta name=\"robots\" content=\"index, follow, max-snippet:-1, max-image-preview:large, max-video-preview:-1\" \/>\n<link rel=\"canonical\" href=\"https:\/\/www.nwaretech.com\/fr\/nsight\/\" \/>\n<meta property=\"og:locale\" content=\"fr_FR\" \/>\n<meta property=\"og:type\" content=\"article\" \/>\n<meta property=\"og:title\" content=\"N&#039;Sight - N\u2019ware Technologies\" \/>\n<meta property=\"og:description\" content=\"N\u2019Sight is a turn-key Business Intelligence (BI) solution that brings analytics within small and medium business\u2019 reach.\" \/>\n<meta property=\"og:url\" content=\"https:\/\/www.nwaretech.com\/fr\/nsight\/\" \/>\n<meta property=\"og:site_name\" content=\"N\u2019ware Technologies\" \/>\n<meta property=\"article:modified_time\" content=\"2026-03-23T17:42:28+00:00\" \/>\n<meta name=\"twitter:card\" content=\"summary_large_image\" \/>\n<meta name=\"twitter:label1\" content=\"Dur\u00e9e de lecture estim\u00e9e\" \/>\n\t<meta name=\"twitter:data1\" content=\"4 minutes\" \/>\n<script type=\"application\/ld+json\" class=\"yoast-schema-graph\">{\"@context\":\"https:\\\/\\\/schema.org\",\"@graph\":[{\"@type\":\"WebPage\",\"@id\":\"https:\\\/\\\/www.nwaretech.com\\\/fr\\\/nsight\\\/\",\"url\":\"https:\\\/\\\/www.nwaretech.com\\\/fr\\\/nsight\\\/\",\"name\":\"N'Sight - N\u2019ware Technologies\",\"isPartOf\":{\"@id\":\"https:\\\/\\\/www.nwaretech.com\\\/#website\"},\"datePublished\":\"2026-03-20T15:00:00+00:00\",\"dateModified\":\"2026-03-23T17:42:28+00:00\",\"description\":\"N\u2019Sight is a turn-key Business Intelligence (BI) solution that brings analytics within small and medium business\u2019 reach.\",\"breadcrumb\":{\"@id\":\"https:\\\/\\\/www.nwaretech.com\\\/fr\\\/nsight\\\/#breadcrumb\"},\"inLanguage\":\"fr-FR\",\"potentialAction\":[{\"@type\":\"ReadAction\",\"target\":[\"https:\\\/\\\/www.nwaretech.com\\\/fr\\\/nsight\\\/\"]}]},{\"@type\":\"BreadcrumbList\",\"@id\":\"https:\\\/\\\/www.nwaretech.com\\\/fr\\\/nsight\\\/#breadcrumb\",\"itemListElement\":[{\"@type\":\"ListItem\",\"position\":1,\"name\":\"Home\",\"item\":\"https:\\\/\\\/www.nwaretech.com\\\/fr\\\/\"},{\"@type\":\"ListItem\",\"position\":2,\"name\":\"N&#8217;Sight\"}]},{\"@type\":\"WebSite\",\"@id\":\"https:\\\/\\\/www.nwaretech.com\\\/#website\",\"url\":\"https:\\\/\\\/www.nwaretech.com\\\/\",\"name\":\"N\u2019ware Technologies\",\"description\":\"ERP &amp; WMS Software\",\"potentialAction\":[{\"@type\":\"SearchAction\",\"target\":{\"@type\":\"EntryPoint\",\"urlTemplate\":\"https:\\\/\\\/www.nwaretech.com\\\/?s={search_term_string}\"},\"query-input\":{\"@type\":\"PropertyValueSpecification\",\"valueRequired\":true,\"valueName\":\"search_term_string\"}}],\"inLanguage\":\"fr-FR\"}]}<\/script>\n<!-- \/ Yoast SEO plugin. -->","yoast_head_json":{"title":"N'Sight - N\u2019ware Technologies","description":"N\u2019Sight is a turn-key Business Intelligence (BI) solution that brings analytics within small and medium business\u2019 reach.","robots":{"index":"index","follow":"follow","max-snippet":"max-snippet:-1","max-image-preview":"max-image-preview:large","max-video-preview":"max-video-preview:-1"},"canonical":"https:\/\/www.nwaretech.com\/fr\/nsight\/","og_locale":"fr_FR","og_type":"article","og_title":"N'Sight - N\u2019ware Technologies","og_description":"N\u2019Sight is a turn-key Business Intelligence (BI) solution that brings analytics within small and medium business\u2019 reach.","og_url":"https:\/\/www.nwaretech.com\/fr\/nsight\/","og_site_name":"N\u2019ware Technologies","article_modified_time":"2026-03-23T17:42:28+00:00","twitter_card":"summary_large_image","twitter_misc":{"Dur\u00e9e de lecture estim\u00e9e":"4 minutes"},"schema":{"@context":"https:\/\/schema.org","@graph":[{"@type":"WebPage","@id":"https:\/\/www.nwaretech.com\/fr\/nsight\/","url":"https:\/\/www.nwaretech.com\/fr\/nsight\/","name":"N'Sight - N\u2019ware Technologies","isPartOf":{"@id":"https:\/\/www.nwaretech.com\/#website"},"datePublished":"2026-03-20T15:00:00+00:00","dateModified":"2026-03-23T17:42:28+00:00","description":"N\u2019Sight is a turn-key Business Intelligence (BI) solution that brings analytics within small and medium business\u2019 reach.","breadcrumb":{"@id":"https:\/\/www.nwaretech.com\/fr\/nsight\/#breadcrumb"},"inLanguage":"fr-FR","potentialAction":[{"@type":"ReadAction","target":["https:\/\/www.nwaretech.com\/fr\/nsight\/"]}]},{"@type":"BreadcrumbList","@id":"https:\/\/www.nwaretech.com\/fr\/nsight\/#breadcrumb","itemListElement":[{"@type":"ListItem","position":1,"name":"Home","item":"https:\/\/www.nwaretech.com\/fr\/"},{"@type":"ListItem","position":2,"name":"N&#8217;Sight"}]},{"@type":"WebSite","@id":"https:\/\/www.nwaretech.com\/#website","url":"https:\/\/www.nwaretech.com\/","name":"N\u2019ware Technologies","description":"ERP &amp; WMS Software","potentialAction":[{"@type":"SearchAction","target":{"@type":"EntryPoint","urlTemplate":"https:\/\/www.nwaretech.com\/?s={search_term_string}"},"query-input":{"@type":"PropertyValueSpecification","valueRequired":true,"valueName":"search_term_string"}}],"inLanguage":"fr-FR"}]}},"_links":{"self":[{"href":"https:\/\/www.nwaretech.com\/fr\/wp-json\/wp\/v2\/pages\/37837","targetHints":{"allow":["GET"]}}],"collection":[{"href":"https:\/\/www.nwaretech.com\/fr\/wp-json\/wp\/v2\/pages"}],"about":[{"href":"https:\/\/www.nwaretech.com\/fr\/wp-json\/wp\/v2\/types\/page"}],"author":[{"embeddable":true,"href":"https:\/\/www.nwaretech.com\/fr\/wp-json\/wp\/v2\/users\/3"}],"replies":[{"embeddable":true,"href":"https:\/\/www.nwaretech.com\/fr\/wp-json\/wp\/v2\/comments?post=37837"}],"version-history":[{"count":3,"href":"https:\/\/www.nwaretech.com\/fr\/wp-json\/wp\/v2\/pages\/37837\/revisions"}],"predecessor-version":[{"id":37851,"href":"https:\/\/www.nwaretech.com\/fr\/wp-json\/wp\/v2\/pages\/37837\/revisions\/37851"}],"wp:attachment":[{"href":"https:\/\/www.nwaretech.com\/fr\/wp-json\/wp\/v2\/media?parent=37837"}],"curies":[{"name":"wp","href":"https:\/\/api.w.org\/{rel}","templated":true}]}}