{"id":5712,"date":"2018-09-05T13:34:23","date_gmt":"2018-09-05T18:34:23","guid":{"rendered":"http:\/\/nwaretech.webloft.info\/e-commerce-solution\/"},"modified":"2025-01-22T14:03:07","modified_gmt":"2025-01-22T19:03:07","slug":"solution-ecommerce","status":"publish","type":"page","link":"https:\/\/www.nwaretech.com\/fr\/solution-ecommerce\/","title":{"rendered":"Solution eCommerce"},"content":{"rendered":"<div class=\"wpb-content-wrapper\">[vc_row fullwidth=&#8221;true&#8221; css=&#8221;.vc_custom_1532701016934{margin-top: -155px !important;}&#8221;][vc_column][mk_page_title_box section_height=&#8221;500&#8243; bg_image=&#8221;https:\/\/www.nwaretech.com\/wp-content\/uploads\/2019\/02\/ecommerce_magento_sap_business_one.jpg&#8221; bg_position=&#8221;center top&#8221; bg_stretch=&#8221;true&#8221; bg_effects=&#8221;parallax&#8221; underline=&#8221;false&#8221;][mk_divider style=&#8221;thin_solid&#8221; thickness=&#8221;3&#8243; margin_top=&#8221;0&#8243; margin_bottom=&#8221;0&#8243;][\/vc_column][\/vc_row][vc_row][vc_column][mk_padding_divider][\/vc_column][\/vc_row][vc_row][vc_column][mk_fancy_title margin_bottom=&#8221;0&#8243; font_family=&#8221;none&#8221;]\n<h1>ECOMMERCE AVEC SAP BUSINESS ONE<\/h1>\n[\/mk_fancy_title][mk_padding_divider][\/vc_column][\/vc_row][vc_row][vc_column][vc_column_text css=&#8221;.vc_custom_1550076864789{margin-bottom: 0px !important;}&#8221;]\n<h2>UN CHEMIN VERS LA CROISSANCE DES AFFAIRES SUR INTERNET<\/h2>\n<p>Le commerce \u00e9lectronique est tr\u00e8s tendance et gagne en popularit\u00e9 dans une vari\u00e9t\u00e9 de secteurs industriels et de march\u00e9s partout dans le monde. Bien qu\u2019offrir un service de commerce \u00e9lectronique puisse \u00eatre tr\u00e8s lucratif, celui-ci apporte son lot de nouveaux d\u00e9fis. Pour relever les d\u00e9fis communs au commerce \u00e9lectronique, consid\u00e9rez l\u2019int\u00e9gration ERP. SAP Business One vous propose une fonction de commerce \u00e9lectronique qui permet \u00e0 votre entreprise de se d\u00e9velopper en ligne gr\u00e2ce \u00e0 des boutiques Web o\u00f9 vos clients peuvent trouver et acheter facilement vos produits. L&#8217;application offre aussi une solution unique et int\u00e9gr\u00e9e pour g\u00e9rer votre entreprise, autant dans ses activit\u00e9s en ligne que dans ses activit\u00e9s hors-ligne.[\/vc_column_text][vc_single_image image=&#8221;6985&#8243; img_size=&#8221;full&#8221; alignment=&#8221;center&#8221;][mk_padding_divider][\/vc_column][\/vc_row][vc_row][vc_column][vc_column_text css=&#8221;.vc_custom_1550073607821{margin-bottom: 0px !important;}&#8221;]\n<h2>\u00c9VITER LES D\u00c9FIS DU COMMERCE \u00c9LECTRONIQUE PAR L\u2019INT\u00c9GRATION TECHNOLOGIQUE<\/h2>\n<p>Pour vous assurer que vos op\u00e9rations de commerce \u00e9lectronique sont efficaces d\u00e8s le d\u00e9but, int\u00e9grez le commerce \u00e9lectronique \u00e0 votre syst\u00e8me ERP. De nombreuses entreprises n\u00e9gligent ou \u00e9vitent de proc\u00e9der \u00e0 cette int\u00e9gration en raison d\u2019inqui\u00e9tudes face aux co\u00fbts additionnels ou parce qu\u2019elles estiment que le volume des transactions sera faible apr\u00e8s le lancement de leur nouvelle plate-forme de commerce \u00e9lectronique. Mais pour soutenir ad\u00e9quatement vos activit\u00e9s en ligne et \u00eatre pr\u00eat pour la croissance, positionnez d\u00e8s le d\u00e9part votre entreprise sur la voie de la r\u00e9ussite gr\u00e2ce \u00e0 l\u2019int\u00e9gration ERP. L\u2019int\u00e9gration ERP avec les op\u00e9rations de commerce \u00e9lectronique vous permettra d\u2019avoir un meilleur contr\u00f4le et une visibilit\u00e9 accrue sur les stocks, les ventes et les relations avec les clients. En outre, l\u2019int\u00e9gration ERP vous procurera les avantages suivants :[\/vc_column_text][\/vc_column][\/vc_row][vc_row][vc_column][mk_padding_divider][vc_separator border_width=&#8221;5&#8243; el_width=&#8221;70&#8243;][mk_padding_divider][\/vc_column][\/vc_row][vc_row][vc_column width=&#8221;1\/3&#8243;][vc_icon icon_fontawesome=&#8221;fa fa-line-chart&#8221; color=&#8221;custom&#8221; size=&#8221;xl&#8221; align=&#8221;center&#8221; custom_color=&#8221;#edaf23&#8243;][mk_fancy_title margin_bottom=&#8221;0&#8243; font_family=&#8221;none&#8221;]\n<h3 style=\"text-align: center;\">PRODUCTIVIT\u00c9 ACCRUE<\/h3>\n[\/mk_fancy_title][vc_column_text css=&#8221;.vc_custom_1550073643600{margin-bottom: 0px !important;}&#8221;]Moins vos employ\u00e9s passeront de temps sur l\u2019entr\u00e9e manuelle et redondante des donn\u00e9es, plus ils gagneront de temps pour accomplir d\u2019autres t\u00e2ches commerciales importantes. Les donn\u00e9es communes des syst\u00e8mes peuvent simplement \u00eatre partag\u00e9es ou transf\u00e9r\u00e9es, ce qui \u00e9vite l\u2019entr\u00e9e en double des donn\u00e9es, les erreurs de donn\u00e9es, les commandes erron\u00e9es et les pertes de temps pour corriger ces erreurs.[\/vc_column_text][\/vc_column][vc_column width=&#8221;1\/3&#8243;][vc_icon icon_fontawesome=&#8221;fa fa-barcode&#8221; color=&#8221;custom&#8221; size=&#8221;xl&#8221; align=&#8221;center&#8221; custom_color=&#8221;#edaf23&#8243;][mk_fancy_title margin_bottom=&#8221;0&#8243; font_family=&#8221;none&#8221;]\n<h3 style=\"text-align: center;\">MEILLEUR CONTR\u00d4LE DES STOCKS<\/h3>\n[\/mk_fancy_title][vc_column_text css=&#8221;.vc_custom_1550073668982{margin-bottom: 0px !important;}&#8221;]L\u2019exploitation de deux syst\u00e8mes distincts complique la synchronisation des stocks et les changements de prix. Ce processus se complique davantage avec chaque entrep\u00f4t et centre de distribution que poss\u00e8de ou acquiert votre entreprise. Avec un syst\u00e8me unique et int\u00e9gr\u00e9, vous aurez les donn\u00e9es exactes quant \u00e0 la quantit\u00e9 des articles en stock, leur disponibilit\u00e9 et leur prix.[\/vc_column_text][\/vc_column][vc_column width=&#8221;1\/3&#8243;][vc_icon icon_fontawesome=&#8221;fa fa-users&#8221; color=&#8221;custom&#8221; size=&#8221;xl&#8221; align=&#8221;center&#8221; custom_color=&#8221;#edaf23&#8243;][mk_fancy_title margin_bottom=&#8221;0&#8243; font_family=&#8221;none&#8221;]\n<h3 style=\"text-align: center;\">SERVICE \u00c0 LA CLIENT\u00c8LE DE QUALIT\u00c9 SUP\u00c9RIEURE<\/h3>\n[\/mk_fancy_title][vc_column_text css=&#8221;.vc_custom_1550073699446{margin-bottom: 0px !important;}&#8221;]L\u2019int\u00e9gration d\u2019un syst\u00e8me ERP avec les op\u00e9rations de commerce \u00e9lectronique offre \u00e0 vos \u00e9quipes de ventes et de service \u00e0 la client\u00e8le une visibilit\u00e9 en temps r\u00e9el sur les stocks disponibles, les commandes d\u2019un client et son historique d\u2019achat, ainsi que de l\u2019information sur les tendances. Vous pouvez ainsi offrir \u00e0 vos clients une exp\u00e9rience d\u2019achat multicanal transparente et \u00e9liminer tout risque d\u2019engorgement qui pourrait leur d\u00e9plaire.[\/vc_column_text][\/vc_column][\/vc_row][vc_row][vc_column][mk_padding_divider][vc_separator border_width=&#8221;5&#8243; el_width=&#8221;70&#8243;][mk_padding_divider][\/vc_column][\/vc_row][vc_row][vc_column][vc_column_text css=&#8221;.vc_custom_1550073756508{margin-bottom: 0px !important;}&#8221;]N\u2019ware Technologies travaille en partenariat avec <a href=\"https:\/\/addons.itm-development.com\/solutions\/mag-b1-sap-business-one-ecommerce-connector\/\" target=\"_blank\" rel=\"noopener noreferrer\">ITM Development<\/a>. Leur solution conjointe, MAG B1, qui constitue le connecteur de commerce \u00e9lectronique de SAP Business One, permet de connecter diverses solutions de commerce \u00e9lectronique, dont Magento Community &amp; Enterprise (1,2), PrestaShop, Shopware et eBay, et peut \u00eatre int\u00e9gr\u00e9e \u00e0 de nombreuses autres plateformes, telles que WooCommerce, Amazon, Spotify, etc.[\/vc_column_text][mk_padding_divider][\/vc_column][\/vc_row][vc_row][vc_column width=&#8221;1\/5&#8243;][vc_single_image image=&#8221;6961&#8243; alignment=&#8221;center&#8221; onclick=&#8221;custom_link&#8221; img_link_target=&#8221;_blank&#8221; link=&#8221;https:\/\/magento.com\/&#8221;][\/vc_column][vc_column width=&#8221;1\/5&#8243;][vc_single_image image=&#8221;6963&#8243; alignment=&#8221;center&#8221; onclick=&#8221;custom_link&#8221; img_link_target=&#8221;_blank&#8221; link=&#8221;https:\/\/www.prestashop.com\/en&#8221;][\/vc_column][vc_column width=&#8221;1\/5&#8243;][vc_single_image image=&#8221;6965&#8243; alignment=&#8221;center&#8221; onclick=&#8221;custom_link&#8221; img_link_target=&#8221;_blank&#8221; link=&#8221;https:\/\/en.shopware.com\/&#8221;][\/vc_column][vc_column width=&#8221;1\/5&#8243;][vc_single_image image=&#8221;6967&#8243; alignment=&#8221;center&#8221; onclick=&#8221;custom_link&#8221; img_link_target=&#8221;_blank&#8221; link=&#8221;https:\/\/www.ebay.com\/&#8221;][\/vc_column][vc_column width=&#8221;1\/5&#8243;][vc_single_image image=&#8221;6969&#8243; alignment=&#8221;center&#8221; onclick=&#8221;custom_link&#8221; img_link_target=&#8221;_blank&#8221; link=&#8221;https:\/\/woocommerce.com\/&#8221;][\/vc_column][\/vc_row][vc_row][vc_column][mk_padding_divider][vc_separator border_width=&#8221;5&#8243; el_width=&#8221;70&#8243;][mk_padding_divider][mk_fancy_title font_family=&#8221;none&#8221;]\n<h2 style=\"text-align: center;\">CARACT\u00c9RISTIQUES PRINCIPALES<\/h2>\n[\/mk_fancy_title][mk_padding_divider][\/vc_column][\/vc_row][vc_row][vc_column width=&#8221;1\/4&#8243;][vc_icon icon_fontawesome=&#8221;fa fa-gamepad&#8221; color=&#8221;custom&#8221; size=&#8221;xl&#8221; align=&#8221;center&#8221; custom_color=&#8221;#edaf23&#8243;][mk_fancy_title margin_bottom=&#8221;0&#8243; font_family=&#8221;none&#8221;]\n<h3 style=\"text-align: center;\">PLEIN CONTR\u00d4LE DE VOS PRODUITS GR\u00c2CE \u00c0 SAP BUSINESS ONE<\/h3>\n[\/mk_fancy_title][vc_column_text css=&#8221;.vc_custom_1550073814661{margin-bottom: 0px !important;}&#8221;]MAG B1 vous donne le plein contr\u00f4le de SAP Business One sur tous les aspects de la gestion de produits.[\/vc_column_text][\/vc_column][vc_column width=&#8221;1\/4&#8243;][vc_icon icon_fontawesome=&#8221;fa fa-sitemap&#8221; color=&#8221;custom&#8221; size=&#8221;xl&#8221; align=&#8221;center&#8221; custom_color=&#8221;#edaf23&#8243;][mk_fancy_title margin_bottom=&#8221;0&#8243; font_family=&#8221;none&#8221;]\n<h3 style=\"text-align: center;\">LIEN MULTI-BOUTIQUES ET ENTREPRISE UNIQUE SOUS SAP<\/h3>\n[\/mk_fancy_title][vc_column_text css=&#8221;.vc_custom_1550073839789{margin-bottom: 0px !important;}&#8221;]L\u2019application offre l\u2019option de relier de multiples sites de commerce \u00e9lectronique \u00e0 une base de donn\u00e9es SAP.[\/vc_column_text][\/vc_column][vc_column width=&#8221;1\/4&#8243;][vc_icon icon_fontawesome=&#8221;fa fa-refresh&#8221; color=&#8221;custom&#8221; size=&#8221;xl&#8221; align=&#8221;center&#8221; custom_color=&#8221;#edaf23&#8243;][mk_fancy_title margin_bottom=&#8221;0&#8243; font_family=&#8221;none&#8221;]\n<h3 style=\"text-align: center;\">SYNCHRONISATION FACILE DE VOS CLIENTS<\/h3>\n[\/mk_fancy_title][vc_column_text css=&#8221;.vc_custom_1550073869239{margin-bottom: 0px !important;}&#8221;]Gr\u00e2ce \u00e0 l\u2019option vous permettant de synchroniser les clients dans les deux sens, vous serez en mesure de mieux r\u00e9pondre \u00e0 vos clients de commerce entre entreprises et \u00e0 ceux du commerce de d\u00e9tail.[\/vc_column_text][\/vc_column][vc_column width=&#8221;1\/4&#8243;][vc_icon icon_fontawesome=&#8221;fa fa-plus-circle&#8221; color=&#8221;custom&#8221; size=&#8221;xl&#8221; align=&#8221;center&#8221; custom_color=&#8221;#edaf23&#8243;][mk_fancy_title margin_bottom=&#8221;0&#8243; font_family=&#8221;none&#8221;]\n<h3 style=\"text-align: center;\">CONTR\u00d4LE DE LA CR\u00c9ATION DES DOCUMENTS<\/h3>\n[\/mk_fancy_title][vc_column_text css=&#8221;.vc_custom_1550074270987{margin-bottom: 0px !important;}&#8221;]La gestion du flux de documents du module MAG B1 vous permet de cr\u00e9er des bons de commande, des devis, des documents d\u2019avant-projet, des documents de livraison, des factures et autres.[\/vc_column_text][\/vc_column][\/vc_row][vc_row][vc_column][mk_padding_divider][vc_separator border_width=&#8221;5&#8243; el_width=&#8221;70&#8243;][mk_padding_divider][\/vc_column][\/vc_row][vc_row][vc_column][vc_column_text css=&#8221;.vc_custom_1550074304780{margin-bottom: 0px !important;}&#8221;]\n<h2>EN COMMERCE \u00c9LECTRONIQUE, LA CL\u00c9 DU SUCC\u00c8S EST L\u2019INT\u00c9GRATION ERP<\/h2>\n<p>Le module compl\u00e9mentaire est enti\u00e8rement int\u00e9gr\u00e9 \u00e0 l\u2019interface et au menu SAP Business One, ce qui en fait un outil convivial et intuitif. Il n\u2019est pas n\u00e9cessaire de travailler avec de multiples programmes pour envoyer vos produits. Vous avez \u00e9galement la possibilit\u00e9 de personnaliser votre int\u00e9gration en fonction des besoins sp\u00e9cifiques de votre entreprise.<\/p>\n<p>Profitez pleinement de tous les avantages du commerce \u00e9lectronique, autant pour vous que pour vos clients, en int\u00e9grant ces op\u00e9rations dans votre syst\u00e8me ERP. Un syst\u00e8me unique et int\u00e9gr\u00e9 augmente la productivit\u00e9, les profits et la satisfaction de vos clients en comparaison avec des syst\u00e8mes vari\u00e9s et disparates.[\/vc_column_text][mk_padding_divider size=&#8221;25&#8243;][vc_single_image image=&#8221;6976&#8243; img_size=&#8221;full&#8221; alignment=&#8221;center&#8221;][mk_padding_divider][\/vc_column][\/vc_row][vc_row][vc_column][vc_separator border_width=&#8221;5&#8243;][\/vc_column][\/vc_row][vc_row][vc_column][mk_fancy_title font_family=&#8221;none&#8221;]\n<h2>T\u00e9l\u00e9chargements<\/h2>\n[\/mk_fancy_title][\/vc_column][\/vc_row][vc_row][vc_column width=&#8221;1\/3&#8243;][mk_fancy_title margin_bottom=&#8221;0&#8243; font_family=&#8221;none&#8221;]\n<h3>SAP Business One 10.0<\/h3>\n[\/mk_fancy_title][vc_single_image image=&#8221;6304&#8243; img_size=&#8221;full&#8221;][mk_button dimension=&#8221;flat&#8221; size=&#8221;large&#8221; url=&#8221;https:\/\/www.nwaretech.com\/wp-content\/uploads\/2018\/09\/sap_business_one_intro_french.pdf&#8221; target=&#8221;_blank&#8221; bg_color=&#8221;#dbdbdb&#8221; btn_hover_bg=&#8221;#e5e5e5&#8243; text_color=&#8221;dark&#8221;]T\u00c9L\u00c9CHARGER[\/mk_button][\/vc_column][vc_column width=&#8221;1\/3&#8243;][mk_fancy_title margin_bottom=&#8221;0&#8243; font_family=&#8221;none&#8221;]\n<h3>Partenaire de Votre Succ\u00e8s<\/h3>\n[\/mk_fancy_title][vc_single_image image=&#8221;7611&#8243; img_size=&#8221;full&#8221;][mk_button dimension=&#8221;flat&#8221; size=&#8221;large&#8221; url=&#8221;https:\/\/www.nwaretech.com\/wp-content\/uploads\/2019\/10\/corporate_brochure_2019_french.pdf&#8221; target=&#8221;_blank&#8221; bg_color=&#8221;#dbdbdb&#8221; btn_hover_bg=&#8221;#e5e5e5&#8243; text_color=&#8221;dark&#8221;]T\u00c9L\u00c9CHARGER[\/mk_button][\/vc_column][vc_column width=&#8221;1\/3&#8243;][mk_fancy_title margin_bottom=&#8221;0&#8243; font_family=&#8221;none&#8221;]\n<h3>MAG B1<\/h3>\n[\/mk_fancy_title][vc_single_image image=&#8221;6988&#8243; img_size=&#8221;full&#8221;][mk_button dimension=&#8221;flat&#8221; size=&#8221;large&#8221; url=&#8221;\/wp-content\/uploads\/2019\/02\/ecommerce_mag_b1_english.pdf&#8221; target=&#8221;_blank&#8221; bg_color=&#8221;#dbdbdb&#8221; btn_hover_bg=&#8221;#e5e5e5&#8243; text_color=&#8221;dark&#8221;]T\u00c9L\u00c9CHARGER[\/mk_button][\/vc_column][\/vc_row][vc_row][vc_column][mk_padding_divider size=&#8221;100&#8243;][\/vc_column][\/vc_row][vc_row fullwidth=&#8221;true&#8221; css=&#8221;.vc_custom_1533222006898{margin-bottom: -50px !important;padding-top: 45px !important;padding-bottom: 25px !important;background-color: #edaf23 !important;}&#8221;][vc_column width=&#8221;2\/3&#8243; css=&#8221;.vc_custom_1532698532225{margin-top: 15px !important;}&#8221;][vc_column_text css=&#8221;.vc_custom_1550074442011{margin-bottom: 0px !important;}&#8221;]\n<h2 style=\"text-align: center;\"><span style=\"color: #081828;\"><strong>VOUS D\u00c9SIREZ EN APPRENDRE DAVANTAGE?<\/strong><\/span><\/h2>\n[\/vc_column_text][\/vc_column][vc_column width=&#8221;1\/3&#8243;][mk_button dimension=&#8221;flat&#8221; corner_style=&#8221;rounded&#8221; size=&#8221;x-large&#8221; url=&#8221;\/contact-us\/&#8221; margin_right=&#8221;20&#8243; bg_color=&#8221;#081828&#8243; btn_hover_bg=&#8221;#ffffff&#8221; btn_hover_txt_color=&#8221;#081828&#8243;]CONTACTEZ-NOUS[\/mk_button][\/vc_column][\/vc_row]\n<\/div>","protected":false},"excerpt":{"rendered":"<p>[vc_row fullwidth=&#8221;true&#8221; css=&#8221;.vc_custom_1532701016934{margin-top: -155px !important;}&#8221;][vc_column][mk_page_title_box section_height=&#8221;500&#8243; bg_image=&#8221;https:\/\/www.nwaretech.com\/wp-content\/uploads\/2019\/02\/ecommerce_magento_sap_business_one.jpg&#8221; bg_position=&#8221;center top&#8221; bg_stretch=&#8221;true&#8221; bg_effects=&#8221;parallax&#8221; underline=&#8221;false&#8221;][mk_divider style=&#8221;thin_solid&#8221; thickness=&#8221;3&#8243; margin_top=&#8221;0&#8243; margin_bottom=&#8221;0&#8243;][\/vc_column][\/vc_row][vc_row][vc_column][mk_padding_divider][\/vc_column][\/vc_row][vc_row][vc_column][mk_fancy_title margin_bottom=&#8221;0&#8243; font_family=&#8221;none&#8221;] ECOMMERCE AVEC SAP BUSINESS ONE [\/mk_fancy_title][mk_padding_divider][\/vc_column][\/vc_row][vc_row][vc_column][vc_column_text css=&#8221;.vc_custom_1550076864789{margin-bottom: 0px !important;}&#8221;] UN CHEMIN VERS LA CROISSANCE DES AFFAIRES SUR INTERNET Le commerce \u00e9lectronique est tr\u00e8s tendance et gagne en popularit\u00e9 dans une vari\u00e9t\u00e9 de secteurs industriels et de march\u00e9s [&hellip;]<\/p>\n","protected":false},"author":3,"featured_media":0,"parent":0,"menu_order":0,"comment_status":"closed","ping_status":"closed","template":"","meta":{"footnotes":""},"class_list":["post-5712","page","type-page","status-publish","hentry"],"yoast_head":"<!-- This site is optimized with the Yoast SEO plugin v27.2 - https:\/\/yoast.com\/product\/yoast-seo-wordpress\/ -->\n<title>Solution Ecommerce int\u00e9gr\u00e9e avec SAP Business One<\/title>\n<meta name=\"description\" content=\"Solution Ecommerce cl\u00e9 en main int\u00e9gr\u00e9e \u00e0 SAP Business One permet \u00e0 votre entreprise de se d\u00e9velopper en ligne gr\u00e2ce \u00e0 des boutiques Web.\" \/>\n<meta name=\"robots\" content=\"index, follow, max-snippet:-1, max-image-preview:large, max-video-preview:-1\" \/>\n<link rel=\"canonical\" href=\"https:\/\/www.nwaretech.com\/fr\/solution-ecommerce\/\" \/>\n<meta property=\"og:locale\" content=\"fr_FR\" \/>\n<meta property=\"og:type\" content=\"article\" \/>\n<meta property=\"og:title\" content=\"Solution Ecommerce int\u00e9gr\u00e9e avec SAP Business One\" \/>\n<meta property=\"og:description\" content=\"Solution Ecommerce cl\u00e9 en main int\u00e9gr\u00e9e \u00e0 SAP Business One permet \u00e0 votre entreprise de se d\u00e9velopper en ligne gr\u00e2ce \u00e0 des boutiques Web.\" \/>\n<meta property=\"og:url\" content=\"https:\/\/www.nwaretech.com\/fr\/solution-ecommerce\/\" \/>\n<meta property=\"og:site_name\" content=\"N\u2019ware Technologies\" \/>\n<meta property=\"article:modified_time\" content=\"2025-01-22T19:03:07+00:00\" \/>\n<meta name=\"twitter:card\" content=\"summary_large_image\" \/>\n<meta name=\"twitter:label1\" content=\"Dur\u00e9e de lecture estim\u00e9e\" \/>\n\t<meta name=\"twitter:data1\" content=\"5 minutes\" \/>\n<script type=\"application\/ld+json\" class=\"yoast-schema-graph\">{\"@context\":\"https:\/\/schema.org\",\"@graph\":[{\"@type\":\"WebPage\",\"@id\":\"https:\/\/www.nwaretech.com\/fr\/solution-ecommerce\/\",\"url\":\"https:\/\/www.nwaretech.com\/fr\/solution-ecommerce\/\",\"name\":\"Solution Ecommerce int\u00e9gr\u00e9e avec SAP Business One\",\"isPartOf\":{\"@id\":\"https:\/\/www.nwaretech.com\/#website\"},\"datePublished\":\"2018-09-05T18:34:23+00:00\",\"dateModified\":\"2025-01-22T19:03:07+00:00\",\"description\":\"Solution Ecommerce cl\u00e9 en main int\u00e9gr\u00e9e \u00e0 SAP Business One permet \u00e0 votre entreprise de se d\u00e9velopper en ligne gr\u00e2ce \u00e0 des boutiques Web.\",\"breadcrumb\":{\"@id\":\"https:\/\/www.nwaretech.com\/fr\/solution-ecommerce\/#breadcrumb\"},\"inLanguage\":\"fr-FR\",\"potentialAction\":[{\"@type\":\"ReadAction\",\"target\":[\"https:\/\/www.nwaretech.com\/fr\/solution-ecommerce\/\"]}]},{\"@type\":\"BreadcrumbList\",\"@id\":\"https:\/\/www.nwaretech.com\/fr\/solution-ecommerce\/#breadcrumb\",\"itemListElement\":[{\"@type\":\"ListItem\",\"position\":1,\"name\":\"Home\",\"item\":\"https:\/\/www.nwaretech.com\/fr\/\"},{\"@type\":\"ListItem\",\"position\":2,\"name\":\"Solution eCommerce\"}]},{\"@type\":\"WebSite\",\"@id\":\"https:\/\/www.nwaretech.com\/#website\",\"url\":\"https:\/\/www.nwaretech.com\/\",\"name\":\"N\u2019ware Technologies\",\"description\":\"ERP &amp; WMS Software\",\"potentialAction\":[{\"@type\":\"SearchAction\",\"target\":{\"@type\":\"EntryPoint\",\"urlTemplate\":\"https:\/\/www.nwaretech.com\/?s={search_term_string}\"},\"query-input\":{\"@type\":\"PropertyValueSpecification\",\"valueRequired\":true,\"valueName\":\"search_term_string\"}}],\"inLanguage\":\"fr-FR\"}]}<\/script>\n<!-- \/ Yoast SEO plugin. -->","yoast_head_json":{"title":"Solution Ecommerce int\u00e9gr\u00e9e avec SAP Business One","description":"Solution Ecommerce cl\u00e9 en main int\u00e9gr\u00e9e \u00e0 SAP Business One permet \u00e0 votre entreprise de se d\u00e9velopper en ligne gr\u00e2ce \u00e0 des boutiques Web.","robots":{"index":"index","follow":"follow","max-snippet":"max-snippet:-1","max-image-preview":"max-image-preview:large","max-video-preview":"max-video-preview:-1"},"canonical":"https:\/\/www.nwaretech.com\/fr\/solution-ecommerce\/","og_locale":"fr_FR","og_type":"article","og_title":"Solution Ecommerce int\u00e9gr\u00e9e avec SAP Business One","og_description":"Solution Ecommerce cl\u00e9 en main int\u00e9gr\u00e9e \u00e0 SAP Business One permet \u00e0 votre entreprise de se d\u00e9velopper en ligne gr\u00e2ce \u00e0 des boutiques Web.","og_url":"https:\/\/www.nwaretech.com\/fr\/solution-ecommerce\/","og_site_name":"N\u2019ware Technologies","article_modified_time":"2025-01-22T19:03:07+00:00","twitter_card":"summary_large_image","twitter_misc":{"Dur\u00e9e de lecture estim\u00e9e":"5 minutes"},"schema":{"@context":"https:\/\/schema.org","@graph":[{"@type":"WebPage","@id":"https:\/\/www.nwaretech.com\/fr\/solution-ecommerce\/","url":"https:\/\/www.nwaretech.com\/fr\/solution-ecommerce\/","name":"Solution Ecommerce int\u00e9gr\u00e9e avec SAP Business One","isPartOf":{"@id":"https:\/\/www.nwaretech.com\/#website"},"datePublished":"2018-09-05T18:34:23+00:00","dateModified":"2025-01-22T19:03:07+00:00","description":"Solution Ecommerce cl\u00e9 en main int\u00e9gr\u00e9e \u00e0 SAP Business One permet \u00e0 votre entreprise de se d\u00e9velopper en ligne gr\u00e2ce \u00e0 des boutiques Web.","breadcrumb":{"@id":"https:\/\/www.nwaretech.com\/fr\/solution-ecommerce\/#breadcrumb"},"inLanguage":"fr-FR","potentialAction":[{"@type":"ReadAction","target":["https:\/\/www.nwaretech.com\/fr\/solution-ecommerce\/"]}]},{"@type":"BreadcrumbList","@id":"https:\/\/www.nwaretech.com\/fr\/solution-ecommerce\/#breadcrumb","itemListElement":[{"@type":"ListItem","position":1,"name":"Home","item":"https:\/\/www.nwaretech.com\/fr\/"},{"@type":"ListItem","position":2,"name":"Solution eCommerce"}]},{"@type":"WebSite","@id":"https:\/\/www.nwaretech.com\/#website","url":"https:\/\/www.nwaretech.com\/","name":"N\u2019ware Technologies","description":"ERP &amp; WMS Software","potentialAction":[{"@type":"SearchAction","target":{"@type":"EntryPoint","urlTemplate":"https:\/\/www.nwaretech.com\/?s={search_term_string}"},"query-input":{"@type":"PropertyValueSpecification","valueRequired":true,"valueName":"search_term_string"}}],"inLanguage":"fr-FR"}]}},"_links":{"self":[{"href":"https:\/\/www.nwaretech.com\/fr\/wp-json\/wp\/v2\/pages\/5712","targetHints":{"allow":["GET"]}}],"collection":[{"href":"https:\/\/www.nwaretech.com\/fr\/wp-json\/wp\/v2\/pages"}],"about":[{"href":"https:\/\/www.nwaretech.com\/fr\/wp-json\/wp\/v2\/types\/page"}],"author":[{"embeddable":true,"href":"https:\/\/www.nwaretech.com\/fr\/wp-json\/wp\/v2\/users\/3"}],"replies":[{"embeddable":true,"href":"https:\/\/www.nwaretech.com\/fr\/wp-json\/wp\/v2\/comments?post=5712"}],"version-history":[{"count":0,"href":"https:\/\/www.nwaretech.com\/fr\/wp-json\/wp\/v2\/pages\/5712\/revisions"}],"wp:attachment":[{"href":"https:\/\/www.nwaretech.com\/fr\/wp-json\/wp\/v2\/media?parent=5712"}],"curies":[{"name":"wp","href":"https:\/\/api.w.org\/{rel}","templated":true}]}}