{"id":5718,"date":"2018-08-17T13:32:38","date_gmt":"2018-08-17T18:32:38","guid":{"rendered":"http:\/\/nwaretech.webloft.info\/tutorials\/"},"modified":"2024-12-16T14:02:46","modified_gmt":"2024-12-16T19:02:46","slug":"sap-business-one-videos","status":"publish","type":"page","link":"https:\/\/www.nwaretech.com\/fr\/resources\/sap-business-one-videos\/","title":{"rendered":"Vid\u00e9os SAP Business One"},"content":{"rendered":"<div class=\"wpb-content-wrapper\">[vc_row][vc_column width=&#8221;1\/3&#8243;][mk_fancy_title font_family=&#8221;none&#8221;]\n<h1 class=\"title style-scope ytd-video-primary-info-renderer\">D\u00e9mystifier SAP Business One<\/h1>\n[\/mk_fancy_title][vc_column_text css=&#8221;.vc_custom_1537907492131{margin-bottom: 0px !important;}&#8221;]Vous avez probablement entendu parler que SAP Business One est uniquement pour les grandes entreprises, que le syst\u00e8me est trop complexe et ou trop difficile \u00e0 implementer. Visionnez cette vid\u00e9o afin d&#8217;apprendre comment nous avons dissip\u00e9 ses mythes[\/vc_column_text][mk_padding_divider size=&#8221;55&#8243;][vc_video max_width=&#8221;350&#8243; link=&#8221;https:\/\/youtu.be\/-QqU4h47wik&#8221;][\/vc_column][vc_column width=&#8221;1\/3&#8243;][mk_fancy_title font_family=&#8221;none&#8221;]\n<h1 class=\"title style-scope ytd-video-primary-info-renderer\">Champs D\u00e9finis par l&#8217;Utilisateur<\/h1>\n[\/mk_fancy_title][vc_column_text css=&#8221;.vc_custom_1537907595837{margin-bottom: 0px !important;}&#8221;]Neil Swanson pr\u00e9sente comment utiliser les champs d\u00e9finis par l&#8217;utilisateur pour SAP Business One. Si votre compagnie requiert des champs et tableaux suppl\u00e9mentaires pour ses activit\u00e9s quotidiennes, SAP Business One vous permettra d&#8217;en ajout\u00e9 en surplus. Visionnez cette vid\u00e9o pour en apprendre davantage.[\/vc_column_text][mk_padding_divider size=&#8221;30&#8243;][vc_video max_width=&#8221;350&#8243; link=&#8221;https:\/\/youtu.be\/42HCZG4ykwU&#8221;][\/vc_column][vc_column width=&#8221;1\/3&#8243;][mk_fancy_title font_family=&#8221;none&#8221;]\n<h1 class=\"title style-scope ytd-video-primary-info-renderer\">L&#8217;application Service Mobile de SAP B1<\/h1>\n[\/mk_fancy_title][vc_column_text css=&#8221;.vc_custom_1537907667185{margin-bottom: 0px !important;}&#8221;]Comment fonctionne l&#8217;application du service mobile de SAP B1 en utilisant un profil de technicien? Solution simple et tr\u00e8s efficace pour les appareils mobiles.[\/vc_column_text][mk_padding_divider size=&#8221;111&#8243;][vc_video max_width=&#8221;350&#8243; link=&#8221;https:\/\/youtu.be\/heTCRkoazfw&#8221;][\/vc_column][\/vc_row][vc_row][vc_column][mk_padding_divider][vc_separator border_width=&#8221;5&#8243;][\/vc_column][\/vc_row][vc_row][vc_column width=&#8221;1\/3&#8243;][mk_fancy_title font_family=&#8221;none&#8221;]\n<h2 class=\"title style-scope ytd-video-primary-info-renderer\"><span id=\"result_box\" class=\"short_text\" lang=\"fr\"><span class=\"\">Tutoriel sur l&#8217;application de service mobile SAP B1<\/span><\/span><\/h2>\n[\/mk_fancy_title][vc_column_text css=&#8221;.vc_custom_1542986219277{margin-bottom: 0px !important;}&#8221;]<span id=\"result_box\" class=\"\" lang=\"fr\"><span class=\"\">D\u00e9couvrez comment l&#8217;application SAP B1 Mobile Service fonctionne \u00e0 l&#8217;aide d&#8217;un profil de technicien.<\/span> <span class=\"\">Solution simple et tr\u00e8s efficace pour les appareils mobiles.<\/span><\/span>[\/vc_column_text][vc_video max_width=&#8221;350&#8243; link=&#8221;https:\/\/youtu.be\/heTCRkoazfw&#8221;][\/vc_column][vc_column width=&#8221;1\/3&#8243;][mk_fancy_title font_family=&#8221;none&#8221;]\n<h2 class=\"title style-scope ytd-video-primary-info-renderer\"><span id=\"result_box\" class=\"short_text\" lang=\"fr\"><span class=\"\">SAP B1 Sur Demande<\/span><\/span><\/h2>\n[\/mk_fancy_title][vc_column_text css=&#8221;.vc_custom_1646839936259{margin-bottom: 0px !important;}&#8221;]<span class=\"hps\">Avec<\/span> <span class=\"hps\">la solution<\/span> <span class=\"hps\">SAP Business One<\/span> <span class=\"hps\">OnDemand<\/span>, <span class=\"hps\">vous b\u00e9n\u00e9ficierez d&#8217;un logiciel complet r\u00e9pondant aux besoins des petites entreprises avec un abonnement mensuel<\/span>.[\/vc_column_text][vc_video max_width=&#8221;350&#8243; link=&#8221;https:\/\/www.youtube.com\/watch?v=ckW5qOiRjk0&#8243;][\/vc_column][vc_column width=&#8221;1\/3&#8243;][mk_padding_divider size=&#8221;111&#8243;][\/vc_column][\/vc_row][vc_row][vc_column][mk_padding_divider][vc_separator border_width=&#8221;5&#8243;][\/vc_column][\/vc_row][vc_row][vc_column][mk_padding_divider size=&#8221;100&#8243;][\/vc_column][\/vc_row][vc_row fullwidth=&#8221;true&#8221; css=&#8221;.vc_custom_1533222006898{margin-bottom: -50px !important;padding-top: 45px !important;padding-bottom: 25px !important;background-color: #edaf23 !important;}&#8221;][vc_column width=&#8221;2\/3&#8243; css=&#8221;.vc_custom_1532698532225{margin-top: 15px !important;}&#8221;][vc_column_text css=&#8221;.vc_custom_1537908010040{margin-bottom: 0px !important;}&#8221;]\n<h2 style=\"text-align: center;\"><span style=\"color: #081828;\"><strong>VOUS SOUHAITEZ PLUS D&#8217;INFORMATION?<\/strong><\/span><\/h2>\n[\/vc_column_text][\/vc_column][vc_column width=&#8221;1\/3&#8243;][mk_button dimension=&#8221;flat&#8221; corner_style=&#8221;rounded&#8221; size=&#8221;x-large&#8221; url=&#8221;https:\/\/www.nwaretech.com\/fr\/contactez-nous\/&#8221; margin_right=&#8221;20&#8243; bg_color=&#8221;#081828&#8243; btn_hover_bg=&#8221;#ffffff&#8221; btn_hover_txt_color=&#8221;#081828&#8243;]CONTACTEZ-NOUS[\/mk_button][\/vc_column][\/vc_row]\n<\/div>","protected":false},"excerpt":{"rendered":"<p>[vc_row][vc_column width=&#8221;1\/3&#8243;][mk_fancy_title font_family=&#8221;none&#8221;] D\u00e9mystifier SAP Business One [\/mk_fancy_title][vc_column_text css=&#8221;.vc_custom_1537907492131{margin-bottom: 0px !important;}&#8221;]Vous avez probablement entendu parler que SAP Business One est uniquement pour les grandes entreprises, que le syst\u00e8me est trop complexe et ou trop difficile \u00e0 implementer. Visionnez cette vid\u00e9o afin d&#8217;apprendre comment nous avons dissip\u00e9 ses mythes[\/vc_column_text][mk_padding_divider size=&#8221;55&#8243;][vc_video max_width=&#8221;350&#8243; link=&#8221;https:\/\/youtu.be\/-QqU4h47wik&#8221;][\/vc_column][vc_column width=&#8221;1\/3&#8243;][mk_fancy_title font_family=&#8221;none&#8221;] Champs D\u00e9finis [&hellip;]<\/p>\n","protected":false},"author":3,"featured_media":0,"parent":5770,"menu_order":0,"comment_status":"closed","ping_status":"closed","template":"","meta":{"footnotes":""},"class_list":["post-5718","page","type-page","status-publish","hentry"],"yoast_head":"<!-- This site is optimized with the Yoast SEO plugin v27.5 - https:\/\/yoast.com\/product\/yoast-seo-wordpress\/ -->\n<title>Tutoriels pr\u00e9sent\u00e9s par les Experts et Sp\u00e9cialistes de N&#039;ware<\/title>\n<meta name=\"description\" content=\"Apprener davantage sur SAP Business One en regardant les diff\u00e9rents tutoriels r\u00e9alis\u00e9s par les sp\u00e9cialistes de N&#039;ware Technologies.\" \/>\n<meta name=\"robots\" content=\"index, follow, max-snippet:-1, max-image-preview:large, max-video-preview:-1\" \/>\n<link rel=\"canonical\" href=\"https:\/\/www.nwaretech.com\/fr\/resources\/sap-business-one-videos\/\" \/>\n<meta property=\"og:locale\" content=\"fr_FR\" \/>\n<meta property=\"og:type\" content=\"article\" \/>\n<meta property=\"og:title\" content=\"Tutoriels pr\u00e9sent\u00e9s par les Experts et Sp\u00e9cialistes de N&#039;ware\" \/>\n<meta property=\"og:description\" content=\"Apprener davantage sur SAP Business One en regardant les diff\u00e9rents tutoriels r\u00e9alis\u00e9s par les sp\u00e9cialistes de N&#039;ware Technologies.\" \/>\n<meta property=\"og:url\" content=\"https:\/\/www.nwaretech.com\/fr\/resources\/sap-business-one-videos\/\" \/>\n<meta property=\"og:site_name\" content=\"N\u2019ware Technologies\" \/>\n<meta property=\"article:modified_time\" content=\"2024-12-16T19:02:46+00:00\" \/>\n<meta name=\"twitter:card\" content=\"summary_large_image\" \/>\n<meta name=\"twitter:label1\" content=\"Dur\u00e9e de lecture estim\u00e9e\" \/>\n\t<meta name=\"twitter:data1\" content=\"2 minutes\" \/>\n<script type=\"application\/ld+json\" class=\"yoast-schema-graph\">{\"@context\":\"https:\\\/\\\/schema.org\",\"@graph\":[{\"@type\":\"WebPage\",\"@id\":\"https:\\\/\\\/www.nwaretech.com\\\/fr\\\/resources\\\/sap-business-one-videos\\\/\",\"url\":\"https:\\\/\\\/www.nwaretech.com\\\/fr\\\/resources\\\/sap-business-one-videos\\\/\",\"name\":\"Tutoriels pr\u00e9sent\u00e9s par les Experts et Sp\u00e9cialistes de N'ware\",\"isPartOf\":{\"@id\":\"https:\\\/\\\/www.nwaretech.com\\\/#website\"},\"datePublished\":\"2018-08-17T18:32:38+00:00\",\"dateModified\":\"2024-12-16T19:02:46+00:00\",\"description\":\"Apprener davantage sur SAP Business One en regardant les diff\u00e9rents tutoriels r\u00e9alis\u00e9s par les sp\u00e9cialistes de N'ware Technologies.\",\"breadcrumb\":{\"@id\":\"https:\\\/\\\/www.nwaretech.com\\\/fr\\\/resources\\\/sap-business-one-videos\\\/#breadcrumb\"},\"inLanguage\":\"fr-FR\",\"potentialAction\":[{\"@type\":\"ReadAction\",\"target\":[\"https:\\\/\\\/www.nwaretech.com\\\/fr\\\/resources\\\/sap-business-one-videos\\\/\"]}]},{\"@type\":\"BreadcrumbList\",\"@id\":\"https:\\\/\\\/www.nwaretech.com\\\/fr\\\/resources\\\/sap-business-one-videos\\\/#breadcrumb\",\"itemListElement\":[{\"@type\":\"ListItem\",\"position\":1,\"name\":\"Home\",\"item\":\"https:\\\/\\\/www.nwaretech.com\\\/fr\\\/\"},{\"@type\":\"ListItem\",\"position\":2,\"name\":\"Ressources\",\"item\":\"https:\\\/\\\/www.nwaretech.com\\\/fr\\\/resources\\\/\"},{\"@type\":\"ListItem\",\"position\":3,\"name\":\"Vid\u00e9os SAP Business One\"}]},{\"@type\":\"WebSite\",\"@id\":\"https:\\\/\\\/www.nwaretech.com\\\/#website\",\"url\":\"https:\\\/\\\/www.nwaretech.com\\\/\",\"name\":\"N\u2019ware Technologies\",\"description\":\"ERP &amp; WMS Software\",\"potentialAction\":[{\"@type\":\"SearchAction\",\"target\":{\"@type\":\"EntryPoint\",\"urlTemplate\":\"https:\\\/\\\/www.nwaretech.com\\\/?s={search_term_string}\"},\"query-input\":{\"@type\":\"PropertyValueSpecification\",\"valueRequired\":true,\"valueName\":\"search_term_string\"}}],\"inLanguage\":\"fr-FR\"}]}<\/script>\n<!-- \/ Yoast SEO plugin. -->","yoast_head_json":{"title":"Tutoriels pr\u00e9sent\u00e9s par les Experts et Sp\u00e9cialistes de N'ware","description":"Apprener davantage sur SAP Business One en regardant les diff\u00e9rents tutoriels r\u00e9alis\u00e9s par les sp\u00e9cialistes de N'ware Technologies.","robots":{"index":"index","follow":"follow","max-snippet":"max-snippet:-1","max-image-preview":"max-image-preview:large","max-video-preview":"max-video-preview:-1"},"canonical":"https:\/\/www.nwaretech.com\/fr\/resources\/sap-business-one-videos\/","og_locale":"fr_FR","og_type":"article","og_title":"Tutoriels pr\u00e9sent\u00e9s par les Experts et Sp\u00e9cialistes de N'ware","og_description":"Apprener davantage sur SAP Business One en regardant les diff\u00e9rents tutoriels r\u00e9alis\u00e9s par les sp\u00e9cialistes de N'ware Technologies.","og_url":"https:\/\/www.nwaretech.com\/fr\/resources\/sap-business-one-videos\/","og_site_name":"N\u2019ware Technologies","article_modified_time":"2024-12-16T19:02:46+00:00","twitter_card":"summary_large_image","twitter_misc":{"Dur\u00e9e de lecture estim\u00e9e":"2 minutes"},"schema":{"@context":"https:\/\/schema.org","@graph":[{"@type":"WebPage","@id":"https:\/\/www.nwaretech.com\/fr\/resources\/sap-business-one-videos\/","url":"https:\/\/www.nwaretech.com\/fr\/resources\/sap-business-one-videos\/","name":"Tutoriels pr\u00e9sent\u00e9s par les Experts et Sp\u00e9cialistes de N'ware","isPartOf":{"@id":"https:\/\/www.nwaretech.com\/#website"},"datePublished":"2018-08-17T18:32:38+00:00","dateModified":"2024-12-16T19:02:46+00:00","description":"Apprener davantage sur SAP Business One en regardant les diff\u00e9rents tutoriels r\u00e9alis\u00e9s par les sp\u00e9cialistes de N'ware Technologies.","breadcrumb":{"@id":"https:\/\/www.nwaretech.com\/fr\/resources\/sap-business-one-videos\/#breadcrumb"},"inLanguage":"fr-FR","potentialAction":[{"@type":"ReadAction","target":["https:\/\/www.nwaretech.com\/fr\/resources\/sap-business-one-videos\/"]}]},{"@type":"BreadcrumbList","@id":"https:\/\/www.nwaretech.com\/fr\/resources\/sap-business-one-videos\/#breadcrumb","itemListElement":[{"@type":"ListItem","position":1,"name":"Home","item":"https:\/\/www.nwaretech.com\/fr\/"},{"@type":"ListItem","position":2,"name":"Ressources","item":"https:\/\/www.nwaretech.com\/fr\/resources\/"},{"@type":"ListItem","position":3,"name":"Vid\u00e9os SAP Business One"}]},{"@type":"WebSite","@id":"https:\/\/www.nwaretech.com\/#website","url":"https:\/\/www.nwaretech.com\/","name":"N\u2019ware Technologies","description":"ERP &amp; WMS Software","potentialAction":[{"@type":"SearchAction","target":{"@type":"EntryPoint","urlTemplate":"https:\/\/www.nwaretech.com\/?s={search_term_string}"},"query-input":{"@type":"PropertyValueSpecification","valueRequired":true,"valueName":"search_term_string"}}],"inLanguage":"fr-FR"}]}},"_links":{"self":[{"href":"https:\/\/www.nwaretech.com\/fr\/wp-json\/wp\/v2\/pages\/5718","targetHints":{"allow":["GET"]}}],"collection":[{"href":"https:\/\/www.nwaretech.com\/fr\/wp-json\/wp\/v2\/pages"}],"about":[{"href":"https:\/\/www.nwaretech.com\/fr\/wp-json\/wp\/v2\/types\/page"}],"author":[{"embeddable":true,"href":"https:\/\/www.nwaretech.com\/fr\/wp-json\/wp\/v2\/users\/3"}],"replies":[{"embeddable":true,"href":"https:\/\/www.nwaretech.com\/fr\/wp-json\/wp\/v2\/comments?post=5718"}],"version-history":[{"count":0,"href":"https:\/\/www.nwaretech.com\/fr\/wp-json\/wp\/v2\/pages\/5718\/revisions"}],"up":[{"embeddable":true,"href":"https:\/\/www.nwaretech.com\/fr\/wp-json\/wp\/v2\/pages\/5770"}],"wp:attachment":[{"href":"https:\/\/www.nwaretech.com\/fr\/wp-json\/wp\/v2\/media?parent=5718"}],"curies":[{"name":"wp","href":"https:\/\/api.w.org\/{rel}","templated":true}]}}