{"id":5719,"date":"2018-08-16T15:31:06","date_gmt":"2018-08-16T20:31:06","guid":{"rendered":"http:\/\/nwaretech.webloft.info\/territories-covered\/"},"modified":"2024-12-16T14:23:36","modified_gmt":"2024-12-16T19:23:36","slug":"territoires-couverts","status":"publish","type":"page","link":"https:\/\/www.nwaretech.com\/fr\/services\/territoires-couverts\/","title":{"rendered":"Territoires desservis"},"content":{"rendered":"<div class=\"wpb-content-wrapper\">[vc_row fullwidth=&#8221;true&#8221; css=&#8221;.vc_custom_1532701016934{margin-top: -155px !important;}&#8221;][vc_column][mk_page_title_box section_height=&#8221;500&#8243; bg_image=&#8221;https:\/\/www.nwaretech.com\/wp-content\/uploads\/2018\/08\/nware_territories_covered.jpg&#8221; bg_position=&#8221;center top&#8221; bg_stretch=&#8221;true&#8221; bg_effects=&#8221;parallax&#8221; underline=&#8221;false&#8221;][mk_divider style=&#8221;thin_solid&#8221; thickness=&#8221;3&#8243; margin_top=&#8221;0&#8243; margin_bottom=&#8221;0&#8243;][\/vc_column][\/vc_row][vc_row][vc_column][mk_padding_divider][\/vc_column][\/vc_row][vc_row][vc_column][mk_fancy_title font_family=&#8221;none&#8221;]\n<h1><strong>Fournisseur de services pour les solutions SAP pour PME \u00e0 travers l\u2019Am\u00e9rique du Nord<\/strong><\/h1>\n[\/mk_fancy_title][vc_column_text css=&#8221;.vc_custom_1536859704527{margin-bottom: 0px !important;}&#8221;]N\u2019ware Technologies se sp\u00e9cialise dans l\u2019implantation et le support de logiciels de gestion int\u00e9gr\u00e9 (ERP). N\u2019ware comprend bien les environnements de production et de distribution, ce qui lui permet d\u2019aider les PME \u00e0 mettre en place des environnements technologiques fiables et robustes afin de mieux servir vos clients.<\/p>\n<p>Notre engagement envers nos clients d\u00e9passe les fronti\u00e8res g\u00e9ographiques, nous serons \u00e0 vos c\u00f4t\u00e9s, virtuellement ou en personne, pour vous prodiguer un service \u00e0 la hauteur de vos attentes. Nous sommes en mesure de vous offrir la solution qui convient \u00e0 votre entreprise et vos filiales partout o\u00f9 vous \u00eates implant\u00e9s, au Canada, aux \u00c9tats-Unis et partout dans le monde.[\/vc_column_text][mk_padding_divider][\/vc_column][\/vc_row][vc_row][vc_column][vc_column_text css=&#8221;.vc_custom_1536859718708{margin-bottom: 0px !important;}&#8221;]\n<h2>Nos services :<\/h2>\n[\/vc_column_text][mk_padding_divider size=&#8221;20&#8243;][vc_row_inner][vc_column_inner width=&#8221;1\/2&#8243;][mk_custom_list icon_color=&#8221;#edaf23&#8243;]\n<ul>\n<li><a href=\"https:\/\/www.nwaretech.com\/fr\/services\/implementation-methodology\/\">Implantation de solutions SAP<\/a><\/li>\n<li><a href=\"https:\/\/www.nwaretech.com\/fr\/services\/architecture-assessment\/\">Architecture et Analyse<\/a><\/li>\n<li><a href=\"https:\/\/www.nwaretech.com\/fr\/services\/training-testing\/\">Formation et tests<\/a><\/li>\n<li><a href=\"https:\/\/www.nwaretech.com\/fr\/services\/customer-support\/\">Support Client<\/a><\/li>\n<\/ul>\n[\/mk_custom_list][\/vc_column_inner][vc_column_inner width=&#8221;1\/2&#8243;][vc_single_image image=&#8221;6045&#8243; img_size=&#8221;full&#8221;][\/vc_column_inner][\/vc_row_inner][mk_padding_divider][vc_separator border_width=&#8221;5&#8243; el_width=&#8221;20&#8243;][mk_padding_divider][\/vc_column][\/vc_row][vc_row][vc_column][mk_fancy_title font_family=&#8221;none&#8221;]\n<h2 class=\"has-h1\">\u00c0 travers le\u00a0Canada<\/h2>\n[\/mk_fancy_title][vc_column_text css=&#8221;.vc_custom_1536860536141{margin-bottom: 0px !important;}&#8221;]Les provinces pour lesquelles nous offrons du support pour votre logiciel ERP :[\/vc_column_text][vc_row_inner][vc_column_inner width=&#8221;1\/2&#8243;][mk_custom_list icon_color=&#8221;#edaf23&#8243;]\n<ul>\n<li>Alberta<\/li>\n<li>British Colombia<\/li>\n<li>Prince Edward Island<\/li>\n<li>Manitoba<\/li>\n<li>New Brunswick<\/li>\n<\/ul>\n[\/mk_custom_list][\/vc_column_inner][vc_column_inner width=&#8221;1\/2&#8243;][mk_custom_list icon_color=&#8221;#edaf23&#8243;]\n<ul>\n<li>Newfoundland and Labrador<\/li>\n<li>Nova Scotia<\/li>\n<li>Ontario<\/li>\n<li>Quebec<\/li>\n<li>Saskatchewan<\/li>\n<\/ul>\n[\/mk_custom_list][\/vc_column_inner][\/vc_row_inner][mk_padding_divider][vc_separator border_width=&#8221;5&#8243; el_width=&#8221;20&#8243;][mk_padding_divider][\/vc_column][\/vc_row][vc_row][vc_column][mk_fancy_title font_family=&#8221;none&#8221;]\n<h2 class=\"has-h1\">Partout aux \u00c9tats-Unis<\/h2>\n[\/mk_fancy_title][vc_column_text css=&#8221;.vc_custom_1536860569110{margin-bottom: 0px !important;}&#8221;]Nous offrons du support pour votre syst\u00e8me ERP pour les \u00e9tats suivants :[\/vc_column_text][vc_row_inner][vc_column_inner width=&#8221;1\/4&#8243;][mk_custom_list icon_color=&#8221;#edaf23&#8243;]\n<ul>\n<li>Alabama<\/li>\n<li>Alaska<\/li>\n<li>Arizona<\/li>\n<li>Arkansas<\/li>\n<li>California<\/li>\n<li>North Carolina<\/li>\n<li>South Carolina<\/li>\n<li>Colorado<\/li>\n<li>Connecticut<\/li>\n<li>North Dakota<\/li>\n<li>South Dakota<\/li>\n<li>Delaware<\/li>\n<\/ul>\n[\/mk_custom_list][\/vc_column_inner][vc_column_inner width=&#8221;1\/4&#8243;][mk_custom_list icon_color=&#8221;#edaf23&#8243;]\n<ul>\n<li>Florida<\/li>\n<li>Georgia<\/li>\n<li>Hawa\u00ef<\/li>\n<li>Idaho<\/li>\n<li>Illinois<\/li>\n<li>Iowa<\/li>\n<li>Indiana<\/li>\n<li>Kansas<\/li>\n<li>Kentucky<\/li>\n<li>Louisiana<\/li>\n<li>Maine<\/li>\n<li>Maryland<\/li>\n<\/ul>\n[\/mk_custom_list][\/vc_column_inner][vc_column_inner width=&#8221;1\/4&#8243;][mk_custom_list icon_color=&#8221;#edaf23&#8243;]\n<ul>\n<li>Massachusetts<\/li>\n<li>Michigan<\/li>\n<li>Minnesota<\/li>\n<li>Mississippi<\/li>\n<li>Missouri<\/li>\n<li>Montana<\/li>\n<li>Nebraska<\/li>\n<li>Nevada<\/li>\n<li>New Hampshire<\/li>\n<li>New Jersey<\/li>\n<li>New York<\/li>\n<li>New -Mexico<\/li>\n<li>Ohio<\/li>\n<\/ul>\n[\/mk_custom_list][\/vc_column_inner][vc_column_inner width=&#8221;1\/4&#8243;][mk_custom_list icon_color=&#8221;#edaf23&#8243;]\n<ul>\n<li>Oklahoma<\/li>\n<li>Oregon<\/li>\n<li>Pennsylvania<\/li>\n<li>Rhode Island<\/li>\n<li>Tennessee<\/li>\n<li>Texas<\/li>\n<li>Utah<\/li>\n<li>Vermont<\/li>\n<li>Virginia<\/li>\n<li>Washington<\/li>\n<li>West Virginia<\/li>\n<li>Wisconsin<\/li>\n<li>Wyoming<\/li>\n<\/ul>\n[\/mk_custom_list][\/vc_column_inner][\/vc_row_inner][\/vc_column][\/vc_row][vc_row][vc_column][mk_padding_divider size=&#8221;100&#8243;][\/vc_column][\/vc_row][vc_row fullwidth=&#8221;true&#8221; css=&#8221;.vc_custom_1533222006898{margin-bottom: -50px !important;padding-top: 45px !important;padding-bottom: 25px !important;background-color: #edaf23 !important;}&#8221;][vc_column width=&#8221;2\/3&#8243; css=&#8221;.vc_custom_1532698532225{margin-top: 15px !important;}&#8221;][vc_column_text css=&#8221;.vc_custom_1536859612082{margin-bottom: 0px !important;}&#8221;]\n<h2 style=\"text-align: center;\"><strong>POUR PLUS D&#8217;INFORMATIONS<br \/>\n<\/strong><\/h2>\n[\/vc_column_text][\/vc_column][vc_column width=&#8221;1\/3&#8243;][mk_button dimension=&#8221;flat&#8221; corner_style=&#8221;rounded&#8221; size=&#8221;x-large&#8221; url=&#8221;https:\/\/www.nwaretech.com\/fr\/contact-us\/&#8221; margin_right=&#8221;20&#8243; bg_color=&#8221;#081828&#8243; btn_hover_bg=&#8221;#ffffff&#8221; btn_hover_txt_color=&#8221;#081828&#8243;]CONTACTEZ-NOUS[\/mk_button][\/vc_column][\/vc_row]\n<\/div>","protected":false},"excerpt":{"rendered":"<p>[vc_row fullwidth=&#8221;true&#8221; css=&#8221;.vc_custom_1532701016934{margin-top: -155px !important;}&#8221;][vc_column][mk_page_title_box section_height=&#8221;500&#8243; bg_image=&#8221;https:\/\/www.nwaretech.com\/wp-content\/uploads\/2018\/08\/nware_territories_covered.jpg&#8221; bg_position=&#8221;center top&#8221; bg_stretch=&#8221;true&#8221; bg_effects=&#8221;parallax&#8221; underline=&#8221;false&#8221;][mk_divider style=&#8221;thin_solid&#8221; thickness=&#8221;3&#8243; margin_top=&#8221;0&#8243; margin_bottom=&#8221;0&#8243;][\/vc_column][\/vc_row][vc_row][vc_column][mk_padding_divider][\/vc_column][\/vc_row][vc_row][vc_column][mk_fancy_title font_family=&#8221;none&#8221;] Fournisseur de services pour les solutions SAP pour PME \u00e0 travers l\u2019Am\u00e9rique du Nord [\/mk_fancy_title][vc_column_text css=&#8221;.vc_custom_1536859704527{margin-bottom: 0px !important;}&#8221;]N\u2019ware Technologies se sp\u00e9cialise dans l\u2019implantation et le support de logiciels de gestion int\u00e9gr\u00e9 (ERP). N\u2019ware comprend bien les environnements de [&hellip;]<\/p>\n","protected":false},"author":3,"featured_media":0,"parent":5752,"menu_order":0,"comment_status":"closed","ping_status":"closed","template":"","meta":{"footnotes":""},"class_list":["post-5719","page","type-page","status-publish","hentry"],"yoast_head":"<!-- This site is optimized with the Yoast SEO plugin v27.5 - https:\/\/yoast.com\/product\/yoast-seo-wordpress\/ -->\n<title>Territoires Couverts Partout en Am\u00e9rique du Nord<\/title>\n<meta name=\"description\" content=\"N&#039;ware fournit un support de classe mondiale \u00e0 nos clients aux \u00c9tats-Unis et au Canada. Notre support d\u00e9passe les fronti\u00e8res.\" \/>\n<meta name=\"robots\" content=\"index, follow, max-snippet:-1, max-image-preview:large, max-video-preview:-1\" \/>\n<link rel=\"canonical\" href=\"https:\/\/www.nwaretech.com\/fr\/services\/territoires-couverts\/\" \/>\n<meta property=\"og:locale\" content=\"fr_FR\" \/>\n<meta property=\"og:type\" content=\"article\" \/>\n<meta property=\"og:title\" content=\"Territoires Couverts Partout en Am\u00e9rique du Nord\" \/>\n<meta property=\"og:description\" content=\"N&#039;ware fournit un support de classe mondiale \u00e0 nos clients aux \u00c9tats-Unis et au Canada. Notre support d\u00e9passe les fronti\u00e8res.\" \/>\n<meta property=\"og:url\" content=\"https:\/\/www.nwaretech.com\/fr\/services\/territoires-couverts\/\" \/>\n<meta property=\"og:site_name\" content=\"N\u2019ware Technologies\" \/>\n<meta property=\"article:modified_time\" content=\"2024-12-16T19:23:36+00:00\" \/>\n<meta name=\"twitter:card\" content=\"summary_large_image\" \/>\n<meta name=\"twitter:label1\" content=\"Dur\u00e9e de lecture estim\u00e9e\" \/>\n\t<meta name=\"twitter:data1\" content=\"2 minutes\" \/>\n<script type=\"application\/ld+json\" class=\"yoast-schema-graph\">{\"@context\":\"https:\\\/\\\/schema.org\",\"@graph\":[{\"@type\":\"WebPage\",\"@id\":\"https:\\\/\\\/www.nwaretech.com\\\/services\\\/territories-covered\\\/\",\"url\":\"https:\\\/\\\/www.nwaretech.com\\\/fr\\\/services\\\/territoires-couverts\\\/\",\"name\":\"Territoires Couverts Partout en Am\u00e9rique du Nord\",\"isPartOf\":{\"@id\":\"https:\\\/\\\/www.nwaretech.com\\\/#website\"},\"datePublished\":\"2018-08-16T20:31:06+00:00\",\"dateModified\":\"2024-12-16T19:23:36+00:00\",\"description\":\"N'ware fournit un support de classe mondiale \u00e0 nos clients aux \u00c9tats-Unis et au Canada. Notre support d\u00e9passe les fronti\u00e8res.\",\"breadcrumb\":{\"@id\":\"https:\\\/\\\/www.nwaretech.com\\\/fr\\\/services\\\/territoires-couverts\\\/#breadcrumb\"},\"inLanguage\":\"fr-FR\",\"potentialAction\":[{\"@type\":\"ReadAction\",\"target\":[\"https:\\\/\\\/www.nwaretech.com\\\/fr\\\/services\\\/territoires-couverts\\\/\"]}]},{\"@type\":\"BreadcrumbList\",\"@id\":\"https:\\\/\\\/www.nwaretech.com\\\/fr\\\/services\\\/territoires-couverts\\\/#breadcrumb\",\"itemListElement\":[{\"@type\":\"ListItem\",\"position\":1,\"name\":\"Home\",\"item\":\"https:\\\/\\\/www.nwaretech.com\\\/fr\\\/\"},{\"@type\":\"ListItem\",\"position\":2,\"name\":\"Services\",\"item\":\"https:\\\/\\\/www.nwaretech.com\\\/fr\\\/services\\\/\"},{\"@type\":\"ListItem\",\"position\":3,\"name\":\"Territoires desservis\"}]},{\"@type\":\"WebSite\",\"@id\":\"https:\\\/\\\/www.nwaretech.com\\\/#website\",\"url\":\"https:\\\/\\\/www.nwaretech.com\\\/\",\"name\":\"N\u2019ware Technologies\",\"description\":\"ERP &amp; WMS Software\",\"potentialAction\":[{\"@type\":\"SearchAction\",\"target\":{\"@type\":\"EntryPoint\",\"urlTemplate\":\"https:\\\/\\\/www.nwaretech.com\\\/?s={search_term_string}\"},\"query-input\":{\"@type\":\"PropertyValueSpecification\",\"valueRequired\":true,\"valueName\":\"search_term_string\"}}],\"inLanguage\":\"fr-FR\"}]}<\/script>\n<!-- \/ Yoast SEO plugin. -->","yoast_head_json":{"title":"Territoires Couverts Partout en Am\u00e9rique du Nord","description":"N'ware fournit un support de classe mondiale \u00e0 nos clients aux \u00c9tats-Unis et au Canada. Notre support d\u00e9passe les fronti\u00e8res.","robots":{"index":"index","follow":"follow","max-snippet":"max-snippet:-1","max-image-preview":"max-image-preview:large","max-video-preview":"max-video-preview:-1"},"canonical":"https:\/\/www.nwaretech.com\/fr\/services\/territoires-couverts\/","og_locale":"fr_FR","og_type":"article","og_title":"Territoires Couverts Partout en Am\u00e9rique du Nord","og_description":"N'ware fournit un support de classe mondiale \u00e0 nos clients aux \u00c9tats-Unis et au Canada. Notre support d\u00e9passe les fronti\u00e8res.","og_url":"https:\/\/www.nwaretech.com\/fr\/services\/territoires-couverts\/","og_site_name":"N\u2019ware Technologies","article_modified_time":"2024-12-16T19:23:36+00:00","twitter_card":"summary_large_image","twitter_misc":{"Dur\u00e9e de lecture estim\u00e9e":"2 minutes"},"schema":{"@context":"https:\/\/schema.org","@graph":[{"@type":"WebPage","@id":"https:\/\/www.nwaretech.com\/services\/territories-covered\/","url":"https:\/\/www.nwaretech.com\/fr\/services\/territoires-couverts\/","name":"Territoires Couverts Partout en Am\u00e9rique du Nord","isPartOf":{"@id":"https:\/\/www.nwaretech.com\/#website"},"datePublished":"2018-08-16T20:31:06+00:00","dateModified":"2024-12-16T19:23:36+00:00","description":"N'ware fournit un support de classe mondiale \u00e0 nos clients aux \u00c9tats-Unis et au Canada. Notre support d\u00e9passe les fronti\u00e8res.","breadcrumb":{"@id":"https:\/\/www.nwaretech.com\/fr\/services\/territoires-couverts\/#breadcrumb"},"inLanguage":"fr-FR","potentialAction":[{"@type":"ReadAction","target":["https:\/\/www.nwaretech.com\/fr\/services\/territoires-couverts\/"]}]},{"@type":"BreadcrumbList","@id":"https:\/\/www.nwaretech.com\/fr\/services\/territoires-couverts\/#breadcrumb","itemListElement":[{"@type":"ListItem","position":1,"name":"Home","item":"https:\/\/www.nwaretech.com\/fr\/"},{"@type":"ListItem","position":2,"name":"Services","item":"https:\/\/www.nwaretech.com\/fr\/services\/"},{"@type":"ListItem","position":3,"name":"Territoires desservis"}]},{"@type":"WebSite","@id":"https:\/\/www.nwaretech.com\/#website","url":"https:\/\/www.nwaretech.com\/","name":"N\u2019ware Technologies","description":"ERP &amp; WMS Software","potentialAction":[{"@type":"SearchAction","target":{"@type":"EntryPoint","urlTemplate":"https:\/\/www.nwaretech.com\/?s={search_term_string}"},"query-input":{"@type":"PropertyValueSpecification","valueRequired":true,"valueName":"search_term_string"}}],"inLanguage":"fr-FR"}]}},"_links":{"self":[{"href":"https:\/\/www.nwaretech.com\/fr\/wp-json\/wp\/v2\/pages\/5719","targetHints":{"allow":["GET"]}}],"collection":[{"href":"https:\/\/www.nwaretech.com\/fr\/wp-json\/wp\/v2\/pages"}],"about":[{"href":"https:\/\/www.nwaretech.com\/fr\/wp-json\/wp\/v2\/types\/page"}],"author":[{"embeddable":true,"href":"https:\/\/www.nwaretech.com\/fr\/wp-json\/wp\/v2\/users\/3"}],"replies":[{"embeddable":true,"href":"https:\/\/www.nwaretech.com\/fr\/wp-json\/wp\/v2\/comments?post=5719"}],"version-history":[{"count":0,"href":"https:\/\/www.nwaretech.com\/fr\/wp-json\/wp\/v2\/pages\/5719\/revisions"}],"up":[{"embeddable":true,"href":"https:\/\/www.nwaretech.com\/fr\/wp-json\/wp\/v2\/pages\/5752"}],"wp:attachment":[{"href":"https:\/\/www.nwaretech.com\/fr\/wp-json\/wp\/v2\/media?parent=5719"}],"curies":[{"name":"wp","href":"https:\/\/api.w.org\/{rel}","templated":true}]}}