{"id":5721,"date":"2018-08-16T15:30:53","date_gmt":"2018-08-16T20:30:53","guid":{"rendered":"http:\/\/nwaretech.webloft.info\/client-care-program\/"},"modified":"2024-12-16T14:25:35","modified_gmt":"2024-12-16T19:25:35","slug":"service-a-valeur-ajoutee-sap-business-one","status":"publish","type":"page","link":"https:\/\/www.nwaretech.com\/fr\/services\/service-a-valeur-ajoutee-sap-business-one\/","title":{"rendered":"PROGRAMME CLIENT CARE"},"content":{"rendered":"<div class=\"wpb-content-wrapper\">[vc_row fullwidth=&#8221;true&#8221; css=&#8221;.vc_custom_1617818152472{padding-top: 0px !important;padding-right: 0px !important;padding-bottom: 0px !important;padding-left: 0px !important;}&#8221;][vc_column][mk_page_title_box page_title=&#8221;PROGRAMME CLIENT CARE&#8221; page_subtitle=&#8221;Maximisez la valeur de votre investissement&#8221; section_height=&#8221;350&#8243; bg_image=&#8221;https:\/\/www.nwaretech.com\/wp-content\/uploads\/2018\/08\/nware_technologies_client_care.jpg&#8221; bg_position=&#8221;center top&#8221; bg_stretch=&#8221;true&#8221; overlay=&#8221;rgba(33,51,85,0.6)&#8221; bg_effects=&#8221;parallax&#8221; font_color=&#8221;#ffffff&#8221; font_weight=&#8221;bold&#8221; underline=&#8221;false&#8221; sub_font_color=&#8221;#ffffff&#8221;][mk_divider style=&#8221;thin_solid&#8221; thickness=&#8221;3&#8243; margin_top=&#8221;0&#8243; margin_bottom=&#8221;0&#8243;][\/vc_column][\/vc_row][vc_row][vc_column][mk_padding_divider][\/vc_column][\/vc_row][vc_row][vc_column][mk_fancy_title font_family=&#8221;none&#8221;]\n<h2>SERVICE \u00c0 VALEUR AJOUT\u00c9E POUR SAP BUSINESS ONE<\/h2>\n[\/mk_fancy_title][vc_column_text css=&#8221;.vc_custom_1617811736919{margin-bottom: 0px !important;}&#8221;]Nous sommes d\u00e9termin\u00e9s \u00e0 \u00eatre un partenaire TI de premier plan, qui se d\u00e9marque par la valeur ajout\u00e9e des services et des solutions informatiques de gestion propos\u00e9es \u00e0 nos clients. C\u2019est pourquoi notre \u00e9quipe Client Care est enti\u00e8rement consacr\u00e9e \u00e0 offrir un service de soutien <a href=\"https:\/\/www.sap.com\/canada-fr\/products\/business-one.html\">SAP Business One<\/a> de niveau in\u00e9gal\u00e9 afin d\u2019optimiser votre productivit\u00e9 et soutenir la croissance de votre entreprise. Pour atteindre vos objectifs les plus ambitieux, assurez-vous d\u2019exploiter les meilleures technologies et de collaborer avec des experts qui ont \u00e0 c\u0153ur la croissance de votre PME![\/vc_column_text][mk_padding_divider][\/vc_column][\/vc_row][vc_row][vc_column][vc_column_text css=&#8221;.vc_custom_1617818229925{margin-bottom: 0px !important;}&#8221;]\n<h2>Maximisez votre investissement pour qu\u2019il soit \u00e0 la hauteur de vos ambitions<\/h2>\n<p>Notre \u00e9quipe Client Care a plusieurs objectifs, mais le plus important est d\u2019assurer une communication proactive et continue avec vous pour vous fournir les outils les plus efficaces pour optimiser l&#8217;utilisation de vos syst\u00e8mes de gestion et maximiser la profitabilit\u00e9 de votre investissement TI.<\/p>\n<p>Pour se faire, notre programme Client Care \u2013 <a href=\"\/fr\/services\/support-client\/\">inclus dans nos options de soutien<\/a> \u2013 vous propose de nombreuses initiatives innovantes pour vous aider \u00e0 mieux utiliser vos syst\u00e8mes, incluant :<\/p>\n<ul>\n<li>un sp\u00e9cialiste Client Care d\u00e9di\u00e9 \u00e0 votre enti\u00e8re satisfaction<\/li>\n<li>un acc\u00e8s au Portail client N\u2019ware pour la gestion de billets (\u00ab tickets \u00bb), de la documentation et tous les enregistrements de nos formations<\/li>\n<li>des formations, des webinaires et des ateliers interactifs enti\u00e8rement gratuits en lien avec les demandes les plus courantes et les plus utiles<\/li>\n<li>des \u00e9v\u00e9nements orient\u00e9s utilisateurs (<em>N&#8217;User Group<\/em>), en ligne et en personne, destin\u00e9s \u00e0 \u00e9changer avec vos pairs et apprendre des leaders de l\u2019industrie.<\/li>\n<\/ul>\n<h2>Nous allons au-del\u00e0 du simple support client SAP B1<\/h2>\n<p>Nous sommes impatients d\u2019accompagner votre \u00e9quipe dans votre parcours vers le succ\u00e8s en vous offrant un service \u00e0 valeur ajout\u00e9e pour SAP Business One, SAP Business ByDesign, LISA WMS, PDC-One, N&#8217;Sight ou votre site Web transactionnel.[\/vc_column_text][mk_padding_divider][vc_row_inner][vc_column_inner][vc_single_image image=&#8221;8817&#8243; img_size=&#8221;full&#8221; alignment=&#8221;center&#8221;][\/vc_column_inner][\/vc_row_inner][\/vc_column][\/vc_row][vc_row fullwidth=&#8221;true&#8221; css=&#8221;.vc_custom_1617813819717{padding-top: 25px !important;padding-bottom: 25px !important;background-color: #edaf23 !important;}&#8221;][vc_column width=&#8221;1\/4&#8243; css=&#8221;.vc_custom_1532698532225{margin-top: 15px !important;}&#8221;][\/vc_column][vc_column width=&#8221;1\/4&#8243;][vc_column_text css=&#8221;.vc_custom_1617813627332{margin-bottom: 0px !important;padding-top: 20px !important;}&#8221;]\n<h2 style=\"text-align: center;\"><strong>CONTACTEZ L&#8217;\u00c9QUIPE CLIENT CARE<\/strong><\/h2>\n[\/vc_column_text][\/vc_column][vc_column width=&#8221;1\/4&#8243;][mk_button dimension=&#8221;flat&#8221; corner_style=&#8221;rounded&#8221; size=&#8221;x-large&#8221; url=&#8221;https:\/\/www.nwaretech.com\/fr\/contact-us\/&#8221; align=&#8221;center&#8221; margin_bottom=&#8221;0&#8243; margin_right=&#8221;0&#8243; bg_color=&#8221;#081828&#8243; btn_hover_bg=&#8221;#ffffff&#8221; btn_hover_txt_color=&#8221;#081828&#8243;]CONTACTEZ-NOUS[\/mk_button][\/vc_column][vc_column width=&#8221;1\/4&#8243;][\/vc_column][\/vc_row]\n<\/div>","protected":false},"excerpt":{"rendered":"<p>[vc_row fullwidth=&#8221;true&#8221; css=&#8221;.vc_custom_1617818152472{padding-top: 0px !important;padding-right: 0px !important;padding-bottom: 0px !important;padding-left: 0px !important;}&#8221;][vc_column][mk_page_title_box page_title=&#8221;PROGRAMME CLIENT CARE&#8221; page_subtitle=&#8221;Maximisez la valeur de votre investissement&#8221; section_height=&#8221;350&#8243; bg_image=&#8221;https:\/\/www.nwaretech.com\/wp-content\/uploads\/2018\/08\/nware_technologies_client_care.jpg&#8221; bg_position=&#8221;center top&#8221; bg_stretch=&#8221;true&#8221; overlay=&#8221;rgba(33,51,85,0.6)&#8221; bg_effects=&#8221;parallax&#8221; font_color=&#8221;#ffffff&#8221; font_weight=&#8221;bold&#8221; underline=&#8221;false&#8221; sub_font_color=&#8221;#ffffff&#8221;][mk_divider style=&#8221;thin_solid&#8221; thickness=&#8221;3&#8243; margin_top=&#8221;0&#8243; margin_bottom=&#8221;0&#8243;][\/vc_column][\/vc_row][vc_row][vc_column][mk_padding_divider][\/vc_column][\/vc_row][vc_row][vc_column][mk_fancy_title font_family=&#8221;none&#8221;] SERVICE \u00c0 VALEUR AJOUT\u00c9E POUR SAP BUSINESS ONE [\/mk_fancy_title][vc_column_text css=&#8221;.vc_custom_1617811736919{margin-bottom: 0px !important;}&#8221;]Nous sommes d\u00e9termin\u00e9s \u00e0 \u00eatre un partenaire TI [&hellip;]<\/p>\n","protected":false},"author":3,"featured_media":0,"parent":5752,"menu_order":0,"comment_status":"closed","ping_status":"closed","template":"","meta":{"footnotes":""},"class_list":["post-5721","page","type-page","status-publish","hentry"],"yoast_head":"<!-- This site is optimized with the Yoast SEO plugin v27.2 - https:\/\/yoast.com\/product\/yoast-seo-wordpress\/ -->\n<title>Service et support \u00e0 valeur ajout\u00e9e - SAP Business One<\/title>\n<meta name=\"description\" content=\"Notre \u00e9quipe Client Care est d\u00e9di\u00e9e \u00e0 assurer votre enti\u00e8re satisfaction en proposant un service \u00e0 valeur ajout\u00e9e pour SAP Business One.\" \/>\n<meta name=\"robots\" content=\"index, follow, max-snippet:-1, max-image-preview:large, max-video-preview:-1\" \/>\n<link rel=\"canonical\" href=\"https:\/\/www.nwaretech.com\/fr\/services\/service-a-valeur-ajoutee-sap-business-one\/\" \/>\n<meta property=\"og:locale\" content=\"fr_FR\" \/>\n<meta property=\"og:type\" content=\"article\" \/>\n<meta property=\"og:title\" content=\"Service et support \u00e0 valeur ajout\u00e9e - SAP Business One\" \/>\n<meta property=\"og:description\" content=\"Notre \u00e9quipe Client Care est d\u00e9di\u00e9e \u00e0 assurer votre enti\u00e8re satisfaction en proposant un service \u00e0 valeur ajout\u00e9e pour SAP Business One.\" \/>\n<meta property=\"og:url\" content=\"https:\/\/www.nwaretech.com\/fr\/services\/service-a-valeur-ajoutee-sap-business-one\/\" \/>\n<meta property=\"og:site_name\" content=\"N\u2019ware Technologies\" \/>\n<meta property=\"article:modified_time\" content=\"2024-12-16T19:25:35+00:00\" \/>\n<meta name=\"twitter:card\" content=\"summary_large_image\" \/>\n<meta name=\"twitter:label1\" content=\"Dur\u00e9e de lecture estim\u00e9e\" \/>\n\t<meta name=\"twitter:data1\" content=\"2 minutes\" \/>\n<script type=\"application\/ld+json\" class=\"yoast-schema-graph\">{\"@context\":\"https:\/\/schema.org\",\"@graph\":[{\"@type\":\"WebPage\",\"@id\":\"https:\/\/www.nwaretech.com\/services\/client-care-sap-business-one-value\/\",\"url\":\"https:\/\/www.nwaretech.com\/fr\/services\/service-a-valeur-ajoutee-sap-business-one\/\",\"name\":\"Service et support \u00e0 valeur ajout\u00e9e - SAP Business One\",\"isPartOf\":{\"@id\":\"https:\/\/www.nwaretech.com\/#website\"},\"datePublished\":\"2018-08-16T20:30:53+00:00\",\"dateModified\":\"2024-12-16T19:25:35+00:00\",\"description\":\"Notre \u00e9quipe Client Care est d\u00e9di\u00e9e \u00e0 assurer votre enti\u00e8re satisfaction en proposant un service \u00e0 valeur ajout\u00e9e pour SAP Business One.\",\"breadcrumb\":{\"@id\":\"https:\/\/www.nwaretech.com\/fr\/services\/service-a-valeur-ajoutee-sap-business-one\/#breadcrumb\"},\"inLanguage\":\"fr-FR\",\"potentialAction\":[{\"@type\":\"ReadAction\",\"target\":[\"https:\/\/www.nwaretech.com\/fr\/services\/service-a-valeur-ajoutee-sap-business-one\/\"]}]},{\"@type\":\"BreadcrumbList\",\"@id\":\"https:\/\/www.nwaretech.com\/fr\/services\/service-a-valeur-ajoutee-sap-business-one\/#breadcrumb\",\"itemListElement\":[{\"@type\":\"ListItem\",\"position\":1,\"name\":\"Home\",\"item\":\"https:\/\/www.nwaretech.com\/fr\/\"},{\"@type\":\"ListItem\",\"position\":2,\"name\":\"Services\",\"item\":\"https:\/\/www.nwaretech.com\/fr\/services\/\"},{\"@type\":\"ListItem\",\"position\":3,\"name\":\"PROGRAMME CLIENT CARE\"}]},{\"@type\":\"WebSite\",\"@id\":\"https:\/\/www.nwaretech.com\/#website\",\"url\":\"https:\/\/www.nwaretech.com\/\",\"name\":\"N\u2019ware Technologies\",\"description\":\"ERP &amp; WMS Software\",\"potentialAction\":[{\"@type\":\"SearchAction\",\"target\":{\"@type\":\"EntryPoint\",\"urlTemplate\":\"https:\/\/www.nwaretech.com\/?s={search_term_string}\"},\"query-input\":{\"@type\":\"PropertyValueSpecification\",\"valueRequired\":true,\"valueName\":\"search_term_string\"}}],\"inLanguage\":\"fr-FR\"}]}<\/script>\n<!-- \/ Yoast SEO plugin. -->","yoast_head_json":{"title":"Service et support \u00e0 valeur ajout\u00e9e - SAP Business One","description":"Notre \u00e9quipe Client Care est d\u00e9di\u00e9e \u00e0 assurer votre enti\u00e8re satisfaction en proposant un service \u00e0 valeur ajout\u00e9e pour SAP Business One.","robots":{"index":"index","follow":"follow","max-snippet":"max-snippet:-1","max-image-preview":"max-image-preview:large","max-video-preview":"max-video-preview:-1"},"canonical":"https:\/\/www.nwaretech.com\/fr\/services\/service-a-valeur-ajoutee-sap-business-one\/","og_locale":"fr_FR","og_type":"article","og_title":"Service et support \u00e0 valeur ajout\u00e9e - SAP Business One","og_description":"Notre \u00e9quipe Client Care est d\u00e9di\u00e9e \u00e0 assurer votre enti\u00e8re satisfaction en proposant un service \u00e0 valeur ajout\u00e9e pour SAP Business One.","og_url":"https:\/\/www.nwaretech.com\/fr\/services\/service-a-valeur-ajoutee-sap-business-one\/","og_site_name":"N\u2019ware Technologies","article_modified_time":"2024-12-16T19:25:35+00:00","twitter_card":"summary_large_image","twitter_misc":{"Dur\u00e9e de lecture estim\u00e9e":"2 minutes"},"schema":{"@context":"https:\/\/schema.org","@graph":[{"@type":"WebPage","@id":"https:\/\/www.nwaretech.com\/services\/client-care-sap-business-one-value\/","url":"https:\/\/www.nwaretech.com\/fr\/services\/service-a-valeur-ajoutee-sap-business-one\/","name":"Service et support \u00e0 valeur ajout\u00e9e - SAP Business One","isPartOf":{"@id":"https:\/\/www.nwaretech.com\/#website"},"datePublished":"2018-08-16T20:30:53+00:00","dateModified":"2024-12-16T19:25:35+00:00","description":"Notre \u00e9quipe Client Care est d\u00e9di\u00e9e \u00e0 assurer votre enti\u00e8re satisfaction en proposant un service \u00e0 valeur ajout\u00e9e pour SAP Business One.","breadcrumb":{"@id":"https:\/\/www.nwaretech.com\/fr\/services\/service-a-valeur-ajoutee-sap-business-one\/#breadcrumb"},"inLanguage":"fr-FR","potentialAction":[{"@type":"ReadAction","target":["https:\/\/www.nwaretech.com\/fr\/services\/service-a-valeur-ajoutee-sap-business-one\/"]}]},{"@type":"BreadcrumbList","@id":"https:\/\/www.nwaretech.com\/fr\/services\/service-a-valeur-ajoutee-sap-business-one\/#breadcrumb","itemListElement":[{"@type":"ListItem","position":1,"name":"Home","item":"https:\/\/www.nwaretech.com\/fr\/"},{"@type":"ListItem","position":2,"name":"Services","item":"https:\/\/www.nwaretech.com\/fr\/services\/"},{"@type":"ListItem","position":3,"name":"PROGRAMME CLIENT CARE"}]},{"@type":"WebSite","@id":"https:\/\/www.nwaretech.com\/#website","url":"https:\/\/www.nwaretech.com\/","name":"N\u2019ware Technologies","description":"ERP &amp; WMS Software","potentialAction":[{"@type":"SearchAction","target":{"@type":"EntryPoint","urlTemplate":"https:\/\/www.nwaretech.com\/?s={search_term_string}"},"query-input":{"@type":"PropertyValueSpecification","valueRequired":true,"valueName":"search_term_string"}}],"inLanguage":"fr-FR"}]}},"_links":{"self":[{"href":"https:\/\/www.nwaretech.com\/fr\/wp-json\/wp\/v2\/pages\/5721","targetHints":{"allow":["GET"]}}],"collection":[{"href":"https:\/\/www.nwaretech.com\/fr\/wp-json\/wp\/v2\/pages"}],"about":[{"href":"https:\/\/www.nwaretech.com\/fr\/wp-json\/wp\/v2\/types\/page"}],"author":[{"embeddable":true,"href":"https:\/\/www.nwaretech.com\/fr\/wp-json\/wp\/v2\/users\/3"}],"replies":[{"embeddable":true,"href":"https:\/\/www.nwaretech.com\/fr\/wp-json\/wp\/v2\/comments?post=5721"}],"version-history":[{"count":0,"href":"https:\/\/www.nwaretech.com\/fr\/wp-json\/wp\/v2\/pages\/5721\/revisions"}],"up":[{"embeddable":true,"href":"https:\/\/www.nwaretech.com\/fr\/wp-json\/wp\/v2\/pages\/5752"}],"wp:attachment":[{"href":"https:\/\/www.nwaretech.com\/fr\/wp-json\/wp\/v2\/media?parent=5721"}],"curies":[{"name":"wp","href":"https:\/\/api.w.org\/{rel}","templated":true}]}}