{"id":5725,"date":"2018-08-16T15:22:07","date_gmt":"2018-08-16T20:22:07","guid":{"rendered":"http:\/\/nwaretech.webloft.info\/training-testing\/"},"modified":"2024-12-16T14:36:09","modified_gmt":"2024-12-16T19:36:09","slug":"formation-tests","status":"publish","type":"page","link":"https:\/\/www.nwaretech.com\/fr\/services\/formation-tests\/","title":{"rendered":"Formation et tests"},"content":{"rendered":"<div class=\"wpb-content-wrapper\">[vc_row fullwidth=&#8221;true&#8221; css=&#8221;.vc_custom_1532701016934{margin-top: -155px !important;}&#8221;][vc_column][mk_page_title_box section_height=&#8221;500&#8243; bg_image=&#8221;https:\/\/www.nwaretech.com\/wp-content\/uploads\/2018\/08\/nware_technologies_training_testing.jpg&#8221; bg_position=&#8221;center top&#8221; bg_stretch=&#8221;true&#8221; bg_effects=&#8221;parallax&#8221; underline=&#8221;false&#8221;][mk_divider style=&#8221;thin_solid&#8221; thickness=&#8221;3&#8243; margin_top=&#8221;0&#8243; margin_bottom=&#8221;0&#8243;][\/vc_column][\/vc_row][vc_row][vc_column][mk_padding_divider][mk_fancy_title font_family=&#8221;none&#8221;]\n<h1>Formation et tests<\/h1>\n[\/mk_fancy_title][vc_row_inner][vc_column_inner width=&#8221;2\/3&#8243;][vc_column_text css=&#8221;.vc_custom_1614777286668{margin-bottom: 0px !important;}&#8221;]La formation et les cycles de test sont quelques-unes des \u00e9tapes les plus importantes dans le processus d\u2019implantation. Une p\u00e9riode de transition est n\u00e9cessaire aux utilisateurs pour s\u2019adapter au nouveau syst\u00e8me. Investir dans la formation augmente les chances de succ\u00e8s, le taux d\u2019adoption et fait \u00e9conomiser de l\u2019argent.<\/p>\n<p>Votre gestionnaire de projet \u00e0 la responsabilit\u00e9 de veiller \u00e0 ce que ressources internes progressent dans les p\u00e9riodes de temps allou\u00e9s et s\u2019adaptent facilement aux m\u00e9thodes de travail. Notre approche comprend un m\u00e9lange de formations en ligne, de s\u00e9ances de formation sur place et de webinaires personnalis\u00e9s.[\/vc_column_text][\/vc_column_inner][vc_column_inner width=&#8221;1\/3&#8243;][vc_single_image image=&#8221;5601&#8243; img_size=&#8221;large&#8221;][\/vc_column_inner][vc_column_inner][mk_padding_divider][\/vc_column_inner][\/vc_row_inner][vc_separator border_width=&#8221;5&#8243; el_width=&#8221;20&#8243;][mk_padding_divider][\/vc_column][\/vc_row][vc_row][vc_column width=&#8221;1\/3&#8243;][vc_icon icon_fontawesome=&#8221;fa fa-cog&#8221; color=&#8221;custom&#8221; size=&#8221;xl&#8221; align=&#8221;center&#8221; custom_color=&#8221;#edaf23&#8243;][mk_fancy_title font_family=&#8221;none&#8221;]\n<h2 style=\"text-align: center;\">Formation Technique<\/h2>\n[\/mk_fancy_title][vc_column_text css=&#8221;.vc_custom_1536778625449{margin-bottom: 0px !important;}&#8221;]<span class=\"hps\">La formation technique est n\u00e9cessaire\u00a0pour<\/span> <span class=\"hps\">l\u2019administration du syst\u00e8me<\/span>, <span class=\"hps\">la r\u00e9daction de rapports<\/span>, <span class=\"hps\">la personnalisation des formulaires<\/span> <span class=\"hps\">et\u00a0l\u2019am\u00e9lioration\u00a0continue de l\u2019application.<\/span>[\/vc_column_text][\/vc_column][vc_column width=&#8221;1\/3&#8243;][vc_icon type=&#8221;entypo&#8221; icon_entypo=&#8221;entypo-icon entypo-icon-user&#8221; color=&#8221;custom&#8221; size=&#8221;xl&#8221; align=&#8221;center&#8221; custom_color=&#8221;#edaf23&#8243;][mk_fancy_title font_family=&#8221;none&#8221;]\n<h2 style=\"text-align: center;\">Formation des utilisateurs<\/h2>\n[\/mk_fancy_title][vc_column_text css=&#8221;.vc_custom_1536778637361{margin-bottom: 0px !important;}&#8221;]<span class=\"hps\">Le but de la formation est de permettre \u00e0 tous les\u00a0employ\u00e9s d\u2019effectuer\u00a0au jour le jour efficacement\u00a0les op\u00e9rations\u00a0 <\/span><span class=\"hps\">en utilisant<\/span> <span class=\"hps\">toutes les fonctionnalit\u00e9s et <\/span><span class=\"hps\">sans faire d\u2019erreur<\/span>. <span class=\"hps\">Chaque utilisateur doit<\/span> <span class=\"hps\">conna\u00eetre les<\/span> <span class=\"hps\">moyens de<\/span> s\u2019autov\u00e9rifer, d<span class=\"hps\">\u2018identifier les<\/span> <span class=\"hps\">erreurs<\/span> <span class=\"hps\">et<\/span> <span class=\"hps\">les corriger<\/span><span class=\"hps\">.<\/span>[\/vc_column_text][\/vc_column][vc_column width=&#8221;1\/3&#8243;][vc_icon type=&#8221;entypo&#8221; icon_entypo=&#8221;entypo-icon entypo-icon-users&#8221; color=&#8221;custom&#8221; size=&#8221;xl&#8221; align=&#8221;center&#8221; custom_color=&#8221;#edaf23&#8243;][mk_fancy_title font_family=&#8221;none&#8221;]\n<h2 style=\"text-align: center;\">&#8220;Train-The-Trainer&#8221;<\/h2>\n[\/mk_fancy_title][vc_column_text css=&#8221;.vc_custom_1536778652898{margin-bottom: 0px !important;}&#8221;]<span class=\"hps\">Il est moins co\u00fbteux<\/span> <span class=\"hps\">et<\/span>\u00a0<span class=\"hps\">efficace de choisir<\/span> <span class=\"hps\">l\u2019approche<\/span> \u00ab\u00a0train-the-trainer\u00a0\u00bb.\u00a0 Les e<span class=\"hps\">mploy\u00e9s form\u00e9s<\/span> et <span class=\"hps\">d\u00e9sign\u00e9s sont charg\u00e9s<\/span> <span class=\"hps\">de former leur<\/span> <span class=\"hps\">pair.<\/span>[\/vc_column_text][\/vc_column][\/vc_row][vc_row][vc_column][mk_padding_divider size=&#8221;100&#8243;][\/vc_column][\/vc_row][vc_row fullwidth=&#8221;true&#8221; css=&#8221;.vc_custom_1533222006898{margin-bottom: -50px !important;padding-top: 45px !important;padding-bottom: 25px !important;background-color: #edaf23 !important;}&#8221;][vc_column width=&#8221;2\/3&#8243; css=&#8221;.vc_custom_1532698532225{margin-top: 15px !important;}&#8221;][vc_column_text css=&#8221;.vc_custom_1536778515391{margin-bottom: 0px !important;}&#8221;]\n<h2 style=\"text-align: center;\"><strong>APPRENEZ COMMENT AM\u00c9LIORER LE FONCTIONNEMENT DE VOTRE ENTREPRISE<\/strong><\/h2>\n[\/vc_column_text][\/vc_column][vc_column width=&#8221;1\/3&#8243;][mk_button dimension=&#8221;flat&#8221; corner_style=&#8221;rounded&#8221; size=&#8221;x-large&#8221; url=&#8221;https:\/\/www.nwaretech.com\/fr\/contact-us\/&#8221; margin_right=&#8221;20&#8243; bg_color=&#8221;#081828&#8243; btn_hover_bg=&#8221;#ffffff&#8221; btn_hover_txt_color=&#8221;#081828&#8243;]PLANIFIER UNE R\u00c9UNION[\/mk_button][\/vc_column][\/vc_row]\n<\/div>","protected":false},"excerpt":{"rendered":"<p>[vc_row fullwidth=&#8221;true&#8221; css=&#8221;.vc_custom_1532701016934{margin-top: -155px !important;}&#8221;][vc_column][mk_page_title_box section_height=&#8221;500&#8243; bg_image=&#8221;https:\/\/www.nwaretech.com\/wp-content\/uploads\/2018\/08\/nware_technologies_training_testing.jpg&#8221; bg_position=&#8221;center top&#8221; bg_stretch=&#8221;true&#8221; bg_effects=&#8221;parallax&#8221; underline=&#8221;false&#8221;][mk_divider style=&#8221;thin_solid&#8221; thickness=&#8221;3&#8243; margin_top=&#8221;0&#8243; margin_bottom=&#8221;0&#8243;][\/vc_column][\/vc_row][vc_row][vc_column][mk_padding_divider][mk_fancy_title font_family=&#8221;none&#8221;] Formation et tests [\/mk_fancy_title][vc_row_inner][vc_column_inner width=&#8221;2\/3&#8243;][vc_column_text css=&#8221;.vc_custom_1614777286668{margin-bottom: 0px !important;}&#8221;]La formation et les cycles de test sont quelques-unes des \u00e9tapes les plus importantes dans le processus d\u2019implantation. Une p\u00e9riode de transition est n\u00e9cessaire aux utilisateurs pour s\u2019adapter au nouveau syst\u00e8me. [&hellip;]<\/p>\n","protected":false},"author":3,"featured_media":0,"parent":5752,"menu_order":0,"comment_status":"closed","ping_status":"closed","template":"","meta":{"footnotes":""},"class_list":["post-5725","page","type-page","status-publish","hentry"],"yoast_head":"<!-- This site is optimized with the Yoast SEO plugin v27.5 - https:\/\/yoast.com\/product\/yoast-seo-wordpress\/ -->\n<title>Formation et cycle de test lors de l&#039;implantation d&#039;un ERP<\/title>\n<meta name=\"description\" content=\"La formation et les cycles de test sont quelques-unes des \u00e9tapes les plus importantes dans le processus d\u2019implantation.\" \/>\n<meta name=\"robots\" content=\"index, follow, max-snippet:-1, max-image-preview:large, max-video-preview:-1\" \/>\n<link rel=\"canonical\" href=\"https:\/\/www.nwaretech.com\/fr\/services\/formation-tests\/\" \/>\n<meta property=\"og:locale\" content=\"fr_FR\" \/>\n<meta property=\"og:type\" content=\"article\" \/>\n<meta property=\"og:title\" content=\"Formation et cycle de test lors de l&#039;implantation d&#039;un ERP\" \/>\n<meta property=\"og:description\" content=\"La formation et les cycles de test sont quelques-unes des \u00e9tapes les plus importantes dans le processus d\u2019implantation.\" \/>\n<meta property=\"og:url\" content=\"https:\/\/www.nwaretech.com\/fr\/services\/formation-tests\/\" \/>\n<meta property=\"og:site_name\" content=\"N\u2019ware Technologies\" \/>\n<meta property=\"article:modified_time\" content=\"2024-12-16T19:36:09+00:00\" \/>\n<meta name=\"twitter:card\" content=\"summary_large_image\" \/>\n<meta name=\"twitter:label1\" content=\"Dur\u00e9e de lecture estim\u00e9e\" \/>\n\t<meta name=\"twitter:data1\" content=\"2 minutes\" \/>\n<script type=\"application\/ld+json\" class=\"yoast-schema-graph\">{\"@context\":\"https:\\\/\\\/schema.org\",\"@graph\":[{\"@type\":\"WebPage\",\"@id\":\"https:\\\/\\\/www.nwaretech.com\\\/services\\\/training-testing\\\/\",\"url\":\"https:\\\/\\\/www.nwaretech.com\\\/fr\\\/services\\\/formation-tests\\\/\",\"name\":\"Formation et cycle de test lors de l'implantation d'un ERP\",\"isPartOf\":{\"@id\":\"https:\\\/\\\/www.nwaretech.com\\\/#website\"},\"datePublished\":\"2018-08-16T20:22:07+00:00\",\"dateModified\":\"2024-12-16T19:36:09+00:00\",\"description\":\"La formation et les cycles de test sont quelques-unes des \u00e9tapes les plus importantes dans le processus d\u2019implantation.\",\"breadcrumb\":{\"@id\":\"https:\\\/\\\/www.nwaretech.com\\\/fr\\\/services\\\/formation-tests\\\/#breadcrumb\"},\"inLanguage\":\"fr-FR\",\"potentialAction\":[{\"@type\":\"ReadAction\",\"target\":[\"https:\\\/\\\/www.nwaretech.com\\\/fr\\\/services\\\/formation-tests\\\/\"]}]},{\"@type\":\"BreadcrumbList\",\"@id\":\"https:\\\/\\\/www.nwaretech.com\\\/fr\\\/services\\\/formation-tests\\\/#breadcrumb\",\"itemListElement\":[{\"@type\":\"ListItem\",\"position\":1,\"name\":\"Home\",\"item\":\"https:\\\/\\\/www.nwaretech.com\\\/fr\\\/\"},{\"@type\":\"ListItem\",\"position\":2,\"name\":\"Services\",\"item\":\"https:\\\/\\\/www.nwaretech.com\\\/fr\\\/services\\\/\"},{\"@type\":\"ListItem\",\"position\":3,\"name\":\"Formation et tests\"}]},{\"@type\":\"WebSite\",\"@id\":\"https:\\\/\\\/www.nwaretech.com\\\/#website\",\"url\":\"https:\\\/\\\/www.nwaretech.com\\\/\",\"name\":\"N\u2019ware Technologies\",\"description\":\"ERP &amp; WMS Software\",\"potentialAction\":[{\"@type\":\"SearchAction\",\"target\":{\"@type\":\"EntryPoint\",\"urlTemplate\":\"https:\\\/\\\/www.nwaretech.com\\\/?s={search_term_string}\"},\"query-input\":{\"@type\":\"PropertyValueSpecification\",\"valueRequired\":true,\"valueName\":\"search_term_string\"}}],\"inLanguage\":\"fr-FR\"}]}<\/script>\n<!-- \/ Yoast SEO plugin. -->","yoast_head_json":{"title":"Formation et cycle de test lors de l'implantation d'un ERP","description":"La formation et les cycles de test sont quelques-unes des \u00e9tapes les plus importantes dans le processus d\u2019implantation.","robots":{"index":"index","follow":"follow","max-snippet":"max-snippet:-1","max-image-preview":"max-image-preview:large","max-video-preview":"max-video-preview:-1"},"canonical":"https:\/\/www.nwaretech.com\/fr\/services\/formation-tests\/","og_locale":"fr_FR","og_type":"article","og_title":"Formation et cycle de test lors de l'implantation d'un ERP","og_description":"La formation et les cycles de test sont quelques-unes des \u00e9tapes les plus importantes dans le processus d\u2019implantation.","og_url":"https:\/\/www.nwaretech.com\/fr\/services\/formation-tests\/","og_site_name":"N\u2019ware Technologies","article_modified_time":"2024-12-16T19:36:09+00:00","twitter_card":"summary_large_image","twitter_misc":{"Dur\u00e9e de lecture estim\u00e9e":"2 minutes"},"schema":{"@context":"https:\/\/schema.org","@graph":[{"@type":"WebPage","@id":"https:\/\/www.nwaretech.com\/services\/training-testing\/","url":"https:\/\/www.nwaretech.com\/fr\/services\/formation-tests\/","name":"Formation et cycle de test lors de l'implantation d'un ERP","isPartOf":{"@id":"https:\/\/www.nwaretech.com\/#website"},"datePublished":"2018-08-16T20:22:07+00:00","dateModified":"2024-12-16T19:36:09+00:00","description":"La formation et les cycles de test sont quelques-unes des \u00e9tapes les plus importantes dans le processus d\u2019implantation.","breadcrumb":{"@id":"https:\/\/www.nwaretech.com\/fr\/services\/formation-tests\/#breadcrumb"},"inLanguage":"fr-FR","potentialAction":[{"@type":"ReadAction","target":["https:\/\/www.nwaretech.com\/fr\/services\/formation-tests\/"]}]},{"@type":"BreadcrumbList","@id":"https:\/\/www.nwaretech.com\/fr\/services\/formation-tests\/#breadcrumb","itemListElement":[{"@type":"ListItem","position":1,"name":"Home","item":"https:\/\/www.nwaretech.com\/fr\/"},{"@type":"ListItem","position":2,"name":"Services","item":"https:\/\/www.nwaretech.com\/fr\/services\/"},{"@type":"ListItem","position":3,"name":"Formation et tests"}]},{"@type":"WebSite","@id":"https:\/\/www.nwaretech.com\/#website","url":"https:\/\/www.nwaretech.com\/","name":"N\u2019ware Technologies","description":"ERP &amp; WMS Software","potentialAction":[{"@type":"SearchAction","target":{"@type":"EntryPoint","urlTemplate":"https:\/\/www.nwaretech.com\/?s={search_term_string}"},"query-input":{"@type":"PropertyValueSpecification","valueRequired":true,"valueName":"search_term_string"}}],"inLanguage":"fr-FR"}]}},"_links":{"self":[{"href":"https:\/\/www.nwaretech.com\/fr\/wp-json\/wp\/v2\/pages\/5725","targetHints":{"allow":["GET"]}}],"collection":[{"href":"https:\/\/www.nwaretech.com\/fr\/wp-json\/wp\/v2\/pages"}],"about":[{"href":"https:\/\/www.nwaretech.com\/fr\/wp-json\/wp\/v2\/types\/page"}],"author":[{"embeddable":true,"href":"https:\/\/www.nwaretech.com\/fr\/wp-json\/wp\/v2\/users\/3"}],"replies":[{"embeddable":true,"href":"https:\/\/www.nwaretech.com\/fr\/wp-json\/wp\/v2\/comments?post=5725"}],"version-history":[{"count":0,"href":"https:\/\/www.nwaretech.com\/fr\/wp-json\/wp\/v2\/pages\/5725\/revisions"}],"up":[{"embeddable":true,"href":"https:\/\/www.nwaretech.com\/fr\/wp-json\/wp\/v2\/pages\/5752"}],"wp:attachment":[{"href":"https:\/\/www.nwaretech.com\/fr\/wp-json\/wp\/v2\/media?parent=5725"}],"curies":[{"name":"wp","href":"https:\/\/api.w.org\/{rel}","templated":true}]}}