{"id":5727,"date":"2018-08-16T15:21:50","date_gmt":"2018-08-16T20:21:50","guid":{"rendered":"http:\/\/nwaretech.webloft.info\/architecture-assessment\/"},"modified":"2024-12-16T14:32:46","modified_gmt":"2024-12-16T19:32:46","slug":"architecture-analyse","status":"publish","type":"page","link":"https:\/\/www.nwaretech.com\/fr\/services\/architecture-analyse\/","title":{"rendered":"Architecture et analyse"},"content":{"rendered":"<div class=\"wpb-content-wrapper\">[vc_row fullwidth=&#8221;true&#8221; css=&#8221;.vc_custom_1532701016934{margin-top: -155px !important;}&#8221;][vc_column][mk_page_title_box section_height=&#8221;500&#8243; bg_image=&#8221;https:\/\/www.nwaretech.com\/wp-content\/uploads\/2018\/08\/nware_technologies_architecture.jpg&#8221; bg_position=&#8221;center top&#8221; bg_stretch=&#8221;true&#8221; bg_effects=&#8221;parallax&#8221; underline=&#8221;false&#8221;][mk_divider style=&#8221;thin_solid&#8221; thickness=&#8221;3&#8243; margin_top=&#8221;0&#8243; margin_bottom=&#8221;0&#8243;][\/vc_column][\/vc_row][vc_row][vc_column][mk_padding_divider][mk_fancy_title font_family=&#8221;none&#8221;]\n<h1>Architecture de projet<\/h1>\n[\/mk_fancy_title][vc_row_inner][vc_column_inner width=&#8221;2\/3&#8243;][vc_column_text css=&#8221;.vc_custom_1536775342863{margin-bottom: 0px !important;}&#8221;]<span class=\"hps\">Pour r\u00e9ussir<\/span> <span class=\"hps\">l\u2019implantation\u00a0d<\/span><span class=\"hps\">\u2018une application de gestion<\/span>, vous <span class=\"hps\">devez suivre\u00a0des<\/span> r\u00e8gles de <span class=\"hps\">base<\/span>. <span class=\"hps\">L\u2019objectif<\/span> <span class=\"hps\">de l\u2019architecture<\/span> <span class=\"hps\">de projet est de<\/span> <span class=\"hps\">d\u00e9finir clairement\u00a0les <\/span><span class=\"hps\">besoins au niveau des <\/span><span class=\"hps\">processus d\u2019affaires<\/span> <span class=\"hps atn\">(Actuels<\/span>) <span class=\"hps\">et<\/span> <span class=\"hps\">de d\u00e9finir la mani\u00e8re dont<\/span> <span class=\"hps\">ils seront<\/span>\u00a0<span class=\"hps\">int\u00e9gr\u00e9s<\/span> <span class=\"hps atn\">(Cibles<\/span>). <span class=\"hps\">L\u2019objectif est<\/span> <span class=\"hps\">d\u2019int\u00e9grer\u00a0de<\/span> <span class=\"hps\">bout en bout<\/span>\u00a0<span class=\"hps\">vos\u00a0op\u00e9rations<\/span>, de s\u2019assurer\u00a0<span class=\"hps\">que<\/span> <span class=\"hps\">le nouveau syst\u00e8me<\/span>\u00a0rencontrera vos <span class=\"hps\">objectifs<\/span> et <span class=\"hps\">de maximiser<\/span> <span class=\"hps\">votre retour sur investissement<\/span>. U<span class=\"hps\">n<\/span> <span class=\"hps\">document final\u00a0est produit\u00a0<\/span><span class=\"hps\">afin que\u00a0toutes\u00a0<\/span><span class=\"hps\">les<\/span> <span class=\"hps\">parties puissant se\u00a0<\/span>mettre <span class=\"hps\">d\u2019accord<\/span> <span class=\"hps\">sur les r\u00e9sultats escompt\u00e9s<\/span>.[\/vc_column_text][\/vc_column_inner][vc_column_inner width=&#8221;1\/3&#8243;][vc_single_image image=&#8221;5610&#8243; img_size=&#8221;full&#8221;][\/vc_column_inner][vc_column_inner][mk_padding_divider][\/vc_column_inner][\/vc_row_inner][\/vc_column][\/vc_row][vc_row][vc_column][mk_fancy_title font_family=&#8221;none&#8221;]\n<h2 class=\"has-h1\">Les objectifs de l\u2019architecture\u00a0sont :<\/h2>\n[\/mk_fancy_title][mk_custom_list icon_color=&#8221;#081828&#8243;]\n<ul>\n<li>Identifier les enjeux et les probl\u00e9matiques \u00e0 adresser.<\/li>\n<li>Fournir une analyse d\u00e9taill\u00e9e des besoins de l\u2019entreprise.<\/li>\n<li>D\u00e9finir les points d\u2019int\u00e9gration requis entre tous les syst\u00e8mes.<\/li>\n<li>Fournir des recommandations mat\u00e9rielles et logicielles pour assurer une infrastructure efficace.<\/li>\n<li>D\u00e9finir la m\u00e9thodologie de migration de donn\u00e9es.<\/li>\n<li>D\u00e9finir les r\u00f4les, les responsabilit\u00e9s et les attentes de chaque partie.<\/li>\n<li>Fournir un calendrier de projet complet pour atteindre la date du Go Live.<\/li>\n<li>Soulever les risques de projet.<\/li>\n<li>Assurer que les livrables sont clairs pour bien g\u00e9rer les attentes.<\/li>\n<\/ul>\n[\/mk_custom_list][mk_padding_divider][\/vc_column][\/vc_row][vc_row fullwidth=&#8221;true&#8221; css=&#8221;.vc_custom_1533222006898{margin-bottom: -50px !important;padding-top: 45px !important;padding-bottom: 25px !important;background-color: #edaf23 !important;}&#8221;][vc_column width=&#8221;2\/3&#8243; css=&#8221;.vc_custom_1532698532225{margin-top: 15px !important;}&#8221;][vc_column_text css=&#8221;.vc_custom_1536777840773{margin-bottom: 0px !important;}&#8221;]\n<h2 style=\"text-align: center;\"><span style=\"color: #081828;\"><strong>APPRENEZ COMMENT AM\u00c9LIORER LE FONCTIONNEMENT DE VOTRE ENTREPRISE<\/strong><\/span><\/h2>\n[\/vc_column_text][\/vc_column][vc_column width=&#8221;1\/3&#8243;][mk_button dimension=&#8221;flat&#8221; corner_style=&#8221;rounded&#8221; size=&#8221;x-large&#8221; url=&#8221;https:\/\/www.nwaretech.com\/fr\/contact-us\/&#8221; margin_right=&#8221;20&#8243; bg_color=&#8221;#081828&#8243; btn_hover_bg=&#8221;#ffffff&#8221; btn_hover_txt_color=&#8221;#081828&#8243;]PLANIFIER UNE R\u00c9UNION[\/mk_button][\/vc_column][\/vc_row]\n<\/div>","protected":false},"excerpt":{"rendered":"<p>[vc_row fullwidth=&#8221;true&#8221; css=&#8221;.vc_custom_1532701016934{margin-top: -155px !important;}&#8221;][vc_column][mk_page_title_box section_height=&#8221;500&#8243; bg_image=&#8221;https:\/\/www.nwaretech.com\/wp-content\/uploads\/2018\/08\/nware_technologies_architecture.jpg&#8221; bg_position=&#8221;center top&#8221; bg_stretch=&#8221;true&#8221; bg_effects=&#8221;parallax&#8221; underline=&#8221;false&#8221;][mk_divider style=&#8221;thin_solid&#8221; thickness=&#8221;3&#8243; margin_top=&#8221;0&#8243; margin_bottom=&#8221;0&#8243;][\/vc_column][\/vc_row][vc_row][vc_column][mk_padding_divider][mk_fancy_title font_family=&#8221;none&#8221;] Architecture de projet [\/mk_fancy_title][vc_row_inner][vc_column_inner width=&#8221;2\/3&#8243;][vc_column_text css=&#8221;.vc_custom_1536775342863{margin-bottom: 0px !important;}&#8221;]Pour r\u00e9ussir l\u2019implantation\u00a0d\u2018une application de gestion, vous devez suivre\u00a0des r\u00e8gles de base. L\u2019objectif de l\u2019architecture de projet est de d\u00e9finir clairement\u00a0les besoins au niveau des processus d\u2019affaires (Actuels) et de d\u00e9finir [&hellip;]<\/p>\n","protected":false},"author":3,"featured_media":0,"parent":5752,"menu_order":0,"comment_status":"closed","ping_status":"closed","template":"","meta":{"footnotes":""},"class_list":["post-5727","page","type-page","status-publish","hentry"],"yoast_head":"<!-- This site is optimized with the Yoast SEO plugin v27.5 - https:\/\/yoast.com\/product\/yoast-seo-wordpress\/ -->\n<title>D\u00e9finir le processus selon vos besoins d&#039;entreprise<\/title>\n<meta name=\"description\" content=\"L\u2019objectif de l\u2019architecture de projet est de d\u00e9finir le processus de votre entreprise et d\u00e9finir comment ils s\u2019int\u00e9greront.\" \/>\n<meta name=\"robots\" content=\"index, follow, max-snippet:-1, max-image-preview:large, max-video-preview:-1\" \/>\n<link rel=\"canonical\" href=\"https:\/\/www.nwaretech.com\/fr\/services\/architecture-analyse\/\" \/>\n<meta property=\"og:locale\" content=\"fr_FR\" \/>\n<meta property=\"og:type\" content=\"article\" \/>\n<meta property=\"og:title\" content=\"D\u00e9finir le processus selon vos besoins d&#039;entreprise\" \/>\n<meta property=\"og:description\" content=\"L\u2019objectif de l\u2019architecture de projet est de d\u00e9finir le processus de votre entreprise et d\u00e9finir comment ils s\u2019int\u00e9greront.\" \/>\n<meta property=\"og:url\" content=\"https:\/\/www.nwaretech.com\/fr\/services\/architecture-analyse\/\" \/>\n<meta property=\"og:site_name\" content=\"N\u2019ware Technologies\" \/>\n<meta property=\"article:modified_time\" content=\"2024-12-16T19:32:46+00:00\" \/>\n<meta name=\"twitter:card\" content=\"summary_large_image\" \/>\n<meta name=\"twitter:label1\" content=\"Dur\u00e9e de lecture estim\u00e9e\" \/>\n\t<meta name=\"twitter:data1\" content=\"2 minutes\" \/>\n<script type=\"application\/ld+json\" class=\"yoast-schema-graph\">{\"@context\":\"https:\\\/\\\/schema.org\",\"@graph\":[{\"@type\":\"WebPage\",\"@id\":\"https:\\\/\\\/www.nwaretech.com\\\/services\\\/architecture-assessment\\\/\",\"url\":\"https:\\\/\\\/www.nwaretech.com\\\/fr\\\/services\\\/architecture-analyse\\\/\",\"name\":\"D\u00e9finir le processus selon vos besoins d'entreprise\",\"isPartOf\":{\"@id\":\"https:\\\/\\\/www.nwaretech.com\\\/#website\"},\"datePublished\":\"2018-08-16T20:21:50+00:00\",\"dateModified\":\"2024-12-16T19:32:46+00:00\",\"description\":\"L\u2019objectif de l\u2019architecture de projet est de d\u00e9finir le processus de votre entreprise et d\u00e9finir comment ils s\u2019int\u00e9greront.\",\"breadcrumb\":{\"@id\":\"https:\\\/\\\/www.nwaretech.com\\\/fr\\\/services\\\/architecture-analyse\\\/#breadcrumb\"},\"inLanguage\":\"fr-FR\",\"potentialAction\":[{\"@type\":\"ReadAction\",\"target\":[\"https:\\\/\\\/www.nwaretech.com\\\/fr\\\/services\\\/architecture-analyse\\\/\"]}]},{\"@type\":\"BreadcrumbList\",\"@id\":\"https:\\\/\\\/www.nwaretech.com\\\/fr\\\/services\\\/architecture-analyse\\\/#breadcrumb\",\"itemListElement\":[{\"@type\":\"ListItem\",\"position\":1,\"name\":\"Home\",\"item\":\"https:\\\/\\\/www.nwaretech.com\\\/fr\\\/\"},{\"@type\":\"ListItem\",\"position\":2,\"name\":\"Services\",\"item\":\"https:\\\/\\\/www.nwaretech.com\\\/fr\\\/services\\\/\"},{\"@type\":\"ListItem\",\"position\":3,\"name\":\"Architecture et analyse\"}]},{\"@type\":\"WebSite\",\"@id\":\"https:\\\/\\\/www.nwaretech.com\\\/#website\",\"url\":\"https:\\\/\\\/www.nwaretech.com\\\/\",\"name\":\"N\u2019ware Technologies\",\"description\":\"ERP &amp; WMS Software\",\"potentialAction\":[{\"@type\":\"SearchAction\",\"target\":{\"@type\":\"EntryPoint\",\"urlTemplate\":\"https:\\\/\\\/www.nwaretech.com\\\/?s={search_term_string}\"},\"query-input\":{\"@type\":\"PropertyValueSpecification\",\"valueRequired\":true,\"valueName\":\"search_term_string\"}}],\"inLanguage\":\"fr-FR\"}]}<\/script>\n<!-- \/ Yoast SEO plugin. -->","yoast_head_json":{"title":"D\u00e9finir le processus selon vos besoins d'entreprise","description":"L\u2019objectif de l\u2019architecture de projet est de d\u00e9finir le processus de votre entreprise et d\u00e9finir comment ils s\u2019int\u00e9greront.","robots":{"index":"index","follow":"follow","max-snippet":"max-snippet:-1","max-image-preview":"max-image-preview:large","max-video-preview":"max-video-preview:-1"},"canonical":"https:\/\/www.nwaretech.com\/fr\/services\/architecture-analyse\/","og_locale":"fr_FR","og_type":"article","og_title":"D\u00e9finir le processus selon vos besoins d'entreprise","og_description":"L\u2019objectif de l\u2019architecture de projet est de d\u00e9finir le processus de votre entreprise et d\u00e9finir comment ils s\u2019int\u00e9greront.","og_url":"https:\/\/www.nwaretech.com\/fr\/services\/architecture-analyse\/","og_site_name":"N\u2019ware Technologies","article_modified_time":"2024-12-16T19:32:46+00:00","twitter_card":"summary_large_image","twitter_misc":{"Dur\u00e9e de lecture estim\u00e9e":"2 minutes"},"schema":{"@context":"https:\/\/schema.org","@graph":[{"@type":"WebPage","@id":"https:\/\/www.nwaretech.com\/services\/architecture-assessment\/","url":"https:\/\/www.nwaretech.com\/fr\/services\/architecture-analyse\/","name":"D\u00e9finir le processus selon vos besoins d'entreprise","isPartOf":{"@id":"https:\/\/www.nwaretech.com\/#website"},"datePublished":"2018-08-16T20:21:50+00:00","dateModified":"2024-12-16T19:32:46+00:00","description":"L\u2019objectif de l\u2019architecture de projet est de d\u00e9finir le processus de votre entreprise et d\u00e9finir comment ils s\u2019int\u00e9greront.","breadcrumb":{"@id":"https:\/\/www.nwaretech.com\/fr\/services\/architecture-analyse\/#breadcrumb"},"inLanguage":"fr-FR","potentialAction":[{"@type":"ReadAction","target":["https:\/\/www.nwaretech.com\/fr\/services\/architecture-analyse\/"]}]},{"@type":"BreadcrumbList","@id":"https:\/\/www.nwaretech.com\/fr\/services\/architecture-analyse\/#breadcrumb","itemListElement":[{"@type":"ListItem","position":1,"name":"Home","item":"https:\/\/www.nwaretech.com\/fr\/"},{"@type":"ListItem","position":2,"name":"Services","item":"https:\/\/www.nwaretech.com\/fr\/services\/"},{"@type":"ListItem","position":3,"name":"Architecture et analyse"}]},{"@type":"WebSite","@id":"https:\/\/www.nwaretech.com\/#website","url":"https:\/\/www.nwaretech.com\/","name":"N\u2019ware Technologies","description":"ERP &amp; WMS Software","potentialAction":[{"@type":"SearchAction","target":{"@type":"EntryPoint","urlTemplate":"https:\/\/www.nwaretech.com\/?s={search_term_string}"},"query-input":{"@type":"PropertyValueSpecification","valueRequired":true,"valueName":"search_term_string"}}],"inLanguage":"fr-FR"}]}},"_links":{"self":[{"href":"https:\/\/www.nwaretech.com\/fr\/wp-json\/wp\/v2\/pages\/5727","targetHints":{"allow":["GET"]}}],"collection":[{"href":"https:\/\/www.nwaretech.com\/fr\/wp-json\/wp\/v2\/pages"}],"about":[{"href":"https:\/\/www.nwaretech.com\/fr\/wp-json\/wp\/v2\/types\/page"}],"author":[{"embeddable":true,"href":"https:\/\/www.nwaretech.com\/fr\/wp-json\/wp\/v2\/users\/3"}],"replies":[{"embeddable":true,"href":"https:\/\/www.nwaretech.com\/fr\/wp-json\/wp\/v2\/comments?post=5727"}],"version-history":[{"count":0,"href":"https:\/\/www.nwaretech.com\/fr\/wp-json\/wp\/v2\/pages\/5727\/revisions"}],"up":[{"embeddable":true,"href":"https:\/\/www.nwaretech.com\/fr\/wp-json\/wp\/v2\/pages\/5752"}],"wp:attachment":[{"href":"https:\/\/www.nwaretech.com\/fr\/wp-json\/wp\/v2\/media?parent=5727"}],"curies":[{"name":"wp","href":"https:\/\/api.w.org\/{rel}","templated":true}]}}