{"id":5729,"date":"2018-08-16T15:17:52","date_gmt":"2018-08-16T20:17:52","guid":{"rendered":"http:\/\/nwaretech.webloft.info\/implementation-methodology\/"},"modified":"2024-12-16T14:29:48","modified_gmt":"2024-12-16T19:29:48","slug":"methodologie-dimplantation","status":"publish","type":"page","link":"https:\/\/www.nwaretech.com\/fr\/services\/methodologie-dimplantation\/","title":{"rendered":"M\u00e9thodologie d&#8217;impl\u00e9mentation"},"content":{"rendered":"<div class=\"wpb-content-wrapper\">[vc_row fullwidth=&#8221;true&#8221; css=&#8221;.vc_custom_1532701016934{margin-top: -155px !important;}&#8221;][vc_column][mk_page_title_box section_height=&#8221;500&#8243; bg_image=&#8221;https:\/\/www.nwaretech.com\/wp-content\/uploads\/2018\/08\/nware_implementation_methodology.jpg&#8221; bg_position=&#8221;center top&#8221; bg_stretch=&#8221;true&#8221; bg_effects=&#8221;parallax&#8221; underline=&#8221;false&#8221;][mk_divider style=&#8221;thin_solid&#8221; thickness=&#8221;3&#8243; margin_top=&#8221;0&#8243; margin_bottom=&#8221;0&#8243;][\/vc_column][\/vc_row][vc_row][vc_column][mk_padding_divider][\/vc_column][\/vc_row][vc_row][vc_column width=&#8221;2\/3&#8243;][mk_fancy_title font_family=&#8221;none&#8221;]\n<h1 class=\"has-h1\"><span id=\"result_box\" class=\"short_text\" lang=\"fr\"><span class=\"\">M\u00e9thodologie d&#8217;impl\u00e9mentation<\/span><\/span><\/h1>\n[\/mk_fancy_title][vc_column_text css=&#8221;.vc_custom_1536776051803{margin-bottom: 0px !important;}&#8221;]<span class=\"hps\">Bas\u00e9e sur<\/span> <span class=\"hps\">notre <\/span>expertise et <span class=\"hps\">connaissance de l\u2019industrie<\/span>, nous avons d\u00e9velopp\u00e9 <span class=\"hps\">une m\u00e9thodologie<\/span> <span class=\"hps\">de d\u00e9ploiement qui repose\u00a0<\/span><span class=\"hps\">sur les meilleures<\/span> <span class=\"hps\">pratiques\u00a0pour assurer le\u00a0succ\u00e8s de\u00a0nos projets<\/span>.[\/vc_column_text][mk_padding_divider][mk_fancy_title font_family=&#8221;none&#8221;]\n<h2>Les B\u00c9N\u00c9FICES de la m\u00e9thodologie d&#8217;implantation N&#8217;ware Technologies sont :<\/h2>\n[\/mk_fancy_title][mk_custom_list icon_color=&#8221;#081828&#8243;]\n<ul>\n<li>Les livrables sont bien d\u00e9finis, document\u00e9s et les attentes sont g\u00e9r\u00e9es.<\/li>\n<li>Les solutions ont \u00e9t\u00e9 test\u00e9es et r\u00e9pondent aux sp\u00e9cifications.<\/li>\n<li>Les pr\u00e9requis techniques sont connus et communiqu\u00e9s.<\/li>\n<li>Les modifications en cours de projet sont g\u00e9r\u00e9es et communiqu\u00e9es.<\/li>\n<li>Les budgets et l&#8217;avancement de projet sont contr\u00f4ll\u00e9s.<\/li>\n<li>La phase d&#8217;am\u00e9lioration continue est prise en charge.<\/li>\n<li><strong>RETOUR SUR L&#8217;INVESTISSEMENT PLUS RAPIDE!<br \/>\n<\/strong><\/li>\n<\/ul>\n[\/mk_custom_list][\/vc_column][vc_column width=&#8221;1\/3&#8243; css=&#8221;.vc_custom_1535748230499{background-color: #f4f4f4 !important;}&#8221;][mk_fancy_title font_family=&#8221;none&#8221;]\n<h2>Notre m\u00e9thodologie d&#8217;implantation est divis\u00e9e en 8 \u00e9tapes :<\/h2>\n[\/mk_fancy_title][vc_accordions style=&#8221;simple-style&#8221; container_bg_color=&#8221;&#8221;][vc_accordion_tab icon=&#8221;mk-icon-search&#8221; title=&#8221;Analyse pr\u00e9liminaire&#8221;][vc_column_text css=&#8221;.vc_custom_1536776199534{margin-bottom: 0px !important;}&#8221;]\n<ul>\n<li>Vente et compr\u00e9hension des besoins et enjeux.<\/li>\n<li>Analyse &#8220;Fit\/Gap&#8221;.<\/li>\n<li>Diagramme de processus et de flux d\u2019information.<\/li>\n<li>D\u00e9monstration et preuve de concept.<\/li>\n<\/ul>\n[\/vc_column_text][\/vc_accordion_tab][vc_accordion_tab icon=&#8221;mk-icon-hospital-o&#8221; title=&#8221;Gestion de projet&#8221;][vc_column_text css=&#8221;.vc_custom_1536776257179{margin-bottom: 0px !important;}&#8221;]\n<ul>\n<li>Gestion du risque.<\/li>\n<li>Gestion des requis et des attentes.<\/li>\n<li>Gestion de l\u2019avancement de projet.<\/li>\n<li>Suivi du budget.<\/li>\n<li>Gestions des jalons.<\/li>\n<\/ul>\n[\/vc_column_text][\/vc_accordion_tab][vc_accordion_tab icon=&#8221;mk-icon-bank&#8221; title=&#8221;Architecture &#8220;][vc_column_text css=&#8221;.vc_custom_1536776321939{margin-bottom: 0px !important;}&#8221;]\n<ul>\n<li>Architecture de projet.<\/li>\n<li>&#8220;Blueprint&#8221; de la solution.<\/li>\n<li>Analyse fonctionnelle des points d\u2019int\u00e9gration.<\/li>\n<li>Liste des requis au niveau infrastructure.<\/li>\n<\/ul>\n[\/vc_column_text][\/vc_accordion_tab][vc_accordion_tab icon=&#8221;mk-icon-cogs&#8221; title=&#8221;Configuration&#8221;][vc_column_text css=&#8221;.vc_custom_1536776357771{margin-bottom: 0px !important;}&#8221;]\n<ul>\n<li>Migration de donn\u00e9es.<\/li>\n<li>Installation.<\/li>\n<li>Importation.<\/li>\n<li>D\u00e9veloppement sur mesure.<\/li>\n<\/ul>\n[\/vc_column_text][\/vc_accordion_tab][vc_accordion_tab icon=&#8221;mk-icon-graduation-cap&#8221; title=&#8221;Formation&#8221;][vc_column_text css=&#8221;.vc_custom_1536776390435{margin-bottom: 0px !important;}&#8221;]\n<ul>\n<li>Formation du super utilisateur.<\/li>\n<li>Formation technique.<\/li>\n<li>Formation des utilisateurs.<\/li>\n<\/ul>\n[\/vc_column_text][\/vc_accordion_tab][vc_accordion_tab icon=&#8221;mk-icon-edit&#8221; title=&#8221;Test&#8221;][vc_column_text css=&#8221;.vc_custom_1536776466779{margin-bottom: 0px !important;}&#8221;]\n<ul>\n<li>Cycle de tests.<\/li>\n<li>Tests avec les utilisateurs.<\/li>\n<li>D\u00e9cision &#8220;GO ou NO GO&#8221;.<\/li>\n<li>Tests de conformit\u00e9.<\/li>\n<\/ul>\n[\/vc_column_text][\/vc_accordion_tab][vc_accordion_tab icon=&#8221;mk-icon-rocket&#8221; title=&#8221;Go live&#8221;][vc_column_text css=&#8221;.vc_custom_1536776512741{margin-bottom: 0px !important;}&#8221;]\n<ul>\n<li>Importation final.<\/li>\n<li>Conversion.<\/li>\n<li>Validation.<\/li>\n<li>&#8220;Go Live&#8221;.<\/li>\n<\/ul>\n[\/vc_column_text][\/vc_accordion_tab][vc_accordion_tab icon=&#8221;mk-icon-flag-checkered&#8221; title=&#8221;Post implantation&#8221;][vc_column_text css=&#8221;.vc_custom_1536776568787{margin-bottom: 0px !important;}&#8221;]\n<ul>\n<li>Post &#8220;Go live&#8221;.<\/li>\n<li>Support.<\/li>\n<li>Transfert au &#8220;Client Care&#8221;.<\/li>\n<li>Am\u00e9lioration continue.<\/li>\n<\/ul>\n[\/vc_column_text][\/vc_accordion_tab][\/vc_accordions][\/vc_column][\/vc_row][vc_row][vc_column][mk_padding_divider size=&#8221;100&#8243;][\/vc_column][\/vc_row][vc_row fullwidth=&#8221;true&#8221; css=&#8221;.vc_custom_1533222006898{margin-bottom: -50px !important;padding-top: 45px !important;padding-bottom: 25px !important;background-color: #edaf23 !important;}&#8221;][vc_column width=&#8221;2\/3&#8243; css=&#8221;.vc_custom_1532698532225{margin-top: 15px !important;}&#8221;][vc_column_text css=&#8221;.vc_custom_1536777274234{margin-bottom: 0px !important;}&#8221;]\n<h2 style=\"text-align: center;\"><span style=\"color: #081828;\"><strong>APPRENEZ COMMENT AM\u00c9LIORER LE FONCTIONNEMENT DE VOTRE ENTREPRISE<br \/>\n<\/strong><\/span><\/h2>\n[\/vc_column_text][\/vc_column][vc_column width=&#8221;1\/3&#8243;][mk_button dimension=&#8221;flat&#8221; corner_style=&#8221;rounded&#8221; size=&#8221;x-large&#8221; url=&#8221;https:\/\/www.nwaretech.com\/fr\/contact-us\/&#8221; margin_right=&#8221;20&#8243; bg_color=&#8221;#081828&#8243; btn_hover_bg=&#8221;#ffffff&#8221; btn_hover_txt_color=&#8221;#081828&#8243;]PLANIFIER UNE R\u00c9UNION[\/mk_button][\/vc_column][\/vc_row]\n<\/div>","protected":false},"excerpt":{"rendered":"<p>[vc_row fullwidth=&#8221;true&#8221; css=&#8221;.vc_custom_1532701016934{margin-top: -155px !important;}&#8221;][vc_column][mk_page_title_box section_height=&#8221;500&#8243; bg_image=&#8221;https:\/\/www.nwaretech.com\/wp-content\/uploads\/2018\/08\/nware_implementation_methodology.jpg&#8221; bg_position=&#8221;center top&#8221; bg_stretch=&#8221;true&#8221; bg_effects=&#8221;parallax&#8221; underline=&#8221;false&#8221;][mk_divider style=&#8221;thin_solid&#8221; thickness=&#8221;3&#8243; margin_top=&#8221;0&#8243; margin_bottom=&#8221;0&#8243;][\/vc_column][\/vc_row][vc_row][vc_column][mk_padding_divider][\/vc_column][\/vc_row][vc_row][vc_column width=&#8221;2\/3&#8243;][mk_fancy_title font_family=&#8221;none&#8221;] M\u00e9thodologie d&#8217;impl\u00e9mentation [\/mk_fancy_title][vc_column_text css=&#8221;.vc_custom_1536776051803{margin-bottom: 0px !important;}&#8221;]Bas\u00e9e sur notre expertise et connaissance de l\u2019industrie, nous avons d\u00e9velopp\u00e9 une m\u00e9thodologie de d\u00e9ploiement qui repose\u00a0sur les meilleures pratiques\u00a0pour assurer le\u00a0succ\u00e8s de\u00a0nos projets.[\/vc_column_text][mk_padding_divider][mk_fancy_title font_family=&#8221;none&#8221;] Les B\u00c9N\u00c9FICES de la m\u00e9thodologie d&#8217;implantation N&#8217;ware [&hellip;]<\/p>\n","protected":false},"author":3,"featured_media":0,"parent":5752,"menu_order":0,"comment_status":"closed","ping_status":"closed","template":"","meta":{"footnotes":""},"class_list":["post-5729","page","type-page","status-publish","hentry"],"yoast_head":"<!-- This site is optimized with the Yoast SEO plugin v27.5 - https:\/\/yoast.com\/product\/yoast-seo-wordpress\/ -->\n<title>M\u00e9thodologie d&#039;impl\u00e9mentation - N\u2019ware Technologies<\/title>\n<meta name=\"description\" content=\"N&#039;ware a d\u00e9velopp\u00e9 une m\u00e9thode d&#039;implantation bas\u00e9e sur les meilleures pratiques de l&#039;industrie. Experts de SAP Business One.\" \/>\n<meta name=\"robots\" content=\"index, follow, max-snippet:-1, max-image-preview:large, max-video-preview:-1\" \/>\n<link rel=\"canonical\" href=\"https:\/\/www.nwaretech.com\/fr\/services\/methodologie-dimplantation\/\" \/>\n<meta property=\"og:locale\" content=\"fr_FR\" \/>\n<meta property=\"og:type\" content=\"article\" \/>\n<meta property=\"og:title\" content=\"M\u00e9thodologie d&#039;impl\u00e9mentation - N\u2019ware Technologies\" \/>\n<meta property=\"og:description\" content=\"N&#039;ware a d\u00e9velopp\u00e9 une m\u00e9thode d&#039;implantation bas\u00e9e sur les meilleures pratiques de l&#039;industrie. Experts de SAP Business One.\" \/>\n<meta property=\"og:url\" content=\"https:\/\/www.nwaretech.com\/fr\/services\/methodologie-dimplantation\/\" \/>\n<meta property=\"og:site_name\" content=\"N\u2019ware Technologies\" \/>\n<meta property=\"article:modified_time\" content=\"2024-12-16T19:29:48+00:00\" \/>\n<meta name=\"twitter:card\" content=\"summary_large_image\" \/>\n<meta name=\"twitter:label1\" content=\"Dur\u00e9e de lecture estim\u00e9e\" \/>\n\t<meta name=\"twitter:data1\" content=\"2 minutes\" \/>\n<script type=\"application\/ld+json\" class=\"yoast-schema-graph\">{\"@context\":\"https:\\\/\\\/schema.org\",\"@graph\":[{\"@type\":\"WebPage\",\"@id\":\"https:\\\/\\\/www.nwaretech.com\\\/fr\\\/services\\\/methodologie-dimplantation\\\/\",\"url\":\"https:\\\/\\\/www.nwaretech.com\\\/fr\\\/services\\\/methodologie-dimplantation\\\/\",\"name\":\"M\u00e9thodologie d'impl\u00e9mentation - N\u2019ware Technologies\",\"isPartOf\":{\"@id\":\"https:\\\/\\\/www.nwaretech.com\\\/#website\"},\"datePublished\":\"2018-08-16T20:17:52+00:00\",\"dateModified\":\"2024-12-16T19:29:48+00:00\",\"description\":\"N'ware a d\u00e9velopp\u00e9 une m\u00e9thode d'implantation bas\u00e9e sur les meilleures pratiques de l'industrie. Experts de SAP Business One.\",\"breadcrumb\":{\"@id\":\"https:\\\/\\\/www.nwaretech.com\\\/fr\\\/services\\\/methodologie-dimplantation\\\/#breadcrumb\"},\"inLanguage\":\"fr-FR\",\"potentialAction\":[{\"@type\":\"ReadAction\",\"target\":[\"https:\\\/\\\/www.nwaretech.com\\\/fr\\\/services\\\/methodologie-dimplantation\\\/\"]}]},{\"@type\":\"BreadcrumbList\",\"@id\":\"https:\\\/\\\/www.nwaretech.com\\\/fr\\\/services\\\/methodologie-dimplantation\\\/#breadcrumb\",\"itemListElement\":[{\"@type\":\"ListItem\",\"position\":1,\"name\":\"Home\",\"item\":\"https:\\\/\\\/www.nwaretech.com\\\/fr\\\/\"},{\"@type\":\"ListItem\",\"position\":2,\"name\":\"Services\",\"item\":\"https:\\\/\\\/www.nwaretech.com\\\/fr\\\/services\\\/\"},{\"@type\":\"ListItem\",\"position\":3,\"name\":\"M\u00e9thodologie d&rsquo;impl\u00e9mentation\"}]},{\"@type\":\"WebSite\",\"@id\":\"https:\\\/\\\/www.nwaretech.com\\\/#website\",\"url\":\"https:\\\/\\\/www.nwaretech.com\\\/\",\"name\":\"N\u2019ware Technologies\",\"description\":\"ERP &amp; WMS Software\",\"potentialAction\":[{\"@type\":\"SearchAction\",\"target\":{\"@type\":\"EntryPoint\",\"urlTemplate\":\"https:\\\/\\\/www.nwaretech.com\\\/?s={search_term_string}\"},\"query-input\":{\"@type\":\"PropertyValueSpecification\",\"valueRequired\":true,\"valueName\":\"search_term_string\"}}],\"inLanguage\":\"fr-FR\"}]}<\/script>\n<!-- \/ Yoast SEO plugin. -->","yoast_head_json":{"title":"M\u00e9thodologie d'impl\u00e9mentation - N\u2019ware Technologies","description":"N'ware a d\u00e9velopp\u00e9 une m\u00e9thode d'implantation bas\u00e9e sur les meilleures pratiques de l'industrie. Experts de SAP Business One.","robots":{"index":"index","follow":"follow","max-snippet":"max-snippet:-1","max-image-preview":"max-image-preview:large","max-video-preview":"max-video-preview:-1"},"canonical":"https:\/\/www.nwaretech.com\/fr\/services\/methodologie-dimplantation\/","og_locale":"fr_FR","og_type":"article","og_title":"M\u00e9thodologie d'impl\u00e9mentation - N\u2019ware Technologies","og_description":"N'ware a d\u00e9velopp\u00e9 une m\u00e9thode d'implantation bas\u00e9e sur les meilleures pratiques de l'industrie. Experts de SAP Business One.","og_url":"https:\/\/www.nwaretech.com\/fr\/services\/methodologie-dimplantation\/","og_site_name":"N\u2019ware Technologies","article_modified_time":"2024-12-16T19:29:48+00:00","twitter_card":"summary_large_image","twitter_misc":{"Dur\u00e9e de lecture estim\u00e9e":"2 minutes"},"schema":{"@context":"https:\/\/schema.org","@graph":[{"@type":"WebPage","@id":"https:\/\/www.nwaretech.com\/fr\/services\/methodologie-dimplantation\/","url":"https:\/\/www.nwaretech.com\/fr\/services\/methodologie-dimplantation\/","name":"M\u00e9thodologie d'impl\u00e9mentation - N\u2019ware Technologies","isPartOf":{"@id":"https:\/\/www.nwaretech.com\/#website"},"datePublished":"2018-08-16T20:17:52+00:00","dateModified":"2024-12-16T19:29:48+00:00","description":"N'ware a d\u00e9velopp\u00e9 une m\u00e9thode d'implantation bas\u00e9e sur les meilleures pratiques de l'industrie. Experts de SAP Business One.","breadcrumb":{"@id":"https:\/\/www.nwaretech.com\/fr\/services\/methodologie-dimplantation\/#breadcrumb"},"inLanguage":"fr-FR","potentialAction":[{"@type":"ReadAction","target":["https:\/\/www.nwaretech.com\/fr\/services\/methodologie-dimplantation\/"]}]},{"@type":"BreadcrumbList","@id":"https:\/\/www.nwaretech.com\/fr\/services\/methodologie-dimplantation\/#breadcrumb","itemListElement":[{"@type":"ListItem","position":1,"name":"Home","item":"https:\/\/www.nwaretech.com\/fr\/"},{"@type":"ListItem","position":2,"name":"Services","item":"https:\/\/www.nwaretech.com\/fr\/services\/"},{"@type":"ListItem","position":3,"name":"M\u00e9thodologie d&rsquo;impl\u00e9mentation"}]},{"@type":"WebSite","@id":"https:\/\/www.nwaretech.com\/#website","url":"https:\/\/www.nwaretech.com\/","name":"N\u2019ware Technologies","description":"ERP &amp; WMS Software","potentialAction":[{"@type":"SearchAction","target":{"@type":"EntryPoint","urlTemplate":"https:\/\/www.nwaretech.com\/?s={search_term_string}"},"query-input":{"@type":"PropertyValueSpecification","valueRequired":true,"valueName":"search_term_string"}}],"inLanguage":"fr-FR"}]}},"_links":{"self":[{"href":"https:\/\/www.nwaretech.com\/fr\/wp-json\/wp\/v2\/pages\/5729","targetHints":{"allow":["GET"]}}],"collection":[{"href":"https:\/\/www.nwaretech.com\/fr\/wp-json\/wp\/v2\/pages"}],"about":[{"href":"https:\/\/www.nwaretech.com\/fr\/wp-json\/wp\/v2\/types\/page"}],"author":[{"embeddable":true,"href":"https:\/\/www.nwaretech.com\/fr\/wp-json\/wp\/v2\/users\/3"}],"replies":[{"embeddable":true,"href":"https:\/\/www.nwaretech.com\/fr\/wp-json\/wp\/v2\/comments?post=5729"}],"version-history":[{"count":0,"href":"https:\/\/www.nwaretech.com\/fr\/wp-json\/wp\/v2\/pages\/5729\/revisions"}],"up":[{"embeddable":true,"href":"https:\/\/www.nwaretech.com\/fr\/wp-json\/wp\/v2\/pages\/5752"}],"wp:attachment":[{"href":"https:\/\/www.nwaretech.com\/fr\/wp-json\/wp\/v2\/media?parent=5729"}],"curies":[{"name":"wp","href":"https:\/\/api.w.org\/{rel}","templated":true}]}}