{"id":5731,"date":"2018-08-16T15:10:32","date_gmt":"2018-08-16T20:10:32","guid":{"rendered":"http:\/\/nwaretech.webloft.info\/on-premise\/"},"modified":"2025-01-22T13:32:06","modified_gmt":"2025-01-22T18:32:06","slug":"en-entreprise","status":"publish","type":"page","link":"https:\/\/www.nwaretech.com\/fr\/en-entreprise\/","title":{"rendered":"En Entreprise"},"content":{"rendered":"<div class=\"wpb-content-wrapper\">[vc_row fullwidth=&#8221;true&#8221; css=&#8221;.vc_custom_1532701016934{margin-top: -155px !important;}&#8221;][vc_column][mk_page_title_box section_height=&#8221;500&#8243; bg_image=&#8221;https:\/\/www.nwaretech.com\/wp-content\/uploads\/2018\/08\/nware_technologies_on_premise.jpg&#8221; bg_position=&#8221;center top&#8221; bg_stretch=&#8221;true&#8221; bg_effects=&#8221;parallax&#8221; underline=&#8221;false&#8221;][mk_divider style=&#8221;thin_solid&#8221; thickness=&#8221;3&#8243; margin_top=&#8221;0&#8243; margin_bottom=&#8221;0&#8243;][\/vc_column][\/vc_row][vc_row][vc_column][mk_padding_divider][mk_fancy_title font_family=&#8221;none&#8221;]\n<h1>Mode de d\u00e9ploiement en entreprise<\/h1>\n[\/mk_fancy_title][mk_padding_divider][\/vc_column][\/vc_row][vc_row][vc_column][mk_fancy_title font_family=&#8221;none&#8221;]\n<h2>Contr\u00f4le total sur votre infrastructure<\/h2>\n[\/mk_fancy_title][vc_column_text css=&#8221;.vc_custom_1536783040725{margin-bottom: 0px !important;}&#8221;]<span class=\"hps\">En-Entreprise ou Sur-Site<\/span> <span class=\"hps\">signifie que les logiciels, serveurs et \u00e9quipements sont\u00a0<\/span><span class=\"hps\">install\u00e9s et op\u00e9r\u00e9s sur les lieux physique de l\u2019entreprise\u00a0<\/span><span class=\"hps atn\">(<\/span>dans le b\u00e2timent) <span class=\"hps\">plut\u00f4t que<\/span> <span class=\"hps\">dans une installation<\/span> <span class=\"hps\">\u00e0 distance ( cloud ou h\u00e9berg\u00e9)<\/span>,[\/vc_column_text][mk_padding_divider][\/vc_column][\/vc_row][vc_row][vc_column][mk_fancy_title font_family=&#8221;none&#8221;]\n<h2>Principales raisons pour justifier le mode En-Entreprise<\/h2>\n[\/mk_fancy_title][vc_column_text css=&#8221;.vc_custom_1536783156069{margin-bottom: 0px !important;}&#8221;]<span class=\"hps\">Les clients ont plein\u00a0<\/span><span class=\"hps\">contr\u00f4le de <\/span><span class=\"hps\">l\u2019ensemble de<\/span> <span class=\"hps\">leur infrastructure<\/span> <span class=\"hps\">et<\/span> <span class=\"hps\">peuvent<\/span> <span class=\"hps\">\u00e0 tout moment<\/span>\u00a0agir <span class=\"hps\">physiquement<\/span> <span class=\"hps\">\u200b\u200bsur <\/span><span class=\"hps\">leurs serveurs<\/span>. <span class=\"hps\">Bien que ce soit<\/span> <span class=\"hps\">un grand avantage<\/span>,\u00a0 vous devez <span class=\"hps\">planifier<\/span>, <span class=\"hps\">maintenir<\/span>, <span class=\"hps\">et payer pour<\/span> <span class=\"hps\">tous les aspects <\/span><span class=\"hps\">tels que :<br \/>\n<\/span>[\/vc_column_text][mk_custom_list icon_color=&#8221;#081828&#8243;]\n<ul>\n<li><span class=\"hps\">Besoins de base\u00a0<\/span><span class=\"hps\"> \u2013<\/span> <span class=\"hps\">\u00e9lectricit\u00e9<\/span>, pieds carr\u00e9s, conditionnement, etc.<\/li>\n<li>\u00c9quipement- serveur, stockage, backup, etc.<\/li>\n<li>Logiciels \u2013 s\u00e9curit\u00e9, disponibilit\u00e9,<\/li>\n<li>Plan de contingence, etc.<\/li>\n<li>Op\u00e9rations \u2013 administration, support, maintenance, etc.<\/li>\n<li>D\u00e9ploiement et migration- gestion de projet, design de l\u2019architecture, services profesionnels, etc.<\/li>\n<\/ul>\n[\/mk_custom_list][vc_column_text css=&#8221;.vc_custom_1536783169186{margin-bottom: 0px !important;}&#8221;]Tout ceci\u00a0<span class=\"hps\">peut facilement<\/span> devenir\u00a0u<span class=\"hps\">ne surcharge<\/span> de travail sans parler de d\u00e9penses qui affectent directement les liquidit\u00e9s de l\u2019entreprise.[\/vc_column_text][mk_padding_divider][\/vc_column][\/vc_row][vc_row][vc_column][vc_message]\n<h3>Que devez-vous savoir?<\/h3>\n<p>En g\u00e9n\u00e9ral, plus une entreprise \u00e0 des applications d\u00e9velopp\u00e9es sur mesure, plus elle aura tendance \u00e0 choisir un mode de d\u00e9ploiement En-Entreprise.[\/vc_message][\/vc_column][\/vc_row][vc_row][vc_column][mk_padding_divider][\/vc_column][\/vc_row][vc_row fullwidth=&#8221;true&#8221; css=&#8221;.vc_custom_1533222006898{margin-bottom: -50px !important;padding-top: 45px !important;padding-bottom: 25px !important;background-color: #edaf23 !important;}&#8221;][vc_column width=&#8221;2\/3&#8243; css=&#8221;.vc_custom_1532698532225{margin-top: 15px !important;}&#8221;][vc_column_text css=&#8221;.vc_custom_1536783071514{margin-bottom: 0px !important;}&#8221;]\n<h2 style=\"text-align: center;\"><strong>APPRENEZ COMMENT AM\u00c9LIORER LE FONCTIONNEMENT DE VOTRE ENTREPRISE<\/strong><\/h2>\n[\/vc_column_text][\/vc_column][vc_column width=&#8221;1\/3&#8243;][mk_button dimension=&#8221;flat&#8221; corner_style=&#8221;rounded&#8221; size=&#8221;x-large&#8221; url=&#8221;https:\/\/www.nwaretech.com\/fr\/contact-us\/&#8221; margin_right=&#8221;20&#8243; bg_color=&#8221;#081828&#8243; btn_hover_bg=&#8221;#ffffff&#8221; btn_hover_txt_color=&#8221;#081828&#8243;]PLANIFIER UNE R\u00c9UNION[\/mk_button][\/vc_column][\/vc_row]\n<\/div>","protected":false},"excerpt":{"rendered":"<p>[vc_row fullwidth=&#8221;true&#8221; css=&#8221;.vc_custom_1532701016934{margin-top: -155px !important;}&#8221;][vc_column][mk_page_title_box section_height=&#8221;500&#8243; bg_image=&#8221;https:\/\/www.nwaretech.com\/wp-content\/uploads\/2018\/08\/nware_technologies_on_premise.jpg&#8221; bg_position=&#8221;center top&#8221; bg_stretch=&#8221;true&#8221; bg_effects=&#8221;parallax&#8221; underline=&#8221;false&#8221;][mk_divider style=&#8221;thin_solid&#8221; thickness=&#8221;3&#8243; margin_top=&#8221;0&#8243; margin_bottom=&#8221;0&#8243;][\/vc_column][\/vc_row][vc_row][vc_column][mk_padding_divider][mk_fancy_title font_family=&#8221;none&#8221;] Mode de d\u00e9ploiement en entreprise [\/mk_fancy_title][mk_padding_divider][\/vc_column][\/vc_row][vc_row][vc_column][mk_fancy_title font_family=&#8221;none&#8221;] Contr\u00f4le total sur votre infrastructure [\/mk_fancy_title][vc_column_text css=&#8221;.vc_custom_1536783040725{margin-bottom: 0px !important;}&#8221;]En-Entreprise ou Sur-Site signifie que les logiciels, serveurs et \u00e9quipements sont\u00a0install\u00e9s et op\u00e9r\u00e9s sur les lieux physique de l\u2019entreprise\u00a0(dans le b\u00e2timent) plut\u00f4t que [&hellip;]<\/p>\n","protected":false},"author":3,"featured_media":0,"parent":0,"menu_order":0,"comment_status":"closed","ping_status":"closed","template":"","meta":{"footnotes":""},"class_list":["post-5731","page","type-page","status-publish","hentry"],"yoast_head":"<!-- This site is optimized with the Yoast SEO plugin v27.2 - https:\/\/yoast.com\/product\/yoast-seo-wordpress\/ -->\n<title>M\u00e9thode de D\u00e9ploiement en Entreprise - N&#039;ware Technologies<\/title>\n<meta name=\"description\" content=\"En Entreprise signifie que le logiciel est install\u00e9 et ex\u00e9cut\u00e9 sur des serveurs dans les locaux de l&#039;organisation.\" \/>\n<meta name=\"robots\" content=\"index, follow, max-snippet:-1, max-image-preview:large, max-video-preview:-1\" \/>\n<link rel=\"canonical\" href=\"https:\/\/www.nwaretech.com\/fr\/en-entreprise\/\" \/>\n<meta property=\"og:locale\" content=\"fr_FR\" \/>\n<meta property=\"og:type\" content=\"article\" \/>\n<meta property=\"og:title\" content=\"M\u00e9thode de D\u00e9ploiement en Entreprise - N&#039;ware Technologies\" \/>\n<meta property=\"og:description\" content=\"En Entreprise signifie que le logiciel est install\u00e9 et ex\u00e9cut\u00e9 sur des serveurs dans les locaux de l&#039;organisation.\" \/>\n<meta property=\"og:url\" content=\"https:\/\/www.nwaretech.com\/fr\/en-entreprise\/\" \/>\n<meta property=\"og:site_name\" content=\"N\u2019ware Technologies\" \/>\n<meta property=\"article:modified_time\" content=\"2025-01-22T18:32:06+00:00\" \/>\n<meta name=\"twitter:card\" content=\"summary_large_image\" \/>\n<meta name=\"twitter:label1\" content=\"Dur\u00e9e de lecture estim\u00e9e\" \/>\n\t<meta name=\"twitter:data1\" content=\"2 minutes\" \/>\n<script type=\"application\/ld+json\" class=\"yoast-schema-graph\">{\"@context\":\"https:\/\/schema.org\",\"@graph\":[{\"@type\":\"WebPage\",\"@id\":\"https:\/\/www.nwaretech.com\/fr\/en-entreprise\/\",\"url\":\"https:\/\/www.nwaretech.com\/fr\/en-entreprise\/\",\"name\":\"M\u00e9thode de D\u00e9ploiement en Entreprise - N'ware Technologies\",\"isPartOf\":{\"@id\":\"https:\/\/www.nwaretech.com\/#website\"},\"datePublished\":\"2018-08-16T20:10:32+00:00\",\"dateModified\":\"2025-01-22T18:32:06+00:00\",\"description\":\"En Entreprise signifie que le logiciel est install\u00e9 et ex\u00e9cut\u00e9 sur des serveurs dans les locaux de l'organisation.\",\"breadcrumb\":{\"@id\":\"https:\/\/www.nwaretech.com\/fr\/en-entreprise\/#breadcrumb\"},\"inLanguage\":\"fr-FR\",\"potentialAction\":[{\"@type\":\"ReadAction\",\"target\":[\"https:\/\/www.nwaretech.com\/fr\/en-entreprise\/\"]}]},{\"@type\":\"BreadcrumbList\",\"@id\":\"https:\/\/www.nwaretech.com\/fr\/en-entreprise\/#breadcrumb\",\"itemListElement\":[{\"@type\":\"ListItem\",\"position\":1,\"name\":\"Home\",\"item\":\"https:\/\/www.nwaretech.com\/fr\/\"},{\"@type\":\"ListItem\",\"position\":2,\"name\":\"En Entreprise\"}]},{\"@type\":\"WebSite\",\"@id\":\"https:\/\/www.nwaretech.com\/#website\",\"url\":\"https:\/\/www.nwaretech.com\/\",\"name\":\"N\u2019ware Technologies\",\"description\":\"ERP &amp; WMS Software\",\"potentialAction\":[{\"@type\":\"SearchAction\",\"target\":{\"@type\":\"EntryPoint\",\"urlTemplate\":\"https:\/\/www.nwaretech.com\/?s={search_term_string}\"},\"query-input\":{\"@type\":\"PropertyValueSpecification\",\"valueRequired\":true,\"valueName\":\"search_term_string\"}}],\"inLanguage\":\"fr-FR\"}]}<\/script>\n<!-- \/ Yoast SEO plugin. -->","yoast_head_json":{"title":"M\u00e9thode de D\u00e9ploiement en Entreprise - N'ware Technologies","description":"En Entreprise signifie que le logiciel est install\u00e9 et ex\u00e9cut\u00e9 sur des serveurs dans les locaux de l'organisation.","robots":{"index":"index","follow":"follow","max-snippet":"max-snippet:-1","max-image-preview":"max-image-preview:large","max-video-preview":"max-video-preview:-1"},"canonical":"https:\/\/www.nwaretech.com\/fr\/en-entreprise\/","og_locale":"fr_FR","og_type":"article","og_title":"M\u00e9thode de D\u00e9ploiement en Entreprise - N'ware Technologies","og_description":"En Entreprise signifie que le logiciel est install\u00e9 et ex\u00e9cut\u00e9 sur des serveurs dans les locaux de l'organisation.","og_url":"https:\/\/www.nwaretech.com\/fr\/en-entreprise\/","og_site_name":"N\u2019ware Technologies","article_modified_time":"2025-01-22T18:32:06+00:00","twitter_card":"summary_large_image","twitter_misc":{"Dur\u00e9e de lecture estim\u00e9e":"2 minutes"},"schema":{"@context":"https:\/\/schema.org","@graph":[{"@type":"WebPage","@id":"https:\/\/www.nwaretech.com\/fr\/en-entreprise\/","url":"https:\/\/www.nwaretech.com\/fr\/en-entreprise\/","name":"M\u00e9thode de D\u00e9ploiement en Entreprise - N'ware Technologies","isPartOf":{"@id":"https:\/\/www.nwaretech.com\/#website"},"datePublished":"2018-08-16T20:10:32+00:00","dateModified":"2025-01-22T18:32:06+00:00","description":"En Entreprise signifie que le logiciel est install\u00e9 et ex\u00e9cut\u00e9 sur des serveurs dans les locaux de l'organisation.","breadcrumb":{"@id":"https:\/\/www.nwaretech.com\/fr\/en-entreprise\/#breadcrumb"},"inLanguage":"fr-FR","potentialAction":[{"@type":"ReadAction","target":["https:\/\/www.nwaretech.com\/fr\/en-entreprise\/"]}]},{"@type":"BreadcrumbList","@id":"https:\/\/www.nwaretech.com\/fr\/en-entreprise\/#breadcrumb","itemListElement":[{"@type":"ListItem","position":1,"name":"Home","item":"https:\/\/www.nwaretech.com\/fr\/"},{"@type":"ListItem","position":2,"name":"En Entreprise"}]},{"@type":"WebSite","@id":"https:\/\/www.nwaretech.com\/#website","url":"https:\/\/www.nwaretech.com\/","name":"N\u2019ware Technologies","description":"ERP &amp; WMS Software","potentialAction":[{"@type":"SearchAction","target":{"@type":"EntryPoint","urlTemplate":"https:\/\/www.nwaretech.com\/?s={search_term_string}"},"query-input":{"@type":"PropertyValueSpecification","valueRequired":true,"valueName":"search_term_string"}}],"inLanguage":"fr-FR"}]}},"_links":{"self":[{"href":"https:\/\/www.nwaretech.com\/fr\/wp-json\/wp\/v2\/pages\/5731","targetHints":{"allow":["GET"]}}],"collection":[{"href":"https:\/\/www.nwaretech.com\/fr\/wp-json\/wp\/v2\/pages"}],"about":[{"href":"https:\/\/www.nwaretech.com\/fr\/wp-json\/wp\/v2\/types\/page"}],"author":[{"embeddable":true,"href":"https:\/\/www.nwaretech.com\/fr\/wp-json\/wp\/v2\/users\/3"}],"replies":[{"embeddable":true,"href":"https:\/\/www.nwaretech.com\/fr\/wp-json\/wp\/v2\/comments?post=5731"}],"version-history":[{"count":0,"href":"https:\/\/www.nwaretech.com\/fr\/wp-json\/wp\/v2\/pages\/5731\/revisions"}],"wp:attachment":[{"href":"https:\/\/www.nwaretech.com\/fr\/wp-json\/wp\/v2\/media?parent=5731"}],"curies":[{"name":"wp","href":"https:\/\/api.w.org\/{rel}","templated":true}]}}