{"id":5734,"date":"2018-08-16T15:08:56","date_gmt":"2018-08-16T20:08:56","guid":{"rendered":"http:\/\/nwaretech.webloft.info\/hosted\/"},"modified":"2024-12-16T13:17:51","modified_gmt":"2024-12-16T18:17:51","slug":"heberge","status":"publish","type":"page","link":"https:\/\/www.nwaretech.com\/fr\/services\/heberge\/","title":{"rendered":"H\u00e9berg\u00e9"},"content":{"rendered":"<div class=\"wpb-content-wrapper\">[vc_row fullwidth=&#8221;true&#8221; css=&#8221;.vc_custom_1532701016934{margin-top: -155px !important;}&#8221;][vc_column][mk_page_title_box section_height=&#8221;500&#8243; bg_image=&#8221;https:\/\/www.nwaretech.com\/wp-content\/uploads\/2018\/08\/nware_technologies_hosted_service.jpg&#8221; bg_position=&#8221;center top&#8221; bg_stretch=&#8221;true&#8221; bg_effects=&#8221;parallax&#8221; underline=&#8221;false&#8221;][mk_divider style=&#8221;thin_solid&#8221; thickness=&#8221;3&#8243; margin_top=&#8221;0&#8243; margin_bottom=&#8221;0&#8243;][\/vc_column][\/vc_row][vc_row][vc_column][mk_padding_divider][\/vc_column][\/vc_row][vc_row][vc_column][mk_fancy_title font_family=&#8221;none&#8221;]\n<h1>Mode de d\u00e9ploiement h\u00e9berg\u00e9<\/h1>\n[\/mk_fancy_title][vc_column_text css=&#8221;.vc_custom_1536782030388{margin-bottom: 0px !important;}&#8221;]<span class=\"stext\">Flexibilit\u00e9 totale<\/span>[\/vc_column_text][mk_padding_divider][\/vc_column][\/vc_row][vc_row][vc_column][mk_fancy_title font_family=&#8221;none&#8221;]\n<h2>Diminuer vos besoins\u00a0en\u00a0p<span class=\"hps\">ersonnel informatique<\/span><\/h2>\n[\/mk_fancy_title][vc_row_inner][vc_column_inner][vc_column_text css=&#8221;.vc_custom_1538509217482{margin-bottom: 0px !important;}&#8221;]La ligne est floue entre l\u2019h\u00e9bergement d\u2019applications et le SaaS (qui fait r\u00e9f\u00e9rence \u00e0 dans les nuages). L\u2018objectif principal de l\u2019h\u00e9bergement est d\u2019offrir du \u00ab racking\u00bb\u00e0 l\u2019ext\u00e9rieur.<\/p>\n<p>Essentiellement les serveurs sont situ\u00e9s dans des centres de donn\u00e9es externes \u2013 Vous aurez le choix entre des fournisseurs sugg\u00e9r\u00e9s ou \u00e0 votre choix ou directement par SAP.[\/vc_column_text][\/vc_column_inner][\/vc_row_inner][mk_padding_divider][\/vc_column][\/vc_row][vc_row][vc_column][mk_fancy_title font_family=&#8221;none&#8221;]\n<h2>Principales raisons pour justifier le choix d\u2019h\u00e9bergement<\/h2>\n[\/mk_fancy_title][mk_custom_list icon_color=&#8221;#081828&#8243;]\n<ul>\n<li>Diminue les besoins de main-d\u2019oeuvre\u00a0pour maintenir et g\u00e9rer quotidiennement les serveurs et les \u00e9quipements.<\/li>\n<li>Permet de contr\u00f4ler un environnement sur mesure adapt\u00e9 aux besoins sp\u00e9cifiques.<\/li>\n<\/ul>\n[\/mk_custom_list][mk_padding_divider][\/vc_column][\/vc_row][vc_row][vc_column][vc_message]\n<h2>Que devriez vous savoir?<\/h2>\n<p>S\u00e9curit\u00e9. Dois-je partager les serveurs avec d\u2019autres? Quels sont les processus en place pour corriger les probl\u00e8mes rapidement? Quelle est la fr\u00e9quence des mises \u00e0 jour? Il y a-t-il de la redondance?[\/vc_message][mk_padding_divider][\/vc_column][\/vc_row][vc_row][vc_column][mk_padding_divider size=&#8221;100&#8243;][\/vc_column][\/vc_row][vc_row fullwidth=&#8221;true&#8221; css=&#8221;.vc_custom_1533222006898{margin-bottom: -50px !important;padding-top: 45px !important;padding-bottom: 25px !important;background-color: #edaf23 !important;}&#8221;][vc_column width=&#8221;2\/3&#8243; css=&#8221;.vc_custom_1532698532225{margin-top: 15px !important;}&#8221;][vc_column_text css=&#8221;.vc_custom_1536781909728{margin-bottom: 0px !important;}&#8221;]\n<h2 style=\"text-align: center;\"><strong>APPRENEZ COMMENT AM\u00c9LIORER LE FONCTIONNEMENT DE VOTRE ENTREPRISE<\/strong><\/h2>\n[\/vc_column_text][\/vc_column][vc_column width=&#8221;1\/3&#8243;][mk_button dimension=&#8221;flat&#8221; corner_style=&#8221;rounded&#8221; size=&#8221;x-large&#8221; url=&#8221;https:\/\/www.nwaretech.com\/fr\/contact-us\/&#8221; margin_right=&#8221;20&#8243; bg_color=&#8221;#081828&#8243; btn_hover_bg=&#8221;#ffffff&#8221; btn_hover_txt_color=&#8221;#081828&#8243;]PLANIFIER UNE R\u00c9UNION[\/mk_button][\/vc_column][\/vc_row]\n<\/div>","protected":false},"excerpt":{"rendered":"<p>[vc_row fullwidth=&#8221;true&#8221; css=&#8221;.vc_custom_1532701016934{margin-top: -155px !important;}&#8221;][vc_column][mk_page_title_box section_height=&#8221;500&#8243; bg_image=&#8221;https:\/\/www.nwaretech.com\/wp-content\/uploads\/2018\/08\/nware_technologies_hosted_service.jpg&#8221; bg_position=&#8221;center top&#8221; bg_stretch=&#8221;true&#8221; bg_effects=&#8221;parallax&#8221; underline=&#8221;false&#8221;][mk_divider style=&#8221;thin_solid&#8221; thickness=&#8221;3&#8243; margin_top=&#8221;0&#8243; margin_bottom=&#8221;0&#8243;][\/vc_column][\/vc_row][vc_row][vc_column][mk_padding_divider][\/vc_column][\/vc_row][vc_row][vc_column][mk_fancy_title font_family=&#8221;none&#8221;] Mode de d\u00e9ploiement h\u00e9berg\u00e9 [\/mk_fancy_title][vc_column_text css=&#8221;.vc_custom_1536782030388{margin-bottom: 0px !important;}&#8221;]Flexibilit\u00e9 totale[\/vc_column_text][mk_padding_divider][\/vc_column][\/vc_row][vc_row][vc_column][mk_fancy_title font_family=&#8221;none&#8221;] Diminuer vos besoins\u00a0en\u00a0personnel informatique [\/mk_fancy_title][vc_row_inner][vc_column_inner][vc_column_text css=&#8221;.vc_custom_1538509217482{margin-bottom: 0px !important;}&#8221;]La ligne est floue entre l\u2019h\u00e9bergement d\u2019applications et le SaaS (qui fait r\u00e9f\u00e9rence \u00e0 dans les nuages). L\u2018objectif principal de l\u2019h\u00e9bergement [&hellip;]<\/p>\n","protected":false},"author":3,"featured_media":0,"parent":5752,"menu_order":0,"comment_status":"closed","ping_status":"closed","template":"","meta":{"footnotes":""},"class_list":["post-5734","page","type-page","status-publish","hentry"],"yoast_head":"<!-- This site is optimized with the Yoast SEO plugin v27.2 - https:\/\/yoast.com\/product\/yoast-seo-wordpress\/ -->\n<title>Mode de D\u00e9ploiement H\u00e9berg\u00e9 - N&#039;ware Technologies<\/title>\n<meta name=\"description\" content=\"Partagez-vous votre serveur avec d\u2019autres? Quels processus sont en place pour corriger rapidement les probl\u00e8mes? Vous avez des Back-ups?\" \/>\n<meta name=\"robots\" content=\"index, follow, max-snippet:-1, max-image-preview:large, max-video-preview:-1\" \/>\n<link rel=\"canonical\" href=\"https:\/\/www.nwaretech.com\/fr\/services\/heberge\/\" \/>\n<meta property=\"og:locale\" content=\"fr_FR\" \/>\n<meta property=\"og:type\" content=\"article\" \/>\n<meta property=\"og:title\" content=\"Mode de D\u00e9ploiement H\u00e9berg\u00e9 - N&#039;ware Technologies\" \/>\n<meta property=\"og:description\" content=\"Partagez-vous votre serveur avec d\u2019autres? Quels processus sont en place pour corriger rapidement les probl\u00e8mes? Vous avez des Back-ups?\" \/>\n<meta property=\"og:url\" content=\"https:\/\/www.nwaretech.com\/fr\/services\/heberge\/\" \/>\n<meta property=\"og:site_name\" content=\"N\u2019ware Technologies\" \/>\n<meta property=\"article:modified_time\" content=\"2024-12-16T18:17:51+00:00\" \/>\n<meta name=\"twitter:card\" content=\"summary_large_image\" \/>\n<meta name=\"twitter:label1\" content=\"Dur\u00e9e de lecture estim\u00e9e\" \/>\n\t<meta name=\"twitter:data1\" content=\"1 minute\" \/>\n<script type=\"application\/ld+json\" class=\"yoast-schema-graph\">{\"@context\":\"https:\/\/schema.org\",\"@graph\":[{\"@type\":\"WebPage\",\"@id\":\"https:\/\/www.nwaretech.com\/services\/hosted\/\",\"url\":\"https:\/\/www.nwaretech.com\/fr\/services\/heberge\/\",\"name\":\"Mode de D\u00e9ploiement H\u00e9berg\u00e9 - N'ware Technologies\",\"isPartOf\":{\"@id\":\"https:\/\/www.nwaretech.com\/#website\"},\"datePublished\":\"2018-08-16T20:08:56+00:00\",\"dateModified\":\"2024-12-16T18:17:51+00:00\",\"description\":\"Partagez-vous votre serveur avec d\u2019autres? Quels processus sont en place pour corriger rapidement les probl\u00e8mes? Vous avez des Back-ups?\",\"breadcrumb\":{\"@id\":\"https:\/\/www.nwaretech.com\/fr\/services\/heberge\/#breadcrumb\"},\"inLanguage\":\"fr-FR\",\"potentialAction\":[{\"@type\":\"ReadAction\",\"target\":[\"https:\/\/www.nwaretech.com\/fr\/services\/heberge\/\"]}]},{\"@type\":\"BreadcrumbList\",\"@id\":\"https:\/\/www.nwaretech.com\/fr\/services\/heberge\/#breadcrumb\",\"itemListElement\":[{\"@type\":\"ListItem\",\"position\":1,\"name\":\"Home\",\"item\":\"https:\/\/www.nwaretech.com\/fr\/\"},{\"@type\":\"ListItem\",\"position\":2,\"name\":\"Services\",\"item\":\"https:\/\/www.nwaretech.com\/fr\/services\/\"},{\"@type\":\"ListItem\",\"position\":3,\"name\":\"H\u00e9berg\u00e9\"}]},{\"@type\":\"WebSite\",\"@id\":\"https:\/\/www.nwaretech.com\/#website\",\"url\":\"https:\/\/www.nwaretech.com\/\",\"name\":\"N\u2019ware Technologies\",\"description\":\"ERP &amp; WMS Software\",\"potentialAction\":[{\"@type\":\"SearchAction\",\"target\":{\"@type\":\"EntryPoint\",\"urlTemplate\":\"https:\/\/www.nwaretech.com\/?s={search_term_string}\"},\"query-input\":{\"@type\":\"PropertyValueSpecification\",\"valueRequired\":true,\"valueName\":\"search_term_string\"}}],\"inLanguage\":\"fr-FR\"}]}<\/script>\n<!-- \/ Yoast SEO plugin. -->","yoast_head_json":{"title":"Mode de D\u00e9ploiement H\u00e9berg\u00e9 - N'ware Technologies","description":"Partagez-vous votre serveur avec d\u2019autres? Quels processus sont en place pour corriger rapidement les probl\u00e8mes? Vous avez des Back-ups?","robots":{"index":"index","follow":"follow","max-snippet":"max-snippet:-1","max-image-preview":"max-image-preview:large","max-video-preview":"max-video-preview:-1"},"canonical":"https:\/\/www.nwaretech.com\/fr\/services\/heberge\/","og_locale":"fr_FR","og_type":"article","og_title":"Mode de D\u00e9ploiement H\u00e9berg\u00e9 - N'ware Technologies","og_description":"Partagez-vous votre serveur avec d\u2019autres? Quels processus sont en place pour corriger rapidement les probl\u00e8mes? Vous avez des Back-ups?","og_url":"https:\/\/www.nwaretech.com\/fr\/services\/heberge\/","og_site_name":"N\u2019ware Technologies","article_modified_time":"2024-12-16T18:17:51+00:00","twitter_card":"summary_large_image","twitter_misc":{"Dur\u00e9e de lecture estim\u00e9e":"1 minute"},"schema":{"@context":"https:\/\/schema.org","@graph":[{"@type":"WebPage","@id":"https:\/\/www.nwaretech.com\/services\/hosted\/","url":"https:\/\/www.nwaretech.com\/fr\/services\/heberge\/","name":"Mode de D\u00e9ploiement H\u00e9berg\u00e9 - N'ware Technologies","isPartOf":{"@id":"https:\/\/www.nwaretech.com\/#website"},"datePublished":"2018-08-16T20:08:56+00:00","dateModified":"2024-12-16T18:17:51+00:00","description":"Partagez-vous votre serveur avec d\u2019autres? Quels processus sont en place pour corriger rapidement les probl\u00e8mes? Vous avez des Back-ups?","breadcrumb":{"@id":"https:\/\/www.nwaretech.com\/fr\/services\/heberge\/#breadcrumb"},"inLanguage":"fr-FR","potentialAction":[{"@type":"ReadAction","target":["https:\/\/www.nwaretech.com\/fr\/services\/heberge\/"]}]},{"@type":"BreadcrumbList","@id":"https:\/\/www.nwaretech.com\/fr\/services\/heberge\/#breadcrumb","itemListElement":[{"@type":"ListItem","position":1,"name":"Home","item":"https:\/\/www.nwaretech.com\/fr\/"},{"@type":"ListItem","position":2,"name":"Services","item":"https:\/\/www.nwaretech.com\/fr\/services\/"},{"@type":"ListItem","position":3,"name":"H\u00e9berg\u00e9"}]},{"@type":"WebSite","@id":"https:\/\/www.nwaretech.com\/#website","url":"https:\/\/www.nwaretech.com\/","name":"N\u2019ware Technologies","description":"ERP &amp; WMS Software","potentialAction":[{"@type":"SearchAction","target":{"@type":"EntryPoint","urlTemplate":"https:\/\/www.nwaretech.com\/?s={search_term_string}"},"query-input":{"@type":"PropertyValueSpecification","valueRequired":true,"valueName":"search_term_string"}}],"inLanguage":"fr-FR"}]}},"_links":{"self":[{"href":"https:\/\/www.nwaretech.com\/fr\/wp-json\/wp\/v2\/pages\/5734","targetHints":{"allow":["GET"]}}],"collection":[{"href":"https:\/\/www.nwaretech.com\/fr\/wp-json\/wp\/v2\/pages"}],"about":[{"href":"https:\/\/www.nwaretech.com\/fr\/wp-json\/wp\/v2\/types\/page"}],"author":[{"embeddable":true,"href":"https:\/\/www.nwaretech.com\/fr\/wp-json\/wp\/v2\/users\/3"}],"replies":[{"embeddable":true,"href":"https:\/\/www.nwaretech.com\/fr\/wp-json\/wp\/v2\/comments?post=5734"}],"version-history":[{"count":0,"href":"https:\/\/www.nwaretech.com\/fr\/wp-json\/wp\/v2\/pages\/5734\/revisions"}],"up":[{"embeddable":true,"href":"https:\/\/www.nwaretech.com\/fr\/wp-json\/wp\/v2\/pages\/5752"}],"wp:attachment":[{"href":"https:\/\/www.nwaretech.com\/fr\/wp-json\/wp\/v2\/media?parent=5734"}],"curies":[{"name":"wp","href":"https:\/\/api.w.org\/{rel}","templated":true}]}}