{"id":5736,"date":"2018-08-15T13:28:51","date_gmt":"2018-08-15T18:28:51","guid":{"rendered":"http:\/\/nwaretech.webloft.info\/success-stories-videos\/"},"modified":"2024-12-16T14:01:42","modified_gmt":"2024-12-16T19:01:42","slug":"histoire-de-reussites","status":"publish","type":"page","link":"https:\/\/www.nwaretech.com\/fr\/resources\/histoire-de-reussites\/","title":{"rendered":"Histoires de R\u00e9ussites"},"content":{"rendered":"<div class=\"wpb-content-wrapper\">[vc_row][vc_column][vc_column_text css=&#8221;.vc_custom_1730304943124{margin-bottom: 0px !important;}&#8221;]\n<h1>Histoires de r\u00e9ussite<\/h1>\n[\/vc_column_text][vc_separator css=&#8221;&#8221;][\/vc_column][\/vc_row][vc_row][vc_column width=&#8221;1\/3&#8243;][mk_fancy_title font_family=&#8221;none&#8221;]\n<h2>EBR \u00c9quipement<\/h2>\n[\/mk_fancy_title][vc_column_text css=&#8221;.vc_custom_1671742826884{margin-bottom: 0px !important;}&#8221;]E.B.R. Inc., sp\u00e9cialiste en d\u00e9veloppement et fabrication d\u2019\u00e9quipements pour l\u2019industrie alimentaire, recherchait un syst\u00e8me 100% int\u00e9gr\u00e9.\u00a0Au d\u00e9marrage de l\u2019entreprise, tout \u00e9tait pris en charge par deux syst\u00e8mes d\u00e9connect\u00e9s, ce qui\u00a0causait\u00a0plusieurs probl\u00e8mes. Pour E.B.R., la solution compl\u00e8te et la mieux adapt\u00e9e pour leurs futurs projets et N\u2019ware Technologies est le fournisseur id\u00e9al pour les accompagner tout au long du processus de la croissance de l\u2019entreprise.[\/vc_column_text][mk_padding_divider size=&#8221;20&#8243;][vc_video max_width=&#8221;350&#8243; link=&#8221;https:\/\/youtu.be\/5-ePPGp3ffE&#8221;][\/vc_column][vc_column width=&#8221;1\/3&#8243;][mk_fancy_title font_family=&#8221;none&#8221;]\n<h2>Enertrak Inc<\/h2>\n[\/mk_fancy_title][vc_column_text css=&#8221;.vc_custom_1671742949889{margin-bottom: 0px !important;}&#8221;]Enertrak est un distributeur \u00e9tabli au Qu\u00e9bec et dans les quatre provinces atlantiques qui se sp\u00e9cialise dans le domaine des produits de CVC (chauffage, ventilation, climatisation) pour les secteurs r\u00e9sidentiel et commercial. L\u2019expertise, l\u2019innovation et la qualit\u00e9 sont pour Enertrak des valeurs de marque, c\u2019est pourquoi il lui fallait trouver un partenaire qui partagerait la m\u00eame philosophie et lui offrirait un syst\u00e8me ERP pour soutenir sa qu\u00eate continue de l\u2019excellence op\u00e9rationnelle.[\/vc_column_text][mk_padding_divider size=&#8221;20&#8243;][vc_video max_width=&#8221;350&#8243; link=&#8221;https:\/\/www.youtube.com\/watch?v=VEYyXk3hp5w&#8221;][\/vc_column][vc_column width=&#8221;1\/3&#8243;][mk_fancy_title font_family=&#8221;none&#8221;]\n<h2>Lanct\u00f4t Lt\u00e9e<\/h2>\n[\/mk_fancy_title][vc_column_text css=&#8221;.vc_custom_1671743385344{margin-bottom: 0px !important;}&#8221;]Lanct\u00f4t se sp\u00e9cialise dans la distribution de lunettes, d\u2019articles et de v\u00eatements de sports au Canada. Lanct\u00f4t souhaitait relever la barre de l\u2019excellence op\u00e9rationnelle et a choisi SAP Business One et LISA WMS, le syst\u00e8me de gestion d\u2019entrep\u00f4t de N\u2019ware, pour servir d\u2019\u00e9pine dorsale \u00e0 ses activit\u00e9s. Lanct\u00f4t est parvenue \u00e0 accro\u00eetre son efficacit\u00e9 pour exp\u00e9dier le bon produit au bon endroit au bon moment.<\/p>\n<p>(Vid\u00e9o en anglais seulement)[\/vc_column_text][mk_padding_divider size=&#8221;27&#8243;][vc_video max_width=&#8221;350&#8243; link=&#8221;https:\/\/www.youtube.com\/watch?v=rTH9bN0RnoI&#8221;][\/vc_column][\/vc_row][vc_row][vc_column][mk_padding_divider][vc_separator border_width=&#8221;5&#8243;][\/vc_column][\/vc_row][vc_row][vc_column width=&#8221;1\/3&#8243;][mk_fancy_title font_family=&#8221;none&#8221;]\n<h2>PT Aqua<\/h2>\n[\/mk_fancy_title][vc_column_text css=&#8221;.vc_custom_1671742348982{margin-bottom: 0px !important;}&#8221;]Bas\u00e9e \u00e0 Dublin, PT Aqua distribue dans le monde entier des produits nutritionnels d&#8217;\u00e9closerie de haute qualit\u00e9 destin\u00e9s \u00e0 la production et \u00e0 l&#8217;\u00e9levage d&#8217;alevins marins. Apr\u00e8s une d\u00e9cennie de croissance exponentielle, PT Aqua s&#8217;est tourn\u00e9e vers SAP Business One et les assistants de mise en \u0153uvre de N&#8217;ware Technologies pour \u00e9tendre l&#8217;accessibilit\u00e9 de son syst\u00e8me, simplifier les proc\u00e9dures de conformit\u00e9, optimiser la gestion de la cha\u00eene logistique et le reporting financier, incorporer une plus grande \u00e9volutivit\u00e9, et tout cela \u00e0 partir d&#8217;une plateforme unique, int\u00e9gr\u00e9e et bas\u00e9e sur le Cloud. (Vid\u00e9o en anglais seulement)[\/vc_column_text][mk_padding_divider size=&#8221;20&#8243;][vc_video max_width=&#8221;350&#8243; link=&#8221;https:\/\/www.youtube.com\/watch?v=hqrcBHqzqUk&amp;list=PL-Pw-wxAXVj57QFsStfykqQfMoaaAVjC4&amp;index=4&#8243;][\/vc_column][vc_column width=&#8221;1\/3&#8243;][mk_fancy_title font_family=&#8221;none&#8221;]\n<h2>Nemesis<\/h2>\n[\/mk_fancy_title][vc_column_text css=&#8221;.vc_custom_1671742476254{margin-bottom: 0px !important;}&#8221;]Nemesis est un fournisseur de services complets depuis plus de 20 ans et offre des solutions sur mesure au Royaume-Uni, et a r\u00e9cemment acquis la possibilit\u00e9 d\u2019\u00e9tendre son expertise mondialement. Avec des bureaux en Europe, en Am\u00e9rique du Nord et en Asie, Nemesis a un potentiel de ventes mondial en ciblant les clients et r\u00e9gions de ses segments de march\u00e9, soit le commerce de d\u00e9tail, l\u2019automobile, le commerce interentreprises et le commerce entreprise-consommateur. (Vid\u00e9o en anglais seulement)[\/vc_column_text][mk_padding_divider size=&#8221;75&#8243;][vc_video max_width=&#8221;350&#8243; link=&#8221;https:\/\/www.youtube.com\/watch?v=0eDUFLELrvg&#8221;][\/vc_column][vc_column width=&#8221;1\/3&#8243;][mk_fancy_title font_family=&#8221;none&#8221;]\n<h2>PetStar<\/h2>\n[\/mk_fancy_title][vc_column_text css=&#8221;.vc_custom_1671742588413{margin-bottom: 0px !important;}&#8221;]Fond\u00e9 par la soci\u00e9t\u00e9 Coca-Cola, PetStar est le plus grand centre de recyclage de PET (poly\u00e9thyl\u00e8ne t\u00e9r\u00e9phtalate) au monde. La mise en oeuvre de LISA WMS a \u00e9t\u00e9 un \u00e9l\u00e9ment crucial de la politique d\u2019excellence op\u00e9rationnelle de Petstar, ce qui lui a permis de suivre les mouvements des mat\u00e9riaux en temps r\u00e9el et de r\u00e9duire le temps n\u00e9cessaire \u00e0 l\u2019exp\u00e9dition des pi\u00e8ces de machines, passant de plusieurs heures \u00e0 moins de 5 minutes. Avec ce niveau d\u2019efficacit\u00e9, l\u2019entreprise peut d\u00e9sormais garantir la continuit\u00e9 du processus de production. (Vid\u00e9o en espagnol seulement)[\/vc_column_text][mk_padding_divider size=&#8221;20&#8243;][vc_video max_width=&#8221;350&#8243; link=&#8221;https:\/\/www.youtube.com\/watch?v=d6NLFQzPqWo&#8221;][\/vc_column][\/vc_row][vc_row][vc_column][mk_padding_divider][vc_separator border_width=&#8221;5&#8243;][\/vc_column][\/vc_row][vc_row][vc_column width=&#8221;1\/3&#8243;][mk_fancy_title font_family=&#8221;none&#8221;]\n<h2>Boston Organics<\/h2>\n[\/mk_fancy_title][vc_column_text css=&#8221;.vc_custom_1671743979418{margin-bottom: 0px !important;}&#8221;]Boston Organics propose des fruits et l\u00e9gumes frais et biologiques afin de promouvoir l\u2019adoption de saines habitudes de vie, le respect de l\u2019environnement, l\u2019agriculture locale, le commerce \u00e9quitable et l\u2019\u00e9conomie locale. Boston Organics utilisait diff\u00e9rents syst\u00e8mes et bases de donn\u00e9es pour g\u00e9rer les listes de clients, la gestion financi\u00e8re et la gestion des stocks, ce qui nuisait \u00e0 l\u2019efficacit\u00e9 de l\u2019entreprise.<br \/>\n(Vid\u00e9o en anglais seulement)[\/vc_column_text][mk_padding_divider size=&#8221;105&#8243;][vc_video max_width=&#8221;350&#8243; link=&#8221;https:\/\/youtu.be\/QE2l7J8B2gY&#8221;][\/vc_column][vc_column width=&#8221;1\/3&#8243;][mk_fancy_title font_family=&#8221;none&#8221;]\n<h2>LEWA-Nikkiso<\/h2>\n[\/mk_fancy_title][vc_column_text css=&#8221;.vc_custom_1671743972697{margin-bottom: 0px !important;}&#8221;]LEWA est un fabricant de pompes de pr\u00e9cision bas\u00e9 en Allemagne, mais ayant \u00e9galement trois sites aux \u00c9tats-Unis. Depuis 2010, SAP Business One continue de combler les besoins de l\u2019entreprise et de suivre son rythme de croissance constante. Toutefois, pour maintenir cette croissance, vous avez \u00e9galement besoin d&#8217;un partenaire solide qui sera disponible, prodiguera de bons conseils et ensemble, trouverez \u00a0les meilleures solutions.<br \/>\n(Vid\u00e9o en anglais seulement)[\/vc_column_text][mk_padding_divider size=&#8221;80&#8243;][vc_video max_width=&#8221;350&#8243; link=&#8221;https:\/\/youtu.be\/vyCgrfmZ4uY&#8221;][\/vc_column][vc_column width=&#8221;1\/3&#8243;][mk_fancy_title font_family=&#8221;none&#8221;]\n<h2>Wood Stone<\/h2>\n[\/mk_fancy_title][vc_column_text css=&#8221;.vc_custom_1671743716692{margin-bottom: 0px !important;}&#8221;]Depuis 1990, la corporation Wood Stone fabrique des foyers en pierre et des \u00e9quipements de cuisson commerciale sp\u00e9cialis\u00e9s pour des clients du secteur de la restauration dans plus de 100 pays. Dans sa qu\u00eate pour devenir le leader de confiance du secteur, l&#8217;entreprise a adopt\u00e9 SAP Business One avec l&#8217;aide des experts cr\u00e9atifs de N&#8217;Ware Technologies. Wood Stone b\u00e9n\u00e9ficie d\u00e9sormais de processus plus efficaces, d&#8217;une meilleure transparence des donn\u00e9es, de fonctionnalit\u00e9s MRP plus rapides et est en passe d&#8217;aider toujours plus de clients \u00e0 cr\u00e9er des plats savoureux et des exp\u00e9riences m\u00e9morables. (Vid\u00e9o en anglais seulement)[\/vc_column_text][vc_video max_width=&#8221;350&#8243; link=&#8221;https:\/\/www.youtube.com\/watch?v=AmGXIVMKCDU&#8221;][\/vc_column][\/vc_row][vc_row][vc_column][mk_padding_divider][vc_separator border_width=&#8221;5&#8243;][\/vc_column][\/vc_row][vc_row][vc_column width=&#8221;1\/3&#8243;][mk_fancy_title font_family=&#8221;none&#8221;]\n<h2>Thames &amp; Kosmos<\/h2>\n[\/mk_fancy_title][vc_column_text css=&#8221;.vc_custom_1538510608941{margin-bottom: 0px !important;}&#8221;]Thames &amp; Kosmos est un distributeur d\u2019ensembles \u00e9ducatifs scientifiques et de jeux de soci\u00e9t\u00e9. Comme de nombreuses petites entreprises, Thames &amp; Kosmos utilisait Quickbooks Pro, un syst\u00e8me qui, \u00e0 ce moment, correspondait \u00e0 leurs besoins en mati\u00e8re de gestion.\u00a0Cependant, au fur et \u00e0 mesure que l&#8217;entreprise grandissait, ils ont rapidement \u00e9t\u00e9 confront\u00e9s \u00e0 des probl\u00e8mes de performance et \u00e0 une r\u00e9ponse lente du syst\u00e8me.\u00a0Apr\u00e8s avoir reconnu le probl\u00e8me, ils ont d\u00e9cid\u00e9 d\u2019aller de l\u2019avant avec SAP Business One et N\u2019ware Technologies.\u00a0(Vid\u00e9o en anglais seulement)[\/vc_column_text][vc_video max_width=&#8221;350&#8243; link=&#8221;https:\/\/youtu.be\/vzaZTCetBVc&#8221;][\/vc_column][vc_column width=&#8221;1\/3&#8243;][mk_fancy_title font_family=&#8221;none&#8221;]\n<h2>Vibram<\/h2>\n[\/mk_fancy_title][vc_column_text css=&#8221;.vc_custom_1538510618029{margin-bottom: 0px !important;}&#8221;]Vibram<sup>MD<\/sup> est le leader mondial de la fabrication et de la vente de semelles d\u2019usure haute performance en caoutchouc et des chaussures de style pieds nus FiveFingers<sup>MD<\/sup> uniques en leur genre. Apr\u00e8s avoir constat\u00e9 la n\u00e9cessit\u00e9 d\u2019implanter un syst\u00e8me de planification des ressources d\u2019entreprise (ERP), Vibram a fait des recherches puis a \u00e9valu\u00e9 plusieurs solutions jusqu\u2019\u00e0 ce qu\u2019elle trouve le bon partenaire. Avec l&#8217;aide de N\u2019ware Technologies, Vibram \u00e0 implant\u00e9 SAP Business One.\u00a0Ils ont pu personnaliser SAP Business One pour optimiser toute leur cha\u00eene logistique.\u00a0(Vid\u00e9o en anglais seulement)[\/vc_column_text][vc_video max_width=&#8221;350&#8243; link=&#8221;https:\/\/youtu.be\/Gjpzeizpn48&#8243;][\/vc_column][vc_column width=&#8221;1\/3&#8243;][mk_fancy_title font_family=&#8221;none&#8221;]\n<h2 class=\"style-scope ytd-watch-metadata\">Congoleum<\/h2>\n[\/mk_fancy_title][vc_column_text css=&#8221;.vc_custom_1671744254271{margin-bottom: 0px !important;}&#8221;]Congoleum fabrique des produits de rev\u00eatement de sol r\u00e9silient \u00e0 usage r\u00e9sidentiel et commercial. Elle a mis en \u0153uvre LISA WMS et SAP Business ByDesign pour rationaliser la fabrication et l&#8217;entreposage, ainsi que d&#8217;autres processus essentiels au bon fonctionnement de l&#8217;entreprise. Le fait de disposer d&#8217;un ERP et d&#8217;un add-on qui fonctionnent ensemble et fournissent des informations en temps r\u00e9el a permis \u00e0 Congoleum de prendre des d\u00e9cisions de fabrication rapides, de fournir un service meilleur et plus rapide \u00e0 ses clients et d&#8217;acc\u00e9l\u00e9rer son expansion. (Vid\u00e9o en anglais seulement)[\/vc_column_text][vc_video max_width=&#8221;350&#8243; link=&#8221;https:\/\/www.youtube.com\/watch?v=4eTFtHDohGY&#8221;][\/vc_column][\/vc_row][vc_row][vc_column][mk_padding_divider][vc_separator border_width=&#8221;5&#8243;][\/vc_column][\/vc_row][vc_row][vc_column width=&#8221;1\/3&#8243;][mk_fancy_title font_family=&#8221;none&#8221;]\n<h2 class=\"style-scope ytd-watch-metadata\">Nipon<\/h2>\n[\/mk_fancy_title][vc_column_text css=&#8221;.vc_custom_1671744339329{margin-bottom: 0px !important;}&#8221;]Nipon Repuestos est un distributeur et d\u00e9taillant de pi\u00e8ces pour le march\u00e9 secondaire de l\u2019automobile. C\u2019est un fournisseur complet de pi\u00e8ces et accessoires pour v\u00e9hicules motoris\u00e9s dans le march\u00e9 interentreprises (y compris des d\u00e9taillants et des ateliers de m\u00e9canique), ainsi que dans le march\u00e9 grand public. En plus de son centre de distribution \u00e0 la fine pointe de la technologie, Nipon op\u00e8re sept magasins au pays, ainsi qu\u2019un site de commerce \u00e9lectronique.\u00a0 (Vid\u00e9o en espagnol seulement)[\/vc_column_text][vc_video max_width=&#8221;350&#8243; link=&#8221;https:\/\/www.youtube.com\/watch?v=KnkM_tMgBvA&#8221;][\/vc_column][vc_column width=&#8221;1\/3&#8243;][mk_fancy_title font_family=&#8221;none&#8221;]\n<h2 class=\"style-scope ytd-watch-metadata\">MES Metrics<\/h2>\n[\/mk_fancy_title][vc_column_text css=&#8221;.vc_custom_1671744477279{margin-bottom: 0px !important;}&#8221;]MES Metrics fournit des services logistiques et distribue des pi\u00e8ces et des composants manufactur\u00e9s en provenance d\u2019Inde, de Chine et du Vietnam \u00e0 de grands fabricants d\u2019\u00e9quipement d\u2019origine en Am\u00e9rique du Nord. MES est un \u00e9l\u00e9ment essentiel de la cha\u00eene d\u2019approvisionnement de ses clients, recevant plusieurs exp\u00e9ditions quotidiennes qui doivent \u00eatre livr\u00e9es en quelques heures pour r\u00e9pondre aux demandes de production de ses clients. (Vid\u00e9o en espagnol seulement)[\/vc_column_text][vc_video max_width=&#8221;350&#8243; link=&#8221;https:\/\/www.youtube.com\/watch?v=0swaOovVcOY&#8221;][\/vc_column][\/vc_row][vc_row][vc_column][mk_padding_divider][vc_separator border_width=&#8221;5&#8243;][\/vc_column][\/vc_row][vc_row fullwidth=&#8221;true&#8221; css=&#8221;.vc_custom_1533222006898{margin-bottom: -50px !important;padding-top: 45px !important;padding-bottom: 25px !important;background-color: #edaf23 !important;}&#8221;][vc_column width=&#8221;2\/3&#8243; css=&#8221;.vc_custom_1532698532225{margin-top: 15px !important;}&#8221;][vc_column_text css=&#8221;.vc_custom_1536945656392{margin-bottom: 0px !important;}&#8221;]\n<h2 style=\"text-align: center;\"><strong>VOUS D\u00c9SIREZ AVOIR UNE CONSULTATION GRATUITE?<\/strong><\/h2>\n[\/vc_column_text][\/vc_column][vc_column width=&#8221;1\/3&#8243;][mk_button dimension=&#8221;flat&#8221; corner_style=&#8221;rounded&#8221; size=&#8221;x-large&#8221; url=&#8221;https:\/\/www.nwaretech.com\/fr\/contact-us\/&#8221; margin_right=&#8221;20&#8243; bg_color=&#8221;#081828&#8243; btn_hover_bg=&#8221;#ffffff&#8221; btn_hover_txt_color=&#8221;#081828&#8243;]PRENEZ RENDEZ-VOUS[\/mk_button][\/vc_column][\/vc_row]\n<\/div>","protected":false},"excerpt":{"rendered":"<p>[vc_row][vc_column][vc_column_text css=&#8221;.vc_custom_1730304943124{margin-bottom: 0px !important;}&#8221;] Histoires de r\u00e9ussite [\/vc_column_text][vc_separator css=&#8221;&#8221;][\/vc_column][\/vc_row][vc_row][vc_column width=&#8221;1\/3&#8243;][mk_fancy_title font_family=&#8221;none&#8221;] EBR \u00c9quipement [\/mk_fancy_title][vc_column_text css=&#8221;.vc_custom_1671742826884{margin-bottom: 0px !important;}&#8221;]E.B.R. Inc., sp\u00e9cialiste en d\u00e9veloppement et fabrication d\u2019\u00e9quipements pour l\u2019industrie alimentaire, recherchait un syst\u00e8me 100% int\u00e9gr\u00e9.\u00a0Au d\u00e9marrage de l\u2019entreprise, tout \u00e9tait pris en charge par deux syst\u00e8mes d\u00e9connect\u00e9s, ce qui\u00a0causait\u00a0plusieurs probl\u00e8mes. Pour E.B.R., la solution compl\u00e8te et la mieux [&hellip;]<\/p>\n","protected":false},"author":3,"featured_media":0,"parent":5770,"menu_order":0,"comment_status":"closed","ping_status":"closed","template":"","meta":{"footnotes":""},"class_list":["post-5736","page","type-page","status-publish","hentry"],"yoast_head":"<!-- This site is optimized with the Yoast SEO plugin v27.2 - https:\/\/yoast.com\/product\/yoast-seo-wordpress\/ -->\n<title>Histoires de R\u00e9ussites | N&#039;ware Technologies<\/title>\n<meta name=\"description\" content=\"Vid\u00e9os d&#039;histoires de r\u00e9ussites de nos clients. Voyez comment implanter SAP B1 et devenir partenaires avec N&#039;ware peut tout changer\" \/>\n<meta name=\"robots\" content=\"index, follow, max-snippet:-1, max-image-preview:large, max-video-preview:-1\" \/>\n<link rel=\"canonical\" href=\"https:\/\/www.nwaretech.com\/fr\/resources\/histoire-de-reussites\/\" \/>\n<meta property=\"og:locale\" content=\"fr_FR\" \/>\n<meta property=\"og:type\" content=\"article\" \/>\n<meta property=\"og:title\" content=\"Histoires de R\u00e9ussites | N&#039;ware Technologies\" \/>\n<meta property=\"og:description\" content=\"Vid\u00e9os d&#039;histoires de r\u00e9ussites de nos clients. Voyez comment implanter SAP B1 et devenir partenaires avec N&#039;ware peut tout changer\" \/>\n<meta property=\"og:url\" content=\"https:\/\/www.nwaretech.com\/fr\/resources\/histoire-de-reussites\/\" \/>\n<meta property=\"og:site_name\" content=\"N\u2019ware Technologies\" \/>\n<meta property=\"article:modified_time\" content=\"2024-12-16T19:01:42+00:00\" \/>\n<meta name=\"twitter:card\" content=\"summary_large_image\" \/>\n<meta name=\"twitter:label1\" content=\"Dur\u00e9e de lecture estim\u00e9e\" \/>\n\t<meta name=\"twitter:data1\" content=\"6 minutes\" \/>\n<script type=\"application\/ld+json\" class=\"yoast-schema-graph\">{\"@context\":\"https:\/\/schema.org\",\"@graph\":[{\"@type\":\"WebPage\",\"@id\":\"https:\/\/www.nwaretech.com\/fr\/resources\/histoire-de-reussites\/\",\"url\":\"https:\/\/www.nwaretech.com\/fr\/resources\/histoire-de-reussites\/\",\"name\":\"Histoires de R\u00e9ussites | N'ware Technologies\",\"isPartOf\":{\"@id\":\"https:\/\/www.nwaretech.com\/#website\"},\"datePublished\":\"2018-08-15T18:28:51+00:00\",\"dateModified\":\"2024-12-16T19:01:42+00:00\",\"description\":\"Vid\u00e9os d'histoires de r\u00e9ussites de nos clients. Voyez comment implanter SAP B1 et devenir partenaires avec N'ware peut tout changer\",\"breadcrumb\":{\"@id\":\"https:\/\/www.nwaretech.com\/fr\/resources\/histoire-de-reussites\/#breadcrumb\"},\"inLanguage\":\"fr-FR\",\"potentialAction\":[{\"@type\":\"ReadAction\",\"target\":[\"https:\/\/www.nwaretech.com\/fr\/resources\/histoire-de-reussites\/\"]}]},{\"@type\":\"BreadcrumbList\",\"@id\":\"https:\/\/www.nwaretech.com\/fr\/resources\/histoire-de-reussites\/#breadcrumb\",\"itemListElement\":[{\"@type\":\"ListItem\",\"position\":1,\"name\":\"Home\",\"item\":\"https:\/\/www.nwaretech.com\/fr\/\"},{\"@type\":\"ListItem\",\"position\":2,\"name\":\"Ressources\",\"item\":\"https:\/\/www.nwaretech.com\/fr\/resources\/\"},{\"@type\":\"ListItem\",\"position\":3,\"name\":\"Histoires de R\u00e9ussites\"}]},{\"@type\":\"WebSite\",\"@id\":\"https:\/\/www.nwaretech.com\/#website\",\"url\":\"https:\/\/www.nwaretech.com\/\",\"name\":\"N\u2019ware Technologies\",\"description\":\"ERP &amp; WMS Software\",\"potentialAction\":[{\"@type\":\"SearchAction\",\"target\":{\"@type\":\"EntryPoint\",\"urlTemplate\":\"https:\/\/www.nwaretech.com\/?s={search_term_string}\"},\"query-input\":{\"@type\":\"PropertyValueSpecification\",\"valueRequired\":true,\"valueName\":\"search_term_string\"}}],\"inLanguage\":\"fr-FR\"}]}<\/script>\n<!-- \/ Yoast SEO plugin. -->","yoast_head_json":{"title":"Histoires de R\u00e9ussites | N'ware Technologies","description":"Vid\u00e9os d'histoires de r\u00e9ussites de nos clients. Voyez comment implanter SAP B1 et devenir partenaires avec N'ware peut tout changer","robots":{"index":"index","follow":"follow","max-snippet":"max-snippet:-1","max-image-preview":"max-image-preview:large","max-video-preview":"max-video-preview:-1"},"canonical":"https:\/\/www.nwaretech.com\/fr\/resources\/histoire-de-reussites\/","og_locale":"fr_FR","og_type":"article","og_title":"Histoires de R\u00e9ussites | N'ware Technologies","og_description":"Vid\u00e9os d'histoires de r\u00e9ussites de nos clients. Voyez comment implanter SAP B1 et devenir partenaires avec N'ware peut tout changer","og_url":"https:\/\/www.nwaretech.com\/fr\/resources\/histoire-de-reussites\/","og_site_name":"N\u2019ware Technologies","article_modified_time":"2024-12-16T19:01:42+00:00","twitter_card":"summary_large_image","twitter_misc":{"Dur\u00e9e de lecture estim\u00e9e":"6 minutes"},"schema":{"@context":"https:\/\/schema.org","@graph":[{"@type":"WebPage","@id":"https:\/\/www.nwaretech.com\/fr\/resources\/histoire-de-reussites\/","url":"https:\/\/www.nwaretech.com\/fr\/resources\/histoire-de-reussites\/","name":"Histoires de R\u00e9ussites | N'ware Technologies","isPartOf":{"@id":"https:\/\/www.nwaretech.com\/#website"},"datePublished":"2018-08-15T18:28:51+00:00","dateModified":"2024-12-16T19:01:42+00:00","description":"Vid\u00e9os d'histoires de r\u00e9ussites de nos clients. Voyez comment implanter SAP B1 et devenir partenaires avec N'ware peut tout changer","breadcrumb":{"@id":"https:\/\/www.nwaretech.com\/fr\/resources\/histoire-de-reussites\/#breadcrumb"},"inLanguage":"fr-FR","potentialAction":[{"@type":"ReadAction","target":["https:\/\/www.nwaretech.com\/fr\/resources\/histoire-de-reussites\/"]}]},{"@type":"BreadcrumbList","@id":"https:\/\/www.nwaretech.com\/fr\/resources\/histoire-de-reussites\/#breadcrumb","itemListElement":[{"@type":"ListItem","position":1,"name":"Home","item":"https:\/\/www.nwaretech.com\/fr\/"},{"@type":"ListItem","position":2,"name":"Ressources","item":"https:\/\/www.nwaretech.com\/fr\/resources\/"},{"@type":"ListItem","position":3,"name":"Histoires de R\u00e9ussites"}]},{"@type":"WebSite","@id":"https:\/\/www.nwaretech.com\/#website","url":"https:\/\/www.nwaretech.com\/","name":"N\u2019ware Technologies","description":"ERP &amp; WMS Software","potentialAction":[{"@type":"SearchAction","target":{"@type":"EntryPoint","urlTemplate":"https:\/\/www.nwaretech.com\/?s={search_term_string}"},"query-input":{"@type":"PropertyValueSpecification","valueRequired":true,"valueName":"search_term_string"}}],"inLanguage":"fr-FR"}]}},"_links":{"self":[{"href":"https:\/\/www.nwaretech.com\/fr\/wp-json\/wp\/v2\/pages\/5736","targetHints":{"allow":["GET"]}}],"collection":[{"href":"https:\/\/www.nwaretech.com\/fr\/wp-json\/wp\/v2\/pages"}],"about":[{"href":"https:\/\/www.nwaretech.com\/fr\/wp-json\/wp\/v2\/types\/page"}],"author":[{"embeddable":true,"href":"https:\/\/www.nwaretech.com\/fr\/wp-json\/wp\/v2\/users\/3"}],"replies":[{"embeddable":true,"href":"https:\/\/www.nwaretech.com\/fr\/wp-json\/wp\/v2\/comments?post=5736"}],"version-history":[{"count":0,"href":"https:\/\/www.nwaretech.com\/fr\/wp-json\/wp\/v2\/pages\/5736\/revisions"}],"up":[{"embeddable":true,"href":"https:\/\/www.nwaretech.com\/fr\/wp-json\/wp\/v2\/pages\/5770"}],"wp:attachment":[{"href":"https:\/\/www.nwaretech.com\/fr\/wp-json\/wp\/v2\/media?parent=5736"}],"curies":[{"name":"wp","href":"https:\/\/api.w.org\/{rel}","templated":true}]}}