{"id":5737,"date":"2018-08-15T11:00:54","date_gmt":"2018-08-15T16:00:54","guid":{"rendered":"http:\/\/nwaretech.webloft.info\/sap-business-one-introduction\/"},"modified":"2025-01-09T11:48:15","modified_gmt":"2025-01-09T16:48:15","slug":"sap-business-one-introduction","status":"publish","type":"page","link":"https:\/\/www.nwaretech.com\/fr\/sap-business-one-introduction\/","title":{"rendered":"SAP Business One Introduction"},"content":{"rendered":"<div class=\"wpb-content-wrapper\">[vc_row fullwidth=&#8221;true&#8221; css=&#8221;.vc_custom_1532701016934{margin-top: -155px !important;}&#8221;][vc_column][mk_page_title_box section_height=&#8221;525&#8243; bg_image=&#8221;https:\/\/www.nwaretech.com\/wp-content\/uploads\/2018\/09\/products_sap_business_one_intro.jpg&#8221; bg_position=&#8221;center top&#8221; bg_stretch=&#8221;true&#8221; bg_effects=&#8221;parallax&#8221; underline=&#8221;false&#8221;][mk_divider style=&#8221;thin_solid&#8221; thickness=&#8221;3&#8243; margin_top=&#8221;0&#8243; margin_bottom=&#8221;0&#8243;][\/vc_column][\/vc_row][vc_row][vc_column][mk_padding_divider][\/vc_column][\/vc_row][vc_row][vc_column][mk_fancy_title font_family=&#8221;none&#8221;]\n<h1 class=\"has-h1\">Croissance et succ\u00e8s<\/h1>\n[\/mk_fancy_title][vc_column_text css=&#8221;.vc_custom_1538149865658{margin-bottom: 0px !important;}&#8221;]SAP Business One est un logiciel de gestion d\u2019entreprise abordable et simple con\u00e7u pour la petite &amp; moyenne entreprise. Il vous permet de g\u00e9rer toutes vos fonctions critiques comme les ventes, la distribution, la comptabilit\u00e9, les finances, la production, le service, le d\u00e9veloppement des affaires et bien plus. Tout ceci \u00e0 l\u2019int\u00e9rieur d\u2019une seule solution int\u00e9gr\u00e9e.<br \/>\nOptimisez vos processus d\u2019affaire et acc\u00e9dez \u00e0 vos donn\u00e9es en temps r\u00e9el.<\/p>\n<p>Le manque d\u2019int\u00e9grit\u00e9 de vos donn\u00e9es vous cause des maux de t\u00eate ? La gestion de vos commandes est un processus long et parfois difficile? Vos marges sont en baisse? La visibilit\u00e9 sur vos niveaux de stock est incompl\u00e8te? Votre cha\u00eene logistique est de plus en plus complexe \u00e0 g\u00e9rer ?<\/p>\n<p>Regardez notre vid\u00e9o pour un aper\u00e7u rapide des avantages de SAP Business One. Ce n\u2019est pas seulement pour les grandes entreprises, mais aussi pour les petites entreprises qui veulent \u00eatre plus grandes![\/vc_column_text][mk_padding_divider][vc_row_inner][vc_column_inner width=&#8221;1\/6&#8243;][\/vc_column_inner][vc_column_inner width=&#8221;2\/3&#8243;][vc_video max_width=&#8221;700&#8243; link=&#8221;https:\/\/youtu.be\/CHe6LLvkDnY&#8221;][\/vc_column_inner][vc_column_inner width=&#8221;1\/6&#8243;][\/vc_column_inner][\/vc_row_inner][\/vc_column][\/vc_row][vc_row][vc_column][mk_padding_divider][vc_separator border_width=&#8221;5&#8243; el_width=&#8221;20&#8243;][mk_padding_divider size=&#8221;20&#8243;][\/vc_column][\/vc_row][vc_row][vc_column width=&#8221;1\/2&#8243;][vc_icon icon_fontawesome=&#8221;fa fa-shopping-cart&#8221; color=&#8221;custom&#8221; size=&#8221;xl&#8221; align=&#8221;center&#8221; custom_color=&#8221;#edaf23&#8243;][mk_fancy_title font_family=&#8221;none&#8221;]\n<h2 style=\"text-align: center;\">E-Commerce<\/h2>\n[\/mk_fancy_title][vc_column_text css=&#8221;.vc_custom_1537907836715{margin-bottom: 0px !important;}&#8221;]<span id=\"result_box\" class=\"\" lang=\"fr\" tabindex=\"-1\"><span class=\"\">MAG B1 fournit une connexion vers diverses solutions de commerce \u00e9lectronique, notamment Magento Community &amp; Enterprise (1,2), PrestaShop, Shopware, eBay, et peut \u00eatre int\u00e9gr\u00e9 \u00e0 de nombreuses autres plates-formes de commerce \u00e9lectronique telles que WooCommerce, Amazon, Shopify, etc.<\/span><\/span>[\/vc_column_text][mk_button dimension=&#8221;flat&#8221; corner_style=&#8221;rounded&#8221; size=&#8221;x-large&#8221; url=&#8221;\/wp-content\/uploads\/2019\/02\/ecommerce_mag_b1_english.pdf&#8221; target=&#8221;_blank&#8221; align=&#8221;center&#8221; margin_right=&#8221;20&#8243; bg_color=&#8221;#081828&#8243; btn_hover_bg=&#8221;#edaf23&#8243; btn_hover_txt_color=&#8221;#081828&#8243;]T\u00c9L\u00c9CHARGER[\/mk_button][\/vc_column][vc_column width=&#8221;1\/2&#8243;][vc_icon icon_fontawesome=&#8221;fa fa-barcode&#8221; color=&#8221;custom&#8221; size=&#8221;xl&#8221; align=&#8221;center&#8221; custom_color=&#8221;#edaf23&#8243;][mk_fancy_title font_family=&#8221;none&#8221;]\n<h2 style=\"text-align: center;\">Syst\u00e8me de gestion d&#8217;entrep\u00f4t<\/h2>\n[\/mk_fancy_title][vc_column_text css=&#8221;.vc_custom_1537907981223{margin-bottom: 0px !important;}&#8221;]Optimiser les op\u00e9rations d&#8217;entrep\u00f4t; de la gestion des commandes en passant par la livraison et l&#8217;exp\u00e9dition avec la solution <a href=\"https:\/\/www.nwaretech.com\/fr\/products\/lisa-wms\/\">LISA WMS<\/a>.[\/vc_column_text][mk_padding_divider size=&#8221;80&#8243;][mk_button dimension=&#8221;flat&#8221; corner_style=&#8221;rounded&#8221; size=&#8221;x-large&#8221; url=&#8221;https:\/\/www.nwaretech.com\/wp-content\/uploads\/2018\/09\/nware_lisa_wms_french.pdf&#8221; target=&#8221;_blank&#8221; align=&#8221;center&#8221; margin_right=&#8221;20&#8243; bg_color=&#8221;#081828&#8243; btn_hover_bg=&#8221;#edaf23&#8243; btn_hover_txt_color=&#8221;#081828&#8243;]T\u00c9L\u00c9CHARGER[\/mk_button][\/vc_column][\/vc_row][vc_row][vc_column][mk_padding_divider][vc_separator border_width=&#8221;5&#8243; el_width=&#8221;20&#8243;][mk_padding_divider size=&#8221;20&#8243;][\/vc_column][\/vc_row][vc_row][vc_column width=&#8221;1\/2&#8243;][vc_icon icon_fontawesome=&#8221;fa fa-dropbox&#8221; color=&#8221;custom&#8221; size=&#8221;xl&#8221; align=&#8221;center&#8221; custom_color=&#8221;#edaf23&#8243;][mk_fancy_title font_family=&#8221;none&#8221;]\n<h2 class=\"has-h1\" style=\"text-align: center;\">Kit de d\u00e9marrage<\/h2>\n<h2 style=\"text-align: center;\"><span id=\"result_box\" class=\"short_text\" lang=\"fr\" tabindex=\"-1\"><span class=\"\">\u00a0<\/span><\/span><\/h2>\n[\/mk_fancy_title][vc_column_text css=&#8221;.vc_custom_1537908284101{margin-bottom: 0px !important;}&#8221;]Soyez live dans un d\u00e9lai aussi court que 3 jours gr\u00e2ce \u00e0 &#8220;SAP Business One Starter Pack&#8221;.<\/p>\n<p>Le &#8220;Starter Pack&#8221; est une version simplifi\u00e9e qui r\u00e9unie les meilleures fonctions de SAP Business One, offert \u00e0 petit prix pour une implantation tr\u00e8s rapide.[\/vc_column_text][mk_padding_divider size=&#8221;60&#8243;][mk_button dimension=&#8221;flat&#8221; corner_style=&#8221;rounded&#8221; size=&#8221;x-large&#8221; url=&#8221;https:\/\/www.nwaretech.com\/wp-content\/uploads\/2018\/09\/nware_starter_pack_english.pdf&#8221; target=&#8221;_blank&#8221; align=&#8221;center&#8221; margin_right=&#8221;20&#8243; bg_color=&#8221;#081828&#8243; btn_hover_bg=&#8221;#edaf23&#8243; btn_hover_txt_color=&#8221;#081828&#8243;]T\u00c9L\u00c9CHARGER[\/mk_button][\/vc_column][vc_column width=&#8221;1\/2&#8243;][vc_icon icon_fontawesome=&#8221;fa fa-mobile&#8221; color=&#8221;custom&#8221; size=&#8221;xl&#8221; align=&#8221;center&#8221; custom_color=&#8221;#edaf23&#8243;][mk_fancy_title font_family=&#8221;none&#8221;]\n<h2 class=\"has-h1\" style=\"text-align: center;\">Mobilit\u00e9<\/h2>\n[\/mk_fancy_title][vc_column_text css=&#8221;.vc_custom_1537994553380{margin-bottom: 0px !important;}&#8221;]Consultez vos transactions de vente &amp; d\u2019achat, acc\u00e9dez \u00e0 vos rapports, visualisez vos alertes et demandes d\u2019approbation et plus sur votre iPhone, iPad ou Android.[\/vc_column_text][vc_single_image image=&#8221;5429&#8243; img_size=&#8221;full&#8221; alignment=&#8221;center&#8221;][\/vc_column][\/vc_row][vc_row][vc_column][mk_padding_divider][vc_separator border_width=&#8221;5&#8243; el_width=&#8221;20&#8243;][mk_padding_divider size=&#8221;20&#8243;][\/vc_column][\/vc_row][vc_row][vc_column width=&#8221;1\/2&#8243;][vc_icon icon_fontawesome=&#8221;fa fa-cloud&#8221; color=&#8221;custom&#8221; size=&#8221;xl&#8221; align=&#8221;center&#8221; custom_color=&#8221;#edaf23&#8243;][mk_fancy_title font_family=&#8221;none&#8221;]\n<h2 style=\"text-align: center;\">SAP Business One OnDemand<\/h2>\n[\/mk_fancy_title][vc_column_text css=&#8221;.vc_custom_1537994880007{margin-bottom: 0px !important;}&#8221;]Tous les b\u00e9n\u00e9fices de SAP Business One disponibles dans les nuages avec <a href=\"https:\/\/www.nwaretech.com\/fr\/produits\/on-demand\/\">SAP Business One OnDemand<\/a>.[\/vc_column_text][vc_video max_width=&#8221;510&#8243; link=&#8221;https:\/\/youtu.be\/8d0OvWr33WE&#8221;][\/vc_column][vc_column width=&#8221;1\/2&#8243;][vc_icon icon_fontawesome=&#8221;fa fa-sitemap&#8221; color=&#8221;custom&#8221; size=&#8221;xl&#8221; align=&#8221;center&#8221; custom_color=&#8221;#edaf23&#8243;][mk_fancy_title font_family=&#8221;none&#8221;]\n<h2 class=\"has-h1\" style=\"text-align: center;\">Pour vos filiales<\/h2>\n[\/mk_fancy_title][vc_column_text css=&#8221;.vc_custom_1537994971630{margin-bottom: 0px !important;}&#8221;]Connectez votre si\u00e8ge social, filliales, divisions et partenaires dans un seul r\u00e9seau pour une <a href=\"https:\/\/www.nwaretech.com\/fr\/vertical-expertise\/private-equity-firms\/\">organisation int\u00e9gr\u00e9e<\/a>.[\/vc_column_text][vc_video max_width=&#8221;510&#8243; link=&#8221;https:\/\/youtu.be\/rO0EuFeU0kA&#8221;][\/vc_column][\/vc_row][vc_row][vc_column][mk_button size=&#8221;large&#8221; url=&#8221;https:\/\/www.nwaretech.com\/wp-content\/uploads\/2022\/03\/sap-business-one-cloud-brochure-fr.pdf&#8221;]DOWNLOAD[\/mk_button][mk_padding_divider][vc_separator border_width=&#8221;5&#8243; el_width=&#8221;20&#8243;][mk_padding_divider size=&#8221;20&#8243;][\/vc_column][\/vc_row][vc_row fullwidth=&#8221;true&#8221; css=&#8221;.vc_custom_1533222006898{margin-bottom: -50px !important;padding-top: 45px !important;padding-bottom: 25px !important;background-color: #edaf23 !important;}&#8221;][vc_column width=&#8221;2\/3&#8243; css=&#8221;.vc_custom_1532698532225{margin-top: 15px !important;}&#8221;][vc_column_text css=&#8221;.vc_custom_1537995014650{margin-bottom: 0px !important;}&#8221;]\n<h2 style=\"text-align: center;\"><strong>VOUS D\u00c9SIREZ AVOIR UNE CONSULTATION GRATUITE?<\/strong><\/h2>\n[\/vc_column_text][\/vc_column][vc_column width=&#8221;1\/3&#8243;][mk_button dimension=&#8221;flat&#8221; corner_style=&#8221;rounded&#8221; size=&#8221;x-large&#8221; url=&#8221;https:\/\/www.nwaretech.com\/fr\/contactez-nous\/&#8221; margin_right=&#8221;20&#8243; bg_color=&#8221;#081828&#8243; btn_hover_bg=&#8221;#ffffff&#8221; btn_hover_txt_color=&#8221;#081828&#8243;]CONTACTEZ-NOUS[\/mk_button][\/vc_column][\/vc_row]\n<\/div>","protected":false},"excerpt":{"rendered":"<p>[vc_row fullwidth=&#8221;true&#8221; css=&#8221;.vc_custom_1532701016934{margin-top: -155px !important;}&#8221;][vc_column][mk_page_title_box section_height=&#8221;525&#8243; bg_image=&#8221;https:\/\/www.nwaretech.com\/wp-content\/uploads\/2018\/09\/products_sap_business_one_intro.jpg&#8221; bg_position=&#8221;center top&#8221; bg_stretch=&#8221;true&#8221; bg_effects=&#8221;parallax&#8221; underline=&#8221;false&#8221;][mk_divider style=&#8221;thin_solid&#8221; thickness=&#8221;3&#8243; margin_top=&#8221;0&#8243; margin_bottom=&#8221;0&#8243;][\/vc_column][\/vc_row][vc_row][vc_column][mk_padding_divider][\/vc_column][\/vc_row][vc_row][vc_column][mk_fancy_title font_family=&#8221;none&#8221;] Croissance et succ\u00e8s [\/mk_fancy_title][vc_column_text css=&#8221;.vc_custom_1538149865658{margin-bottom: 0px !important;}&#8221;]SAP Business One est un logiciel de gestion d\u2019entreprise abordable et simple con\u00e7u pour la petite &amp; moyenne entreprise. Il vous permet de g\u00e9rer toutes vos fonctions critiques comme les ventes, la [&hellip;]<\/p>\n","protected":false},"author":3,"featured_media":0,"parent":0,"menu_order":0,"comment_status":"closed","ping_status":"closed","template":"","meta":{"footnotes":""},"class_list":["post-5737","page","type-page","status-publish","hentry"],"yoast_head":"<!-- This site is optimized with the Yoast SEO plugin v27.5 - https:\/\/yoast.com\/product\/yoast-seo-wordpress\/ -->\n<title>Introduction SAP Business One - Pour la Croissance et le Succ\u00e8s<\/title>\n<meta name=\"description\" content=\"B\u00e9n\u00e9ficiez d&#039;un contr\u00f4le complet sur les fonctions critiques des processus de votre entreprise avec SAP Business One, c&#039;est possible!\" \/>\n<meta name=\"robots\" content=\"noindex, nofollow\" \/>\n<meta property=\"og:locale\" content=\"fr_FR\" \/>\n<meta property=\"og:type\" content=\"article\" \/>\n<meta property=\"og:title\" content=\"Introduction SAP Business One - Pour la Croissance et le Succ\u00e8s\" \/>\n<meta property=\"og:description\" content=\"B\u00e9n\u00e9ficiez d&#039;un contr\u00f4le complet sur les fonctions critiques des processus de votre entreprise avec SAP Business One, c&#039;est possible!\" \/>\n<meta property=\"og:url\" content=\"https:\/\/www.nwaretech.com\/fr\/sap-business-one-introduction\/\" \/>\n<meta property=\"og:site_name\" content=\"N\u2019ware Technologies\" \/>\n<meta property=\"article:modified_time\" content=\"2025-01-09T16:48:15+00:00\" \/>\n<meta name=\"twitter:card\" content=\"summary_large_image\" \/>\n<meta name=\"twitter:label1\" content=\"Dur\u00e9e de lecture estim\u00e9e\" \/>\n\t<meta name=\"twitter:data1\" content=\"3 minutes\" \/>\n<script type=\"application\/ld+json\" class=\"yoast-schema-graph\">{\"@context\":\"https:\\\/\\\/schema.org\",\"@graph\":[{\"@type\":\"WebPage\",\"@id\":\"https:\\\/\\\/www.nwaretech.com\\\/fr\\\/sap-business-one-introduction\\\/\",\"url\":\"https:\\\/\\\/www.nwaretech.com\\\/fr\\\/sap-business-one-introduction\\\/\",\"name\":\"Introduction SAP Business One - Pour la Croissance et le Succ\u00e8s\",\"isPartOf\":{\"@id\":\"https:\\\/\\\/www.nwaretech.com\\\/#website\"},\"datePublished\":\"2018-08-15T16:00:54+00:00\",\"dateModified\":\"2025-01-09T16:48:15+00:00\",\"description\":\"B\u00e9n\u00e9ficiez d'un contr\u00f4le complet sur les fonctions critiques des processus de votre entreprise avec SAP Business One, c'est possible!\",\"breadcrumb\":{\"@id\":\"https:\\\/\\\/www.nwaretech.com\\\/fr\\\/sap-business-one-introduction\\\/#breadcrumb\"},\"inLanguage\":\"fr-FR\",\"potentialAction\":[{\"@type\":\"ReadAction\",\"target\":[\"https:\\\/\\\/www.nwaretech.com\\\/fr\\\/sap-business-one-introduction\\\/\"]}]},{\"@type\":\"BreadcrumbList\",\"@id\":\"https:\\\/\\\/www.nwaretech.com\\\/fr\\\/sap-business-one-introduction\\\/#breadcrumb\",\"itemListElement\":[{\"@type\":\"ListItem\",\"position\":1,\"name\":\"Home\",\"item\":\"https:\\\/\\\/www.nwaretech.com\\\/fr\\\/\"},{\"@type\":\"ListItem\",\"position\":2,\"name\":\"SAP Business One Introduction\"}]},{\"@type\":\"WebSite\",\"@id\":\"https:\\\/\\\/www.nwaretech.com\\\/#website\",\"url\":\"https:\\\/\\\/www.nwaretech.com\\\/\",\"name\":\"N\u2019ware Technologies\",\"description\":\"ERP &amp; WMS Software\",\"potentialAction\":[{\"@type\":\"SearchAction\",\"target\":{\"@type\":\"EntryPoint\",\"urlTemplate\":\"https:\\\/\\\/www.nwaretech.com\\\/?s={search_term_string}\"},\"query-input\":{\"@type\":\"PropertyValueSpecification\",\"valueRequired\":true,\"valueName\":\"search_term_string\"}}],\"inLanguage\":\"fr-FR\"}]}<\/script>\n<!-- \/ Yoast SEO plugin. -->","yoast_head_json":{"title":"Introduction SAP Business One - Pour la Croissance et le Succ\u00e8s","description":"B\u00e9n\u00e9ficiez d'un contr\u00f4le complet sur les fonctions critiques des processus de votre entreprise avec SAP Business One, c'est possible!","robots":{"index":"noindex","follow":"nofollow"},"og_locale":"fr_FR","og_type":"article","og_title":"Introduction SAP Business One - Pour la Croissance et le Succ\u00e8s","og_description":"B\u00e9n\u00e9ficiez d'un contr\u00f4le complet sur les fonctions critiques des processus de votre entreprise avec SAP Business One, c'est possible!","og_url":"https:\/\/www.nwaretech.com\/fr\/sap-business-one-introduction\/","og_site_name":"N\u2019ware Technologies","article_modified_time":"2025-01-09T16:48:15+00:00","twitter_card":"summary_large_image","twitter_misc":{"Dur\u00e9e de lecture estim\u00e9e":"3 minutes"},"schema":{"@context":"https:\/\/schema.org","@graph":[{"@type":"WebPage","@id":"https:\/\/www.nwaretech.com\/fr\/sap-business-one-introduction\/","url":"https:\/\/www.nwaretech.com\/fr\/sap-business-one-introduction\/","name":"Introduction SAP Business One - Pour la Croissance et le Succ\u00e8s","isPartOf":{"@id":"https:\/\/www.nwaretech.com\/#website"},"datePublished":"2018-08-15T16:00:54+00:00","dateModified":"2025-01-09T16:48:15+00:00","description":"B\u00e9n\u00e9ficiez d'un contr\u00f4le complet sur les fonctions critiques des processus de votre entreprise avec SAP Business One, c'est possible!","breadcrumb":{"@id":"https:\/\/www.nwaretech.com\/fr\/sap-business-one-introduction\/#breadcrumb"},"inLanguage":"fr-FR","potentialAction":[{"@type":"ReadAction","target":["https:\/\/www.nwaretech.com\/fr\/sap-business-one-introduction\/"]}]},{"@type":"BreadcrumbList","@id":"https:\/\/www.nwaretech.com\/fr\/sap-business-one-introduction\/#breadcrumb","itemListElement":[{"@type":"ListItem","position":1,"name":"Home","item":"https:\/\/www.nwaretech.com\/fr\/"},{"@type":"ListItem","position":2,"name":"SAP Business One Introduction"}]},{"@type":"WebSite","@id":"https:\/\/www.nwaretech.com\/#website","url":"https:\/\/www.nwaretech.com\/","name":"N\u2019ware Technologies","description":"ERP &amp; WMS Software","potentialAction":[{"@type":"SearchAction","target":{"@type":"EntryPoint","urlTemplate":"https:\/\/www.nwaretech.com\/?s={search_term_string}"},"query-input":{"@type":"PropertyValueSpecification","valueRequired":true,"valueName":"search_term_string"}}],"inLanguage":"fr-FR"}]}},"_links":{"self":[{"href":"https:\/\/www.nwaretech.com\/fr\/wp-json\/wp\/v2\/pages\/5737","targetHints":{"allow":["GET"]}}],"collection":[{"href":"https:\/\/www.nwaretech.com\/fr\/wp-json\/wp\/v2\/pages"}],"about":[{"href":"https:\/\/www.nwaretech.com\/fr\/wp-json\/wp\/v2\/types\/page"}],"author":[{"embeddable":true,"href":"https:\/\/www.nwaretech.com\/fr\/wp-json\/wp\/v2\/users\/3"}],"replies":[{"embeddable":true,"href":"https:\/\/www.nwaretech.com\/fr\/wp-json\/wp\/v2\/comments?post=5737"}],"version-history":[{"count":0,"href":"https:\/\/www.nwaretech.com\/fr\/wp-json\/wp\/v2\/pages\/5737\/revisions"}],"wp:attachment":[{"href":"https:\/\/www.nwaretech.com\/fr\/wp-json\/wp\/v2\/media?parent=5737"}],"curies":[{"name":"wp","href":"https:\/\/api.w.org\/{rel}","templated":true}]}}