{"id":5750,"date":"2018-08-07T10:25:00","date_gmt":"2018-08-07T15:25:00","guid":{"rendered":"http:\/\/nwaretech.webloft.info\/sap-business-objects-edge-bi\/"},"modified":"2020-09-21T15:39:16","modified_gmt":"2020-09-21T20:39:16","slug":"sap-business-objects-edge-bi","status":"publish","type":"page","link":"https:\/\/www.nwaretech.com\/fr\/sap-business-objects-edge-bi\/","title":{"rendered":"SAP Business Objects Edge BI"},"content":{"rendered":"<div class=\"wpb-content-wrapper\">[vc_row fullwidth=&#8221;true&#8221; css=&#8221;.vc_custom_1532701016934{margin-top: -155px !important;}&#8221;][vc_column][mk_page_title_box section_height=&#8221;525&#8243; bg_image=&#8221;https:\/\/www.nwaretech.com\/wp-content\/uploads\/2018\/08\/products_sap_business_objects_edge_bi-1.jpg&#8221; bg_position=&#8221;center top&#8221; bg_stretch=&#8221;true&#8221; bg_effects=&#8221;parallax&#8221; underline=&#8221;false&#8221;][mk_divider style=&#8221;thin_solid&#8221; thickness=&#8221;3&#8243; margin_top=&#8221;0&#8243; margin_bottom=&#8221;0&#8243;][\/vc_column][\/vc_row][vc_row][vc_column][mk_padding_divider][\/vc_column][\/vc_row][vc_row][vc_column][mk_fancy_title font_family=&#8221;none&#8221;]\n<h1 class=\"has-h1\">SAP BusinessObjects Edge BI<\/h1>\n[\/mk_fancy_title][\/vc_column][\/vc_row][vc_row][vc_column width=&#8221;1\/3&#8243;][vc_icon type=&#8221;material&#8221; icon_material=&#8221;vc-material vc-material-error_outline&#8221; color=&#8221;custom&#8221; size=&#8221;xl&#8221; align=&#8221;center&#8221; custom_color=&#8221;#ecae26&#8243;][vc_column_text css=&#8221;.vc_custom_1538150206500{margin-bottom: 0px !important;}&#8221;]\n<h3 style=\"text-align: center;\">Informer<\/h3>\n[\/vc_column_text][\/vc_column][vc_column width=&#8221;1\/3&#8243;][vc_icon type=&#8221;material&#8221; icon_material=&#8221;vc-material vc-material-call_split&#8221; color=&#8221;custom&#8221; size=&#8221;xl&#8221; align=&#8221;center&#8221; custom_color=&#8221;#ecae26&#8243;][vc_column_text css=&#8221;.vc_custom_1538150217238{margin-bottom: 0px !important;}&#8221;]\n<h3 style=\"text-align: center;\">D\u00e9cider<\/h3>\n[\/vc_column_text][\/vc_column][vc_column width=&#8221;1\/3&#8243;][vc_icon type=&#8221;material&#8221; icon_material=&#8221;vc-material vc-material-directions_run&#8221; color=&#8221;custom&#8221; size=&#8221;xl&#8221; align=&#8221;center&#8221; custom_color=&#8221;#ecae26&#8243;][vc_column_text css=&#8221;.vc_custom_1538150236283{margin-bottom: 0px !important;}&#8221;]\n<h3 style=\"text-align: center;\">Agir<\/h3>\n[\/vc_column_text][\/vc_column][\/vc_row][vc_row][vc_column][mk_padding_divider][\/vc_column][\/vc_row][vc_row][vc_column][mk_fancy_title font_family=&#8221;none&#8221;]\n<h2>Est-ce\u00a0la solution de &#8220;Business Intelligence&#8221;\u00a0(BI) r\u00e9pondra\u00a0\u00e0 vos besoins?<\/h2>\n[\/mk_fancy_title][vc_column_text css=&#8221;.vc_custom_1538150387035{margin-bottom: 0px !important;}&#8221;]\n<ul>\n<li>Vous avez plusieurs versions de la r\u00e9alit\u00e9 et vous ne savez pas laquelle faire confiance?<\/li>\n<li>La collaboration entre les d\u00e9partements est lourde?<\/li>\n<li>Vous d\u00e9pensez beaucoup de temps \u00e0 maintenir des fichiers Excel?<\/li>\n<li>Vous devez manipulez\u00a0des donn\u00e9es pour\u00a0cr\u00e9er des rapports consolid\u00e9s?<\/li>\n<li>Vos donn\u00e9es ne sont\u00a0pas fiables\u00a0ou non int\u00e9gr\u00e9es pour effectuer des analyses d\u00e9taill\u00e9es?<\/li>\n<li>Vous passez plus de temps\u00a0\u00e0 extraire la donn\u00e9e qu&#8217;\u00e0 la comprendre?<\/li>\n<\/ul>\n[\/vc_column_text][vc_message]Si vous avez r\u00e9pondu oui \u00e0 une\u00a0des questions, le BI est la bonne solution pour vous.[\/vc_message][\/vc_column][\/vc_row][vc_row][vc_column][mk_padding_divider][\/vc_column][\/vc_row][vc_row][vc_column][mk_fancy_title font_family=&#8221;none&#8221;]\n<h2>Vue d&#8217;ensemble de la solution<\/h2>\n[\/mk_fancy_title][vc_row_inner][vc_column_inner width=&#8221;2\/3&#8243;][vc_column_text css=&#8221;.vc_custom_1538150729675{margin-bottom: 0px !important;}&#8221;]SAP BusinessObjects Edge\u00a0facilite l&#8217;acc\u00e8s \u00e0 l&#8217;information pour que vous\u00a0soyez facilement\u00a0en mesure d&#8217;analyser\u00a0vos donn\u00e9es\u00a0et d&#8217;op\u00e9rer votre entreprise. Peu importe le logiciel de\u00a0gestion utilis\u00e9, la solution intuitive de BI (Business Intelligence\u00a0) de SAP, fourni \u00e0 son utilisateur un outil performant pour\u00a0transformer\u00a0vos donn\u00e9es en outils de\u00a0prises de d\u00e9cision. Les r\u00e9sultats sont accessibles partout n&#8217;importe quand.\u00a0 Le BI combine les donn\u00e9es de diff\u00e9rentes sources et fourni une vue 360 degr\u00e9.[\/vc_column_text][\/vc_column_inner][vc_column_inner width=&#8221;1\/3&#8243;][vc_single_image image=&#8221;5283&#8243; img_size=&#8221;full&#8221;][\/vc_column_inner][\/vc_row_inner][\/vc_column][\/vc_row][vc_row][vc_column][mk_padding_divider][\/vc_column][\/vc_row][vc_row][vc_column][mk_fancy_title font_family=&#8221;none&#8221;]\n<h2>Les fonctionnalit\u00e9s cl\u00e9s de la solution BI sont :<\/h2>\n[\/mk_fancy_title][vc_row_inner][vc_column_inner width=&#8221;2\/3&#8243;][vc_column_text css=&#8221;.vc_custom_1538150839226{margin-bottom: 0px !important;}&#8221;]\n<ul>\n<li>Tableaux de bord<\/li>\n<li>Reporting \u00e0 la demande, requ\u00eate et analyse<\/li>\n<li>D\u00e9couvrez des tendances et faites vos propres sc\u00e9narios &#8220;what-if&#8221;<\/li>\n<li>Indicateurs de performance<\/li>\n<li>Int\u00e9gration et acc\u00e8s direct aux donn\u00e9es de Microsoft Office<\/li>\n<li>Outils de recherche et de navigation \u00e9volu\u00e9s<\/li>\n<li>Rapports pr\u00e9configur\u00e9s<\/li>\n<\/ul>\n[\/vc_column_text][\/vc_column_inner][vc_column_inner width=&#8221;1\/3&#8243;][vc_single_image image=&#8221;5280&#8243; img_size=&#8221;medium&#8221; onclick=&#8221;img_link_large&#8221; img_link_target=&#8221;_blank&#8221;][\/vc_column_inner][\/vc_row_inner][\/vc_column][\/vc_row][vc_row][vc_column][mk_padding_divider][\/vc_column][\/vc_row][vc_row][vc_column][mk_fancy_title font_family=&#8221;none&#8221;]\n<h2>SAP BusinessObjects Edge BI; Forfaits Disponibles<\/h2>\n[\/mk_fancy_title][vc_row_inner][vc_column_inner width=&#8221;1\/3&#8243;][vc_column_text css=&#8221;.vc_custom_1538150942646{margin-bottom: 0px !important;}&#8221;]\n<h3>SAP BusinessObjects Edge BI Forfait Standard<\/h3>\n<ul>\n<li>Reporting \u00e0 la demande<\/li>\n<li>Outils d&#8217;analyse<\/li>\n<li>Tableaux de bord<\/li>\n<li>Int\u00e9gration office<\/li>\n<li>S\u00e9curit\u00e9<\/li>\n<li>Planification et\u00a0diffusion de donn\u00e9es<\/li>\n<li>Audits<\/li>\n<li>Mobilit\u00e9;<\/li>\n<li>Widgets;<\/li>\n<li>Navigation Polestar<\/li>\n<li>Int\u00e9gration avec SAP, Sharepoint Oracle, PSFT, Siebel\u00a0et JDE.<\/li>\n<\/ul>\n[\/vc_column_text][\/vc_column_inner][vc_column_inner width=&#8221;1\/3&#8243;][vc_icon type=&#8221;material&#8221; icon_material=&#8221;vc-material vc-material-add&#8221; color=&#8221;custom&#8221; size=&#8221;xl&#8221; align=&#8221;right&#8221; custom_color=&#8221;#ecae26&#8243;][vc_icon type=&#8221;material&#8221; icon_material=&#8221;vc-material vc-material-add&#8221; color=&#8221;custom&#8221; size=&#8221;xl&#8221; align=&#8221;right&#8221; custom_color=&#8221;#073254&#8243; css=&#8221;.vc_custom_1533673600676{margin-top: 115px !important;}&#8221;][\/vc_column_inner][vc_column_inner width=&#8221;1\/3&#8243;][vc_column_text css=&#8221;.vc_custom_1538150982556{margin-bottom: 0px !important;}&#8221;]\n<h3>SAP BusinessObjects Edge BI,\u00a0forfait\u00a0avec int\u00e9gration de donn\u00e9es<\/h3>\n<ul>\n<li>Graphical ETL Transform&#8221;<\/li>\n<li>Analyse d&#8217;impact<\/li>\n<li>&#8220;Data Lineage&#8221;<\/li>\n<\/ul>\n[\/vc_column_text][vc_column_text css=&#8221;.vc_custom_1538151032748{margin-bottom: 0px !important;}&#8221;]\n<h3>SAP BusinessObjects Edge BI, forfait avec gestion de donn\u00e9es<\/h3>\n<ul>\n<li>&#8220;Graphical ETL Transform&#8221;<\/li>\n<li>Analyse d&#8217;impact<\/li>\n<li>&#8220;Data Lineage&#8221;<\/li>\n<\/ul>\n[\/vc_column_text][\/vc_column_inner][\/vc_row_inner][\/vc_column][\/vc_row][vc_row][vc_column][mk_padding_divider][\/vc_column][\/vc_row][vc_row][vc_column][mk_fancy_title font_family=&#8221;none&#8221;]\n<h2>Exemples de Business Intelligence<\/h2>\n[\/mk_fancy_title][vc_row_inner][vc_column_inner width=&#8221;2\/3&#8243;][vc_column_text css=&#8221;.vc_custom_1538151155377{margin-bottom: 0px !important;}&#8221;]\n<ul>\n<li>Suivi des indicateurs de performance (KPIs)<\/li>\n<li>Recevez des alertes qui requierts des actions imm\u00e9diates sur vos outils mobiles<\/li>\n<li>Ciblez\u00a0vos produits vedette<\/li>\n<li>Identifiez rapidement les clients en baisse de vente et r\u00e9agissez<\/li>\n<li>Monitorez l&#8217;information sur les m\u00e9dias sociaux sur vos produits, votre r\u00e9putation et sur vos probl\u00e8mes potentiels\u00a0de service<\/li>\n<li>Effectuez des sc\u00e9narios &#8220;what-if&#8221; et \u00e9valuez l&#8217;impact sur vos liquidit\u00e9s<\/li>\n<li>Identifier des tendances, comme une baisse de vente par ligne de produit par groupe de client<\/li>\n<li>Surveillez\u00a0les r\u00e9sultats de campagnes marketing en temps r\u00e9el<\/li>\n<li>Enlignez\u00a0les\u00a0besoins de\u00a0stock avec la production pour r\u00e9duire vos co\u00fbts de possession d&#8217;inventaire<\/li>\n<li>Optimisez vos inventaires\u00a0\u00a0: voir comment la saisonnalit\u00e9 affecte\u00a0la demande de certains produits<\/li>\n<li>Cordonnez les commandes clients, les dates de livraison en fonction des d\u00e9lais de production<\/li>\n<\/ul>\n[\/vc_column_text][\/vc_column_inner][vc_column_inner width=&#8221;1\/3&#8243;][vc_single_image image=&#8221;5291&#8243; img_size=&#8221;full&#8221;][\/vc_column_inner][\/vc_row_inner][\/vc_column][\/vc_row][vc_row][vc_column][vc_separator border_width=&#8221;5&#8243;][\/vc_column][\/vc_row][vc_row][vc_column][mk_fancy_title font_family=&#8221;none&#8221;]\n<h2>T\u00e9l\u00e9chargements<\/h2>\n[\/mk_fancy_title][\/vc_column][\/vc_row][vc_row][vc_column width=&#8221;1\/3&#8243;][mk_fancy_title font_family=&#8221;none&#8221;]\n<h4><span id=\"result_box\" class=\"short_text\" lang=\"fr\"><span class=\"\">G\u00e9rer des projets n&#8217;importe o\u00f9, n&#8217;importe quand<\/span><\/span><\/h4>\n[\/mk_fancy_title][mk_padding_divider size=&#8221;25&#8243;][vc_single_image image=&#8221;6297&#8243; img_size=&#8221;full&#8221;][mk_button dimension=&#8221;flat&#8221; size=&#8221;large&#8221; url=&#8221;\/wp-content\/uploads\/2018\/09\/nware_project_mobility_english.pdf&#8221; target=&#8221;_blank&#8221; bg_color=&#8221;#dbdbdb&#8221; btn_hover_bg=&#8221;#e5e5e5&#8243; text_color=&#8221;dark&#8221;]T\u00c9L\u00c9CHARGER[\/mk_button][\/vc_column][vc_column width=&#8221;1\/3&#8243;][mk_fancy_title font_family=&#8221;none&#8221;]\n<h4><span id=\"result_box\" class=\"\" lang=\"fr\"><span class=\"\">Examinez votre entreprise de l\u2019int\u00e9rieur avec SAP Business One<\/span><\/span><\/h4>\n[\/mk_fancy_title][vc_single_image image=&#8221;6339&#8243; img_size=&#8221;full&#8221;][mk_button dimension=&#8221;flat&#8221; size=&#8221;large&#8221; url=&#8221;\/wp-content\/uploads\/2018\/09\/sap_business_one_intro_french.pdf&#8221; target=&#8221;_blank&#8221; bg_color=&#8221;#dbdbdb&#8221; btn_hover_bg=&#8221;#e5e5e5&#8243; text_color=&#8221;dark&#8221;]T\u00c9L\u00c9CHARGER[\/mk_button][\/vc_column][vc_column width=&#8221;1\/3&#8243;][mk_fancy_title font_family=&#8221;none&#8221;]\n<h4>Prendre de meilleures d\u00e9cisions d&#8217;affaire<\/h4>\n[\/mk_fancy_title][mk_padding_divider size=&#8221;25&#8243;][vc_single_image image=&#8221;6320&#8243; img_size=&#8221;full&#8221;][mk_button dimension=&#8221;flat&#8221; size=&#8221;large&#8221; url=&#8221;\/wp-content\/uploads\/2018\/09\/sap_business_one_bi_english.pdf&#8221; target=&#8221;_blank&#8221; bg_color=&#8221;#dbdbdb&#8221; btn_hover_bg=&#8221;#e5e5e5&#8243; text_color=&#8221;dark&#8221;]T\u00c9L\u00c9CHARGER[\/mk_button][\/vc_column][\/vc_row][vc_row][vc_column][mk_padding_divider size=&#8221;100&#8243;][\/vc_column][\/vc_row][vc_row fullwidth=&#8221;true&#8221; css=&#8221;.vc_custom_1533222006898{margin-bottom: -50px !important;padding-top: 45px !important;padding-bottom: 25px !important;background-color: #edaf23 !important;}&#8221;][vc_column width=&#8221;2\/3&#8243; css=&#8221;.vc_custom_1532698532225{margin-top: 15px !important;}&#8221;][vc_column_text css=&#8221;.vc_custom_1538151345655{margin-bottom: 0px !important;}&#8221;]\n<h2 style=\"text-align: center;\"><strong>INSCRIVEZ-VOUS POUR UNE CONSULTATION GRATUITE<\/strong><\/h2>\n[\/vc_column_text][\/vc_column][vc_column width=&#8221;1\/3&#8243;][mk_button dimension=&#8221;flat&#8221; corner_style=&#8221;rounded&#8221; size=&#8221;x-large&#8221; url=&#8221;https:\/\/www.nwaretech.com\/fr\/contactez-nous\/&#8221; margin_right=&#8221;20&#8243; bg_color=&#8221;#081828&#8243; btn_hover_bg=&#8221;#ffffff&#8221; btn_hover_txt_color=&#8221;#081828&#8243;]CONTACTEZ-NOUS[\/mk_button][\/vc_column][\/vc_row]\n<\/div>","protected":false},"excerpt":{"rendered":"<p>[vc_row fullwidth=&#8221;true&#8221; css=&#8221;.vc_custom_1532701016934{margin-top: -155px !important;}&#8221;][vc_column][mk_page_title_box section_height=&#8221;525&#8243; bg_image=&#8221;https:\/\/www.nwaretech.com\/wp-content\/uploads\/2018\/08\/products_sap_business_objects_edge_bi-1.jpg&#8221; bg_position=&#8221;center top&#8221; bg_stretch=&#8221;true&#8221; bg_effects=&#8221;parallax&#8221; underline=&#8221;false&#8221;][mk_divider style=&#8221;thin_solid&#8221; thickness=&#8221;3&#8243; margin_top=&#8221;0&#8243; margin_bottom=&#8221;0&#8243;][\/vc_column][\/vc_row][vc_row][vc_column][mk_padding_divider][\/vc_column][\/vc_row][vc_row][vc_column][mk_fancy_title font_family=&#8221;none&#8221;] SAP BusinessObjects Edge BI [\/mk_fancy_title][\/vc_column][\/vc_row][vc_row][vc_column width=&#8221;1\/3&#8243;][vc_icon type=&#8221;material&#8221; icon_material=&#8221;vc-material vc-material-error_outline&#8221; color=&#8221;custom&#8221; size=&#8221;xl&#8221; align=&#8221;center&#8221; custom_color=&#8221;#ecae26&#8243;][vc_column_text css=&#8221;.vc_custom_1538150206500{margin-bottom: 0px !important;}&#8221;] Informer [\/vc_column_text][\/vc_column][vc_column width=&#8221;1\/3&#8243;][vc_icon type=&#8221;material&#8221; icon_material=&#8221;vc-material vc-material-call_split&#8221; color=&#8221;custom&#8221; size=&#8221;xl&#8221; align=&#8221;center&#8221; custom_color=&#8221;#ecae26&#8243;][vc_column_text css=&#8221;.vc_custom_1538150217238{margin-bottom: 0px !important;}&#8221;] D\u00e9cider [\/vc_column_text][\/vc_column][vc_column width=&#8221;1\/3&#8243;][vc_icon type=&#8221;material&#8221; icon_material=&#8221;vc-material vc-material-directions_run&#8221; color=&#8221;custom&#8221; size=&#8221;xl&#8221; align=&#8221;center&#8221; [&hellip;]<\/p>\n","protected":false},"author":3,"featured_media":0,"parent":0,"menu_order":0,"comment_status":"closed","ping_status":"closed","template":"","meta":{"footnotes":""},"class_list":["post-5750","page","type-page","status-publish","hentry"],"yoast_head":"<!-- This site is optimized with the Yoast SEO plugin v27.2 - https:\/\/yoast.com\/product\/yoast-seo-wordpress\/ -->\n<title>SAP BusinessObjects Edge BI: Solution de &#039;&#039;Business Intelligence&#039;&#039;<\/title>\n<meta name=\"description\" content=\"Turn your data into meaningful information with SAP Business Objects Edge BI. Learn from local experts on key functionalities.\" \/>\n<meta name=\"robots\" content=\"index, follow, max-snippet:-1, max-image-preview:large, max-video-preview:-1\" \/>\n<link rel=\"canonical\" href=\"https:\/\/www.nwaretech.com\/fr\/sap-business-objects-edge-bi\/\" \/>\n<meta property=\"og:locale\" content=\"fr_FR\" \/>\n<meta property=\"og:type\" content=\"article\" \/>\n<meta property=\"og:title\" content=\"SAP BusinessObjects Edge BI: Solution de &#039;&#039;Business Intelligence&#039;&#039;\" \/>\n<meta property=\"og:description\" content=\"Turn your data into meaningful information with SAP Business Objects Edge BI. Learn from local experts on key functionalities.\" \/>\n<meta property=\"og:url\" content=\"https:\/\/www.nwaretech.com\/fr\/sap-business-objects-edge-bi\/\" \/>\n<meta property=\"og:site_name\" content=\"N\u2019ware Technologies\" \/>\n<meta property=\"article:modified_time\" content=\"2020-09-21T20:39:16+00:00\" \/>\n<meta name=\"twitter:card\" content=\"summary_large_image\" \/>\n<meta name=\"twitter:label1\" content=\"Dur\u00e9e de lecture estim\u00e9e\" \/>\n\t<meta name=\"twitter:data1\" content=\"7 minutes\" \/>\n<script type=\"application\/ld+json\" class=\"yoast-schema-graph\">{\"@context\":\"https:\/\/schema.org\",\"@graph\":[{\"@type\":\"WebPage\",\"@id\":\"https:\/\/www.nwaretech.com\/fr\/sap-business-objects-edge-bi\/\",\"url\":\"https:\/\/www.nwaretech.com\/fr\/sap-business-objects-edge-bi\/\",\"name\":\"SAP BusinessObjects Edge BI: Solution de ''Business Intelligence''\",\"isPartOf\":{\"@id\":\"https:\/\/www.nwaretech.com\/#website\"},\"datePublished\":\"2018-08-07T15:25:00+00:00\",\"dateModified\":\"2020-09-21T20:39:16+00:00\",\"description\":\"Turn your data into meaningful information with SAP Business Objects Edge BI. Learn from local experts on key functionalities.\",\"breadcrumb\":{\"@id\":\"https:\/\/www.nwaretech.com\/fr\/sap-business-objects-edge-bi\/#breadcrumb\"},\"inLanguage\":\"fr-FR\",\"potentialAction\":[{\"@type\":\"ReadAction\",\"target\":[\"https:\/\/www.nwaretech.com\/fr\/sap-business-objects-edge-bi\/\"]}]},{\"@type\":\"BreadcrumbList\",\"@id\":\"https:\/\/www.nwaretech.com\/fr\/sap-business-objects-edge-bi\/#breadcrumb\",\"itemListElement\":[{\"@type\":\"ListItem\",\"position\":1,\"name\":\"Home\",\"item\":\"https:\/\/www.nwaretech.com\/fr\/\"},{\"@type\":\"ListItem\",\"position\":2,\"name\":\"SAP Business Objects Edge BI\"}]},{\"@type\":\"WebSite\",\"@id\":\"https:\/\/www.nwaretech.com\/#website\",\"url\":\"https:\/\/www.nwaretech.com\/\",\"name\":\"N\u2019ware Technologies\",\"description\":\"ERP &amp; WMS Software\",\"potentialAction\":[{\"@type\":\"SearchAction\",\"target\":{\"@type\":\"EntryPoint\",\"urlTemplate\":\"https:\/\/www.nwaretech.com\/?s={search_term_string}\"},\"query-input\":{\"@type\":\"PropertyValueSpecification\",\"valueRequired\":true,\"valueName\":\"search_term_string\"}}],\"inLanguage\":\"fr-FR\"}]}<\/script>\n<!-- \/ Yoast SEO plugin. -->","yoast_head_json":{"title":"SAP BusinessObjects Edge BI: Solution de ''Business Intelligence''","description":"Turn your data into meaningful information with SAP Business Objects Edge BI. Learn from local experts on key functionalities.","robots":{"index":"index","follow":"follow","max-snippet":"max-snippet:-1","max-image-preview":"max-image-preview:large","max-video-preview":"max-video-preview:-1"},"canonical":"https:\/\/www.nwaretech.com\/fr\/sap-business-objects-edge-bi\/","og_locale":"fr_FR","og_type":"article","og_title":"SAP BusinessObjects Edge BI: Solution de ''Business Intelligence''","og_description":"Turn your data into meaningful information with SAP Business Objects Edge BI. Learn from local experts on key functionalities.","og_url":"https:\/\/www.nwaretech.com\/fr\/sap-business-objects-edge-bi\/","og_site_name":"N\u2019ware Technologies","article_modified_time":"2020-09-21T20:39:16+00:00","twitter_card":"summary_large_image","twitter_misc":{"Dur\u00e9e de lecture estim\u00e9e":"7 minutes"},"schema":{"@context":"https:\/\/schema.org","@graph":[{"@type":"WebPage","@id":"https:\/\/www.nwaretech.com\/fr\/sap-business-objects-edge-bi\/","url":"https:\/\/www.nwaretech.com\/fr\/sap-business-objects-edge-bi\/","name":"SAP BusinessObjects Edge BI: Solution de ''Business Intelligence''","isPartOf":{"@id":"https:\/\/www.nwaretech.com\/#website"},"datePublished":"2018-08-07T15:25:00+00:00","dateModified":"2020-09-21T20:39:16+00:00","description":"Turn your data into meaningful information with SAP Business Objects Edge BI. Learn from local experts on key functionalities.","breadcrumb":{"@id":"https:\/\/www.nwaretech.com\/fr\/sap-business-objects-edge-bi\/#breadcrumb"},"inLanguage":"fr-FR","potentialAction":[{"@type":"ReadAction","target":["https:\/\/www.nwaretech.com\/fr\/sap-business-objects-edge-bi\/"]}]},{"@type":"BreadcrumbList","@id":"https:\/\/www.nwaretech.com\/fr\/sap-business-objects-edge-bi\/#breadcrumb","itemListElement":[{"@type":"ListItem","position":1,"name":"Home","item":"https:\/\/www.nwaretech.com\/fr\/"},{"@type":"ListItem","position":2,"name":"SAP Business Objects Edge BI"}]},{"@type":"WebSite","@id":"https:\/\/www.nwaretech.com\/#website","url":"https:\/\/www.nwaretech.com\/","name":"N\u2019ware Technologies","description":"ERP &amp; WMS Software","potentialAction":[{"@type":"SearchAction","target":{"@type":"EntryPoint","urlTemplate":"https:\/\/www.nwaretech.com\/?s={search_term_string}"},"query-input":{"@type":"PropertyValueSpecification","valueRequired":true,"valueName":"search_term_string"}}],"inLanguage":"fr-FR"}]}},"_links":{"self":[{"href":"https:\/\/www.nwaretech.com\/fr\/wp-json\/wp\/v2\/pages\/5750","targetHints":{"allow":["GET"]}}],"collection":[{"href":"https:\/\/www.nwaretech.com\/fr\/wp-json\/wp\/v2\/pages"}],"about":[{"href":"https:\/\/www.nwaretech.com\/fr\/wp-json\/wp\/v2\/types\/page"}],"author":[{"embeddable":true,"href":"https:\/\/www.nwaretech.com\/fr\/wp-json\/wp\/v2\/users\/3"}],"replies":[{"embeddable":true,"href":"https:\/\/www.nwaretech.com\/fr\/wp-json\/wp\/v2\/comments?post=5750"}],"version-history":[{"count":0,"href":"https:\/\/www.nwaretech.com\/fr\/wp-json\/wp\/v2\/pages\/5750\/revisions"}],"wp:attachment":[{"href":"https:\/\/www.nwaretech.com\/fr\/wp-json\/wp\/v2\/media?parent=5750"}],"curies":[{"name":"wp","href":"https:\/\/api.w.org\/{rel}","templated":true}]}}