{"id":5757,"date":"2018-08-01T11:03:08","date_gmt":"2018-08-01T16:03:08","guid":{"rendered":"http:\/\/nwaretech.webloft.info\/pdc-one\/"},"modified":"2025-01-21T10:48:04","modified_gmt":"2025-01-21T15:48:04","slug":"pdc-one","status":"publish","type":"page","link":"https:\/\/www.nwaretech.com\/fr\/pdc-one\/","title":{"rendered":"PDC-One"},"content":{"rendered":"<div class=\"wpb-content-wrapper\">[vc_row fullwidth=&#8221;true&#8221; css=&#8221;.vc_custom_1532701016934{margin-top: -155px !important;}&#8221;][vc_column][mk_page_title_box section_height=&#8221;525&#8243; bg_image=&#8221;https:\/\/www.nwaretech.com\/wp-content\/uploads\/2018\/08\/products_pdc_one_sap-1.jpg&#8221; bg_position=&#8221;center top&#8221; bg_stretch=&#8221;true&#8221; bg_effects=&#8221;parallax&#8221; underline=&#8221;false&#8221;][mk_divider style=&#8221;thin_solid&#8221; thickness=&#8221;3&#8243; margin_top=&#8221;0&#8243; margin_bottom=&#8221;0&#8243;][\/vc_column][\/vc_row][vc_row][vc_column][mk_padding_divider][\/vc_column][\/vc_row][vc_row][vc_column][mk_fancy_title font_family=&#8221;none&#8221;]\n<h1>PDC-One: La solution la plus efficace pour optimiser votre utilisation du module de production de SAP Business One<\/h1>\n[\/mk_fancy_title][vc_row_inner][vc_column_inner width=&#8221;2\/3&#8243;][vc_column_text css=&#8221;.vc_custom_1537978475354{margin-bottom: 0px !important;}&#8221;]<strong>Con\u00e7ue pour \u00eatre simple et efficace<\/strong>, PDC-One est une solution compl\u00e9mentaire \u00e0 SAP Business One pour les entreprises manufacturi\u00e8res qui d\u00e9sirent b\u00e9n\u00e9ficier d&#8217;une visibilit\u00e9 accrue de leurs op\u00e9rations en <strong>temps r\u00e9el<\/strong>. Il permet aux op\u00e9rateurs sur le plancher de production d\u2019enregistrer facilement le statut des t\u00e2ches, les heures travaill\u00e9es et la consommation des mati\u00e8res premi\u00e8res en fonction des ordres de fabrication de SAP Business One.<\/p>\n<p>Son implantation d\u2019une grande simplicit\u00e9 vous permet d\u2019\u00eatre fonctionnel rapidement sans la complexit\u00e9 et les co\u00fbts souvent li\u00e9s \u00e0 l&#8217;implantation d&#8217;un module manufacturier complet. Par ailleurs, PDC-One est une application bas\u00e9e sur navigateur (<em>browser-based<\/em>),\u00a0compatible avec la plupart des appareils utilis\u00e9s sur les planchers de production.[\/vc_column_text][\/vc_column_inner][vc_column_inner width=&#8221;1\/3&#8243;][vc_single_image image=&#8221;5114&#8243; img_size=&#8221;full&#8221;][\/vc_column_inner][\/vc_row_inner][\/vc_column][\/vc_row][vc_row][vc_column][mk_padding_divider][\/vc_column][\/vc_row][vc_row][vc_column][vc_column_text css=&#8221;.vc_custom_1537979794256{margin-bottom: 0px !important;}&#8221;]\n<h2>Tirez pleinement profit du module de production de SAP Business One sans la complexit\u00e9 li\u00e9e \u00e0 l&#8217;implantation d&#8217;une extension (add-on) manufacturi\u00e8re compl\u00e8te:<\/h2>\n<ul>\n<li style=\"list-style-type: none;\">\n<ul>\n<li>Consultez rapidement le statut des bons de travail en temps r\u00e9el directement dans SAP Business One<\/li>\n<li>Comparez avec pr\u00e9cision votre consommation de mati\u00e8re premi\u00e8re estim\u00e9e et r\u00e9elle<\/li>\n<li>R\u00e9duisez les t\u00e2ches administratives et les erreurs li\u00e9es \u00e0 l\u2019entr\u00e9e manuelle de donn\u00e9es<\/li>\n<li>Favorisez un environnement sans papier<\/li>\n<li>Am\u00e9liorez la pr\u00e9cision du calcul de votre co\u00fbt de revient<\/li>\n<li>B\u00e9n\u00e9ficiez d\u2019une application conviviale et facile d&#8217;utilisation<\/li>\n<li>Compatible avec la plupart des appareils (ordinateurs, terminaux tactiles industriels, mobile, etc.)<\/li>\n<\/ul>\n<\/li>\n<\/ul>\n[\/vc_column_text][\/vc_column][\/vc_row][vc_row][vc_column][mk_padding_divider][\/vc_column][\/vc_row][vc_row][vc_column][vc_column_text css=&#8221;.vc_custom_1537979655988{margin-bottom: 0px !important;}&#8221;]\n<h2>Les B\u00e9n\u00e9fices de PDC-One:<\/h2>\n<p>PDC-One est un compl\u00e9ment simple comprenant une gamme de fonctionnalit\u00e9s simples con\u00e7ues pour \u00eatre impl\u00e9ment\u00e9es rapidement,<br \/>\navec une perturbation minimale de vos activit\u00e9s de production et sans la complexit\u00e9 de la mise en \u0153uvre d&#8217;un compl\u00e9ment de fabrication complet.<\/p>\n<ul>\n<li style=\"list-style-type: none;\">\n<ul>\n<li>Entr\u00e9e et rapports du temps des employ\u00e9s<\/li>\n<li>Alertes pour toutes les transactions normales des ordres de fabrication SAP, y compris les registres de production, l\u2019\u00e9mission des mati\u00e8res et les sorties r\u00e9troactives, avec suivi des \u00e9tapes et des ressources de production<\/li>\n<li>Gestion des num\u00e9ros de s\u00e9rie et de lot<\/li>\n<li>Compatibilit\u00e9 avec les appareils de num\u00e9risation de codes \u00e0 barres et de num\u00e9ros de badge<\/li>\n<li>Tableau de bord des statuts de production int\u00e9gr\u00e9 \u00e0 SAP Business One<\/li>\n<li>Application adaptative et compatible avec la plupart des appareils<\/li>\n<\/ul>\n<\/li>\n<\/ul>\n<h2>PDC-One: Tableaux de bord et suivi du d\u00e9tail des ordres de fabrication<\/h2>\n[\/vc_column_text][vc_row_inner][vc_column_inner width=&#8221;1\/3&#8243;][mk_fancy_title font_family=&#8221;none&#8221;]\n<h4>STATUT DES ORDRES DE FABRICATION<\/h4>\n[\/mk_fancy_title][vc_single_image image=&#8221;5228&#8243; img_size=&#8221;full&#8221; onclick=&#8221;custom_link&#8221; img_link_target=&#8221;_blank&#8221; link=&#8221;\/wp-content\/uploads\/2018\/08\/pdc_one_production_orders_status_dashboard.png&#8221;][\/vc_column_inner][vc_column_inner width=&#8221;1\/3&#8243;][mk_fancy_title font_family=&#8221;none&#8221;]\n<h4>SUIVI DES TEMPS MAIN D&#8217;OEUVRE<\/h4>\n[\/mk_fancy_title][vc_single_image image=&#8221;5230&#8243; img_size=&#8221;full&#8221; onclick=&#8221;custom_link&#8221; img_link_target=&#8221;_blank&#8221; link=&#8221;\/wp-content\/uploads\/2018\/08\/pdc_one_production_time_details_tracking.png&#8221;][\/vc_column_inner][vc_column_inner width=&#8221;1\/3&#8243;][mk_fancy_title font_family=&#8221;none&#8221;]\n<h4>\u00c9CRAN DE SAISIE DES MATI\u00c8RES PREMI\u00c8RES<\/h4>\n[\/mk_fancy_title][vc_single_image image=&#8221;5226&#8243; img_size=&#8221;full&#8221; onclick=&#8221;custom_link&#8221; img_link_target=&#8221;_blank&#8221; link=&#8221;\/wp-content\/uploads\/2018\/08\/pdc_one_material_consumption_recording.jpg&#8221;][\/vc_column_inner][\/vc_row_inner][\/vc_column][\/vc_row][vc_row][vc_column][mk_padding_divider][\/vc_column][\/vc_row][vc_row][vc_column][vc_column_text css=&#8221;.vc_custom_1537978635929{margin-bottom: 0px !important;}&#8221;]\n<h2>PDC-One vous int\u00e9resse?<\/h2>\n<p>Parlons des d\u00e9fis de votre entreprise et surtout des solutions \u00e0 votre port\u00e9e pour connecter votre syst\u00e8me de gestion \u00e0 la r\u00e9alit\u00e9 de votre plancher de production. Nos experts sont pr\u00eats \u00e0 r\u00e9pondre \u00e0 vos questions et planifier une d\u00e9monstration de PDC-One au moment que vous jugerez opportun! Contactez-nous d\u00e8s maintenant ou t\u00e9l\u00e9chargez notre brochure![\/vc_column_text][\/vc_column][\/vc_row][vc_row][vc_column][mk_padding_divider][\/vc_column][\/vc_row][vc_row][vc_column][vc_separator border_width=&#8221;5&#8243;][\/vc_column][\/vc_row][vc_row][vc_column][mk_fancy_title font_family=&#8221;none&#8221;]\n<h2>T\u00e9l\u00e9chargements<\/h2>\n[\/mk_fancy_title][\/vc_column][\/vc_row][vc_row][vc_column width=&#8221;1\/3&#8243;][mk_fancy_title margin_bottom=&#8221;0&#8243; font_family=&#8221;none&#8221;]\n<h3>PDC-One<\/h3>\n[\/mk_fancy_title][vc_single_image image=&#8221;7829&#8243; img_size=&#8221;full&#8221;][mk_button dimension=&#8221;flat&#8221; size=&#8221;large&#8221; url=&#8221;\/wp-content\/uploads\/2018\/09\/nware_pdc_one_french.pdf&#8221; target=&#8221;_blank&#8221; bg_color=&#8221;#dbdbdb&#8221; btn_hover_bg=&#8221;#e5e5e5&#8243; text_color=&#8221;dark&#8221;]T\u00c9L\u00c9CHARGER[\/mk_button][\/vc_column][vc_column width=&#8221;1\/3&#8243;][mk_fancy_title margin_bottom=&#8221;0&#8243; font_family=&#8221;none&#8221;]\n<h3>LISA WMS<\/h3>\n[\/mk_fancy_title][vc_single_image image=&#8221;7827&#8243; img_size=&#8221;full&#8221;][mk_button dimension=&#8221;flat&#8221; size=&#8221;large&#8221; url=&#8221;\/wp-content\/uploads\/2018\/09\/nware_lisa_wms_french.pdf&#8221; target=&#8221;_blank&#8221; bg_color=&#8221;#dbdbdb&#8221; btn_hover_bg=&#8221;#e5e5e5&#8243; text_color=&#8221;dark&#8221;]T\u00c9L\u00c9CHARGER[\/mk_button][\/vc_column][vc_column width=&#8221;1\/3&#8243;][mk_fancy_title margin_bottom=&#8221;0&#8243; font_family=&#8221;none&#8221;]\n<h3>VALOGIX\u00ae Inventory Planner<\/h3>\n[\/mk_fancy_title][vc_single_image image=&#8221;6335&#8243; img_size=&#8221;full&#8221;][mk_button dimension=&#8221;flat&#8221; size=&#8221;large&#8221; url=&#8221;\/wp-content\/uploads\/2018\/09\/nware_inventory_planner_french.pdf&#8221; target=&#8221;_blank&#8221; bg_color=&#8221;#dbdbdb&#8221; btn_hover_bg=&#8221;#e5e5e5&#8243; text_color=&#8221;dark&#8221;]T\u00c9L\u00c9CHARGER[\/mk_button][\/vc_column][\/vc_row][vc_row][vc_column][mk_padding_divider size=&#8221;100&#8243;][\/vc_column][\/vc_row][vc_row fullwidth=&#8221;true&#8221; css=&#8221;.vc_custom_1533222006898{margin-bottom: -50px !important;padding-top: 45px !important;padding-bottom: 25px !important;background-color: #edaf23 !important;}&#8221;][vc_column width=&#8221;2\/3&#8243; css=&#8221;.vc_custom_1532698532225{margin-top: 15px !important;}&#8221;][vc_column_text css=&#8221;.vc_custom_1537981574124{margin-bottom: 0px !important;}&#8221;]\n<h2 style=\"text-align: center;\"><strong>VOUS AIMERIEZ EN APPRENDRE DAVANTAGE?<\/strong><\/h2>\n[\/vc_column_text][\/vc_column][vc_column width=&#8221;1\/3&#8243;][mk_button dimension=&#8221;flat&#8221; corner_style=&#8221;rounded&#8221; size=&#8221;x-large&#8221; url=&#8221;https:\/\/www.nwaretech.com\/fr\/contactez-nous\/&#8221; margin_right=&#8221;20&#8243; bg_color=&#8221;#081828&#8243; btn_hover_bg=&#8221;#ffffff&#8221; btn_hover_txt_color=&#8221;#081828&#8243;]CONTACTEZ-NOUS[\/mk_button][\/vc_column][\/vc_row]\n<\/div>","protected":false},"excerpt":{"rendered":"<p>[vc_row fullwidth=&#8221;true&#8221; css=&#8221;.vc_custom_1532701016934{margin-top: -155px !important;}&#8221;][vc_column][mk_page_title_box section_height=&#8221;525&#8243; bg_image=&#8221;https:\/\/www.nwaretech.com\/wp-content\/uploads\/2018\/08\/products_pdc_one_sap-1.jpg&#8221; bg_position=&#8221;center top&#8221; bg_stretch=&#8221;true&#8221; bg_effects=&#8221;parallax&#8221; underline=&#8221;false&#8221;][mk_divider style=&#8221;thin_solid&#8221; thickness=&#8221;3&#8243; margin_top=&#8221;0&#8243; margin_bottom=&#8221;0&#8243;][\/vc_column][\/vc_row][vc_row][vc_column][mk_padding_divider][\/vc_column][\/vc_row][vc_row][vc_column][mk_fancy_title font_family=&#8221;none&#8221;] PDC-One: La solution la plus efficace pour optimiser votre utilisation du module de production de SAP Business One [\/mk_fancy_title][vc_row_inner][vc_column_inner width=&#8221;2\/3&#8243;][vc_column_text css=&#8221;.vc_custom_1537978475354{margin-bottom: 0px !important;}&#8221;]Con\u00e7ue pour \u00eatre simple et efficace, PDC-One est une solution compl\u00e9mentaire \u00e0 SAP Business One pour [&hellip;]<\/p>\n","protected":false},"author":3,"featured_media":0,"parent":0,"menu_order":0,"comment_status":"closed","ping_status":"closed","template":"","meta":{"footnotes":""},"class_list":["post-5757","page","type-page","status-publish","hentry"],"yoast_head":"<!-- This site is optimized with the Yoast SEO plugin v27.5 - https:\/\/yoast.com\/product\/yoast-seo-wordpress\/ -->\n<title>PDC-One | Module de Production Pour SAP Business One<\/title>\n<meta name=\"description\" content=\"PDC-One collecte des donn\u00e9es de production qui vous permet de suivre l&#039;\u00e9volution des ordres de fabrication de SAP Business One.\" \/>\n<meta name=\"robots\" content=\"index, follow, max-snippet:-1, max-image-preview:large, max-video-preview:-1\" \/>\n<link rel=\"canonical\" href=\"https:\/\/www.nwaretech.com\/fr\/pdc-one\/\" \/>\n<meta property=\"og:locale\" content=\"fr_FR\" \/>\n<meta property=\"og:type\" content=\"article\" \/>\n<meta property=\"og:title\" content=\"PDC-One | Module de Production Pour SAP Business One\" \/>\n<meta property=\"og:description\" content=\"PDC-One collecte des donn\u00e9es de production qui vous permet de suivre l&#039;\u00e9volution des ordres de fabrication de SAP Business One.\" \/>\n<meta property=\"og:url\" content=\"https:\/\/www.nwaretech.com\/fr\/pdc-one\/\" \/>\n<meta property=\"og:site_name\" content=\"N\u2019ware Technologies\" \/>\n<meta property=\"article:modified_time\" content=\"2025-01-21T15:48:04+00:00\" \/>\n<meta name=\"twitter:card\" content=\"summary_large_image\" \/>\n<meta name=\"twitter:label1\" content=\"Dur\u00e9e de lecture estim\u00e9e\" \/>\n\t<meta name=\"twitter:data1\" content=\"3 minutes\" \/>\n<script type=\"application\/ld+json\" class=\"yoast-schema-graph\">{\"@context\":\"https:\\\/\\\/schema.org\",\"@graph\":[{\"@type\":\"WebPage\",\"@id\":\"https:\\\/\\\/www.nwaretech.com\\\/fr\\\/pdc-one\\\/\",\"url\":\"https:\\\/\\\/www.nwaretech.com\\\/fr\\\/pdc-one\\\/\",\"name\":\"PDC-One | Module de Production Pour SAP Business One\",\"isPartOf\":{\"@id\":\"https:\\\/\\\/www.nwaretech.com\\\/#website\"},\"datePublished\":\"2018-08-01T16:03:08+00:00\",\"dateModified\":\"2025-01-21T15:48:04+00:00\",\"description\":\"PDC-One collecte des donn\u00e9es de production qui vous permet de suivre l'\u00e9volution des ordres de fabrication de SAP Business One.\",\"breadcrumb\":{\"@id\":\"https:\\\/\\\/www.nwaretech.com\\\/fr\\\/pdc-one\\\/#breadcrumb\"},\"inLanguage\":\"fr-FR\",\"potentialAction\":[{\"@type\":\"ReadAction\",\"target\":[\"https:\\\/\\\/www.nwaretech.com\\\/fr\\\/pdc-one\\\/\"]}]},{\"@type\":\"BreadcrumbList\",\"@id\":\"https:\\\/\\\/www.nwaretech.com\\\/fr\\\/pdc-one\\\/#breadcrumb\",\"itemListElement\":[{\"@type\":\"ListItem\",\"position\":1,\"name\":\"Home\",\"item\":\"https:\\\/\\\/www.nwaretech.com\\\/fr\\\/\"},{\"@type\":\"ListItem\",\"position\":2,\"name\":\"PDC-One\"}]},{\"@type\":\"WebSite\",\"@id\":\"https:\\\/\\\/www.nwaretech.com\\\/#website\",\"url\":\"https:\\\/\\\/www.nwaretech.com\\\/\",\"name\":\"N\u2019ware Technologies\",\"description\":\"ERP &amp; WMS Software\",\"potentialAction\":[{\"@type\":\"SearchAction\",\"target\":{\"@type\":\"EntryPoint\",\"urlTemplate\":\"https:\\\/\\\/www.nwaretech.com\\\/?s={search_term_string}\"},\"query-input\":{\"@type\":\"PropertyValueSpecification\",\"valueRequired\":true,\"valueName\":\"search_term_string\"}}],\"inLanguage\":\"fr-FR\"}]}<\/script>\n<!-- \/ Yoast SEO plugin. -->","yoast_head_json":{"title":"PDC-One | Module de Production Pour SAP Business One","description":"PDC-One collecte des donn\u00e9es de production qui vous permet de suivre l'\u00e9volution des ordres de fabrication de SAP Business One.","robots":{"index":"index","follow":"follow","max-snippet":"max-snippet:-1","max-image-preview":"max-image-preview:large","max-video-preview":"max-video-preview:-1"},"canonical":"https:\/\/www.nwaretech.com\/fr\/pdc-one\/","og_locale":"fr_FR","og_type":"article","og_title":"PDC-One | Module de Production Pour SAP Business One","og_description":"PDC-One collecte des donn\u00e9es de production qui vous permet de suivre l'\u00e9volution des ordres de fabrication de SAP Business One.","og_url":"https:\/\/www.nwaretech.com\/fr\/pdc-one\/","og_site_name":"N\u2019ware Technologies","article_modified_time":"2025-01-21T15:48:04+00:00","twitter_card":"summary_large_image","twitter_misc":{"Dur\u00e9e de lecture estim\u00e9e":"3 minutes"},"schema":{"@context":"https:\/\/schema.org","@graph":[{"@type":"WebPage","@id":"https:\/\/www.nwaretech.com\/fr\/pdc-one\/","url":"https:\/\/www.nwaretech.com\/fr\/pdc-one\/","name":"PDC-One | Module de Production Pour SAP Business One","isPartOf":{"@id":"https:\/\/www.nwaretech.com\/#website"},"datePublished":"2018-08-01T16:03:08+00:00","dateModified":"2025-01-21T15:48:04+00:00","description":"PDC-One collecte des donn\u00e9es de production qui vous permet de suivre l'\u00e9volution des ordres de fabrication de SAP Business One.","breadcrumb":{"@id":"https:\/\/www.nwaretech.com\/fr\/pdc-one\/#breadcrumb"},"inLanguage":"fr-FR","potentialAction":[{"@type":"ReadAction","target":["https:\/\/www.nwaretech.com\/fr\/pdc-one\/"]}]},{"@type":"BreadcrumbList","@id":"https:\/\/www.nwaretech.com\/fr\/pdc-one\/#breadcrumb","itemListElement":[{"@type":"ListItem","position":1,"name":"Home","item":"https:\/\/www.nwaretech.com\/fr\/"},{"@type":"ListItem","position":2,"name":"PDC-One"}]},{"@type":"WebSite","@id":"https:\/\/www.nwaretech.com\/#website","url":"https:\/\/www.nwaretech.com\/","name":"N\u2019ware Technologies","description":"ERP &amp; WMS Software","potentialAction":[{"@type":"SearchAction","target":{"@type":"EntryPoint","urlTemplate":"https:\/\/www.nwaretech.com\/?s={search_term_string}"},"query-input":{"@type":"PropertyValueSpecification","valueRequired":true,"valueName":"search_term_string"}}],"inLanguage":"fr-FR"}]}},"_links":{"self":[{"href":"https:\/\/www.nwaretech.com\/fr\/wp-json\/wp\/v2\/pages\/5757","targetHints":{"allow":["GET"]}}],"collection":[{"href":"https:\/\/www.nwaretech.com\/fr\/wp-json\/wp\/v2\/pages"}],"about":[{"href":"https:\/\/www.nwaretech.com\/fr\/wp-json\/wp\/v2\/types\/page"}],"author":[{"embeddable":true,"href":"https:\/\/www.nwaretech.com\/fr\/wp-json\/wp\/v2\/users\/3"}],"replies":[{"embeddable":true,"href":"https:\/\/www.nwaretech.com\/fr\/wp-json\/wp\/v2\/comments?post=5757"}],"version-history":[{"count":0,"href":"https:\/\/www.nwaretech.com\/fr\/wp-json\/wp\/v2\/pages\/5757\/revisions"}],"wp:attachment":[{"href":"https:\/\/www.nwaretech.com\/fr\/wp-json\/wp\/v2\/media?parent=5757"}],"curies":[{"name":"wp","href":"https:\/\/api.w.org\/{rel}","templated":true}]}}