{"id":5759,"date":"2018-08-01T11:02:41","date_gmt":"2018-08-01T16:02:41","guid":{"rendered":"http:\/\/nwaretech.webloft.info\/sap-hana\/"},"modified":"2024-12-16T13:10:15","modified_gmt":"2024-12-16T18:10:15","slug":"sap-hana","status":"publish","type":"page","link":"https:\/\/www.nwaretech.com\/fr\/sap-hana\/","title":{"rendered":"SAP HANA"},"content":{"rendered":"<div class=\"wpb-content-wrapper\">[vc_row fullwidth=&#8221;true&#8221; css=&#8221;.vc_custom_1532701016934{margin-top: -155px !important;}&#8221;][vc_column][mk_page_title_box section_height=&#8221;525&#8243; bg_image=&#8221;https:\/\/www.nwaretech.com\/wp-content\/uploads\/2018\/08\/products_hana_for_sap_business_one.jpg&#8221; bg_position=&#8221;center top&#8221; bg_stretch=&#8221;true&#8221; bg_effects=&#8221;parallax&#8221; underline=&#8221;false&#8221;][mk_divider style=&#8221;thin_solid&#8221; thickness=&#8221;3&#8243; margin_top=&#8221;0&#8243; margin_bottom=&#8221;0&#8243;][\/vc_column][\/vc_row][vc_row][vc_column][mk_padding_divider][\/vc_column][\/vc_row][vc_row][vc_column][mk_fancy_title font_family=&#8221;none&#8221;]\n<h1>SAP HANA (SAP In Memory Computing)<\/h1>\n[\/mk_fancy_title][vc_column_text css=&#8221;.vc_custom_1537985301711{margin-bottom: 0px !important;}&#8221;]\n<h2>Outil de Haute performance analytique<\/h2>\n<p><span class=\"hps\">Acc\u00e9dez\u00a0\u00e0 la derni\u00e8re<\/span> <span class=\"hps\">technologie\u00a0appel\u00e9 <em>In memory computing. <\/em>A<\/span><span class=\"hps\">vec<\/span> <span class=\"hps\">SAP Business One<\/span>, aliment\u00e9 par <span class=\"hps\">HANA<\/span>, <span class=\"hps\">vous profitez<\/span> d&#8217;un outil analytique puissant acc\u00e9dant \u00e0 un lot de donn\u00e9es \u00e0 la seconde pour une prise de d\u00e9cision instantann\u00e9e. <span class=\"hps\">La plate-forme<\/span> <span class=\"hps\">SAP<\/span> <span class=\"hps\">HANA<\/span> <span class=\"hps\">est con\u00e7ue pour acc\u00e9der<\/span> <span class=\"hps\">et<\/span> <span class=\"hps\">analyser\u00a0un vaste<\/span> <span class=\"hps\">volume de<\/span> <span class=\"hps\">donn\u00e9es <\/span>des milliers de <span class=\"hps\">fois plus\u00a0rapidement qu&#8217;avec<\/span> d<span class=\"hps\">es bases de donn\u00e9es<\/span> <span class=\"hps\">traditionnelles<\/span>.[\/vc_column_text][\/vc_column][\/vc_row][vc_row][vc_column][vc_single_image image=&#8221;5247&#8243; img_size=&#8221;medium&#8221; alignment=&#8221;center&#8221; onclick=&#8221;img_link_large&#8221; img_link_target=&#8221;_blank&#8221;][\/vc_column][\/vc_row][vc_row][vc_column][vc_column_text css=&#8221;.vc_custom_1537985343275{margin-bottom: 0px !important;}&#8221;]\n<h2>Qu&#8217;est-ce que\u00a0 SAP Business One aliment\u00e9 par HANA?<\/h2>\n<p><span class=\"hps\">SAP a d\u00e9velopp\u00e9<\/span> <span class=\"hps\">une plate-forme<\/span> <span class=\"hps\">de base de donn\u00e9es<\/span><em>\u00a0<\/em><span class=\"hps\">en m\u00e9moire qui<\/span> <span class=\"hps\">utilise des technologies <\/span><span class=\"hps\">innovantes<\/span> <span class=\"hps\">pour stocker les donn\u00e9es.\u00a0 HANA est <\/span><span class=\"hps\">particuli\u00e8rement<\/span> <span class=\"hps\">adapt\u00e9e<\/span> <span class=\"hps\">pour<\/span> <span class=\"hps\">manipuler de grandes<\/span> <span class=\"hps\">quantit\u00e9s de donn\u00e9es<\/span> <span class=\"hps\">relationnelles<\/span> <span class=\"hps\">avec une\u00a0 performance<\/span>\u00a0<span class=\"hps\">sans pr\u00e9c\u00e9dent<\/span>. <span class=\"hps\">SAP Business One<\/span> <span class=\"hps\">aliment\u00e9 par<\/span> <span class=\"hps\">HANA<\/span> <span class=\"hps\">est le<\/span> <span class=\"hps\">moyen abordable\u00a0pour traiter des <\/span><span class=\"hps\">donn\u00e9es<\/span> <span class=\"hps\">mille <\/span><span class=\"hps\">fois plus rapidement<\/span>\u00a0avec <span class=\"hps\">SAP Business One<\/span>.[\/vc_column_text][\/vc_column][\/vc_row][vc_row][vc_column][mk_padding_divider][\/vc_column][\/vc_row][vc_row][vc_column][vc_column_text css=&#8221;.vc_custom_1533649601724{margin-bottom: 0px !important;}&#8221;]\n<h2>Solution Benefits<\/h2>\n[\/vc_column_text][mk_padding_divider size=&#8221;20&#8243;][vc_row_inner][vc_column_inner width=&#8221;1\/4&#8243;][vc_icon icon_fontawesome=&#8221;fa fa-hourglass-half&#8221; color=&#8221;custom&#8221; size=&#8221;xl&#8221; align=&#8221;center&#8221; custom_color=&#8221;#ecae26&#8243;][vc_column_text css=&#8221;.vc_custom_1537985451128{margin-bottom: 0px !important;}&#8221;]\n<p style=\"text-align: center;\">Acc\u00e8s en temps r\u00e9el \u00e0 toutes les donn\u00e9es de votre organisation.<\/p>\n[\/vc_column_text][\/vc_column_inner][vc_column_inner width=&#8221;1\/4&#8243;][vc_icon icon_fontawesome=&#8221;fa fa-pencil&#8221; color=&#8221;custom&#8221; size=&#8221;xl&#8221; align=&#8221;center&#8221; custom_color=&#8221;#ecae26&#8243;][vc_column_text css=&#8221;.vc_custom_1537985534417{margin-bottom: 0px !important;}&#8221;]\n<p style=\"text-align: center;\">Facilit\u00e9 de cr\u00e9er et modifier des rapports sans l&#8217;aide du d\u00e9partement TI.<\/p>\n[\/vc_column_text][\/vc_column_inner][vc_column_inner width=&#8221;1\/4&#8243;][vc_icon icon_fontawesome=&#8221;fa fa-line-chart&#8221; color=&#8221;custom&#8221; size=&#8221;xl&#8221; align=&#8221;center&#8221; custom_color=&#8221;#ecae26&#8243;][vc_column_text css=&#8221;.vc_custom_1537985525771{margin-bottom: 0px !important;}&#8221;]\n<p style=\"text-align: center;\">Outils pr\u00e9configur\u00e9s incluant rapports et tableaux de bord.<\/p>\n[\/vc_column_text][\/vc_column_inner][vc_column_inner width=&#8221;1\/4&#8243;][vc_icon icon_fontawesome=&#8221;fa fa-compress&#8221; color=&#8221;custom&#8221; size=&#8221;xl&#8221; align=&#8221;center&#8221; custom_color=&#8221;#ecae26&#8243;][vc_column_text css=&#8221;.vc_custom_1537985627843{margin-bottom: 0px !important;}&#8221;]\n<p style=\"text-align: center;\">Retour sur investissement rapide sans les frais de maintenance ou d&#8217;\u00e9quipements.<\/p>\n[\/vc_column_text][\/vc_column_inner][\/vc_row_inner][\/vc_column][\/vc_row][vc_row][vc_column][mk_padding_divider][\/vc_column][\/vc_row][vc_row][vc_column][vc_separator border_width=&#8221;5&#8243;][\/vc_column][\/vc_row][vc_row][vc_column][mk_fancy_title font_family=&#8221;none&#8221;]\n<h2>T\u00e9l\u00e9chargements<\/h2>\n[\/mk_fancy_title][\/vc_column][\/vc_row][vc_row][vc_column width=&#8221;1\/2&#8243;][mk_fancy_title margin_bottom=&#8221;0&#8243; font_family=&#8221;none&#8221;]\n<h3><span id=\"result_box\" class=\"short_text\" lang=\"fr\"><span class=\"\">G\u00e9rer des projets n&#8217;importe o\u00f9, n&#8217;importe quand<\/span><\/span><\/h3>\n[\/mk_fancy_title][vc_single_image image=&#8221;6297&#8243; img_size=&#8221;full&#8221;][mk_button dimension=&#8221;flat&#8221; size=&#8221;large&#8221; url=&#8221;\/wp-content\/uploads\/2018\/09\/nware_project_mobility_english.pdf&#8221; target=&#8221;_blank&#8221; bg_color=&#8221;#dbdbdb&#8221; btn_hover_bg=&#8221;#e5e5e5&#8243; text_color=&#8221;dark&#8221;]T\u00c9L\u00c9CHARGER[\/mk_button][\/vc_column][vc_column width=&#8221;1\/2&#8243;][mk_fancy_title margin_bottom=&#8221;0&#8243; font_family=&#8221;none&#8221;]\n<h3><span id=\"result_box\" class=\"\" lang=\"fr\"><span class=\"\">Examinez votre entreprise de l\u2019int\u00e9rieur<br \/>\n<\/span><\/span><\/h3>\n[\/mk_fancy_title][vc_single_image image=&#8221;6339&#8243; img_size=&#8221;full&#8221;][mk_button dimension=&#8221;flat&#8221; size=&#8221;large&#8221; url=&#8221;\/wp-content\/uploads\/2018\/09\/sap_business_one_intro_french.pdf&#8221; target=&#8221;_blank&#8221; bg_color=&#8221;#dbdbdb&#8221; btn_hover_bg=&#8221;#e5e5e5&#8243; text_color=&#8221;dark&#8221;]T\u00c9L\u00c9CHARGER[\/mk_button][\/vc_column][\/vc_row][vc_row][vc_column][mk_padding_divider][\/vc_column][\/vc_row][vc_row fullwidth=&#8221;true&#8221; css=&#8221;.vc_custom_1538440079853{padding-top: 45px !important;padding-bottom: 25px !important;background-color: #edaf23 !important;}&#8221;][vc_column width=&#8221;2\/3&#8243; css=&#8221;.vc_custom_1532698532225{margin-top: 15px !important;}&#8221;][vc_column_text css=&#8221;.vc_custom_1537986310041{margin-bottom: 0px !important;}&#8221;]\n<h2 style=\"text-align: center;\"><strong>DEMANDEZ UNE PR\u00c9SENTATION GRATUITE<\/strong><\/h2>\n[\/vc_column_text][\/vc_column][vc_column width=&#8221;1\/3&#8243;][mk_button dimension=&#8221;flat&#8221; corner_style=&#8221;rounded&#8221; size=&#8221;x-large&#8221; url=&#8221;https:\/\/www.nwaretech.com\/fr\/contactez-nous\/&#8221; margin_right=&#8221;20&#8243; bg_color=&#8221;#081828&#8243; btn_hover_bg=&#8221;#ffffff&#8221; btn_hover_txt_color=&#8221;#081828&#8243;]CONTACTEZ-NOUS[\/mk_button][\/vc_column][\/vc_row]\n<\/div>","protected":false},"excerpt":{"rendered":"<p>[vc_row fullwidth=&#8221;true&#8221; css=&#8221;.vc_custom_1532701016934{margin-top: -155px !important;}&#8221;][vc_column][mk_page_title_box section_height=&#8221;525&#8243; bg_image=&#8221;https:\/\/www.nwaretech.com\/wp-content\/uploads\/2018\/08\/products_hana_for_sap_business_one.jpg&#8221; bg_position=&#8221;center top&#8221; bg_stretch=&#8221;true&#8221; bg_effects=&#8221;parallax&#8221; underline=&#8221;false&#8221;][mk_divider style=&#8221;thin_solid&#8221; thickness=&#8221;3&#8243; margin_top=&#8221;0&#8243; margin_bottom=&#8221;0&#8243;][\/vc_column][\/vc_row][vc_row][vc_column][mk_padding_divider][\/vc_column][\/vc_row][vc_row][vc_column][mk_fancy_title font_family=&#8221;none&#8221;] SAP HANA (SAP In Memory Computing) [\/mk_fancy_title][vc_column_text css=&#8221;.vc_custom_1537985301711{margin-bottom: 0px !important;}&#8221;] Outil de Haute performance analytique Acc\u00e9dez\u00a0\u00e0 la derni\u00e8re technologie\u00a0appel\u00e9 In memory computing. Avec SAP Business One, aliment\u00e9 par HANA, vous profitez d&#8217;un outil analytique puissant acc\u00e9dant \u00e0 un [&hellip;]<\/p>\n","protected":false},"author":3,"featured_media":0,"parent":0,"menu_order":0,"comment_status":"closed","ping_status":"closed","template":"","meta":{"footnotes":""},"class_list":["post-5759","page","type-page","status-publish","hentry"],"yoast_head":"<!-- This site is optimized with the Yoast SEO plugin v27.5 - https:\/\/yoast.com\/product\/yoast-seo-wordpress\/ -->\n<title>SAP HANA (SAP Informatique \u00e0 m\u00e9moire) - N&#039;ware Technologies<\/title>\n<meta name=\"description\" content=\"Avec SAP Business One, optimis\u00e9 par HANA, vous tirez parti de l\u2019analyse rapide pour fonder vos d\u00e9cisions sur les donn\u00e9es les plus r\u00e9centes.\" \/>\n<meta name=\"robots\" content=\"index, follow, max-snippet:-1, max-image-preview:large, max-video-preview:-1\" \/>\n<link rel=\"canonical\" href=\"https:\/\/www.nwaretech.com\/fr\/sap-hana\/\" \/>\n<meta property=\"og:locale\" content=\"fr_FR\" \/>\n<meta property=\"og:type\" content=\"article\" \/>\n<meta property=\"og:title\" content=\"SAP HANA (SAP Informatique \u00e0 m\u00e9moire) - N&#039;ware Technologies\" \/>\n<meta property=\"og:description\" content=\"Avec SAP Business One, optimis\u00e9 par HANA, vous tirez parti de l\u2019analyse rapide pour fonder vos d\u00e9cisions sur les donn\u00e9es les plus r\u00e9centes.\" \/>\n<meta property=\"og:url\" content=\"https:\/\/www.nwaretech.com\/fr\/sap-hana\/\" \/>\n<meta property=\"og:site_name\" content=\"N\u2019ware Technologies\" \/>\n<meta property=\"article:modified_time\" content=\"2024-12-16T18:10:15+00:00\" \/>\n<meta name=\"twitter:card\" content=\"summary_large_image\" \/>\n<meta name=\"twitter:label1\" content=\"Dur\u00e9e de lecture estim\u00e9e\" \/>\n\t<meta name=\"twitter:data1\" content=\"3 minutes\" \/>\n<script type=\"application\/ld+json\" class=\"yoast-schema-graph\">{\"@context\":\"https:\\\/\\\/schema.org\",\"@graph\":[{\"@type\":\"WebPage\",\"@id\":\"https:\\\/\\\/www.nwaretech.com\\\/sap-hana\\\/\",\"url\":\"https:\\\/\\\/www.nwaretech.com\\\/fr\\\/sap-hana\\\/\",\"name\":\"SAP HANA (SAP Informatique \u00e0 m\u00e9moire) - N'ware Technologies\",\"isPartOf\":{\"@id\":\"https:\\\/\\\/www.nwaretech.com\\\/#website\"},\"datePublished\":\"2018-08-01T16:02:41+00:00\",\"dateModified\":\"2024-12-16T18:10:15+00:00\",\"description\":\"Avec SAP Business One, optimis\u00e9 par HANA, vous tirez parti de l\u2019analyse rapide pour fonder vos d\u00e9cisions sur les donn\u00e9es les plus r\u00e9centes.\",\"breadcrumb\":{\"@id\":\"https:\\\/\\\/www.nwaretech.com\\\/fr\\\/sap-hana\\\/#breadcrumb\"},\"inLanguage\":\"fr-FR\",\"potentialAction\":[{\"@type\":\"ReadAction\",\"target\":[\"https:\\\/\\\/www.nwaretech.com\\\/fr\\\/sap-hana\\\/\"]}]},{\"@type\":\"BreadcrumbList\",\"@id\":\"https:\\\/\\\/www.nwaretech.com\\\/fr\\\/sap-hana\\\/#breadcrumb\",\"itemListElement\":[{\"@type\":\"ListItem\",\"position\":1,\"name\":\"Home\",\"item\":\"https:\\\/\\\/www.nwaretech.com\\\/fr\\\/\"},{\"@type\":\"ListItem\",\"position\":2,\"name\":\"SAP HANA\"}]},{\"@type\":\"WebSite\",\"@id\":\"https:\\\/\\\/www.nwaretech.com\\\/#website\",\"url\":\"https:\\\/\\\/www.nwaretech.com\\\/\",\"name\":\"N\u2019ware Technologies\",\"description\":\"ERP &amp; WMS Software\",\"potentialAction\":[{\"@type\":\"SearchAction\",\"target\":{\"@type\":\"EntryPoint\",\"urlTemplate\":\"https:\\\/\\\/www.nwaretech.com\\\/?s={search_term_string}\"},\"query-input\":{\"@type\":\"PropertyValueSpecification\",\"valueRequired\":true,\"valueName\":\"search_term_string\"}}],\"inLanguage\":\"fr-FR\"}]}<\/script>\n<!-- \/ Yoast SEO plugin. -->","yoast_head_json":{"title":"SAP HANA (SAP Informatique \u00e0 m\u00e9moire) - N'ware Technologies","description":"Avec SAP Business One, optimis\u00e9 par HANA, vous tirez parti de l\u2019analyse rapide pour fonder vos d\u00e9cisions sur les donn\u00e9es les plus r\u00e9centes.","robots":{"index":"index","follow":"follow","max-snippet":"max-snippet:-1","max-image-preview":"max-image-preview:large","max-video-preview":"max-video-preview:-1"},"canonical":"https:\/\/www.nwaretech.com\/fr\/sap-hana\/","og_locale":"fr_FR","og_type":"article","og_title":"SAP HANA (SAP Informatique \u00e0 m\u00e9moire) - N'ware Technologies","og_description":"Avec SAP Business One, optimis\u00e9 par HANA, vous tirez parti de l\u2019analyse rapide pour fonder vos d\u00e9cisions sur les donn\u00e9es les plus r\u00e9centes.","og_url":"https:\/\/www.nwaretech.com\/fr\/sap-hana\/","og_site_name":"N\u2019ware Technologies","article_modified_time":"2024-12-16T18:10:15+00:00","twitter_card":"summary_large_image","twitter_misc":{"Dur\u00e9e de lecture estim\u00e9e":"3 minutes"},"schema":{"@context":"https:\/\/schema.org","@graph":[{"@type":"WebPage","@id":"https:\/\/www.nwaretech.com\/sap-hana\/","url":"https:\/\/www.nwaretech.com\/fr\/sap-hana\/","name":"SAP HANA (SAP Informatique \u00e0 m\u00e9moire) - N'ware Technologies","isPartOf":{"@id":"https:\/\/www.nwaretech.com\/#website"},"datePublished":"2018-08-01T16:02:41+00:00","dateModified":"2024-12-16T18:10:15+00:00","description":"Avec SAP Business One, optimis\u00e9 par HANA, vous tirez parti de l\u2019analyse rapide pour fonder vos d\u00e9cisions sur les donn\u00e9es les plus r\u00e9centes.","breadcrumb":{"@id":"https:\/\/www.nwaretech.com\/fr\/sap-hana\/#breadcrumb"},"inLanguage":"fr-FR","potentialAction":[{"@type":"ReadAction","target":["https:\/\/www.nwaretech.com\/fr\/sap-hana\/"]}]},{"@type":"BreadcrumbList","@id":"https:\/\/www.nwaretech.com\/fr\/sap-hana\/#breadcrumb","itemListElement":[{"@type":"ListItem","position":1,"name":"Home","item":"https:\/\/www.nwaretech.com\/fr\/"},{"@type":"ListItem","position":2,"name":"SAP HANA"}]},{"@type":"WebSite","@id":"https:\/\/www.nwaretech.com\/#website","url":"https:\/\/www.nwaretech.com\/","name":"N\u2019ware Technologies","description":"ERP &amp; WMS Software","potentialAction":[{"@type":"SearchAction","target":{"@type":"EntryPoint","urlTemplate":"https:\/\/www.nwaretech.com\/?s={search_term_string}"},"query-input":{"@type":"PropertyValueSpecification","valueRequired":true,"valueName":"search_term_string"}}],"inLanguage":"fr-FR"}]}},"_links":{"self":[{"href":"https:\/\/www.nwaretech.com\/fr\/wp-json\/wp\/v2\/pages\/5759","targetHints":{"allow":["GET"]}}],"collection":[{"href":"https:\/\/www.nwaretech.com\/fr\/wp-json\/wp\/v2\/pages"}],"about":[{"href":"https:\/\/www.nwaretech.com\/fr\/wp-json\/wp\/v2\/types\/page"}],"author":[{"embeddable":true,"href":"https:\/\/www.nwaretech.com\/fr\/wp-json\/wp\/v2\/users\/3"}],"replies":[{"embeddable":true,"href":"https:\/\/www.nwaretech.com\/fr\/wp-json\/wp\/v2\/comments?post=5759"}],"version-history":[{"count":0,"href":"https:\/\/www.nwaretech.com\/fr\/wp-json\/wp\/v2\/pages\/5759\/revisions"}],"wp:attachment":[{"href":"https:\/\/www.nwaretech.com\/fr\/wp-json\/wp\/v2\/media?parent=5759"}],"curies":[{"name":"wp","href":"https:\/\/api.w.org\/{rel}","templated":true}]}}