{"id":5761,"date":"2018-08-01T11:02:14","date_gmt":"2018-08-01T16:02:14","guid":{"rendered":"http:\/\/nwaretech.webloft.info\/on-demand\/"},"modified":"2024-12-16T13:11:51","modified_gmt":"2024-12-16T18:11:51","slug":"on-demand","status":"publish","type":"page","link":"https:\/\/www.nwaretech.com\/fr\/on-demand\/","title":{"rendered":"SaaS OnDemand"},"content":{"rendered":"<div class=\"wpb-content-wrapper\">[vc_row fullwidth=&#8221;true&#8221; css=&#8221;.vc_custom_1532701016934{margin-top: -155px !important;}&#8221;][vc_column][mk_page_title_box section_height=&#8221;525&#8243; bg_image=&#8221;https:\/\/www.nwaretech.com\/wp-content\/uploads\/2018\/08\/products_sap_on_demand_cloud-1.jpg&#8221; bg_position=&#8221;center top&#8221; bg_stretch=&#8221;true&#8221; bg_effects=&#8221;parallax&#8221; underline=&#8221;false&#8221;][mk_divider style=&#8221;thin_solid&#8221; thickness=&#8221;3&#8243; margin_top=&#8221;0&#8243; margin_bottom=&#8221;0&#8243;][\/vc_column][\/vc_row][vc_row][vc_column][mk_padding_divider][\/vc_column][\/vc_row][vc_row][vc_column][mk_fancy_title font_family=&#8221;none&#8221;]\n<h1>SAP Business One OnDemand<\/h1>\n[\/mk_fancy_title][vc_column_text css=&#8221;.vc_custom_1537983540807{margin-bottom: 0px !important;}&#8221;]<span class=\"hps\">SAP Business One<\/span> <span class=\"hps\">OnDemand<\/span> est une application de gestion (ERP) offerte dans les Nuages\u00a0 (cloud computing).\u00a0 Vous payez <span class=\"hps\">un abonnement<\/span> mensuel <span class=\"hps\">par utilisateur<\/span>. <span class=\"hps\">\u00c9conomisez co\u00fbts, temps\u00a0et <\/span><span class=\"hps\">ressources<\/span><span class=\"hps\">.<\/span> <span class=\"hps\">Avec<\/span> <span class=\"hps\">la solution<\/span> <span class=\"hps\">SAP Business One<\/span> <span class=\"hps\">OnDemand<\/span>, <span class=\"hps\">vous b\u00e9n\u00e9ficierez d&#8217;un logiciel complet r\u00e9pondant aux besoins des petites entreprises avec un abonnement mensuel<\/span>. <span class=\"hps\">Vous<\/span> <span class=\"hps\">pourrez ainsi vous\u00a0concentrer sur<\/span> <span class=\"hps\">vos activit\u00e9s<\/span> plut\u00f4t que sur\u00a0des <span class=\"hps\">serveurs<\/span>, du <span class=\"hps\">mat\u00e9riel ou des logiciels\u00a0 \u00e0 maintenir.<\/span>[\/vc_column_text][\/vc_column][\/vc_row][vc_row][vc_column][mk_padding_divider][\/vc_column][\/vc_row][vc_row][vc_column][vc_video max_width=&#8221;650&#8243; link=&#8221;https:\/\/www.youtube.com\/watch?v=ckW5qOiRjk0&#8243;][\/vc_column][\/vc_row][vc_row][vc_column][mk_padding_divider][\/vc_column][\/vc_row][vc_row][vc_column][vc_column_text css=&#8221;.vc_custom_1537983629184{margin-bottom: 0px !important;}&#8221;]\n<h2>B\u00e9n\u00e9fices de SAP Business One OnDemand<\/h2>\n<p><span class=\"hps\">L&#8217;information nuagique <\/span><span class=\"hps\">offre de multiples avantages<\/span>. <span class=\"hps\">Le principal<\/span> avantage <span class=\"hps\">est<\/span> la mise en commum<span class=\"hps\">\u00a0<\/span><span class=\"hps\">des ressources informatiques permettant une baisse <\/span><span class=\"hps\">spectaculaire<\/span> <span class=\"hps\">des co\u00fbts d&#8217;infrastruture<\/span>. <span class=\"hps\">L&#8217;<\/span><span class=\"hps\">abonnement mensuel \u00e9limine les d\u00e9bours\u00e9s de grands capitaux et diminue les <\/span><span class=\"hps\">d\u00e9penses d&#8217;exploitation<\/span>.[\/vc_column_text][mk_padding_divider][\/vc_column][\/vc_row][vc_row][vc_column][vc_column_text css=&#8221;.vc_custom_1537983702840{margin-bottom: 0px !important;}&#8221;]\n<h2>Partez rapidement et avancez\u00a0 vite<\/h2>\n<p>Avec le\u00a0mod\u00e8le &#8220;Software-as-a-service&#8221;, vous\u00a0b\u00e9n\u00e9ficiez\u00a0d&#8217;un logiciel de gestion d&#8217;entreprise sans le temps, le co\u00fbt ou les ressources\u00a0 pour mettre en \u0153uvre une infrastructure compl\u00e8te\u00a0en entreprise. Acc\u00e9l\u00e9rez votre retour sur investisssement. Vous pourrez rapidement d\u00e9ployer SAP Business One et profiter de l&#8217;outil et de ses avantages.[\/vc_column_text][mk_padding_divider][\/vc_column][\/vc_row][vc_row][vc_column width=&#8221;1\/4&#8243;][vc_icon type=&#8221;entypo&#8221; icon_entypo=&#8221;entypo-icon entypo-icon-basket&#8221; color=&#8221;custom&#8221; size=&#8221;xl&#8221; align=&#8221;center&#8221; custom_color=&#8221;#ecae26&#8243;][vc_column_text css=&#8221;.vc_custom_1537983758711{margin-bottom: 0px !important;}&#8221;]\n<h3 style=\"text-align: center;\">Co\u00fbt de possession bas<\/h3>\n<p>R\u00e9duction des co\u00fbts d&#8217;op\u00e9ration . <span class=\"hps\">Vous n&#8217;aurez pas besoin<\/span> <span class=\"hps\">d&#8217;embaucher du personnel<\/span> <span class=\"hps\">pour g\u00e9rer et soutenir<\/span> <span class=\"hps\">le logiciel<\/span> <span class=\"hps\">et l&#8217;infrastructure informatique<\/span>. <span class=\"hps\">Diminuez<\/span> <span class=\"hps\">vos frais g\u00e9n\u00e9raux<\/span> <span class=\"hps\">en<\/span> <span class=\"hps\">TI<\/span>.\u00a0 Diminuer vos co\u00fbts de main d&#8217;oeuvre.[\/vc_column_text][\/vc_column][vc_column width=&#8221;1\/4&#8243;][vc_icon type=&#8221;entypo&#8221; icon_entypo=&#8221;entypo-icon entypo-icon-eye&#8221; color=&#8221;custom&#8221; size=&#8221;xl&#8221; align=&#8221;center&#8221; custom_color=&#8221;#ecae26&#8243;][vc_column_text css=&#8221;.vc_custom_1537983795804{margin-bottom: 0px !important;}&#8221;]\n<h3 style=\"text-align: center;\">Co\u00fbts d&#8217;op\u00e9ration transparents<\/h3>\n<p>Vous payez ce que vous avez besoin. Contr\u00f4ler vos co\u00fbts avec un seul paiement mensuel qui couvre tout\u00a0:\u00a0les logiciels, le service et le support.[\/vc_column_text][\/vc_column][vc_column width=&#8221;1\/4&#8243;][vc_icon type=&#8221;entypo&#8221; icon_entypo=&#8221;entypo-icon entypo-icon-lock&#8221; color=&#8221;custom&#8221; size=&#8221;xl&#8221; align=&#8221;center&#8221; custom_color=&#8221;#ecae26&#8243;][vc_column_text css=&#8221;.vc_custom_1537983832006{margin-bottom: 0px !important;}&#8221;]\n<h3 style=\"text-align: center;\">Acc\u00e8s \u00e0 la fine\u00a0pointe de la\u00a0technologie<\/h3>\n<p>Profitez d&#8217;une puissante architecture, de la plus r\u00e9cente technologie et des derni\u00e8res innovations\u00a0. Avec une solution dans les nuages, \u00a0vous acc\u00e9dez \u00e0 la fine pointe de la technologie toujours mise \u00e0 jour.[\/vc_column_text][\/vc_column][vc_column width=&#8221;1\/4&#8243;][vc_icon type=&#8221;entypo&#8221; icon_entypo=&#8221;entypo-icon entypo-icon-cw&#8221; color=&#8221;custom&#8221; size=&#8221;xl&#8221; align=&#8221;center&#8221; custom_color=&#8221;#ecae26&#8243;][vc_column_text css=&#8221;.vc_custom_1537983875956{margin-bottom: 0px !important;}&#8221;]\n<h3 style=\"text-align: center;\">Vos donn\u00e9es prot\u00e9g\u00e9es avec la derni\u00e8re technologie<\/h3>\n<p>Soyez\u00a0<span class=\"hps\">assur\u00e9 que<\/span> <span class=\"hps\">vos<\/span> <span class=\"hps\">donn\u00e9es seront prot\u00e9g\u00e9es<\/span> <span class=\"hps\">dans un centre<\/span> <span class=\"hps\">de donn\u00e9es<\/span> <span class=\"hps\">s\u00e9curis\u00e9<\/span>.[\/vc_column_text][\/vc_column][\/vc_row][vc_row][vc_column][mk_padding_divider][\/vc_column][\/vc_row][vc_row][vc_column][vc_column_text css=&#8221;.vc_custom_1538513923006{margin-bottom: 0px !important;}&#8221;]\n<h2>Inquiet pour la s\u00e9curit\u00e9?<\/h2>\n<p>Les a<span class=\"hps\">pplications et<\/span> <span class=\"hps\">serveurs sont situ\u00e9s<\/span> <span class=\"hps\">dans des centres<\/span> <span class=\"hps\">de donn\u00e9es<\/span> <span class=\"hps\">hautement s\u00e9curis\u00e9s.\u00a0 Un ensemble de mesures sont mis en place pour la protection physique des lieux ainsi que la protection des donn\u00e9es\u00a0avec des\u00a0<\/span><span class=\"hps\">pare-feu<\/span> <span class=\"hps\">redondants<\/span>.<\/p>\n<p>Avec aucun \u00e9quipement et logiciel \u00e0 maintenir vous pourrez focusser sur votre entreprise.[\/vc_column_text][\/vc_column][\/vc_row][vc_row][vc_column][vc_separator border_width=&#8221;5&#8243;][\/vc_column][\/vc_row][vc_row][vc_column][mk_fancy_title font_family=&#8221;none&#8221;]\n<h2>T\u00e9l\u00e9chargements<\/h2>\n[\/mk_fancy_title][\/vc_column][\/vc_row][vc_row][vc_column width=&#8221;1\/2&#8243;][mk_fancy_title margin_bottom=&#8221;0&#8243; font_family=&#8221;none&#8221;]\n<h3><span id=\"result_box\" class=\"short_text\" lang=\"fr\"><span class=\"\">G\u00e9rer des projets n&#8217;importe o\u00f9, n&#8217;importe quand<\/span><\/span><\/h3>\n[\/mk_fancy_title][vc_single_image image=&#8221;6297&#8243; img_size=&#8221;full&#8221;][mk_button dimension=&#8221;flat&#8221; size=&#8221;large&#8221; url=&#8221;\/wp-content\/uploads\/2018\/09\/nware_project_mobility_english.pdf&#8221; target=&#8221;_blank&#8221; bg_color=&#8221;#dbdbdb&#8221; btn_hover_bg=&#8221;#e5e5e5&#8243; text_color=&#8221;dark&#8221;]T\u00c9L\u00c9CHARGER[\/mk_button][\/vc_column][vc_column width=&#8221;1\/2&#8243;][mk_fancy_title margin_bottom=&#8221;0&#8243; font_family=&#8221;none&#8221;]\n<h3><span id=\"result_box\" class=\"\" lang=\"fr\"><span class=\"\">Examinez votre entreprise de l\u2019int\u00e9rieur<br \/>\n<\/span><\/span><\/h3>\n[\/mk_fancy_title][vc_single_image image=&#8221;6339&#8243; img_size=&#8221;full&#8221;][mk_button dimension=&#8221;flat&#8221; size=&#8221;large&#8221; url=&#8221;\/wp-content\/uploads\/2018\/09\/sap_business_one_intro_french.pdf&#8221; target=&#8221;_blank&#8221; bg_color=&#8221;#dbdbdb&#8221; btn_hover_bg=&#8221;#e5e5e5&#8243; text_color=&#8221;dark&#8221;]T\u00c9L\u00c9CHARGER[\/mk_button][\/vc_column][\/vc_row][vc_row][vc_column][mk_padding_divider][\/vc_column][\/vc_row][vc_row fullwidth=&#8221;true&#8221; css=&#8221;.vc_custom_1533222006898{margin-bottom: -50px !important;padding-top: 45px !important;padding-bottom: 25px !important;background-color: #edaf23 !important;}&#8221;][vc_column width=&#8221;2\/3&#8243; css=&#8221;.vc_custom_1532698532225{margin-top: 15px !important;}&#8221;][vc_column_text css=&#8221;.vc_custom_1537984205636{margin-bottom: 0px !important;}&#8221;]\n<h2 style=\"text-align: center;\"><strong>DEMANDEZ UNE PR\u00c9SENTATION GRATUITE<\/strong><\/h2>\n[\/vc_column_text][\/vc_column][vc_column width=&#8221;1\/3&#8243;][mk_button dimension=&#8221;flat&#8221; corner_style=&#8221;rounded&#8221; size=&#8221;x-large&#8221; url=&#8221;https:\/\/www.nwaretech.com\/fr\/contactez-nous\/&#8221; margin_right=&#8221;20&#8243; bg_color=&#8221;#081828&#8243; btn_hover_bg=&#8221;#ffffff&#8221; btn_hover_txt_color=&#8221;#081828&#8243;]CONTACTEZ-NOUS[\/mk_button][\/vc_column][\/vc_row]\n<\/div>","protected":false},"excerpt":{"rendered":"<p>[vc_row fullwidth=&#8221;true&#8221; css=&#8221;.vc_custom_1532701016934{margin-top: -155px !important;}&#8221;][vc_column][mk_page_title_box section_height=&#8221;525&#8243; bg_image=&#8221;https:\/\/www.nwaretech.com\/wp-content\/uploads\/2018\/08\/products_sap_on_demand_cloud-1.jpg&#8221; bg_position=&#8221;center top&#8221; bg_stretch=&#8221;true&#8221; bg_effects=&#8221;parallax&#8221; underline=&#8221;false&#8221;][mk_divider style=&#8221;thin_solid&#8221; thickness=&#8221;3&#8243; margin_top=&#8221;0&#8243; margin_bottom=&#8221;0&#8243;][\/vc_column][\/vc_row][vc_row][vc_column][mk_padding_divider][\/vc_column][\/vc_row][vc_row][vc_column][mk_fancy_title font_family=&#8221;none&#8221;] SAP Business One OnDemand [\/mk_fancy_title][vc_column_text css=&#8221;.vc_custom_1537983540807{margin-bottom: 0px !important;}&#8221;]SAP Business One OnDemand est une application de gestion (ERP) offerte dans les Nuages\u00a0 (cloud computing).\u00a0 Vous payez un abonnement mensuel par utilisateur. \u00c9conomisez co\u00fbts, temps\u00a0et ressources. Avec la solution SAP [&hellip;]<\/p>\n","protected":false},"author":3,"featured_media":0,"parent":0,"menu_order":0,"comment_status":"closed","ping_status":"closed","template":"","meta":{"footnotes":""},"class_list":["post-5761","page","type-page","status-publish","hentry"],"yoast_head":"<!-- This site is optimized with the Yoast SEO plugin v27.5 - https:\/\/yoast.com\/product\/yoast-seo-wordpress\/ -->\n<title>SAP Business One OnDemand, Solution Nuagique<\/title>\n<meta name=\"description\" content=\"SAP Business One OnDemand offre une solution hautement s\u00e9curis\u00e9e bas\u00e9e sur le nuage pour prot\u00e9ger vos logiciels d&#039;entreprise essentiels.\" \/>\n<meta name=\"robots\" content=\"index, follow, max-snippet:-1, max-image-preview:large, max-video-preview:-1\" \/>\n<link rel=\"canonical\" href=\"https:\/\/www.nwaretech.com\/fr\/on-demand\/\" \/>\n<meta property=\"og:locale\" content=\"fr_FR\" \/>\n<meta property=\"og:type\" content=\"article\" \/>\n<meta property=\"og:title\" content=\"SAP Business One OnDemand, Solution Nuagique\" \/>\n<meta property=\"og:description\" content=\"SAP Business One OnDemand offre une solution hautement s\u00e9curis\u00e9e bas\u00e9e sur le nuage pour prot\u00e9ger vos logiciels d&#039;entreprise essentiels.\" \/>\n<meta property=\"og:url\" content=\"https:\/\/www.nwaretech.com\/fr\/on-demand\/\" \/>\n<meta property=\"og:site_name\" content=\"N\u2019ware Technologies\" \/>\n<meta property=\"article:modified_time\" content=\"2024-12-16T18:11:51+00:00\" \/>\n<meta name=\"twitter:card\" content=\"summary_large_image\" \/>\n<meta name=\"twitter:label1\" content=\"Dur\u00e9e de lecture estim\u00e9e\" \/>\n\t<meta name=\"twitter:data1\" content=\"3 minutes\" \/>\n<script type=\"application\/ld+json\" class=\"yoast-schema-graph\">{\"@context\":\"https:\\\/\\\/schema.org\",\"@graph\":[{\"@type\":\"WebPage\",\"@id\":\"https:\\\/\\\/www.nwaretech.com\\\/on-demand\\\/\",\"url\":\"https:\\\/\\\/www.nwaretech.com\\\/fr\\\/on-demand\\\/\",\"name\":\"SAP Business One OnDemand, Solution Nuagique\",\"isPartOf\":{\"@id\":\"https:\\\/\\\/www.nwaretech.com\\\/#website\"},\"datePublished\":\"2018-08-01T16:02:14+00:00\",\"dateModified\":\"2024-12-16T18:11:51+00:00\",\"description\":\"SAP Business One OnDemand offre une solution hautement s\u00e9curis\u00e9e bas\u00e9e sur le nuage pour prot\u00e9ger vos logiciels d'entreprise essentiels.\",\"breadcrumb\":{\"@id\":\"https:\\\/\\\/www.nwaretech.com\\\/fr\\\/on-demand\\\/#breadcrumb\"},\"inLanguage\":\"fr-FR\",\"potentialAction\":[{\"@type\":\"ReadAction\",\"target\":[\"https:\\\/\\\/www.nwaretech.com\\\/fr\\\/on-demand\\\/\"]}]},{\"@type\":\"BreadcrumbList\",\"@id\":\"https:\\\/\\\/www.nwaretech.com\\\/fr\\\/on-demand\\\/#breadcrumb\",\"itemListElement\":[{\"@type\":\"ListItem\",\"position\":1,\"name\":\"Home\",\"item\":\"https:\\\/\\\/www.nwaretech.com\\\/fr\\\/\"},{\"@type\":\"ListItem\",\"position\":2,\"name\":\"SaaS OnDemand\"}]},{\"@type\":\"WebSite\",\"@id\":\"https:\\\/\\\/www.nwaretech.com\\\/#website\",\"url\":\"https:\\\/\\\/www.nwaretech.com\\\/\",\"name\":\"N\u2019ware Technologies\",\"description\":\"ERP &amp; WMS Software\",\"potentialAction\":[{\"@type\":\"SearchAction\",\"target\":{\"@type\":\"EntryPoint\",\"urlTemplate\":\"https:\\\/\\\/www.nwaretech.com\\\/?s={search_term_string}\"},\"query-input\":{\"@type\":\"PropertyValueSpecification\",\"valueRequired\":true,\"valueName\":\"search_term_string\"}}],\"inLanguage\":\"fr-FR\"}]}<\/script>\n<!-- \/ Yoast SEO plugin. -->","yoast_head_json":{"title":"SAP Business One OnDemand, Solution Nuagique","description":"SAP Business One OnDemand offre une solution hautement s\u00e9curis\u00e9e bas\u00e9e sur le nuage pour prot\u00e9ger vos logiciels d'entreprise essentiels.","robots":{"index":"index","follow":"follow","max-snippet":"max-snippet:-1","max-image-preview":"max-image-preview:large","max-video-preview":"max-video-preview:-1"},"canonical":"https:\/\/www.nwaretech.com\/fr\/on-demand\/","og_locale":"fr_FR","og_type":"article","og_title":"SAP Business One OnDemand, Solution Nuagique","og_description":"SAP Business One OnDemand offre une solution hautement s\u00e9curis\u00e9e bas\u00e9e sur le nuage pour prot\u00e9ger vos logiciels d'entreprise essentiels.","og_url":"https:\/\/www.nwaretech.com\/fr\/on-demand\/","og_site_name":"N\u2019ware Technologies","article_modified_time":"2024-12-16T18:11:51+00:00","twitter_card":"summary_large_image","twitter_misc":{"Dur\u00e9e de lecture estim\u00e9e":"3 minutes"},"schema":{"@context":"https:\/\/schema.org","@graph":[{"@type":"WebPage","@id":"https:\/\/www.nwaretech.com\/on-demand\/","url":"https:\/\/www.nwaretech.com\/fr\/on-demand\/","name":"SAP Business One OnDemand, Solution Nuagique","isPartOf":{"@id":"https:\/\/www.nwaretech.com\/#website"},"datePublished":"2018-08-01T16:02:14+00:00","dateModified":"2024-12-16T18:11:51+00:00","description":"SAP Business One OnDemand offre une solution hautement s\u00e9curis\u00e9e bas\u00e9e sur le nuage pour prot\u00e9ger vos logiciels d'entreprise essentiels.","breadcrumb":{"@id":"https:\/\/www.nwaretech.com\/fr\/on-demand\/#breadcrumb"},"inLanguage":"fr-FR","potentialAction":[{"@type":"ReadAction","target":["https:\/\/www.nwaretech.com\/fr\/on-demand\/"]}]},{"@type":"BreadcrumbList","@id":"https:\/\/www.nwaretech.com\/fr\/on-demand\/#breadcrumb","itemListElement":[{"@type":"ListItem","position":1,"name":"Home","item":"https:\/\/www.nwaretech.com\/fr\/"},{"@type":"ListItem","position":2,"name":"SaaS OnDemand"}]},{"@type":"WebSite","@id":"https:\/\/www.nwaretech.com\/#website","url":"https:\/\/www.nwaretech.com\/","name":"N\u2019ware Technologies","description":"ERP &amp; WMS Software","potentialAction":[{"@type":"SearchAction","target":{"@type":"EntryPoint","urlTemplate":"https:\/\/www.nwaretech.com\/?s={search_term_string}"},"query-input":{"@type":"PropertyValueSpecification","valueRequired":true,"valueName":"search_term_string"}}],"inLanguage":"fr-FR"}]}},"_links":{"self":[{"href":"https:\/\/www.nwaretech.com\/fr\/wp-json\/wp\/v2\/pages\/5761","targetHints":{"allow":["GET"]}}],"collection":[{"href":"https:\/\/www.nwaretech.com\/fr\/wp-json\/wp\/v2\/pages"}],"about":[{"href":"https:\/\/www.nwaretech.com\/fr\/wp-json\/wp\/v2\/types\/page"}],"author":[{"embeddable":true,"href":"https:\/\/www.nwaretech.com\/fr\/wp-json\/wp\/v2\/users\/3"}],"replies":[{"embeddable":true,"href":"https:\/\/www.nwaretech.com\/fr\/wp-json\/wp\/v2\/comments?post=5761"}],"version-history":[{"count":0,"href":"https:\/\/www.nwaretech.com\/fr\/wp-json\/wp\/v2\/pages\/5761\/revisions"}],"wp:attachment":[{"href":"https:\/\/www.nwaretech.com\/fr\/wp-json\/wp\/v2\/media?parent=5761"}],"curies":[{"name":"wp","href":"https:\/\/api.w.org\/{rel}","templated":true}]}}