{"id":5768,"date":"2018-07-27T08:28:34","date_gmt":"2018-07-27T13:28:34","guid":{"rendered":"http:\/\/nwaretech.webloft.info\/brochures\/"},"modified":"2025-09-05T12:59:26","modified_gmt":"2025-09-05T16:59:26","slug":"brochures","status":"publish","type":"page","link":"https:\/\/www.nwaretech.com\/fr\/resources\/brochures\/","title":{"rendered":"Brochures"},"content":{"rendered":"<div class=\"wpb-content-wrapper\">[vc_row][vc_column][vc_column_text css=&#8221;.vc_custom_1730304788582{margin-bottom: 0px !important;}&#8221;]\n<h1>Brochures<\/h1>\n[\/vc_column_text][vc_separator css=&#8221;&#8221;][\/vc_column][\/vc_row][vc_row][vc_column width=&#8221;1\/3&#8243;][mk_fancy_title margin_bottom=&#8221;0&#8243; font_family=&#8221;none&#8221;]\n<h2>N&#8217;ware Technologies<\/h2>\n[\/mk_fancy_title][vc_column_text css=&#8221;.vc_custom_1585669552182{margin-bottom: 0px !important;}&#8221;]Sp\u00e9cialis\u00e9 en logiciels de gestion int\u00e9gr\u00e9s (ERP), syst\u00e8mes de gestion d\u2019entrep\u00f4t (WMS) et solutions int\u00e9gr\u00e9es de commerce \u00e9lectronique pour les PME.[\/vc_column_text][vc_single_image image=&#8221;7611&#8243; img_size=&#8221;full&#8221;][mk_button dimension=&#8221;flat&#8221; size=&#8221;large&#8221; url=&#8221;\/wp-content\/uploads\/2019\/10\/corporate_brochure_2019_french.pdf&#8221; target=&#8221;_blank&#8221; bg_color=&#8221;#dbdbdb&#8221; btn_hover_bg=&#8221;#e5e5e5&#8243; text_color=&#8221;dark&#8221;]T\u00c9L\u00c9CHARGER[\/mk_button][\/vc_column][vc_column width=&#8221;1\/3&#8243;][mk_fancy_title margin_bottom=&#8221;0&#8243; font_family=&#8221;none&#8221;]\n<h2>Centre d&#8217;expertise WMS<\/h2>\n[\/mk_fancy_title][vc_column_text css=&#8221;.vc_custom_1746130083314{margin-bottom: 0px !important;}&#8221;]Notre Centre d\u2019Expertise WMS pour SAP Business One r\u00e9unit une \u00e9quipe pluridisciplinaire de professionnels reconnus, ainsi qu\u2019une offre incomparable de solutions technologiques innovantes pour propulser la productivit\u00e9 et la profitabilit\u00e9 des PME les plus ambitieuses.[\/vc_column_text][vc_single_image image=&#8221;34908&#8243; img_size=&#8221;medium&#8221; css=&#8221;&#8221;][mk_button dimension=&#8221;flat&#8221; size=&#8221;large&#8221; url=&#8221;https:\/\/www.nwaretech.com\/wp-content\/uploads\/2025\/05\/wmscenterofexpertise_nware_fr_2025___.pdf&#8221; target=&#8221;_blank&#8221; bg_color=&#8221;#dbdbdb&#8221; btn_hover_bg=&#8221;#e5e5e5&#8243; text_color=&#8221;dark&#8221;]T\u00c9L\u00c9CHARGER[\/mk_button][\/vc_column][vc_column width=&#8221;1\/3&#8243;][mk_fancy_title margin_bottom=&#8221;0&#8243; font_family=&#8221;none&#8221;]\n<h2>Creatio<\/h2>\n[\/mk_fancy_title][vc_column_text css=&#8221;.vc_custom_1702481121372{margin-bottom: 0px !important;}&#8221;]Une plateforme unique pour automatiser les processus m\u00e9tiers et le CRM en no-code.[\/vc_column_text][mk_padding_divider size=&#8221;25&#8243;][vc_single_image image=&#8221;28891&#8243; img_size=&#8221;medium&#8221;][mk_button dimension=&#8221;flat&#8221; size=&#8221;large&#8221; url=&#8221;https:\/\/www.nwaretech.com\/wp-content\/uploads\/2023\/12\/creatio_brochure_nware__fr_12072023.pdf&#8221; target=&#8221;_blank&#8221; bg_color=&#8221;#dbdbdb&#8221; btn_hover_bg=&#8221;#e5e5e5&#8243; text_color=&#8221;dark&#8221;]T\u00c9L\u00c9CHARGER[\/mk_button][\/vc_column][\/vc_row][vc_row][vc_column][vc_separator border_width=&#8221;5&#8243; css=&#8221;.vc_custom_1585667881956{padding-top: 20px !important;padding-bottom: 20px !important;}&#8221;][\/vc_column][\/vc_row][vc_row][vc_column width=&#8221;1\/3&#8243;][mk_fancy_title margin_bottom=&#8221;0&#8243; font_family=&#8221;none&#8221;]\n<h2>PDC-One<\/h2>\n[\/mk_fancy_title][vc_column_text css=&#8221;.vc_custom_1536936463647{margin-bottom: 0px !important;}&#8221;]Une solution simple et efficace pour optimiser l\u2019utilisation du module de production de SAP Business One.[\/vc_column_text][vc_single_image image=&#8221;7829&#8243; img_size=&#8221;full&#8221;][mk_button dimension=&#8221;flat&#8221; size=&#8221;large&#8221; url=&#8221;https:\/\/www.nwaretech.com\/wp-content\/uploads\/2018\/09\/nware_pdc_one_french.pdf&#8221; target=&#8221;_blank&#8221; bg_color=&#8221;#dbdbdb&#8221; btn_hover_bg=&#8221;#e5e5e5&#8243; text_color=&#8221;dark&#8221;]T\u00c9L\u00c9CHARGER[\/mk_button][\/vc_column][vc_column width=&#8221;1\/3&#8243;][mk_fancy_title margin_bottom=&#8221;0&#8243; font_family=&#8221;none&#8221;]\n<h2>LISA WMS<\/h2>\n[\/mk_fancy_title][vc_column_text css=&#8221;.vc_custom_1536936389870{margin-bottom: 0px !important;}&#8221;]Le syst\u00e8me gestion d\u2019entrep\u00f4t (WMS) par excellence pour SAP Business One[\/vc_column_text][mk_padding_divider size=&#8221;25&#8243;][vc_single_image image=&#8221;30194&#8243; img_size=&#8221;medium&#8221;][mk_button dimension=&#8221;flat&#8221; size=&#8221;large&#8221; url=&#8221;https:\/\/www.nwaretech.com\/wp-content\/uploads\/2024\/05\/lisawms_brochure_fr_05102024_web.pdf&#8221; target=&#8221;_blank&#8221; bg_color=&#8221;#dbdbdb&#8221; btn_hover_bg=&#8221;#e5e5e5&#8243; text_color=&#8221;dark&#8221;]T\u00c9L\u00c9CHARGER[\/mk_button][\/vc_column][vc_column width=&#8221;1\/3&#8243;][mk_fancy_title margin_bottom=&#8221;0&#8243; font_family=&#8221;none&#8221;]\n<h2>N&#8217;sight<\/h2>\n[\/mk_fancy_title][vc_column_text css=&#8221;.vc_custom_1585664958237{margin-bottom: 0px !important;}&#8221;]Tableaux de bord, intelligence d\u2019affaires (BI) et KPIs : Les donn\u00e9es, un r\u00e9el levier de croissance pour les PME[\/vc_column_text][vc_single_image image=&#8221;35919&#8243; img_size=&#8221;medium&#8221; css=&#8221;&#8221;][mk_button dimension=&#8221;flat&#8221; size=&#8221;large&#8221; url=&#8221;https:\/\/www.nwaretech.com\/wp-content\/uploads\/2025\/09\/nsight_fr_2025_web_c.pdf&#8221; target=&#8221;_blank&#8221; bg_color=&#8221;#dbdbdb&#8221; btn_hover_bg=&#8221;#e5e5e5&#8243; text_color=&#8221;dark&#8221;]T\u00c9L\u00c9CHARGER[\/mk_button][\/vc_column][\/vc_row][vc_row][vc_column][vc_separator border_width=&#8221;5&#8243; css=&#8221;.vc_custom_1585667881956{padding-top: 20px !important;padding-bottom: 20px !important;}&#8221;][\/vc_column][\/vc_row][vc_row][vc_column width=&#8221;1\/2&#8243;][mk_fancy_title margin_bottom=&#8221;0&#8243; font_family=&#8221;none&#8221;]\n<h2>VALOGIX\u00ae Inventory Planner<\/h2>\n[\/mk_fancy_title][vc_column_text css=&#8221;.vc_custom_1585669363502{margin-bottom: 0px !important;}&#8221;]Solution automatis\u00e9e pour am\u00e9liorer votre planification de stock et la productivit\u00e9 de vos employ\u00e9s.[\/vc_column_text][mk_padding_divider size=&#8221;30&#8243;][vc_single_image image=&#8221;6335&#8243; img_size=&#8221;full&#8221;][mk_button dimension=&#8221;flat&#8221; size=&#8221;large&#8221; url=&#8221;https:\/\/www.nwaretech.com\/wp-content\/uploads\/2018\/09\/nware_inventory_planner_french.pdf&#8221; target=&#8221;_blank&#8221; bg_color=&#8221;#dbdbdb&#8221; btn_hover_bg=&#8221;#e5e5e5&#8243; text_color=&#8221;dark&#8221;]T\u00c9L\u00c9CHARGER[\/mk_button][\/vc_column][vc_column width=&#8221;1\/2&#8243;][mk_fancy_title margin_bottom=&#8221;0&#8243; font_family=&#8221;none&#8221;]\n<h2>Connecteur e-Commerce<\/h2>\n[\/mk_fancy_title][vc_column_text css=&#8221;.vc_custom_1537993951624{margin-bottom: 0px !important;}&#8221;]<span id=\"result_box\" class=\"short_text\" lang=\"fr\"><span class=\"\">(En anglais) ITM-Development MAG B1, connecteur E-Commerce pour SAP Business One.<\/span><\/span>[\/vc_column_text][mk_padding_divider size=&#8221;30&#8243;][vc_single_image image=&#8221;6989&#8243; img_size=&#8221;full&#8221;][mk_button dimension=&#8221;flat&#8221; size=&#8221;large&#8221; url=&#8221;\/wp-content\/uploads\/2019\/02\/ecommerce_mag_b1_english.pdf&#8221; target=&#8221;_blank&#8221; bg_color=&#8221;#dbdbdb&#8221; btn_hover_bg=&#8221;#e5e5e5&#8243; text_color=&#8221;dark&#8221;]T\u00c9L\u00c9CHARGER[\/mk_button][\/vc_column][\/vc_row][vc_row][vc_column][vc_separator border_width=&#8221;5&#8243; css=&#8221;.vc_custom_1585667881956{padding-top: 20px !important;padding-bottom: 20px !important;}&#8221;][\/vc_column][\/vc_row][vc_row][vc_column width=&#8221;1\/2&#8243;][mk_fancy_title margin_bottom=&#8221;0&#8243; font_family=&#8221;none&#8221;]\n<h2><span id=\"result_box\" class=\"\" lang=\"fr\"><span class=\"\">SAP Business One version 10.0<br \/>\n<\/span><\/span><\/h2>\n[\/mk_fancy_title][vc_column_text css=&#8221;.vc_custom_1585667744770{margin-bottom: 0px !important;}&#8221;]Nouveaut\u00e9s Early Adopter Care[\/vc_column_text][vc_single_image image=&#8221;7840&#8243; img_size=&#8221;full&#8221;][mk_button dimension=&#8221;flat&#8221; size=&#8221;large&#8221; url=&#8221;https:\/\/www.nwaretech.com\/wp-content\/uploads\/2018\/09\/sap_business_one_intro_french.pdf&#8221; target=&#8221;_blank&#8221; bg_color=&#8221;#dbdbdb&#8221; btn_hover_bg=&#8221;#e5e5e5&#8243; text_color=&#8221;dark&#8221;]T\u00c9L\u00c9CHARGER[\/mk_button][\/vc_column][vc_column width=&#8221;1\/2&#8243;][mk_fancy_title margin_bottom=&#8221;0&#8243; font_family=&#8221;none&#8221;]\n<h2><span id=\"result_box\" class=\"\" lang=\"fr\"><span class=\"\">SAP Business One pour PME<br \/>\n<\/span><\/span><\/h2>\n[\/mk_fancy_title][vc_column_text css=&#8221;.vc_custom_1585667843551{margin-bottom: 0px !important;}&#8221;]Quelles que soient vos activit\u00e9s, nous avons la solution qu\u2019il vous faut.[\/vc_column_text][vc_single_image image=&#8221;35925&#8243; img_size=&#8221;medium&#8221; css=&#8221;&#8221;][mk_button dimension=&#8221;flat&#8221; size=&#8221;large&#8221; url=&#8221;https:\/\/www.nwaretech.com\/wp-content\/uploads\/2025\/09\/sap-business-one_nware_2025_fr_c.pdf&#8221; target=&#8221;_blank&#8221; bg_color=&#8221;#dbdbdb&#8221; btn_hover_bg=&#8221;#e5e5e5&#8243; text_color=&#8221;dark&#8221;]T\u00c9L\u00c9CHARGER[\/mk_button][\/vc_column][\/vc_row][vc_row][vc_column][vc_separator border_width=&#8221;5&#8243; css=&#8221;.vc_custom_1585667881956{padding-top: 20px !important;padding-bottom: 20px !important;}&#8221;][\/vc_column][\/vc_row][vc_row][vc_column width=&#8221;1\/2&#8243;][mk_fancy_title margin_bottom=&#8221;0&#8243; font_family=&#8221;none&#8221;]\n<h2><span id=\"result_box\" class=\"\" lang=\"fr\"><span class=\"\">Solution pour le domaine manufacturier<br \/>\n<\/span><\/span><\/h2>\n[\/mk_fancy_title][vc_column_text css=&#8221;.vc_custom_1536936832398{margin-bottom: 0px !important;}&#8221;](En anglais) Solution ERP pour les petites et moyennes entreprises dans le domaine manufacturier et industriel.[\/vc_column_text][vc_single_image image=&#8221;6274&#8243; img_size=&#8221;full&#8221;][mk_button dimension=&#8221;flat&#8221; size=&#8221;large&#8221; url=&#8221;https:\/\/www.nwaretech.com\/wp-content\/uploads\/2018\/09\/nware_advanced_manufacturing_english.pdf&#8221; target=&#8221;_blank&#8221; bg_color=&#8221;#dbdbdb&#8221; btn_hover_bg=&#8221;#e5e5e5&#8243; text_color=&#8221;dark&#8221;]T\u00c9L\u00c9CHARGER[\/mk_button][\/vc_column][vc_column width=&#8221;1\/2&#8243;][mk_fancy_title margin_bottom=&#8221;0&#8243; font_family=&#8221;none&#8221;]\n<h2>SAP Business One Starter Pack<\/h2>\n[\/mk_fancy_title][vc_column_text css=&#8221;.vc_custom_1585668948478{margin-bottom: 0px !important;}&#8221;](En anglais) Starter Pack est une version simplifi\u00e9e offert \u00e0 petit prix pour une implantation tr\u00e8s rapide.<span id=\"result_box\" class=\"\" lang=\"fr\"><\/span>[\/vc_column_text][vc_single_image image=&#8221;6301&#8243; img_size=&#8221;full&#8221;][mk_button dimension=&#8221;flat&#8221; size=&#8221;large&#8221; url=&#8221;https:\/\/www.nwaretech.com\/wp-content\/uploads\/2018\/09\/nware_starter_pack_english.pdf&#8221; target=&#8221;_blank&#8221; bg_color=&#8221;#dbdbdb&#8221; btn_hover_bg=&#8221;#e5e5e5&#8243; text_color=&#8221;dark&#8221;]T\u00c9L\u00c9CHARGER[\/mk_button][\/vc_column][\/vc_row][vc_row][vc_column][vc_separator border_width=&#8221;5&#8243; css=&#8221;.vc_custom_1585667881956{padding-top: 20px !important;padding-bottom: 20px !important;}&#8221;][\/vc_column][\/vc_row][vc_row][vc_column width=&#8221;1\/2&#8243;][mk_fancy_title margin_bottom=&#8221;0&#8243; font_family=&#8221;none&#8221;]\n<h2>D\u00e9fense et militaire<\/h2>\n[\/mk_fancy_title][vc_column_text css=&#8221;.vc_custom_1536937388375{margin-bottom: 0px !important;}&#8221;]<span id=\"result_box\" class=\"\" lang=\"fr\"><span class=\"\">(En anglais) Votre partenaire de confiance, laissez-nous vous aider \u00e0 \u00eatre compatible DCAA.<\/span><\/span>[\/vc_column_text][vc_single_image image=&#8221;6285&#8243; img_size=&#8221;full&#8221;][mk_button dimension=&#8221;flat&#8221; size=&#8221;large&#8221; url=&#8221;https:\/\/www.nwaretech.com\/wp-content\/uploads\/2018\/09\/nware_dcaa_english.pdf&#8221; target=&#8221;_blank&#8221; bg_color=&#8221;#dbdbdb&#8221; btn_hover_bg=&#8221;#e5e5e5&#8243; text_color=&#8221;dark&#8221;]T\u00c9L\u00c9CHARGER[\/mk_button][\/vc_column][vc_column width=&#8221;1\/2&#8243;][mk_fancy_title margin_bottom=&#8221;0&#8243; font_family=&#8221;none&#8221;]\n<h2><span id=\"result_box\" class=\"short_text\" lang=\"fr\"><span class=\"\">Cosm\u00e9tiques et <span class=\"st\">soins personnels<\/span><br \/>\n<\/span><\/span><\/h2>\n[\/mk_fancy_title][vc_column_text css=&#8221;.vc_custom_1536936962895{margin-bottom: 0px !important;}&#8221;]<span id=\"result_box\" class=\"\" lang=\"fr\"><span class=\"\">(En anglais) Un logiciel de gestion d&#8217;entreprise adapt\u00e9 \u00e0 l&#8217;industrie de la beaut\u00e9 et des cosm\u00e9tiques.<\/span><\/span>[\/vc_column_text][vc_single_image image=&#8221;6281&#8243; img_size=&#8221;full&#8221;][mk_button dimension=&#8221;flat&#8221; size=&#8221;large&#8221; url=&#8221;https:\/\/www.nwaretech.com\/wp-content\/uploads\/2018\/09\/nware_cosmetic_english.pdf&#8221; target=&#8221;_blank&#8221; bg_color=&#8221;#dbdbdb&#8221; btn_hover_bg=&#8221;#e5e5e5&#8243; text_color=&#8221;dark&#8221;]T\u00c9L\u00c9CHARGER[\/mk_button][\/vc_column][\/vc_row][vc_row][vc_column][vc_separator border_width=&#8221;5&#8243; css=&#8221;.vc_custom_1585667881956{padding-top: 20px !important;padding-bottom: 20px !important;}&#8221;][\/vc_column][\/vc_row][vc_row][vc_column width=&#8221;1\/2&#8243;][mk_fancy_title margin_bottom=&#8221;0&#8243; font_family=&#8221;none&#8221;]\n<h2><span id=\"result_box\" class=\"short_text\" lang=\"fr\"><span class=\"\">Gestion de projets<br \/>\n<\/span><\/span><\/h2>\n[\/mk_fancy_title][vc_column_text css=&#8221;.vc_custom_1585668792037{margin-bottom: 0px !important;}&#8221;](En anglais) Fonctionnalit\u00e9s avanc\u00e9es de gestion de projet.[\/vc_column_text][vc_single_image image=&#8221;6297&#8243; img_size=&#8221;full&#8221;][mk_button dimension=&#8221;flat&#8221; size=&#8221;large&#8221; url=&#8221;https:\/\/www.nwaretech.com\/wp-content\/uploads\/2018\/09\/nware_project_mobility_english.pdf&#8221; target=&#8221;_blank&#8221; bg_color=&#8221;#dbdbdb&#8221; btn_hover_bg=&#8221;#e5e5e5&#8243; text_color=&#8221;dark&#8221;]T\u00c9L\u00c9CHARGER[\/mk_button][\/vc_column][vc_column width=&#8221;1\/2&#8243;][mk_padding_divider][\/vc_column][\/vc_row][vc_row][vc_column][vc_separator border_width=&#8221;5&#8243; css=&#8221;.vc_custom_1585667881956{padding-top: 20px !important;padding-bottom: 20px !important;}&#8221;][\/vc_column][\/vc_row][vc_row][vc_column width=&#8221;1\/2&#8243;][mk_fancy_title margin_bottom=&#8221;0&#8243; font_family=&#8221;none&#8221;]\n<h2>Transactions intersoci\u00e9t\u00e9s automatis\u00e9es avec SAP Business One<\/h2>\n[\/mk_fancy_title][vc_single_image image=&#8221;9087&#8243; img_size=&#8221;medium&#8221;][mk_button dimension=&#8221;flat&#8221; size=&#8221;large&#8221; url=&#8221;https:\/\/www.nwaretech.com\/wp-content\/uploads\/2018\/09\/nware_project_mobility_english.pdf&#8221; target=&#8221;_blank&#8221; bg_color=&#8221;#dbdbdb&#8221; btn_hover_bg=&#8221;#e5e5e5&#8243; text_color=&#8221;dark&#8221;]T\u00c9L\u00c9CHARGER[\/mk_button][mk_padding_divider][\/vc_column][vc_column width=&#8221;1\/2&#8243;][mk_fancy_title font_family=&#8221;none&#8221;]\n<h2>SAP Business One Cloud<\/h2>\n[\/mk_fancy_title][vc_single_image image=&#8221;9085&#8243; img_size=&#8221;medium&#8221;][mk_button dimension=&#8221;flat&#8221; size=&#8221;large&#8221; url=&#8221;https:\/\/www.nwaretech.com\/wp-content\/uploads\/2022\/03\/sap-business-one-cloud-brochure-fr.pdf&#8221; target=&#8221;_blank&#8221; bg_color=&#8221;#dbdbdb&#8221; btn_hover_bg=&#8221;#e5e5e5&#8243; text_color=&#8221;dark&#8221;]T\u00c9L\u00c9CHARGER[\/mk_button][\/vc_column][\/vc_row][vc_row fullwidth=&#8221;true&#8221; css=&#8221;.vc_custom_1533222006898{margin-bottom: -50px !important;padding-top: 45px !important;padding-bottom: 25px !important;background-color: #edaf23 !important;}&#8221;][vc_column width=&#8221;2\/3&#8243; css=&#8221;.vc_custom_1532698532225{margin-top: 15px !important;}&#8221;][vc_column_text css=&#8221;.vc_custom_1536938087287{margin-bottom: 0px !important;}&#8221;]\n<h2 style=\"text-align: center;\"><span style=\"color: #081828;\"><strong>BESOIN DE PLUS D&#8217;INFORMATIONS?<\/strong><\/span><\/h2>\n[\/vc_column_text][\/vc_column][vc_column width=&#8221;1\/3&#8243;][mk_button dimension=&#8221;flat&#8221; corner_style=&#8221;rounded&#8221; size=&#8221;x-large&#8221; url=&#8221;https:\/\/www.nwaretech.com\/fr\/contact-us\/&#8221; margin_right=&#8221;20&#8243; bg_color=&#8221;#081828&#8243; btn_hover_bg=&#8221;#ffffff&#8221; btn_hover_txt_color=&#8221;#081828&#8243;]CONTACTEZ-NOUS[\/mk_button][\/vc_column][\/vc_row]\n<\/div>","protected":false},"excerpt":{"rendered":"<p>[vc_row][vc_column][vc_column_text css=&#8221;.vc_custom_1730304788582{margin-bottom: 0px !important;}&#8221;] Brochures [\/vc_column_text][vc_separator css=&#8221;&#8221;][\/vc_column][\/vc_row][vc_row][vc_column width=&#8221;1\/3&#8243;][mk_fancy_title margin_bottom=&#8221;0&#8243; font_family=&#8221;none&#8221;] N&#8217;ware Technologies [\/mk_fancy_title][vc_column_text css=&#8221;.vc_custom_1585669552182{margin-bottom: 0px !important;}&#8221;]Sp\u00e9cialis\u00e9 en logiciels de gestion int\u00e9gr\u00e9s (ERP), syst\u00e8mes de gestion d\u2019entrep\u00f4t (WMS) et solutions int\u00e9gr\u00e9es de commerce \u00e9lectronique pour les PME.[\/vc_column_text][vc_single_image image=&#8221;7611&#8243; img_size=&#8221;full&#8221;][mk_button dimension=&#8221;flat&#8221; size=&#8221;large&#8221; url=&#8221;\/wp-content\/uploads\/2019\/10\/corporate_brochure_2019_french.pdf&#8221; target=&#8221;_blank&#8221; bg_color=&#8221;#dbdbdb&#8221; btn_hover_bg=&#8221;#e5e5e5&#8243; text_color=&#8221;dark&#8221;]T\u00c9L\u00c9CHARGER[\/mk_button][\/vc_column][vc_column width=&#8221;1\/3&#8243;][mk_fancy_title margin_bottom=&#8221;0&#8243; font_family=&#8221;none&#8221;] Centre d&#8217;expertise WMS [\/mk_fancy_title][vc_column_text css=&#8221;.vc_custom_1746130083314{margin-bottom: 0px !important;}&#8221;]Notre [&hellip;]<\/p>\n","protected":false},"author":3,"featured_media":0,"parent":5770,"menu_order":0,"comment_status":"closed","ping_status":"closed","template":"","meta":{"footnotes":""},"class_list":["post-5768","page","type-page","status-publish","hentry"],"yoast_head":"<!-- This site is optimized with the Yoast SEO plugin v27.2 - https:\/\/yoast.com\/product\/yoast-seo-wordpress\/ -->\n<title>Brochures de Produit | N&#039;ware Technologies<\/title>\n<meta name=\"description\" content=\"La section de t\u00e9l\u00e9chargement de N&#039;ware pour les brochures pdf destin\u00e9es aux petites et moyennes entreprises. Obtenez plus d&#039;informations ici!\" \/>\n<meta name=\"robots\" content=\"index, follow, max-snippet:-1, max-image-preview:large, max-video-preview:-1\" \/>\n<link rel=\"canonical\" href=\"https:\/\/www.nwaretech.com\/fr\/resources\/brochures\/\" \/>\n<meta property=\"og:locale\" content=\"fr_FR\" \/>\n<meta property=\"og:type\" content=\"article\" \/>\n<meta property=\"og:title\" content=\"Brochures de Produit | N&#039;ware Technologies\" \/>\n<meta property=\"og:description\" content=\"La section de t\u00e9l\u00e9chargement de N&#039;ware pour les brochures pdf destin\u00e9es aux petites et moyennes entreprises. Obtenez plus d&#039;informations ici!\" \/>\n<meta property=\"og:url\" content=\"https:\/\/www.nwaretech.com\/fr\/resources\/brochures\/\" \/>\n<meta property=\"og:site_name\" content=\"N\u2019ware Technologies\" \/>\n<meta property=\"article:modified_time\" content=\"2025-09-05T16:59:26+00:00\" \/>\n<meta name=\"twitter:card\" content=\"summary_large_image\" \/>\n<meta name=\"twitter:label1\" content=\"Dur\u00e9e de lecture estim\u00e9e\" \/>\n\t<meta name=\"twitter:data1\" content=\"3 minutes\" \/>\n<script type=\"application\/ld+json\" class=\"yoast-schema-graph\">{\"@context\":\"https:\/\/schema.org\",\"@graph\":[{\"@type\":\"WebPage\",\"@id\":\"https:\/\/www.nwaretech.com\/fr\/resources\/brochures\/\",\"url\":\"https:\/\/www.nwaretech.com\/fr\/resources\/brochures\/\",\"name\":\"Brochures de Produit | N'ware Technologies\",\"isPartOf\":{\"@id\":\"https:\/\/www.nwaretech.com\/#website\"},\"datePublished\":\"2018-07-27T13:28:34+00:00\",\"dateModified\":\"2025-09-05T16:59:26+00:00\",\"description\":\"La section de t\u00e9l\u00e9chargement de N'ware pour les brochures pdf destin\u00e9es aux petites et moyennes entreprises. Obtenez plus d'informations ici!\",\"breadcrumb\":{\"@id\":\"https:\/\/www.nwaretech.com\/fr\/resources\/brochures\/#breadcrumb\"},\"inLanguage\":\"fr-FR\",\"potentialAction\":[{\"@type\":\"ReadAction\",\"target\":[\"https:\/\/www.nwaretech.com\/fr\/resources\/brochures\/\"]}]},{\"@type\":\"BreadcrumbList\",\"@id\":\"https:\/\/www.nwaretech.com\/fr\/resources\/brochures\/#breadcrumb\",\"itemListElement\":[{\"@type\":\"ListItem\",\"position\":1,\"name\":\"Home\",\"item\":\"https:\/\/www.nwaretech.com\/fr\/\"},{\"@type\":\"ListItem\",\"position\":2,\"name\":\"Ressources\",\"item\":\"https:\/\/www.nwaretech.com\/fr\/resources\/\"},{\"@type\":\"ListItem\",\"position\":3,\"name\":\"Brochures\"}]},{\"@type\":\"WebSite\",\"@id\":\"https:\/\/www.nwaretech.com\/#website\",\"url\":\"https:\/\/www.nwaretech.com\/\",\"name\":\"N\u2019ware Technologies\",\"description\":\"ERP &amp; WMS Software\",\"potentialAction\":[{\"@type\":\"SearchAction\",\"target\":{\"@type\":\"EntryPoint\",\"urlTemplate\":\"https:\/\/www.nwaretech.com\/?s={search_term_string}\"},\"query-input\":{\"@type\":\"PropertyValueSpecification\",\"valueRequired\":true,\"valueName\":\"search_term_string\"}}],\"inLanguage\":\"fr-FR\"}]}<\/script>\n<!-- \/ Yoast SEO plugin. -->","yoast_head_json":{"title":"Brochures de Produit | N'ware Technologies","description":"La section de t\u00e9l\u00e9chargement de N'ware pour les brochures pdf destin\u00e9es aux petites et moyennes entreprises. Obtenez plus d'informations ici!","robots":{"index":"index","follow":"follow","max-snippet":"max-snippet:-1","max-image-preview":"max-image-preview:large","max-video-preview":"max-video-preview:-1"},"canonical":"https:\/\/www.nwaretech.com\/fr\/resources\/brochures\/","og_locale":"fr_FR","og_type":"article","og_title":"Brochures de Produit | N'ware Technologies","og_description":"La section de t\u00e9l\u00e9chargement de N'ware pour les brochures pdf destin\u00e9es aux petites et moyennes entreprises. Obtenez plus d'informations ici!","og_url":"https:\/\/www.nwaretech.com\/fr\/resources\/brochures\/","og_site_name":"N\u2019ware Technologies","article_modified_time":"2025-09-05T16:59:26+00:00","twitter_card":"summary_large_image","twitter_misc":{"Dur\u00e9e de lecture estim\u00e9e":"3 minutes"},"schema":{"@context":"https:\/\/schema.org","@graph":[{"@type":"WebPage","@id":"https:\/\/www.nwaretech.com\/fr\/resources\/brochures\/","url":"https:\/\/www.nwaretech.com\/fr\/resources\/brochures\/","name":"Brochures de Produit | N'ware Technologies","isPartOf":{"@id":"https:\/\/www.nwaretech.com\/#website"},"datePublished":"2018-07-27T13:28:34+00:00","dateModified":"2025-09-05T16:59:26+00:00","description":"La section de t\u00e9l\u00e9chargement de N'ware pour les brochures pdf destin\u00e9es aux petites et moyennes entreprises. Obtenez plus d'informations ici!","breadcrumb":{"@id":"https:\/\/www.nwaretech.com\/fr\/resources\/brochures\/#breadcrumb"},"inLanguage":"fr-FR","potentialAction":[{"@type":"ReadAction","target":["https:\/\/www.nwaretech.com\/fr\/resources\/brochures\/"]}]},{"@type":"BreadcrumbList","@id":"https:\/\/www.nwaretech.com\/fr\/resources\/brochures\/#breadcrumb","itemListElement":[{"@type":"ListItem","position":1,"name":"Home","item":"https:\/\/www.nwaretech.com\/fr\/"},{"@type":"ListItem","position":2,"name":"Ressources","item":"https:\/\/www.nwaretech.com\/fr\/resources\/"},{"@type":"ListItem","position":3,"name":"Brochures"}]},{"@type":"WebSite","@id":"https:\/\/www.nwaretech.com\/#website","url":"https:\/\/www.nwaretech.com\/","name":"N\u2019ware Technologies","description":"ERP &amp; WMS Software","potentialAction":[{"@type":"SearchAction","target":{"@type":"EntryPoint","urlTemplate":"https:\/\/www.nwaretech.com\/?s={search_term_string}"},"query-input":{"@type":"PropertyValueSpecification","valueRequired":true,"valueName":"search_term_string"}}],"inLanguage":"fr-FR"}]}},"_links":{"self":[{"href":"https:\/\/www.nwaretech.com\/fr\/wp-json\/wp\/v2\/pages\/5768","targetHints":{"allow":["GET"]}}],"collection":[{"href":"https:\/\/www.nwaretech.com\/fr\/wp-json\/wp\/v2\/pages"}],"about":[{"href":"https:\/\/www.nwaretech.com\/fr\/wp-json\/wp\/v2\/types\/page"}],"author":[{"embeddable":true,"href":"https:\/\/www.nwaretech.com\/fr\/wp-json\/wp\/v2\/users\/3"}],"replies":[{"embeddable":true,"href":"https:\/\/www.nwaretech.com\/fr\/wp-json\/wp\/v2\/comments?post=5768"}],"version-history":[{"count":2,"href":"https:\/\/www.nwaretech.com\/fr\/wp-json\/wp\/v2\/pages\/5768\/revisions"}],"predecessor-version":[{"id":35946,"href":"https:\/\/www.nwaretech.com\/fr\/wp-json\/wp\/v2\/pages\/5768\/revisions\/35946"}],"up":[{"embeddable":true,"href":"https:\/\/www.nwaretech.com\/fr\/wp-json\/wp\/v2\/pages\/5770"}],"wp:attachment":[{"href":"https:\/\/www.nwaretech.com\/fr\/wp-json\/wp\/v2\/media?parent=5768"}],"curies":[{"name":"wp","href":"https:\/\/api.w.org\/{rel}","templated":true}]}}