{"id":5771,"date":"2018-07-27T07:48:38","date_gmt":"2018-07-27T12:48:38","guid":{"rendered":"http:\/\/nwaretech.webloft.info\/sap-ariba\/"},"modified":"2024-12-16T13:04:30","modified_gmt":"2024-12-16T18:04:30","slug":"sap-ariba","status":"publish","type":"page","link":"https:\/\/www.nwaretech.com\/fr\/industries\/sap-ariba\/","title":{"rendered":"Ariba"},"content":{"rendered":"<div class=\"wpb-content-wrapper\">[vc_row fullwidth=&#8221;true&#8221; css=&#8221;.vc_custom_1532701016934{margin-top: -155px !important;}&#8221;][vc_column][mk_page_title_box section_height=&#8221;500&#8243; bg_image=&#8221;https:\/\/www.nwaretech.com\/wp-content\/uploads\/2018\/07\/vertical_expertise_ariba.jpg&#8221; bg_position=&#8221;center top&#8221; bg_stretch=&#8221;true&#8221; bg_effects=&#8221;parallax&#8221; underline=&#8221;false&#8221;][mk_divider style=&#8221;thin_solid&#8221; thickness=&#8221;3&#8243; margin_top=&#8221;0&#8243; margin_bottom=&#8221;0&#8243;][\/vc_column][\/vc_row][vc_row][vc_column][mk_padding_divider][\/vc_column][\/vc_row][vc_row][vc_column][mk_fancy_title font_family=&#8221;none&#8221;]\n<h1>Aimeriez-vous acc\u00e9l\u00e9rer les transactions entre SAP Ariba et votre syst\u00e8me financier?<\/h1>\n[\/mk_fancy_title][vc_column_text css=&#8221;.vc_custom_1537563507636{margin-bottom: 0px !important;}&#8221;]Int\u00e9grez votre logiciel de gestion avec SAP Ariba afin d\u2019acc\u00e9l\u00e9rer le cycle de vente entre vous et vos clients.[\/vc_column_text][\/vc_column][\/vc_row][vc_row][vc_column][mk_padding_divider][\/vc_column][\/vc_row][vc_row][vc_column width=&#8221;1\/2&#8243;][mk_fancy_title font_family=&#8221;none&#8221;]\n<h2 class=\"h1-style\">Int\u00e9grez votre syst\u00e8me de gestion avec SAP Ariba<\/h2>\n[\/mk_fancy_title][vc_column_text css=&#8221;.vc_custom_1537818531245{margin-bottom: 0px !important;}&#8221;]\u00c9liminez les frustrations li\u00e9es \u00e0 l\u2019utilisation d\u2019Ariba et b\u00e9n\u00e9ficiez r\u00e9ellement des avantages de la plus importante plateforme de commerce B2B au monde.<\/p>\n<ul>\n<li>\u00c9liminez la double saisie entre Ariba et votre syst\u00e8me comptable (ERP)<\/li>\n<li>Vos commandes passeront directement d\u2019Ariba vers votre syst\u00e8me financier<\/li>\n<li>Acc\u00e9l\u00e9rez le cycle de vente et diminuer vos co\u00fbts de gestion<\/li>\n<li>Am\u00e9liorez la relation avec vos clients en vous int\u00e9grant avec leur plateforme B2B<\/li>\n<\/ul>\n[\/vc_column_text][\/vc_column][vc_column width=&#8221;1\/2&#8243;][vc_single_image image=&#8221;5039&#8243; img_size=&#8221;full&#8221;][\/vc_column][\/vc_row][vc_row][vc_column][mk_padding_divider][vc_separator border_width=&#8221;5&#8243; el_width=&#8221;20&#8243;][mk_padding_divider][\/vc_column][\/vc_row][vc_row][vc_column][mk_fancy_title font_family=&#8221;none&#8221;]\n<h2 class=\"h1-style\">L\u2019int\u00e9gration d\u2019Ariba et SAP Business One permettra \u00e0 chaque d\u00e9partement de votre entreprise d\u2019augmenter sa productivit\u00e9<\/h2>\n[\/mk_fancy_title][vc_column_text css=&#8221;.vc_custom_1537818740173{margin-bottom: 0px !important;}&#8221;]Gr\u00e2ce \u00e0 SAP Business One avec SAP Ariba vous pourrez profiter pleinement des avantages d\u2019utiliser Ariba.<\/p>\n<h3>Ventes et relation clients<\/h3>\n<ul>\n<li>Pr\u00e9sentez un catalogue de produits mise \u00e0 jour en temps r\u00e9el<\/li>\n<li>Recevez des appels d\u2019offre \u00e0 approuver directement dans votre syst\u00e8me<\/li>\n<li>Soumissionnez en quelques cliques<\/li>\n<li>Int\u00e9grez les processus de vos clients aux v\u00f4tres<\/li>\n<li>G\u00e9n\u00e9rez de nouvelles opportunit\u00e9s d\u2019affaires<\/li>\n<\/ul>\n<h3>Comptabilit\u00e9 et finance<\/h3>\n<ul>\n<li>\u00c9liminez la duplication des t\u00e2ches<\/li>\n<li>R\u00e9duisez les erreurs li\u00e9es aux entr\u00e9es manuelles<\/li>\n<li>Automatisez la facturation clients<\/li>\n<li>Acc\u00e9l\u00e9rez le recouvrement de vos comptes clients<\/li>\n<li>B\u00e9n\u00e9ficiez d\u2019une visibilit\u00e9 accrue et de rapports pr\u00e9cis en temps r\u00e9el<\/li>\n<\/ul>\n<h3>Cha\u00eene de production<\/h3>\n<ul>\n<li>Optimisez la planification de la production<\/li>\n<li>Optimisez la gestion de votre entrep\u00f4t et vos niveaux de stocks<\/li>\n<li>Suivez en temps r\u00e9el l\u2019\u00e9volution de la pr\u00e9paration des commandes clients<\/li>\n<li>Assurez l\u2019exactitude des commandes<\/li>\n<li>Automatisez la confirmation de livraison<\/li>\n<\/ul>\n[\/vc_column_text][\/vc_column][\/vc_row][vc_row][vc_column][mk_padding_divider][vc_separator border_width=&#8221;5&#8243; el_width=&#8221;20&#8243;][mk_padding_divider][\/vc_column][\/vc_row][vc_row][vc_column][mk_fancy_title font_family=&#8221;none&#8221;]\n<h2 class=\"h1-style\">Un syst\u00e8me sur mesure pour les PME qu\u00e9b\u00e9coises<\/h2>\n[\/mk_fancy_title][vc_column_text css=&#8221;.vc_custom_1537818838943{margin-bottom: 0px !important;}&#8221;]\n<ul>\n<li>Implantation rapide et abordable<\/li>\n<li>Syst\u00e8me simple \u00e0 utiliser<\/li>\n<li>\u00c9quipe exp\u00e9riment\u00e9e et m\u00e9thodologie \u00e9prouv\u00e9e<\/li>\n<li>Respect des budgets \u00e9tablis au d\u00e9part<\/li>\n<\/ul>\n[\/vc_column_text][\/vc_column][\/vc_row][vc_row][vc_column][mk_padding_divider][vc_separator border_width=&#8221;5&#8243; el_width=&#8221;20&#8243;][mk_padding_divider][\/vc_column][\/vc_row][vc_row][vc_column][mk_fancy_title font_family=&#8221;none&#8221;]\n<h2 class=\"h1-style\">\u00c9liminez la frustration cr\u00e9e par une mauvaise int\u00e9gration entre Ariba et votre syst\u00e8me comptable actuel<\/h2>\n[\/mk_fancy_title][vc_column_text css=&#8221;.vc_custom_1537818892017{margin-bottom: 0px !important;}&#8221;]Notre int\u00e9gration entre SAP Business One et Ariba vous permettra de profiter des avantages qu\u2019offrent Ariba \u00e0 vous et vos clients. De plus, vous profiterez de SAP Business One, un logiciel simple et \u00e9volutif.[\/vc_column_text][\/vc_column][\/vc_row][vc_row][vc_column][mk_padding_divider][vc_separator border_width=&#8221;5&#8243; el_width=&#8221;20&#8243;][mk_padding_divider][\/vc_column][\/vc_row][vc_row][vc_column][mk_fancy_title font_family=&#8221;none&#8221;]\n<h2 class=\"h1-style\">SAP Business One, la solution privil\u00e9gi\u00e9e pour remplacer votre logiciel de comptabilit\u00e9 ou ERP d\u00e9suet<\/h2>\n[\/mk_fancy_title][vc_column_text css=&#8221;.vc_custom_1537818959965{margin-bottom: 0px !important;}&#8221;]Contrairement aux solutions\u00a0sp\u00e9cialis\u00e9es, SAP\u00a0Business\u00a0One propose des fonctions de gestion commerciale exhaustives, couvrant aussi bien la finance que les ventes, la relation client, les stocks ou le suivi de la production. Ayant \u00e9t\u00e9 con\u00e7u pour les petites et moyennes entreprises, SAP Business One est une solution ERP rapide \u00e0 installer, facile \u00e0 maintenir et simple \u00e0 utiliser, s\u2019int\u00e8grant parfaitement avec la plateforme SAP Ariba.[\/vc_column_text][vc_row_inner][vc_column_inner width=&#8221;1\/3&#8243;][mk_fancy_title font_family=&#8221;none&#8221;]\n<h4>Microsoft Dynamics<\/h4>\n[\/mk_fancy_title][mk_fancy_title font_family=&#8221;none&#8221;]\n<h4>Maximum<\/h4>\n[\/mk_fancy_title][mk_fancy_title font_family=&#8221;none&#8221;]\n<h4>Prextra<\/h4>\n[\/mk_fancy_title][mk_fancy_title font_family=&#8221;none&#8221;]\n<h4>Fidelio<\/h4>\n[\/mk_fancy_title][mk_fancy_title font_family=&#8221;none&#8221;]\n<h4>Accpac (Sage 300)<\/h4>\n[\/mk_fancy_title][\/vc_column_inner][vc_column_inner width=&#8221;1\/3&#8243;][mk_fancy_title font_family=&#8221;none&#8221;]Sage X3[\/mk_fancy_title][mk_fancy_title font_family=&#8221;none&#8221;]\n<h4>Netsuite<\/h4>\n[\/mk_fancy_title][mk_fancy_title font_family=&#8221;none&#8221;]\n<h4>Epicor<\/h4>\n[\/mk_fancy_title][mk_fancy_title font_family=&#8221;none&#8221;]\n<h4>Genius<\/h4>\n[\/mk_fancy_title][mk_fancy_title font_family=&#8221;none&#8221;]\n<h4>CTRL<\/h4>\n[\/mk_fancy_title][\/vc_column_inner][vc_column_inner width=&#8221;1\/3&#8243;][mk_fancy_title font_family=&#8221;none&#8221;]\n<h4>Infor<\/h4>\n[\/mk_fancy_title][mk_fancy_title font_family=&#8221;none&#8221;]\n<h4>Maestro<\/h4>\n[\/mk_fancy_title][mk_fancy_title font_family=&#8221;none&#8221;]\n<h4>Siteline<\/h4>\n[\/mk_fancy_title][mk_fancy_title font_family=&#8221;none&#8221;]\n<h4>Symbiose<\/h4>\n[\/mk_fancy_title][mk_fancy_title font_family=&#8221;none&#8221;]\n<h4>Comptalitec<\/h4>\n[\/mk_fancy_title][\/vc_column_inner][\/vc_row_inner][\/vc_column][\/vc_row][vc_row][vc_column][mk_padding_divider][\/vc_column][\/vc_row][vc_row][vc_column][vc_separator border_width=&#8221;5&#8243;][\/vc_column][\/vc_row][vc_row][vc_column][mk_fancy_title font_family=&#8221;none&#8221;]\n<h2>T\u00e9l\u00e9chargements<\/h2>\n[\/mk_fancy_title][\/vc_column][\/vc_row][vc_row][vc_column width=&#8221;1\/2&#8243;][mk_fancy_title margin_bottom=&#8221;0&#8243; font_family=&#8221;none&#8221;]\n<h3><span id=\"result_box\" class=\"short_text\" lang=\"fr\"><span class=\"\">G\u00e9rer des projets n&#8217;importe o\u00f9, n&#8217;importe quand<\/span><\/span><\/h3>\n[\/mk_fancy_title][vc_single_image image=&#8221;6297&#8243; img_size=&#8221;full&#8221;][mk_button dimension=&#8221;flat&#8221; size=&#8221;large&#8221; url=&#8221;\/wp-content\/uploads\/2018\/09\/nware_project_mobility_english.pdf&#8221; target=&#8221;_blank&#8221; bg_color=&#8221;#dbdbdb&#8221; btn_hover_bg=&#8221;#e5e5e5&#8243; text_color=&#8221;dark&#8221;]T\u00c9L\u00c9CHARGER[\/mk_button][\/vc_column][vc_column width=&#8221;1\/2&#8243;][mk_fancy_title margin_bottom=&#8221;0&#8243; font_family=&#8221;none&#8221;]\n<h3><span id=\"result_box\" class=\"\" lang=\"fr\"><span class=\"\">Examinez votre entreprise de l\u2019int\u00e9rieur<\/span><\/span><\/h3>\n[\/mk_fancy_title][vc_single_image image=&#8221;6339&#8243; img_size=&#8221;full&#8221;][mk_button dimension=&#8221;flat&#8221; size=&#8221;large&#8221; url=&#8221;\/wp-content\/uploads\/2018\/09\/sap_business_one_intro_french.pdf&#8221; target=&#8221;_blank&#8221; bg_color=&#8221;#dbdbdb&#8221; btn_hover_bg=&#8221;#e5e5e5&#8243; text_color=&#8221;dark&#8221;]T\u00c9L\u00c9CHARGER[\/mk_button][\/vc_column][\/vc_row][vc_row][vc_column][mk_padding_divider][\/vc_column][\/vc_row][vc_row fullwidth=&#8221;true&#8221; css=&#8221;.vc_custom_1533222006898{margin-bottom: -50px !important;padding-top: 45px !important;padding-bottom: 25px !important;background-color: #edaf23 !important;}&#8221;][vc_column width=&#8221;2\/3&#8243; css=&#8221;.vc_custom_1532698532225{margin-top: 15px !important;}&#8221;][vc_column_text css=&#8221;.vc_custom_1537818993215{margin-bottom: 0px !important;}&#8221;]\n<h2 style=\"text-align: center;\"><strong>APPRENEZ COMMENT AM\u00c9LIORER LE FONCTIONNEMENT DE VOTRE ENTREPRISE<\/strong><\/h2>\n[\/vc_column_text][\/vc_column][vc_column width=&#8221;1\/3&#8243;][mk_button dimension=&#8221;flat&#8221; corner_style=&#8221;rounded&#8221; size=&#8221;x-large&#8221; url=&#8221;https:\/\/www.nwaretech.com\/fr\/contactez-nous\/&#8221; margin_right=&#8221;20&#8243; bg_color=&#8221;#081828&#8243; btn_hover_bg=&#8221;#ffffff&#8221; btn_hover_txt_color=&#8221;#081828&#8243;]PLANIFIEZ UNE RENCONTRE[\/mk_button][\/vc_column][\/vc_row]\n<\/div>","protected":false},"excerpt":{"rendered":"<p>[vc_row fullwidth=&#8221;true&#8221; css=&#8221;.vc_custom_1532701016934{margin-top: -155px !important;}&#8221;][vc_column][mk_page_title_box section_height=&#8221;500&#8243; bg_image=&#8221;https:\/\/www.nwaretech.com\/wp-content\/uploads\/2018\/07\/vertical_expertise_ariba.jpg&#8221; bg_position=&#8221;center top&#8221; bg_stretch=&#8221;true&#8221; bg_effects=&#8221;parallax&#8221; underline=&#8221;false&#8221;][mk_divider style=&#8221;thin_solid&#8221; thickness=&#8221;3&#8243; margin_top=&#8221;0&#8243; margin_bottom=&#8221;0&#8243;][\/vc_column][\/vc_row][vc_row][vc_column][mk_padding_divider][\/vc_column][\/vc_row][vc_row][vc_column][mk_fancy_title font_family=&#8221;none&#8221;] Aimeriez-vous acc\u00e9l\u00e9rer les transactions entre SAP Ariba et votre syst\u00e8me financier? [\/mk_fancy_title][vc_column_text css=&#8221;.vc_custom_1537563507636{margin-bottom: 0px !important;}&#8221;]Int\u00e9grez votre logiciel de gestion avec SAP Ariba afin d\u2019acc\u00e9l\u00e9rer le cycle de vente entre vous et vos clients.[\/vc_column_text][\/vc_column][\/vc_row][vc_row][vc_column][mk_padding_divider][\/vc_column][\/vc_row][vc_row][vc_column width=&#8221;1\/2&#8243;][mk_fancy_title font_family=&#8221;none&#8221;] Int\u00e9grez votre syst\u00e8me [&hellip;]<\/p>\n","protected":false},"author":3,"featured_media":0,"parent":5779,"menu_order":0,"comment_status":"closed","ping_status":"closed","template":"","meta":{"footnotes":""},"class_list":["post-5771","page","type-page","status-publish","hentry"],"yoast_head":"<!-- This site is optimized with the Yoast SEO plugin v27.5 - https:\/\/yoast.com\/product\/yoast-seo-wordpress\/ -->\n<title>SAP Ariba | Acc\u00e9l\u00e9rer votre cycle de ventes<\/title>\n<meta name=\"description\" content=\"L&#039;int\u00e9gration d&#039;Ariba et de SAP Business One permettra \u00e0 chaque d\u00e9partement d&#039;accro\u00eetre sa productivit\u00e9 et d&#039;atteindre vos objectifs.\" \/>\n<meta name=\"robots\" content=\"index, follow, max-snippet:-1, max-image-preview:large, max-video-preview:-1\" \/>\n<link rel=\"canonical\" href=\"https:\/\/www.nwaretech.com\/fr\/industries\/sap-ariba\/\" \/>\n<meta property=\"og:locale\" content=\"fr_FR\" \/>\n<meta property=\"og:type\" content=\"article\" \/>\n<meta property=\"og:title\" content=\"SAP Ariba | Acc\u00e9l\u00e9rer votre cycle de ventes\" \/>\n<meta property=\"og:description\" content=\"L&#039;int\u00e9gration d&#039;Ariba et de SAP Business One permettra \u00e0 chaque d\u00e9partement d&#039;accro\u00eetre sa productivit\u00e9 et d&#039;atteindre vos objectifs.\" \/>\n<meta property=\"og:url\" content=\"https:\/\/www.nwaretech.com\/fr\/industries\/sap-ariba\/\" \/>\n<meta property=\"og:site_name\" content=\"N\u2019ware Technologies\" \/>\n<meta property=\"article:modified_time\" content=\"2024-12-16T18:04:30+00:00\" \/>\n<meta name=\"twitter:card\" content=\"summary_large_image\" \/>\n<meta name=\"twitter:label1\" content=\"Dur\u00e9e de lecture estim\u00e9e\" \/>\n\t<meta name=\"twitter:data1\" content=\"4 minutes\" \/>\n<script type=\"application\/ld+json\" class=\"yoast-schema-graph\">{\"@context\":\"https:\\\/\\\/schema.org\",\"@graph\":[{\"@type\":\"WebPage\",\"@id\":\"https:\\\/\\\/www.nwaretech.com\\\/fr\\\/industries\\\/sap-ariba\\\/\",\"url\":\"https:\\\/\\\/www.nwaretech.com\\\/fr\\\/industries\\\/sap-ariba\\\/\",\"name\":\"SAP Ariba | Acc\u00e9l\u00e9rer votre cycle de ventes\",\"isPartOf\":{\"@id\":\"https:\\\/\\\/www.nwaretech.com\\\/#website\"},\"datePublished\":\"2018-07-27T12:48:38+00:00\",\"dateModified\":\"2024-12-16T18:04:30+00:00\",\"description\":\"L'int\u00e9gration d'Ariba et de SAP Business One permettra \u00e0 chaque d\u00e9partement d'accro\u00eetre sa productivit\u00e9 et d'atteindre vos objectifs.\",\"breadcrumb\":{\"@id\":\"https:\\\/\\\/www.nwaretech.com\\\/fr\\\/industries\\\/sap-ariba\\\/#breadcrumb\"},\"inLanguage\":\"fr-FR\",\"potentialAction\":[{\"@type\":\"ReadAction\",\"target\":[\"https:\\\/\\\/www.nwaretech.com\\\/fr\\\/industries\\\/sap-ariba\\\/\"]}]},{\"@type\":\"BreadcrumbList\",\"@id\":\"https:\\\/\\\/www.nwaretech.com\\\/fr\\\/industries\\\/sap-ariba\\\/#breadcrumb\",\"itemListElement\":[{\"@type\":\"ListItem\",\"position\":1,\"name\":\"Home\",\"item\":\"https:\\\/\\\/www.nwaretech.com\\\/fr\\\/\"},{\"@type\":\"ListItem\",\"position\":2,\"name\":\"Industries\",\"item\":\"https:\\\/\\\/www.nwaretech.com\\\/fr\\\/industries\\\/\"},{\"@type\":\"ListItem\",\"position\":3,\"name\":\"Ariba\"}]},{\"@type\":\"WebSite\",\"@id\":\"https:\\\/\\\/www.nwaretech.com\\\/#website\",\"url\":\"https:\\\/\\\/www.nwaretech.com\\\/\",\"name\":\"N\u2019ware Technologies\",\"description\":\"ERP &amp; WMS Software\",\"potentialAction\":[{\"@type\":\"SearchAction\",\"target\":{\"@type\":\"EntryPoint\",\"urlTemplate\":\"https:\\\/\\\/www.nwaretech.com\\\/?s={search_term_string}\"},\"query-input\":{\"@type\":\"PropertyValueSpecification\",\"valueRequired\":true,\"valueName\":\"search_term_string\"}}],\"inLanguage\":\"fr-FR\"}]}<\/script>\n<!-- \/ Yoast SEO plugin. -->","yoast_head_json":{"title":"SAP Ariba | Acc\u00e9l\u00e9rer votre cycle de ventes","description":"L'int\u00e9gration d'Ariba et de SAP Business One permettra \u00e0 chaque d\u00e9partement d'accro\u00eetre sa productivit\u00e9 et d'atteindre vos objectifs.","robots":{"index":"index","follow":"follow","max-snippet":"max-snippet:-1","max-image-preview":"max-image-preview:large","max-video-preview":"max-video-preview:-1"},"canonical":"https:\/\/www.nwaretech.com\/fr\/industries\/sap-ariba\/","og_locale":"fr_FR","og_type":"article","og_title":"SAP Ariba | Acc\u00e9l\u00e9rer votre cycle de ventes","og_description":"L'int\u00e9gration d'Ariba et de SAP Business One permettra \u00e0 chaque d\u00e9partement d'accro\u00eetre sa productivit\u00e9 et d'atteindre vos objectifs.","og_url":"https:\/\/www.nwaretech.com\/fr\/industries\/sap-ariba\/","og_site_name":"N\u2019ware Technologies","article_modified_time":"2024-12-16T18:04:30+00:00","twitter_card":"summary_large_image","twitter_misc":{"Dur\u00e9e de lecture estim\u00e9e":"4 minutes"},"schema":{"@context":"https:\/\/schema.org","@graph":[{"@type":"WebPage","@id":"https:\/\/www.nwaretech.com\/fr\/industries\/sap-ariba\/","url":"https:\/\/www.nwaretech.com\/fr\/industries\/sap-ariba\/","name":"SAP Ariba | Acc\u00e9l\u00e9rer votre cycle de ventes","isPartOf":{"@id":"https:\/\/www.nwaretech.com\/#website"},"datePublished":"2018-07-27T12:48:38+00:00","dateModified":"2024-12-16T18:04:30+00:00","description":"L'int\u00e9gration d'Ariba et de SAP Business One permettra \u00e0 chaque d\u00e9partement d'accro\u00eetre sa productivit\u00e9 et d'atteindre vos objectifs.","breadcrumb":{"@id":"https:\/\/www.nwaretech.com\/fr\/industries\/sap-ariba\/#breadcrumb"},"inLanguage":"fr-FR","potentialAction":[{"@type":"ReadAction","target":["https:\/\/www.nwaretech.com\/fr\/industries\/sap-ariba\/"]}]},{"@type":"BreadcrumbList","@id":"https:\/\/www.nwaretech.com\/fr\/industries\/sap-ariba\/#breadcrumb","itemListElement":[{"@type":"ListItem","position":1,"name":"Home","item":"https:\/\/www.nwaretech.com\/fr\/"},{"@type":"ListItem","position":2,"name":"Industries","item":"https:\/\/www.nwaretech.com\/fr\/industries\/"},{"@type":"ListItem","position":3,"name":"Ariba"}]},{"@type":"WebSite","@id":"https:\/\/www.nwaretech.com\/#website","url":"https:\/\/www.nwaretech.com\/","name":"N\u2019ware Technologies","description":"ERP &amp; WMS Software","potentialAction":[{"@type":"SearchAction","target":{"@type":"EntryPoint","urlTemplate":"https:\/\/www.nwaretech.com\/?s={search_term_string}"},"query-input":{"@type":"PropertyValueSpecification","valueRequired":true,"valueName":"search_term_string"}}],"inLanguage":"fr-FR"}]}},"_links":{"self":[{"href":"https:\/\/www.nwaretech.com\/fr\/wp-json\/wp\/v2\/pages\/5771","targetHints":{"allow":["GET"]}}],"collection":[{"href":"https:\/\/www.nwaretech.com\/fr\/wp-json\/wp\/v2\/pages"}],"about":[{"href":"https:\/\/www.nwaretech.com\/fr\/wp-json\/wp\/v2\/types\/page"}],"author":[{"embeddable":true,"href":"https:\/\/www.nwaretech.com\/fr\/wp-json\/wp\/v2\/users\/3"}],"replies":[{"embeddable":true,"href":"https:\/\/www.nwaretech.com\/fr\/wp-json\/wp\/v2\/comments?post=5771"}],"version-history":[{"count":0,"href":"https:\/\/www.nwaretech.com\/fr\/wp-json\/wp\/v2\/pages\/5771\/revisions"}],"up":[{"embeddable":true,"href":"https:\/\/www.nwaretech.com\/fr\/wp-json\/wp\/v2\/pages\/5779"}],"wp:attachment":[{"href":"https:\/\/www.nwaretech.com\/fr\/wp-json\/wp\/v2\/media?parent=5771"}],"curies":[{"name":"wp","href":"https:\/\/api.w.org\/{rel}","templated":true}]}}