{"id":5781,"date":"2018-04-02T13:18:39","date_gmt":"2018-04-02T18:18:39","guid":{"rendered":"http:\/\/nwaretech.webloft.info\/about-nware\/"},"modified":"2025-10-15T11:47:04","modified_gmt":"2025-10-15T15:47:04","slug":"partenaire-sap-business-one","status":"publish","type":"page","link":"https:\/\/www.nwaretech.com\/fr\/partenaire-sap-business-one\/","title":{"rendered":"\u00c0 Propos de N&#8217;ware"},"content":{"rendered":"<div class=\"wpb-content-wrapper\">[vc_row fullwidth=&#8221;true&#8221; padding=&#8221;0&#8243;][vc_column][mk_page_title_box page_title=&#8221;VOTRE PARTENAIRE SAP BUSINESS ONE&#8221; section_height=&#8221;500&#8243; bg_image=&#8221;https:\/\/www.nwaretech.com\/wp-content\/uploads\/2020\/01\/barcode-hero.jpg&#8221; bg_position=&#8221;center top&#8221; bg_repeat=&#8221;no-repeat&#8221; bg_stretch=&#8221;true&#8221; bg_effects=&#8221;parallax&#8221; font_size=&#8221;60&#8243; font_color=&#8221;#ffffff&#8221; sub_font_size=&#8221;26&#8243; sub_font_color=&#8221;#ffffff&#8221;][mk_divider style=&#8221;thin_solid&#8221; thickness=&#8221;3&#8243; margin_top=&#8221;0&#8243; margin_bottom=&#8221;0&#8243;][mk_padding_divider size=&#8221;80&#8243;][\/vc_column][\/vc_row][vc_row css=&#8221;.vc_custom_1447765509294{padding-top: 2px !important;padding-right: 2px !important;padding-bottom: 2px !important;padding-left: 2px !important;}&#8221;][vc_column][mk_fancy_title color=&#8221;#081828&#8243; size=&#8221;36&#8243; font_weight=&#8221;bold&#8221; txt_transform=&#8221;uppercase&#8221; letter_spacing=&#8221;2&#8243; font_family=&#8221;none&#8221; responsive_align=&#8221;left&#8221;]\n<h1>N&#8217;ware, partenaire de votre croissance<\/h1>\n[\/mk_fancy_title][vc_column_text css=&#8221;.vc_custom_1629919727587{margin-bottom: 0px !important;}&#8221;]N\u2019ware Technologies est un Partenaire SAP Business One Or qui se sp\u00e9cialise en progiciels de gestion int\u00e9gr\u00e9s (ERP), syst\u00e8mes de gestion d\u2019entrep\u00f4t (WMS), intelligence d\u2019affaires (BI) et solutions int\u00e9gr\u00e9es de commerce \u00e9lectronique pour PME.<\/p>\n<p>En affaires depuis 1995, N\u2019ware Technologies \u00e9tait \u00e0 l\u2019origine une petite entreprise familiale, mais sa croissance a fait d\u2019elle un fournisseur de calibre international dans les logiciels de gestion d\u2019entreprise, avec des bureaux au Canada, aux \u00c9tats-Unis, en Am\u00e9rique latine, en Europe et en Asie. \u00c0 titre de Partenaire SAP Or, N\u2019ware se d\u00e9voue exclusivement \u00e0 offrir des solutions logicielles innovantes et un service d\u2019une qualit\u00e9 exceptionnelle aux entreprises des secteurs de la fabrication et de la distribution au Qu\u00e9bec et \u00e0 l&#8217;international.[\/vc_column_text][mk_padding_divider size=&#8221;80&#8243;][\/vc_column][\/vc_row][vc_row css=&#8221;.vc_custom_1447765509294{padding-top: 2px !important;padding-right: 2px !important;padding-bottom: 2px !important;padding-left: 2px !important;}&#8221;][vc_column][mk_fancy_title color=&#8221;#081828&#8243; size=&#8221;36&#8243; font_weight=&#8221;bold&#8221; txt_transform=&#8221;uppercase&#8221; letter_spacing=&#8221;2&#8243; font_family=&#8221;none&#8221; responsive_align=&#8221;left&#8221;]\n<h2>Pourquoi N\u2019ware<\/h2>\n[\/mk_fancy_title][vc_column_text css=&#8221;.vc_custom_1629920365507{margin-bottom: 0px !important;}&#8221;]En tant que Partenaire SAP Business One, N&#8217;ware offre des services de premier plan dans le secteur des TI, en \u00e9tant la meilleure en termes de valeur-ajout\u00e9e, de service \u00e0 la client\u00e8le, de comp\u00e9tence du personnel et de croissance constante et durable. Ainsi, nous croyons que des relations solides et constructives avec nos clients et nos partenaires sont essentielles \u00e0 la r\u00e9ussite. C\u2019est pourquoi les relations humaines\u00a0 et les individus occupent le premier rang de chaque projet que nous entreprenons. Nous traitons nos clients comme nous voulons \u00eatre trait\u00e9s, et faisons preuve de compr\u00e9hension \u00e0 l\u2019\u00e9gard des ant\u00e9c\u00e9dents, de l\u2019exp\u00e9rience, des forces, du contexte et de la r\u00e9alit\u00e9 de chaque personne.<\/p>\n<p>Cette approche humaine assure non seulement le succ\u00e8s de la mise en \u0153uvre de votre logiciel d\u2019entreprise dans vos activit\u00e9s quotidiennes, mais garantit \u00e9galement que les avantages pour votre entreprise se r\u00e9v\u00e9leront rapidement pour entra\u00eener une augmentation des profits et un rapide rendement du capital investi dans les technologies.[\/vc_column_text][mk_padding_divider][vc_separator border_width=&#8221;5&#8243; el_width=&#8221;50&#8243;][\/vc_column][\/vc_row][vc_row css=&#8221;.vc_custom_1447765509294{padding-top: 2px !important;padding-right: 2px !important;padding-bottom: 2px !important;padding-left: 2px !important;}&#8221;][vc_column width=&#8221;1\/2&#8243;][vc_video link=&#8221;https:\/\/youtu.be\/PmTtlVfjHdk&#8221;][\/vc_column][vc_column width=&#8221;1\/2&#8243;][vc_video link=&#8221;https:\/\/youtu.be\/5Xbx8KTA4fs&#8221;][\/vc_column][\/vc_row][vc_row][vc_column][mk_padding_divider size=&#8221;80&#8243;][vc_separator border_width=&#8221;5&#8243; el_width=&#8221;50&#8243;][mk_fancy_title font_family=&#8221;none&#8221;]\n<h2>Notre offre en mati\u00e8re de logiciels de gestion int\u00e9gr\u00e9s<\/h2>\n[\/mk_fancy_title][\/vc_column][\/vc_row][vc_row][vc_column width=&#8221;1\/3&#8243;][mk_fancy_title font_family=&#8221;none&#8221;]\n<h3>Logiciel ERP pour petites entreprises<\/h3>\n[\/mk_fancy_title][mk_custom_list]\n<ul>\n<li><a href=\"https:\/\/www.nwaretech.com\/fr\/produits-sap-business-one\/\">SAP Business One<\/a><\/li>\n<li><a href=\"https:\/\/www.sap.com\/canada\/products\/erp\/business-bydesign.html\">SAP Business ByDesign<\/a><\/li>\n<\/ul>\n[\/mk_custom_list][\/vc_column][vc_column width=&#8221;1\/3&#8243;][mk_fancy_title font_family=&#8221;none&#8221;]\n<h3>Modules Compl\u00e9mentaires (SAP add-ons)<\/h3>\n[\/mk_fancy_title][mk_custom_list]\n<ul>\n<li><a href=\"https:\/\/www.nwaretech.com\/fr\/lisa-wms\/\">Syst\u00e8me de gestion d&#8217;entrep\u00f4t (WMS) pour SAP Business One | LISA WMS for B1<\/a><\/li>\n<li><a href=\"https:\/\/www.lisawms.com\/fr\/produits\/lisa-bydesign-wms-pour-sap-business-bydesign\/\">Syst\u00e8me de gestion d&#8217;entrep\u00f4t pour SAP Business ByDesign | LISA WMS for ByD<\/a><\/li>\n<li><a href=\"https:\/\/www.nwaretech.com\/fr\/pdc-one\/\">Module de production manufacturi\u00e8re pour SAP Business One | PDC-One<\/a><\/li>\n<li><a href=\"https:\/\/www.nwaretech.com\/fr\/nsight\/\">Intelligence d&#8217;affaires pour SAP Business One | N&#8217;Sight<\/a><\/li>\n<\/ul>\n[\/mk_custom_list][\/vc_column][vc_column width=&#8221;1\/3&#8243;][mk_fancy_title font_family=&#8221;none&#8221;]\n<h3>Ecommerce int\u00e9gr\u00e9<\/h3>\n[\/mk_fancy_title][mk_custom_list]\n<ul>\n<li><a href=\"https:\/\/www.nwaretech.com\/fr\/industries\/solution-ecommerce\/\">Plateforme ecommerce int\u00e9gr\u00e9e pour SAP B1<\/a><\/li>\n<\/ul>\n[\/mk_custom_list][\/vc_column][\/vc_row][vc_row][vc_column][mk_padding_divider][\/vc_column][\/vc_row][vc_row fullwidth=&#8221;true&#8221; css=&#8221;.vc_custom_1533222006898{margin-bottom: -50px !important;padding-top: 45px !important;padding-bottom: 25px !important;background-color: #edaf23 !important;}&#8221;][vc_column width=&#8221;2\/3&#8243; css=&#8221;.vc_custom_1532698532225{margin-top: 15px !important;}&#8221;][vc_column_text css=&#8221;.vc_custom_1629921992225{margin-bottom: 0px !important;}&#8221;]\n<h2 style=\"text-align: center\"><strong>\u00c0 LA RECHERCHE D&#8217;UN NOUVEAU PARTENAIRE SAP BUSINESS ONE?<\/strong><\/h2>\n[\/vc_column_text][\/vc_column][vc_column width=&#8221;1\/3&#8243;][mk_button dimension=&#8221;flat&#8221; corner_style=&#8221;rounded&#8221; size=&#8221;x-large&#8221; url=&#8221;https:\/\/www.nwaretech.com\/fr\/contactez-nous\/&#8221; margin_right=&#8221;20&#8243; bg_color=&#8221;#081828&#8243; btn_hover_bg=&#8221;#ffffff&#8221; btn_hover_txt_color=&#8221;#081828&#8243;]CONTACTEZ-NOUS[\/mk_button][\/vc_column][\/vc_row]\n<\/div>","protected":false},"excerpt":{"rendered":"<p>[vc_row fullwidth=&#8221;true&#8221; padding=&#8221;0&#8243;][vc_column][mk_page_title_box page_title=&#8221;VOTRE PARTENAIRE SAP BUSINESS ONE&#8221; section_height=&#8221;500&#8243; bg_image=&#8221;https:\/\/www.nwaretech.com\/wp-content\/uploads\/2020\/01\/barcode-hero.jpg&#8221; bg_position=&#8221;center top&#8221; bg_repeat=&#8221;no-repeat&#8221; bg_stretch=&#8221;true&#8221; bg_effects=&#8221;parallax&#8221; font_size=&#8221;60&#8243; font_color=&#8221;#ffffff&#8221; sub_font_size=&#8221;26&#8243; sub_font_color=&#8221;#ffffff&#8221;][mk_divider style=&#8221;thin_solid&#8221; thickness=&#8221;3&#8243; margin_top=&#8221;0&#8243; margin_bottom=&#8221;0&#8243;][mk_padding_divider size=&#8221;80&#8243;][\/vc_column][\/vc_row][vc_row css=&#8221;.vc_custom_1447765509294{padding-top: 2px !important;padding-right: 2px !important;padding-bottom: 2px !important;padding-left: 2px !important;}&#8221;][vc_column][mk_fancy_title color=&#8221;#081828&#8243; size=&#8221;36&#8243; font_weight=&#8221;bold&#8221; txt_transform=&#8221;uppercase&#8221; letter_spacing=&#8221;2&#8243; font_family=&#8221;none&#8221; responsive_align=&#8221;left&#8221;] N&#8217;ware, partenaire de votre croissance [\/mk_fancy_title][vc_column_text css=&#8221;.vc_custom_1629919727587{margin-bottom: 0px !important;}&#8221;]N\u2019ware Technologies est un Partenaire SAP Business [&hellip;]<\/p>\n","protected":false},"author":2,"featured_media":0,"parent":0,"menu_order":-600,"comment_status":"closed","ping_status":"closed","template":"","meta":{"footnotes":""},"class_list":["post-5781","page","type-page","status-publish","hentry"],"yoast_head":"<!-- This site is optimized with the Yoast SEO plugin v27.5 - https:\/\/yoast.com\/product\/yoast-seo-wordpress\/ -->\n<title>Partenaire SAP Business One au Qu\u00e9bec | N&#039;ware Technologies<\/title>\n<meta name=\"description\" content=\"En tant que Partenaire SAP Business One OR, N&#039;ware offre aux PME des solutions logicielles int\u00e9gr\u00e9es afin d&#039;augmenter leur profitabilit\u00e9.\" \/>\n<meta name=\"robots\" content=\"index, follow, max-snippet:-1, max-image-preview:large, max-video-preview:-1\" \/>\n<link rel=\"canonical\" href=\"https:\/\/www.nwaretech.com\/fr\/partenaire-sap-business-one\/\" \/>\n<meta property=\"og:locale\" content=\"fr_FR\" \/>\n<meta property=\"og:type\" content=\"article\" \/>\n<meta property=\"og:title\" content=\"Partenaire SAP Business One au Qu\u00e9bec | N&#039;ware Technologies\" \/>\n<meta property=\"og:description\" content=\"En tant que Partenaire SAP Business One OR, N&#039;ware offre aux PME des solutions logicielles int\u00e9gr\u00e9es afin d&#039;augmenter leur profitabilit\u00e9.\" \/>\n<meta property=\"og:url\" content=\"https:\/\/www.nwaretech.com\/fr\/partenaire-sap-business-one\/\" \/>\n<meta property=\"og:site_name\" content=\"N\u2019ware Technologies\" \/>\n<meta property=\"article:modified_time\" content=\"2025-10-15T15:47:04+00:00\" \/>\n<meta name=\"twitter:card\" content=\"summary_large_image\" \/>\n<meta name=\"twitter:label1\" content=\"Dur\u00e9e de lecture estim\u00e9e\" \/>\n\t<meta name=\"twitter:data1\" content=\"3 minutes\" \/>\n<script type=\"application\/ld+json\" class=\"yoast-schema-graph\">{\"@context\":\"https:\\\/\\\/schema.org\",\"@graph\":[{\"@type\":\"WebPage\",\"@id\":\"https:\\\/\\\/www.nwaretech.com\\\/fr\\\/partenaire-sap-business-one\\\/\",\"url\":\"https:\\\/\\\/www.nwaretech.com\\\/fr\\\/partenaire-sap-business-one\\\/\",\"name\":\"Partenaire SAP Business One au Qu\u00e9bec | N'ware Technologies\",\"isPartOf\":{\"@id\":\"https:\\\/\\\/www.nwaretech.com\\\/#website\"},\"datePublished\":\"2018-04-02T18:18:39+00:00\",\"dateModified\":\"2025-10-15T15:47:04+00:00\",\"description\":\"En tant que Partenaire SAP Business One OR, N'ware offre aux PME des solutions logicielles int\u00e9gr\u00e9es afin d'augmenter leur profitabilit\u00e9.\",\"breadcrumb\":{\"@id\":\"https:\\\/\\\/www.nwaretech.com\\\/fr\\\/partenaire-sap-business-one\\\/#breadcrumb\"},\"inLanguage\":\"fr-FR\",\"potentialAction\":[{\"@type\":\"ReadAction\",\"target\":[\"https:\\\/\\\/www.nwaretech.com\\\/fr\\\/partenaire-sap-business-one\\\/\"]}]},{\"@type\":\"BreadcrumbList\",\"@id\":\"https:\\\/\\\/www.nwaretech.com\\\/fr\\\/partenaire-sap-business-one\\\/#breadcrumb\",\"itemListElement\":[{\"@type\":\"ListItem\",\"position\":1,\"name\":\"Home\",\"item\":\"https:\\\/\\\/www.nwaretech.com\\\/fr\\\/\"},{\"@type\":\"ListItem\",\"position\":2,\"name\":\"\u00c0 Propos de N&#8217;ware\"}]},{\"@type\":\"WebSite\",\"@id\":\"https:\\\/\\\/www.nwaretech.com\\\/#website\",\"url\":\"https:\\\/\\\/www.nwaretech.com\\\/\",\"name\":\"N\u2019ware Technologies\",\"description\":\"ERP &amp; WMS Software\",\"potentialAction\":[{\"@type\":\"SearchAction\",\"target\":{\"@type\":\"EntryPoint\",\"urlTemplate\":\"https:\\\/\\\/www.nwaretech.com\\\/?s={search_term_string}\"},\"query-input\":{\"@type\":\"PropertyValueSpecification\",\"valueRequired\":true,\"valueName\":\"search_term_string\"}}],\"inLanguage\":\"fr-FR\"}]}<\/script>\n<!-- \/ Yoast SEO plugin. -->","yoast_head_json":{"title":"Partenaire SAP Business One au Qu\u00e9bec | N'ware Technologies","description":"En tant que Partenaire SAP Business One OR, N'ware offre aux PME des solutions logicielles int\u00e9gr\u00e9es afin d'augmenter leur profitabilit\u00e9.","robots":{"index":"index","follow":"follow","max-snippet":"max-snippet:-1","max-image-preview":"max-image-preview:large","max-video-preview":"max-video-preview:-1"},"canonical":"https:\/\/www.nwaretech.com\/fr\/partenaire-sap-business-one\/","og_locale":"fr_FR","og_type":"article","og_title":"Partenaire SAP Business One au Qu\u00e9bec | N'ware Technologies","og_description":"En tant que Partenaire SAP Business One OR, N'ware offre aux PME des solutions logicielles int\u00e9gr\u00e9es afin d'augmenter leur profitabilit\u00e9.","og_url":"https:\/\/www.nwaretech.com\/fr\/partenaire-sap-business-one\/","og_site_name":"N\u2019ware Technologies","article_modified_time":"2025-10-15T15:47:04+00:00","twitter_card":"summary_large_image","twitter_misc":{"Dur\u00e9e de lecture estim\u00e9e":"3 minutes"},"schema":{"@context":"https:\/\/schema.org","@graph":[{"@type":"WebPage","@id":"https:\/\/www.nwaretech.com\/fr\/partenaire-sap-business-one\/","url":"https:\/\/www.nwaretech.com\/fr\/partenaire-sap-business-one\/","name":"Partenaire SAP Business One au Qu\u00e9bec | N'ware Technologies","isPartOf":{"@id":"https:\/\/www.nwaretech.com\/#website"},"datePublished":"2018-04-02T18:18:39+00:00","dateModified":"2025-10-15T15:47:04+00:00","description":"En tant que Partenaire SAP Business One OR, N'ware offre aux PME des solutions logicielles int\u00e9gr\u00e9es afin d'augmenter leur profitabilit\u00e9.","breadcrumb":{"@id":"https:\/\/www.nwaretech.com\/fr\/partenaire-sap-business-one\/#breadcrumb"},"inLanguage":"fr-FR","potentialAction":[{"@type":"ReadAction","target":["https:\/\/www.nwaretech.com\/fr\/partenaire-sap-business-one\/"]}]},{"@type":"BreadcrumbList","@id":"https:\/\/www.nwaretech.com\/fr\/partenaire-sap-business-one\/#breadcrumb","itemListElement":[{"@type":"ListItem","position":1,"name":"Home","item":"https:\/\/www.nwaretech.com\/fr\/"},{"@type":"ListItem","position":2,"name":"\u00c0 Propos de N&#8217;ware"}]},{"@type":"WebSite","@id":"https:\/\/www.nwaretech.com\/#website","url":"https:\/\/www.nwaretech.com\/","name":"N\u2019ware Technologies","description":"ERP &amp; WMS Software","potentialAction":[{"@type":"SearchAction","target":{"@type":"EntryPoint","urlTemplate":"https:\/\/www.nwaretech.com\/?s={search_term_string}"},"query-input":{"@type":"PropertyValueSpecification","valueRequired":true,"valueName":"search_term_string"}}],"inLanguage":"fr-FR"}]}},"_links":{"self":[{"href":"https:\/\/www.nwaretech.com\/fr\/wp-json\/wp\/v2\/pages\/5781","targetHints":{"allow":["GET"]}}],"collection":[{"href":"https:\/\/www.nwaretech.com\/fr\/wp-json\/wp\/v2\/pages"}],"about":[{"href":"https:\/\/www.nwaretech.com\/fr\/wp-json\/wp\/v2\/types\/page"}],"author":[{"embeddable":true,"href":"https:\/\/www.nwaretech.com\/fr\/wp-json\/wp\/v2\/users\/2"}],"replies":[{"embeddable":true,"href":"https:\/\/www.nwaretech.com\/fr\/wp-json\/wp\/v2\/comments?post=5781"}],"version-history":[{"count":2,"href":"https:\/\/www.nwaretech.com\/fr\/wp-json\/wp\/v2\/pages\/5781\/revisions"}],"predecessor-version":[{"id":36601,"href":"https:\/\/www.nwaretech.com\/fr\/wp-json\/wp\/v2\/pages\/5781\/revisions\/36601"}],"wp:attachment":[{"href":"https:\/\/www.nwaretech.com\/fr\/wp-json\/wp\/v2\/media?parent=5781"}],"curies":[{"name":"wp","href":"https:\/\/api.w.org\/{rel}","templated":true}]}}