{"id":5783,"date":"2014-09-04T12:52:04","date_gmt":"2014-09-04T17:52:04","guid":{"rendered":"http:\/\/nwaretech.webloft.info\/blogs-success-stories-and-news\/"},"modified":"2024-12-16T13:58:21","modified_gmt":"2024-12-16T18:58:21","slug":"blogs-histoires-reussites-nouvelles","status":"publish","type":"page","link":"https:\/\/www.nwaretech.com\/fr\/blogs-histoires-reussites-nouvelles\/","title":{"rendered":"Blog"},"content":{"rendered":"<div class=\"wpb-content-wrapper\">[vc_row fullwidth=&#8221;true&#8221; padding=&#8221;0&#8243;][vc_column][mk_page_title_box section_height=&#8221;475&#8243; bg_image=&#8221;https:\/\/www.nwaretech.com\/wp-content\/uploads\/2018\/10\/nware_technologies_blog-1.jpg&#8221; bg_position=&#8221;center top&#8221; bg_stretch=&#8221;true&#8221; bg_effects=&#8221;parallax&#8221; font_size=&#8221;60&#8243; font_color=&#8221;#ffffff&#8221; underline=&#8221;false&#8221; sub_font_size=&#8221;26&#8243; sub_font_color=&#8221;#ffffff&#8221;][mk_divider style=&#8221;thin_solid&#8221; thickness=&#8221;3&#8243; margin_top=&#8221;0&#8243; margin_bottom=&#8221;0&#8243;][\/vc_column][\/vc_row][vc_row][vc_column][mk_padding_divider size=&#8221;80&#8243;][vc_column_text css=&#8221;.vc_custom_1730304650719{margin-bottom: 0px !important;}&#8221;]\n<h1>Nouvelles, Blog et Histoires \u00e0 Succ\u00e8s<\/h1>\n[\/vc_column_text][mk_blog style=&#8221;classic&#8221; grid_image_height=&#8221;450&#8243; excerpt_length=&#8221;300&#8243; image_quality=&#8221;1&#8243; count=&#8221;6&#8243; offset=&#8221;0&#8243; disable_lightbox=&#8221;true&#8221; disable_comments_share=&#8221;true&#8221; item_id=&#8221;1409842685-54087dfd6a7ba&#8221;][\/vc_column][\/vc_row]\n<\/div>","protected":false},"excerpt":{"rendered":"<p>[vc_row fullwidth=&#8221;true&#8221; padding=&#8221;0&#8243;][vc_column][mk_page_title_box section_height=&#8221;475&#8243; bg_image=&#8221;https:\/\/www.nwaretech.com\/wp-content\/uploads\/2018\/10\/nware_technologies_blog-1.jpg&#8221; bg_position=&#8221;center top&#8221; bg_stretch=&#8221;true&#8221; bg_effects=&#8221;parallax&#8221; font_size=&#8221;60&#8243; font_color=&#8221;#ffffff&#8221; underline=&#8221;false&#8221; sub_font_size=&#8221;26&#8243; sub_font_color=&#8221;#ffffff&#8221;][mk_divider style=&#8221;thin_solid&#8221; thickness=&#8221;3&#8243; margin_top=&#8221;0&#8243; margin_bottom=&#8221;0&#8243;][\/vc_column][\/vc_row][vc_row][vc_column][mk_padding_divider size=&#8221;80&#8243;][vc_column_text css=&#8221;.vc_custom_1730304650719{margin-bottom: 0px !important;}&#8221;] Nouvelles, Blog et Histoires \u00e0 Succ\u00e8s [\/vc_column_text][mk_blog style=&#8221;classic&#8221; [&hellip;]<\/p>\n","protected":false},"author":2,"featured_media":0,"parent":0,"menu_order":0,"comment_status":"closed","ping_status":"closed","template":"","meta":{"footnotes":""},"class_list":["post-5783","page","type-page","status-publish","hentry"],"yoast_head":"<!-- This site is optimized with the Yoast SEO plugin v27.6 - https:\/\/yoast.com\/product\/yoast-seo-wordpress\/ -->\n<title>Blogs, Histoires de R\u00e9ussites et Nouvelles<\/title>\n<meta name=\"description\" content=\"Passez en revue nos blogs les plus r\u00e9cents, les histoires de r\u00e9ussites et nos actualit\u00e9s. En savoir plus sur N&#039;ware et SAP Business One.\" \/>\n<meta name=\"robots\" content=\"index, follow, max-snippet:-1, max-image-preview:large, max-video-preview:-1\" \/>\n<link rel=\"canonical\" href=\"https:\/\/www.nwaretech.com\/fr\/blogs-histoires-reussites-nouvelles\/\" \/>\n<meta property=\"og:locale\" content=\"fr_FR\" \/>\n<meta property=\"og:type\" content=\"article\" \/>\n<meta property=\"og:title\" content=\"Blogs, Histoires de R\u00e9ussites et Nouvelles\" \/>\n<meta property=\"og:description\" content=\"Passez en revue nos blogs les plus r\u00e9cents, les histoires de r\u00e9ussites et nos actualit\u00e9s. En savoir plus sur N&#039;ware et SAP Business One.\" \/>\n<meta property=\"og:url\" content=\"https:\/\/www.nwaretech.com\/fr\/blogs-histoires-reussites-nouvelles\/\" \/>\n<meta property=\"og:site_name\" content=\"N\u2019ware Technologies\" \/>\n<meta property=\"article:modified_time\" content=\"2024-12-16T18:58:21+00:00\" \/>\n<meta name=\"twitter:card\" content=\"summary_large_image\" \/>\n<meta name=\"twitter:label1\" content=\"Dur\u00e9e de lecture estim\u00e9e\" \/>\n\t<meta name=\"twitter:data1\" content=\"1 minute\" \/>\n<script type=\"application\/ld+json\" class=\"yoast-schema-graph\">{\"@context\":\"https:\\\/\\\/schema.org\",\"@graph\":[{\"@type\":\"WebPage\",\"@id\":\"https:\\\/\\\/www.nwaretech.com\\\/fr\\\/blogs-histoires-reussites-nouvelles\\\/\",\"url\":\"https:\\\/\\\/www.nwaretech.com\\\/fr\\\/blogs-histoires-reussites-nouvelles\\\/\",\"name\":\"Blogs, Histoires de R\u00e9ussites et Nouvelles\",\"isPartOf\":{\"@id\":\"https:\\\/\\\/www.nwaretech.com\\\/#website\"},\"datePublished\":\"2014-09-04T17:52:04+00:00\",\"dateModified\":\"2024-12-16T18:58:21+00:00\",\"description\":\"Passez en revue nos blogs les plus r\u00e9cents, les histoires de r\u00e9ussites et nos actualit\u00e9s. En savoir plus sur N'ware et SAP Business One.\",\"breadcrumb\":{\"@id\":\"https:\\\/\\\/www.nwaretech.com\\\/fr\\\/blogs-histoires-reussites-nouvelles\\\/#breadcrumb\"},\"inLanguage\":\"fr-FR\",\"potentialAction\":[{\"@type\":\"ReadAction\",\"target\":[\"https:\\\/\\\/www.nwaretech.com\\\/fr\\\/blogs-histoires-reussites-nouvelles\\\/\"]}]},{\"@type\":\"BreadcrumbList\",\"@id\":\"https:\\\/\\\/www.nwaretech.com\\\/fr\\\/blogs-histoires-reussites-nouvelles\\\/#breadcrumb\",\"itemListElement\":[{\"@type\":\"ListItem\",\"position\":1,\"name\":\"Home\",\"item\":\"https:\\\/\\\/www.nwaretech.com\\\/fr\\\/\"},{\"@type\":\"ListItem\",\"position\":2,\"name\":\"Blog\"}]},{\"@type\":\"WebSite\",\"@id\":\"https:\\\/\\\/www.nwaretech.com\\\/#website\",\"url\":\"https:\\\/\\\/www.nwaretech.com\\\/\",\"name\":\"N\u2019ware Technologies\",\"description\":\"ERP &amp; WMS Software\",\"potentialAction\":[{\"@type\":\"SearchAction\",\"target\":{\"@type\":\"EntryPoint\",\"urlTemplate\":\"https:\\\/\\\/www.nwaretech.com\\\/?s={search_term_string}\"},\"query-input\":{\"@type\":\"PropertyValueSpecification\",\"valueRequired\":true,\"valueName\":\"search_term_string\"}}],\"inLanguage\":\"fr-FR\"}]}<\/script>\n<!-- \/ Yoast SEO plugin. -->","yoast_head_json":{"title":"Blogs, Histoires de R\u00e9ussites et Nouvelles","description":"Passez en revue nos blogs les plus r\u00e9cents, les histoires de r\u00e9ussites et nos actualit\u00e9s. En savoir plus sur N'ware et SAP Business One.","robots":{"index":"index","follow":"follow","max-snippet":"max-snippet:-1","max-image-preview":"max-image-preview:large","max-video-preview":"max-video-preview:-1"},"canonical":"https:\/\/www.nwaretech.com\/fr\/blogs-histoires-reussites-nouvelles\/","og_locale":"fr_FR","og_type":"article","og_title":"Blogs, Histoires de R\u00e9ussites et Nouvelles","og_description":"Passez en revue nos blogs les plus r\u00e9cents, les histoires de r\u00e9ussites et nos actualit\u00e9s. En savoir plus sur N'ware et SAP Business One.","og_url":"https:\/\/www.nwaretech.com\/fr\/blogs-histoires-reussites-nouvelles\/","og_site_name":"N\u2019ware Technologies","article_modified_time":"2024-12-16T18:58:21+00:00","twitter_card":"summary_large_image","twitter_misc":{"Dur\u00e9e de lecture estim\u00e9e":"1 minute"},"schema":{"@context":"https:\/\/schema.org","@graph":[{"@type":"WebPage","@id":"https:\/\/www.nwaretech.com\/fr\/blogs-histoires-reussites-nouvelles\/","url":"https:\/\/www.nwaretech.com\/fr\/blogs-histoires-reussites-nouvelles\/","name":"Blogs, Histoires de R\u00e9ussites et Nouvelles","isPartOf":{"@id":"https:\/\/www.nwaretech.com\/#website"},"datePublished":"2014-09-04T17:52:04+00:00","dateModified":"2024-12-16T18:58:21+00:00","description":"Passez en revue nos blogs les plus r\u00e9cents, les histoires de r\u00e9ussites et nos actualit\u00e9s. En savoir plus sur N'ware et SAP Business One.","breadcrumb":{"@id":"https:\/\/www.nwaretech.com\/fr\/blogs-histoires-reussites-nouvelles\/#breadcrumb"},"inLanguage":"fr-FR","potentialAction":[{"@type":"ReadAction","target":["https:\/\/www.nwaretech.com\/fr\/blogs-histoires-reussites-nouvelles\/"]}]},{"@type":"BreadcrumbList","@id":"https:\/\/www.nwaretech.com\/fr\/blogs-histoires-reussites-nouvelles\/#breadcrumb","itemListElement":[{"@type":"ListItem","position":1,"name":"Home","item":"https:\/\/www.nwaretech.com\/fr\/"},{"@type":"ListItem","position":2,"name":"Blog"}]},{"@type":"WebSite","@id":"https:\/\/www.nwaretech.com\/#website","url":"https:\/\/www.nwaretech.com\/","name":"N\u2019ware Technologies","description":"ERP &amp; WMS Software","potentialAction":[{"@type":"SearchAction","target":{"@type":"EntryPoint","urlTemplate":"https:\/\/www.nwaretech.com\/?s={search_term_string}"},"query-input":{"@type":"PropertyValueSpecification","valueRequired":true,"valueName":"search_term_string"}}],"inLanguage":"fr-FR"}]}},"_links":{"self":[{"href":"https:\/\/www.nwaretech.com\/fr\/wp-json\/wp\/v2\/pages\/5783","targetHints":{"allow":["GET"]}}],"collection":[{"href":"https:\/\/www.nwaretech.com\/fr\/wp-json\/wp\/v2\/pages"}],"about":[{"href":"https:\/\/www.nwaretech.com\/fr\/wp-json\/wp\/v2\/types\/page"}],"author":[{"embeddable":true,"href":"https:\/\/www.nwaretech.com\/fr\/wp-json\/wp\/v2\/users\/2"}],"replies":[{"embeddable":true,"href":"https:\/\/www.nwaretech.com\/fr\/wp-json\/wp\/v2\/comments?post=5783"}],"version-history":[{"count":0,"href":"https:\/\/www.nwaretech.com\/fr\/wp-json\/wp\/v2\/pages\/5783\/revisions"}],"wp:attachment":[{"href":"https:\/\/www.nwaretech.com\/fr\/wp-json\/wp\/v2\/media?parent=5783"}],"curies":[{"name":"wp","href":"https:\/\/api.w.org\/{rel}","templated":true}]}}