{"id":6353,"date":"2018-09-27T07:59:58","date_gmt":"2018-09-27T12:59:58","guid":{"rendered":"http:\/\/nwaretech.webloft.info\/?page_id=6353"},"modified":"2025-09-05T11:58:57","modified_gmt":"2025-09-05T15:58:57","slug":"wholesale-distribution","status":"publish","type":"page","link":"https:\/\/www.nwaretech.com\/fr\/industries\/wholesale-distribution\/","title":{"rendered":"Distribution et gestion d\u2019entrep\u00f4t"},"content":{"rendered":"<div class=\"wpb-content-wrapper\">[vc_row fullwidth=&#8221;true&#8221; css=&#8221;.vc_custom_1532701016934{margin-top: -155px !important;}&#8221;][vc_column][mk_divider style=&#8221;thin_solid&#8221; thickness=&#8221;3&#8243; margin_top=&#8221;0&#8243; margin_bottom=&#8221;0&#8243;][\/vc_column][\/vc_row][mk_page_section vertical_align=&#8221;center&#8221; bg_image=&#8221;https:\/\/www.nwaretech.com\/wp-content\/uploads\/2024\/07\/25067688_high___.jpg&#8221; bg_position=&#8221;center center&#8221; bg_repeat=&#8221;no-repeat&#8221; bg_stretch=&#8221;true&#8221; video_mask=&#8221;true&#8221; video_color_mask=&#8221;#213356&#8243; min_height=&#8221;0&#8243; full_width=&#8221;true&#8221; js_vertical_centered=&#8221;true&#8221; padding_top=&#8221;20&#8243; padding_bottom=&#8221;40&#8243; top_shape_color=&#8221;#213356&#8243; top_shape_bg_color=&#8221;#f9f9f9&#8243; has_bottom_shape_divider=&#8221;true&#8221; bottom_shape_size=&#8221;small&#8221; bottom_shape_color=&#8221;#ffffff&#8221; sidebar=&#8221;sidebar-1&#8243;][vc_column css=&#8221;.vc_custom_1683556953958{padding-top: 0px !important;}&#8221;][mk_padding_divider][mk_page_title_box page_title=&#8221;LOGICIEL DE DISTRIBUTION ET GESTION D&#8217;ENTREP\u00d4T&#8221; page_subtitle=&#8221;OPTIMISEZ VOS OP\u00c9RATIONS AVEC NOTRE \u00c9QUIPE DE CONSULTANTS EN CHA\u00ceNE D&#8217;APPROVISIONNEMENT \u00c0 LA POINTE DE L&#8217;INDUSTRIE&#8221; section_height=&#8221;0&#8243; bg_type=&#8221;color&#8221; font_size=&#8221;60&#8243; title_force_font_size=&#8221;true&#8221; title_size_smallscreen=&#8221;60&#8243; title_size_tablet=&#8221;50&#8243; title_size_phone=&#8221;50&#8243; font_color=&#8221;#fcfcfc&#8221; font_weight=&#8221;500&#8243; underline=&#8221;false&#8221; sub_font_size=&#8221;35&#8243; subtitle_force_font_size=&#8221;true&#8221; subtitle_size_smallscreen=&#8221;30&#8243; subtitle_size_tablet=&#8221;20&#8243; subtitle_size_phone=&#8221;20&#8243; sub_font_color=&#8221;#f9f9f9&#8243; sub_font_weight=&#8221;300&#8243;][\/vc_column][\/mk_page_section][mk_page_section bg_position=&#8221;center center&#8221; bg_repeat=&#8221;no-repeat&#8221; video_opacity=&#8221;0.65&#8243; adaptive_height=&#8221;true&#8221; max_height=&#8221;100&#8243; padding_top=&#8221;0&#8243; padding_bottom=&#8221;0&#8243; has_top_shape_divider=&#8221;true&#8221; top_shape_color=&#8221;&#8221; has_bottom_shape_divider=&#8221;true&#8221; bottom_shape_color=&#8221;&#8221; sidebar=&#8221;sidebar-1&#8243;][vc_column css=&#8221;.vc_custom_1683556953958{padding-top: 0px !important;}&#8221;][mk_fancy_title font_weight=&#8221;500&#8243; font_family=&#8221;none&#8221;]\n<h2>RATIONALISEZ VOTRE CHA\u00ceNE D&#8217;APPROVISIONNEMENT ENTRANTE ET SORTANTE<\/h2>\n[\/mk_fancy_title][vc_column_text css=&#8221;.vc_custom_1722369013400{margin-bottom: 0px !important;}&#8221;]Afin de soutenir la croissance de votre entreprise, il est imp\u00e9ratif de rationaliser vos op\u00e9rations tout au long de la cha\u00eene d\u2019approvisionnement, consulter des rapports fiables, disponibles sur mobile et en temps r\u00e9el, et assurer un service \u00e0 la client\u00e8le exceptionnel. Avec SAP Business One et notre expertise en mati\u00e8re de <a href=\"https:\/\/www.lisawms.com\/fr\/produits\/lisa-wms-pour-sap-business-one\/\">logiciel de gestion d\u2019entrep\u00f4t (WMS)<\/a>, vous pourrez relever les d\u00e9fis propres \u00e0 l\u2019industrie de la distribution et r\u00e9pondre aux besoins sp\u00e9cifiques \u00e0 votre organisation pour acc\u00e9l\u00e9rer la croissance et augmenter la profitabilit\u00e9 de votre entreprise.[\/vc_column_text][\/vc_column][\/mk_page_section][vc_row][vc_column width=&#8221;3\/5&#8243;][mk_fancy_title size=&#8221;10&#8243; font_family=&#8221;none&#8221;]\n<h3>VOUS RECONNAISSEZ-VOUS DANS CES SITUATIONS?<\/h3>\n[\/mk_fancy_title][mk_blockquote style=&#8221;line-style&#8221; font_family=&#8221;none&#8221;]Ruptures de stocks et erreurs couteuses lors de la pr\u00e9paration de commandes.<\/p>\n<p>Pertes de temps li\u00e9es aux op\u00e9rations manuelles et aux processus.<\/p>\n<p>Marge de profit incertaine due \u00e0 un co\u00fbt de revient\/co\u00fbtant incomplet ou inexistant.<\/p>\n<p>Manque de fiabilit\u00e9 des rapports provenant de multiples sources.<\/p>\n<p>Conflits entre l\u2019inventaire et les donn\u00e9es pr\u00e9sent\u00e9es sur la plateforme e-commerce.<\/p>\n<p>Inventaire obsol\u00e8te et exc\u00e9dentaire.[\/mk_blockquote][\/vc_column][vc_column width=&#8221;2\/5&#8243;][mk_padding_divider size=&#8221;20&#8243;][vc_video link=&#8221;https:\/\/www.youtube.com\/watch?v=VEYyXk3hp5w&amp;list=PL-Pw-wxAXVj57QFsStfykqQfMoaaAVjC4&amp;index=7&amp;ab_channel=N%27wareTechnologies&#8221;][\/vc_column][\/vc_row][vc_row][vc_column][mk_padding_divider][vc_separator border_width=&#8221;5&#8243; el_width=&#8221;20&#8243;][mk_padding_divider][\/vc_column][\/vc_row][vc_row][vc_column][mk_fancy_title font_weight=&#8221;bold&#8221; font_family=&#8221;none&#8221; align=&#8221;center&#8221;]\n<h2 style=\"text-align: center;\">LES SOLUTIONS \u00c0 VOS D\u00c9FIS<\/h2>\n[\/mk_fancy_title][vc_row_inner][vc_column_inner width=&#8221;1\/4&#8243;][vc_single_image image=&#8221;29666&#8243; alignment=&#8221;center&#8221;][vc_custom_heading text=&#8221;Traitez vos commandes 9 fois plus rapidement gr\u00e2ce l\u2019implantation de code \u00e0 barres.&#8221; font_container=&#8221;tag:h3|font_size:20|text_align:center&#8221; google_fonts=&#8221;font_family:Roboto%3A100%2C100italic%2C300%2C300italic%2Cregular%2Citalic%2C500%2C500italic%2C700%2C700italic%2C900%2C900italic|font_style:300%20light%20regular%3A300%3Anormal&#8221;][\/vc_column_inner][vc_column_inner width=&#8221;1\/4&#8243;][vc_single_image image=&#8221;29668&#8243; alignment=&#8221;center&#8221;][vc_custom_heading text=&#8221;R\u00e9duisez votre niveau d\u2019inventaire de 20% en optimisant votre strat\u00e9gie d\u2019approvisionnement.&#8221; font_container=&#8221;tag:h3|font_size:20|text_align:center&#8221; google_fonts=&#8221;font_family:Roboto%3A100%2C100italic%2C300%2C300italic%2Cregular%2Citalic%2C500%2C500italic%2C700%2C700italic%2C900%2C900italic|font_style:300%20light%20regular%3A300%3Anormal&#8221;][\/vc_column_inner][vc_column_inner width=&#8221;1\/4&#8243;][vc_single_image image=&#8221;29670&#8243; alignment=&#8221;center&#8221;][vc_custom_heading text=&#8221;Augmentez la pr\u00e9cision de vos stocks de plus de 60% avec une visibilit\u00e9 compl\u00e8te.&#8221; font_container=&#8221;tag:h3|font_size:20|text_align:center&#8221; google_fonts=&#8221;font_family:Roboto%3A100%2C100italic%2C300%2C300italic%2Cregular%2Citalic%2C500%2C500italic%2C700%2C700italic%2C900%2C900italic|font_style:300%20light%20regular%3A300%3Anormal&#8221;][\/vc_column_inner][vc_column_inner width=&#8221;1\/4&#8243;][vc_single_image image=&#8221;29672&#8243; alignment=&#8221;center&#8221;][vc_custom_heading text=&#8221;Augmentez l\u2019exactitude des commandes clients de 99% avec un contr\u00f4le accru de la qualit\u00e9.&#8221; font_container=&#8221;tag:h3|font_size:20|text_align:center&#8221; google_fonts=&#8221;font_family:Roboto%3A100%2C100italic%2C300%2C300italic%2Cregular%2Citalic%2C500%2C500italic%2C700%2C700italic%2C900%2C900italic|font_style:300%20light%20regular%3A300%3Anormal&#8221;][\/vc_column_inner][\/vc_row_inner][\/vc_column][\/vc_row][vc_row][vc_column][mk_padding_divider][vc_separator border_width=&#8221;5&#8243; el_width=&#8221;20&#8243;][mk_padding_divider][\/vc_column][\/vc_row][vc_row][vc_column][mk_fancy_title font_weight=&#8221;bold&#8221; font_family=&#8221;none&#8221; align=&#8221;center&#8221;]\n<h2 style=\"text-align: center;\">APPRENEZ DE NOS CLIENTS QUI UTILISENT SAP BUSINESS ONE<\/h2>\n[\/mk_fancy_title][vc_images_carousel images=&#8221;29952,29954,29956,29958&#8243; img_size=&#8221;large&#8221; onclick=&#8221;link_no&#8221; autoplay=&#8221;yes&#8221; hide_pagination_control=&#8221;yes&#8221; hide_prev_next_buttons=&#8221;yes&#8221; wrap=&#8221;yes&#8221; css=&#8221;.vc_custom_1714566445809{padding-left: 60px !important;}&#8221;][mk_padding_divider][\/vc_column][\/vc_row][vc_row][vc_column][mk_padding_divider][vc_separator border_width=&#8221;5&#8243; el_width=&#8221;20&#8243;][mk_padding_divider][mk_fancy_title font_weight=&#8221;bold&#8221; font_family=&#8221;none&#8221; align=&#8221;center&#8221;]\n<h2 style=\"text-align: center;\">CARACT\u00c9RISTIQUES DE SAP BUSINESS ONE POUR LA DISTRIBUTION ET GESTION D&#8217;ENTREP\u00d4T<\/h2>\n[\/mk_fancy_title][\/vc_column][\/vc_row][vc_row][vc_column width=&#8221;1\/2&#8243;][mk_fancy_title font_family=&#8221;none&#8221;]\n<h3>GESTION D&#8217;INVENTAIRE ET LECTURE DE CODES-BARRES<\/h3>\n[\/mk_fancy_title][mk_custom_list]\n<ul>\n<li>D\u00e9terminez le niveau d\u2019inventaire optimal afin de r\u00e9duire les surplus et d\u00e9gager des liquidit\u00e9s;<\/li>\n<li>Planifiez le r\u00e9approvisionnement afin de subvenir \u00e0 la demande et \u00e9viter les ruptures de stock;<\/li>\n<li>Agissez proactivement pour contrer des probl\u00e8mes potentiels gr\u00e2ce \u00e0 des alertes en temps r\u00e9el;<\/li>\n<li>Connectez votre inventaire \u00e0 vos autres d\u00e9partements par le biais d&#8217;un syst\u00e8me ERP enti\u00e8rement int\u00e9gr\u00e9 pour cr\u00e9er encore plus de synergies.<\/li>\n<\/ul>\n[\/mk_custom_list][mk_padding_divider][\/vc_column][vc_column width=&#8221;1\/2&#8243;][mk_padding_divider][vc_single_image image=&#8221;29932&#8243; img_size=&#8221;large&#8221;][mk_padding_divider][\/vc_column][\/vc_row][mk_page_section bg_color=&#8221;#f9f9f9&#8243; bg_position=&#8221;center center&#8221; bg_repeat=&#8221;no-repeat&#8221; video_opacity=&#8221;0.65&#8243; adaptive_height=&#8221;true&#8221; max_height=&#8221;100&#8243; padding_top=&#8221;50&#8243; padding_bottom=&#8221;40&#8243; top_shape_color=&#8221;&#8221; bottom_shape_color=&#8221;&#8221; sidebar=&#8221;sidebar-1&#8243;][vc_column width=&#8221;1\/2&#8243; css=&#8221;.vc_custom_1683556953958{padding-top: 0px !important;}&#8221;][vc_single_image image=&#8221;29917&#8243; img_size=&#8221;944&#215;587&#8243;][\/vc_column][vc_column width=&#8221;1\/2&#8243;][mk_fancy_title font_family=&#8221;none&#8221;]\n<h3>GESTION FINANCI\u00c8RE INT\u00c9GR\u00c9E<\/h3>\n[\/mk_fancy_title][mk_custom_list]\n<ul>\n<li>Traitez automatiquement tous les processus comptables et \u00e9liminez l\u2019entr\u00e9e de donn\u00e9es manuelle;<\/li>\n<li>Prenez de meilleures d\u00e9cisions avec des rapports financiers personnalis\u00e9s \u00e0 partir de donn\u00e9es en temps r\u00e9el;<\/li>\n<li>Analysez avec pr\u00e9cision la performance de votre entreprise gr\u00e2ce \u00e0 des tableaux de bord flexible standard ou ad hoc;<\/li>\n<li>R\u00e9alisez en temps r\u00e9el la synchronisation des marchandises re\u00e7ues et des niveaux de stocks;<\/li>\n<li>Acc\u00e9dez \u00e0 l\u2019information dont vous avez besoin partout et en tout temps sur votre plateforme mobile.<\/li>\n<\/ul>\n[\/mk_custom_list][\/vc_column][\/mk_page_section][vc_row][vc_column width=&#8221;1\/2&#8243;][mk_padding_divider size=&#8221;60&#8243;][mk_fancy_title font_family=&#8221;none&#8221;]\n<h3>VENTES ET SERVICE \u00c0 LA CLIENT\u00c8LE (CRM)<\/h3>\n[\/mk_fancy_title][mk_custom_list]\n<ul>\n<li>Garantir la satisfaction de vos clients gr\u00e2ce \u00e0 un CRM et un portail client int\u00e9gr\u00e9;<\/li>\n<li>Augmentez vos ventes gr\u00e2ce \u00e0 une plateforme de commerce en ligne efficace;<\/li>\n<li>Am\u00e9liorer votre niveau de service en automatisant les op\u00e9rations manuelles \u00e0 risque d\u2019erreurs;<\/li>\n<li>\u00c9quipez votre force de vente de l\u2019application mobile <a href=\"https:\/\/www.nwaretech.com\/fr\/produits-sap-business-one\/\">SAP Business One<\/a> Sales;<\/li>\n<li>Acc\u00e9dez \u00e0 toute l\u2019information relative \u00e0 vos comptes clients au m\u00eame endroit.<\/li>\n<\/ul>\n[\/mk_custom_list][mk_padding_divider][\/vc_column][vc_column width=&#8221;1\/2&#8243;][mk_padding_divider size=&#8221;60&#8243;][vc_single_image image=&#8221;29930&#8243; img_size=&#8221;large&#8221;][\/vc_column][\/vc_row][mk_page_section bg_color=&#8221;#f9f9f9&#8243; bg_position=&#8221;center center&#8221; bg_repeat=&#8221;no-repeat&#8221; video_opacity=&#8221;0.65&#8243; adaptive_height=&#8221;true&#8221; max_height=&#8221;100&#8243; padding_top=&#8221;40&#8243; padding_bottom=&#8221;20&#8243; top_shape_color=&#8221;&#8221; bottom_shape_color=&#8221;&#8221; sidebar=&#8221;sidebar-1&#8243;][vc_column width=&#8221;1\/2&#8243; css=&#8221;.vc_custom_1683556953958{padding-top: 0px !important;}&#8221;][vc_single_image image=&#8221;35931&#8243; img_size=&#8221;large&#8221; alignment=&#8221;center&#8221; css=&#8221;&#8221;][\/vc_column][vc_column width=&#8221;1\/2&#8243;][mk_padding_divider][mk_fancy_title font_family=&#8221;none&#8221;]\n<h3>E-COMMERCE, EDI ET DISTRIBUTION OMNICANALE<\/h3>\n[\/mk_fancy_title][mk_custom_list]\n<ul>\n<li>Augmentez vos ventes gr\u00e2ce \u00e0 une plateforme de commerce \u00e9lectronique efficace;<\/li>\n<li>Int\u00e9grer en toute transparence les transactions EDI \u00e0 votre syst\u00e8me de gestion;<\/li>\n<li>Connectez-vous aux \u00abmarket places\u00bb telles que SAP Ariba, Ebay, Amazon, Houzz, etc.;<\/li>\n<li>Synchronisez les niveaux de stock sur toutes vos plateformes.<\/li>\n<\/ul>\n[\/mk_custom_list][mk_padding_divider][\/vc_column][\/mk_page_section][vc_row][vc_column][\/vc_column][\/vc_row][vc_row][vc_column][mk_padding_divider][mk_fancy_title font_weight=&#8221;bold&#8221; font_family=&#8221;none&#8221; align=&#8221;center&#8221;]\n<h2 style=\"text-align: center;\">OPTIMISEZ VOTRE ENTREP\u00d4T ET ACC\u00c9L\u00c9REZ LA CROISSANCE DE VOTRE ENTREPRISE<\/h2>\n[\/mk_fancy_title][vc_row_inner][vc_column_inner width=&#8221;1\/2&#8243;][vc_video link=&#8221;https:\/\/www.youtube.com\/watch?v=rTH9bN0RnoI&amp;list=PL-Pw-wxAXVj57QFsStfykqQfMoaaAVjC4&amp;index=9&amp;ab_channel=N%27wareTechnologies&#8221;][mk_padding_divider][\/vc_column_inner][vc_column_inner width=&#8221;1\/2&#8243;][vc_video link=&#8221;https:\/\/www.youtube.com\/watch?v=5-ePPGp3ffE&amp;list=PL-Pw-wxAXVj57QFsStfykqQfMoaaAVjC4&amp;index=15&amp;ab_channel=N%27wareTechnologies&#8221;][mk_padding_divider][\/vc_column_inner][\/vc_row_inner][mk_padding_divider size=&#8221;60&#8243;][\/vc_column][\/vc_row][vc_row][vc_column][mk_fancy_title font_weight=&#8221;bold&#8221; font_family=&#8221;none&#8221;]\n<h2 style=\"text-align: center;\">T\u00c9L\u00c9CHARGEMENTS CONNEXES<\/h2>\n[\/mk_fancy_title][\/vc_column][\/vc_row][vc_row][vc_column width=&#8221;1\/3&#8243;][mk_fancy_title margin_bottom=&#8221;0&#8243; font_family=&#8221;none&#8221;]\n<h3 style=\"text-align: center;\">SAP BUSINESS ONE<\/h3>\n[\/mk_fancy_title][vc_single_image image=&#8221;35925&#8243; img_size=&#8221;MEDIUM&#8221; alignment=&#8221;center&#8221; css=&#8221;&#8221;][mk_button dimension=&#8221;outline&#8221; corner_style=&#8221;rounded&#8221; size=&#8221;medium&#8221; url=&#8221;https:\/\/www.nwaretech.com\/wp-content\/uploads\/2025\/09\/sap-business-one_nware_2025_fr_c.pdf&#8221; target=&#8221;_blank&#8221; align=&#8221;center&#8221; id=&#8221;https:\/\/www.nwaretech.com\/wp-content\/uploads\/2024\/05\/sap_business_one_intro_french.pdf&#8221;]T\u00c9L\u00c9CHARGER[\/mk_button][\/vc_column][vc_column width=&#8221;1\/3&#8243;][mk_fancy_title margin_bottom=&#8221;0&#8243; font_family=&#8221;none&#8221;]\n<h3 style=\"text-align: center;\">LISA WMS<\/h3>\n[\/mk_fancy_title][vc_single_image image=&#8221;30194&#8243; img_size=&#8221;MEDIUM&#8221; alignment=&#8221;center&#8221; css=&#8221;&#8221;][mk_button dimension=&#8221;outline&#8221; corner_style=&#8221;rounded&#8221; size=&#8221;medium&#8221; url=&#8221;https:\/\/www.nwaretech.com\/wp-content\/uploads\/2024\/05\/lisawms_brochure_fr_05102024_web.pdf&#8221; target=&#8221;_blank&#8221; align=&#8221;center&#8221;]T\u00c9L\u00c9CHARGER[\/mk_button][\/vc_column][vc_column width=&#8221;1\/3&#8243;][mk_fancy_title margin_bottom=&#8221;0&#8243; font_family=&#8221;none&#8221;]\n<h3 style=\"text-align: center;\">Creatio CRM<\/h3>\n[\/mk_fancy_title][vc_single_image image=&#8221;28891&#8243; img_size=&#8221;MEDIUM&#8221; alignment=&#8221;center&#8221; css=&#8221;&#8221;][mk_button dimension=&#8221;outline&#8221; corner_style=&#8221;rounded&#8221; size=&#8221;medium&#8221; url=&#8221;https:\/\/www.nwaretech.com\/wp-content\/uploads\/2024\/05\/creatio_nware_brochure_fr_03182024_web.pdf&#8221; target=&#8221;_blank&#8221; align=&#8221;center&#8221;]T\u00c9L\u00c9CHARGER[\/mk_button][\/vc_column][\/vc_row][vc_row][vc_column][mk_padding_divider size=&#8221;100&#8243;][\/vc_column][\/vc_row][vc_row fullwidth=&#8221;true&#8221; css=&#8221;.vc_custom_1533222006898{margin-bottom: -50px !important;padding-top: 45px !important;padding-bottom: 25px !important;background-color: #edaf23 !important;}&#8221;][vc_column width=&#8221;2\/3&#8243; css=&#8221;.vc_custom_1532698532225{margin-top: 15px !important;}&#8221;][vc_column_text css=&#8221;.vc_custom_1722369370009{margin-bottom: 0px !important;}&#8221;]\n<h2 style=\"text-align: center;\"><span style=\"color: #081828;\"><strong>PR\u00caT POUR UNE CONSULTATION GRATUITE AVEC NOS EXPERTS?<\/strong><\/span><\/h2>\n[\/vc_column_text][\/vc_column][vc_column width=&#8221;1\/3&#8243;][mk_button dimension=&#8221;flat&#8221; corner_style=&#8221;rounded&#8221; size=&#8221;x-large&#8221; url=&#8221;https:\/\/www.nwaretech.com\/fr\/contactez-nous\/&#8221; margin_right=&#8221;20&#8243; bg_color=&#8221;#081828&#8243; btn_hover_bg=&#8221;#ffffff&#8221; btn_hover_txt_color=&#8221;#081828&#8243;]CONTACTEZ-NOUS[\/mk_button][\/vc_column][\/vc_row]\n<\/div>","protected":false},"excerpt":{"rendered":"<p>[vc_row fullwidth=&#8221;true&#8221; css=&#8221;.vc_custom_1532701016934{margin-top: -155px !important;}&#8221;][vc_column][mk_divider style=&#8221;thin_solid&#8221; thickness=&#8221;3&#8243; margin_top=&#8221;0&#8243; margin_bottom=&#8221;0&#8243;][\/vc_column][\/vc_row][mk_page_section vertical_align=&#8221;center&#8221; bg_image=&#8221;https:\/\/www.nwaretech.com\/wp-content\/uploads\/2024\/07\/25067688_high___.jpg&#8221; bg_position=&#8221;center center&#8221; bg_repeat=&#8221;no-repeat&#8221; bg_stretch=&#8221;true&#8221; video_mask=&#8221;true&#8221; video_color_mask=&#8221;#213356&#8243; min_height=&#8221;0&#8243; full_width=&#8221;true&#8221; js_vertical_centered=&#8221;true&#8221; padding_top=&#8221;20&#8243; padding_bottom=&#8221;40&#8243; top_shape_color=&#8221;#213356&#8243; top_shape_bg_color=&#8221;#f9f9f9&#8243; has_bottom_shape_divider=&#8221;true&#8221; bottom_shape_size=&#8221;small&#8221; bottom_shape_color=&#8221;#ffffff&#8221; sidebar=&#8221;sidebar-1&#8243;][vc_column css=&#8221;.vc_custom_1683556953958{padding-top: 0px [&hellip;]<\/p>\n","protected":false},"author":3,"featured_media":0,"parent":5779,"menu_order":0,"comment_status":"closed","ping_status":"closed","template":"","meta":{"footnotes":""},"class_list":["post-6353","page","type-page","status-publish","hentry"],"yoast_head":"<!-- This site is optimized with the Yoast SEO plugin v27.6 - https:\/\/yoast.com\/product\/yoast-seo-wordpress\/ -->\n<title>Distribution et gestion d\u2019entrep\u00f4t - N\u2019ware Technologies<\/title>\n<meta name=\"description\" content=\"Avec SAP Business One et notre expertise en gestion d\u2019entrep\u00f4t (WMS), vous rel\u00e8verez des d\u00e9fis propres \u00e0 l\u2019industrie de la distribution.\" \/>\n<meta name=\"robots\" content=\"index, follow, max-snippet:-1, max-image-preview:large, max-video-preview:-1\" \/>\n<link rel=\"canonical\" href=\"https:\/\/www.nwaretech.com\/fr\/industries\/wholesale-distribution\/\" \/>\n<meta property=\"og:locale\" content=\"fr_FR\" \/>\n<meta property=\"og:type\" content=\"article\" \/>\n<meta property=\"og:title\" content=\"Distribution et gestion d\u2019entrep\u00f4t - N\u2019ware Technologies\" \/>\n<meta property=\"og:description\" content=\"Avec SAP Business One et notre expertise en gestion d\u2019entrep\u00f4t (WMS), vous rel\u00e8verez des d\u00e9fis propres \u00e0 l\u2019industrie de la distribution.\" \/>\n<meta property=\"og:url\" content=\"https:\/\/www.nwaretech.com\/fr\/industries\/wholesale-distribution\/\" \/>\n<meta property=\"og:site_name\" content=\"N\u2019ware Technologies\" \/>\n<meta property=\"article:modified_time\" content=\"2025-09-05T15:58:57+00:00\" \/>\n<meta name=\"twitter:card\" content=\"summary_large_image\" \/>\n<meta name=\"twitter:label1\" content=\"Dur\u00e9e de lecture estim\u00e9e\" \/>\n\t<meta name=\"twitter:data1\" content=\"7 minutes\" \/>\n<script type=\"application\/ld+json\" class=\"yoast-schema-graph\">{\"@context\":\"https:\\\/\\\/schema.org\",\"@graph\":[{\"@type\":\"WebPage\",\"@id\":\"https:\\\/\\\/www.nwaretech.com\\\/fr\\\/industries\\\/wholesale-distribution\\\/\",\"url\":\"https:\\\/\\\/www.nwaretech.com\\\/fr\\\/industries\\\/wholesale-distribution\\\/\",\"name\":\"Distribution et gestion d\u2019entrep\u00f4t - N\u2019ware Technologies\",\"isPartOf\":{\"@id\":\"https:\\\/\\\/www.nwaretech.com\\\/#website\"},\"datePublished\":\"2018-09-27T12:59:58+00:00\",\"dateModified\":\"2025-09-05T15:58:57+00:00\",\"description\":\"Avec SAP Business One et notre expertise en gestion d\u2019entrep\u00f4t (WMS), vous rel\u00e8verez des d\u00e9fis propres \u00e0 l\u2019industrie de la distribution.\",\"breadcrumb\":{\"@id\":\"https:\\\/\\\/www.nwaretech.com\\\/fr\\\/industries\\\/wholesale-distribution\\\/#breadcrumb\"},\"inLanguage\":\"fr-FR\",\"potentialAction\":[{\"@type\":\"ReadAction\",\"target\":[\"https:\\\/\\\/www.nwaretech.com\\\/fr\\\/industries\\\/wholesale-distribution\\\/\"]}]},{\"@type\":\"BreadcrumbList\",\"@id\":\"https:\\\/\\\/www.nwaretech.com\\\/fr\\\/industries\\\/wholesale-distribution\\\/#breadcrumb\",\"itemListElement\":[{\"@type\":\"ListItem\",\"position\":1,\"name\":\"Home\",\"item\":\"https:\\\/\\\/www.nwaretech.com\\\/fr\\\/\"},{\"@type\":\"ListItem\",\"position\":2,\"name\":\"Industries\",\"item\":\"https:\\\/\\\/www.nwaretech.com\\\/fr\\\/industries\\\/\"},{\"@type\":\"ListItem\",\"position\":3,\"name\":\"Distribution et gestion d\u2019entrep\u00f4t\"}]},{\"@type\":\"WebSite\",\"@id\":\"https:\\\/\\\/www.nwaretech.com\\\/#website\",\"url\":\"https:\\\/\\\/www.nwaretech.com\\\/\",\"name\":\"N\u2019ware Technologies\",\"description\":\"ERP &amp; WMS Software\",\"potentialAction\":[{\"@type\":\"SearchAction\",\"target\":{\"@type\":\"EntryPoint\",\"urlTemplate\":\"https:\\\/\\\/www.nwaretech.com\\\/?s={search_term_string}\"},\"query-input\":{\"@type\":\"PropertyValueSpecification\",\"valueRequired\":true,\"valueName\":\"search_term_string\"}}],\"inLanguage\":\"fr-FR\"}]}<\/script>\n<!-- \/ Yoast SEO plugin. -->","yoast_head_json":{"title":"Distribution et gestion d\u2019entrep\u00f4t - N\u2019ware Technologies","description":"Avec SAP Business One et notre expertise en gestion d\u2019entrep\u00f4t (WMS), vous rel\u00e8verez des d\u00e9fis propres \u00e0 l\u2019industrie de la distribution.","robots":{"index":"index","follow":"follow","max-snippet":"max-snippet:-1","max-image-preview":"max-image-preview:large","max-video-preview":"max-video-preview:-1"},"canonical":"https:\/\/www.nwaretech.com\/fr\/industries\/wholesale-distribution\/","og_locale":"fr_FR","og_type":"article","og_title":"Distribution et gestion d\u2019entrep\u00f4t - N\u2019ware Technologies","og_description":"Avec SAP Business One et notre expertise en gestion d\u2019entrep\u00f4t (WMS), vous rel\u00e8verez des d\u00e9fis propres \u00e0 l\u2019industrie de la distribution.","og_url":"https:\/\/www.nwaretech.com\/fr\/industries\/wholesale-distribution\/","og_site_name":"N\u2019ware Technologies","article_modified_time":"2025-09-05T15:58:57+00:00","twitter_card":"summary_large_image","twitter_misc":{"Dur\u00e9e de lecture estim\u00e9e":"7 minutes"},"schema":{"@context":"https:\/\/schema.org","@graph":[{"@type":"WebPage","@id":"https:\/\/www.nwaretech.com\/fr\/industries\/wholesale-distribution\/","url":"https:\/\/www.nwaretech.com\/fr\/industries\/wholesale-distribution\/","name":"Distribution et gestion d\u2019entrep\u00f4t - N\u2019ware Technologies","isPartOf":{"@id":"https:\/\/www.nwaretech.com\/#website"},"datePublished":"2018-09-27T12:59:58+00:00","dateModified":"2025-09-05T15:58:57+00:00","description":"Avec SAP Business One et notre expertise en gestion d\u2019entrep\u00f4t (WMS), vous rel\u00e8verez des d\u00e9fis propres \u00e0 l\u2019industrie de la distribution.","breadcrumb":{"@id":"https:\/\/www.nwaretech.com\/fr\/industries\/wholesale-distribution\/#breadcrumb"},"inLanguage":"fr-FR","potentialAction":[{"@type":"ReadAction","target":["https:\/\/www.nwaretech.com\/fr\/industries\/wholesale-distribution\/"]}]},{"@type":"BreadcrumbList","@id":"https:\/\/www.nwaretech.com\/fr\/industries\/wholesale-distribution\/#breadcrumb","itemListElement":[{"@type":"ListItem","position":1,"name":"Home","item":"https:\/\/www.nwaretech.com\/fr\/"},{"@type":"ListItem","position":2,"name":"Industries","item":"https:\/\/www.nwaretech.com\/fr\/industries\/"},{"@type":"ListItem","position":3,"name":"Distribution et gestion d\u2019entrep\u00f4t"}]},{"@type":"WebSite","@id":"https:\/\/www.nwaretech.com\/#website","url":"https:\/\/www.nwaretech.com\/","name":"N\u2019ware Technologies","description":"ERP &amp; WMS Software","potentialAction":[{"@type":"SearchAction","target":{"@type":"EntryPoint","urlTemplate":"https:\/\/www.nwaretech.com\/?s={search_term_string}"},"query-input":{"@type":"PropertyValueSpecification","valueRequired":true,"valueName":"search_term_string"}}],"inLanguage":"fr-FR"}]}},"_links":{"self":[{"href":"https:\/\/www.nwaretech.com\/fr\/wp-json\/wp\/v2\/pages\/6353","targetHints":{"allow":["GET"]}}],"collection":[{"href":"https:\/\/www.nwaretech.com\/fr\/wp-json\/wp\/v2\/pages"}],"about":[{"href":"https:\/\/www.nwaretech.com\/fr\/wp-json\/wp\/v2\/types\/page"}],"author":[{"embeddable":true,"href":"https:\/\/www.nwaretech.com\/fr\/wp-json\/wp\/v2\/users\/3"}],"replies":[{"embeddable":true,"href":"https:\/\/www.nwaretech.com\/fr\/wp-json\/wp\/v2\/comments?post=6353"}],"version-history":[{"count":3,"href":"https:\/\/www.nwaretech.com\/fr\/wp-json\/wp\/v2\/pages\/6353\/revisions"}],"predecessor-version":[{"id":35933,"href":"https:\/\/www.nwaretech.com\/fr\/wp-json\/wp\/v2\/pages\/6353\/revisions\/35933"}],"up":[{"embeddable":true,"href":"https:\/\/www.nwaretech.com\/fr\/wp-json\/wp\/v2\/pages\/5779"}],"wp:attachment":[{"href":"https:\/\/www.nwaretech.com\/fr\/wp-json\/wp\/v2\/media?parent=6353"}],"curies":[{"name":"wp","href":"https:\/\/api.w.org\/{rel}","templated":true}]}}