{"id":6673,"date":"2018-11-01T09:51:51","date_gmt":"2018-11-01T14:51:51","guid":{"rendered":"https:\/\/e8e300b34e.nxcli.io\/resources\/pdc-one-videos-copy\/"},"modified":"2024-12-16T14:14:08","modified_gmt":"2024-12-16T19:14:08","slug":"lisa-wms-videos","status":"publish","type":"page","link":"https:\/\/www.nwaretech.com\/fr\/resources\/lisa-wms-videos\/","title":{"rendered":"Vid\u00e9os LISA WMS"},"content":{"rendered":"<div class=\"wpb-content-wrapper\">[vc_row][vc_column][vc_column_text css=&#8221;.vc_custom_1730312974457{margin-bottom: 0px !important;}&#8221;]\n<h1>LISA WMS Demo &amp; Histoires de succ\u00e8s<\/h1>\n[\/vc_column_text][vc_separator css=&#8221;&#8221;][\/vc_column][\/vc_row][vc_row][vc_column width=&#8221;1\/3&#8243;][mk_fancy_title font_family=&#8221;none&#8221;]\n<h2 class=\"title style-scope ytd-video-primary-info-renderer\">Nouvelle interface LISA WMS<\/h2>\n[\/mk_fancy_title][vc_column_text css=&#8221;.vc_custom_1541095494004{margin-bottom: 0px !important;}&#8221;]<span id=\"result_box\" class=\"\" lang=\"fr\"><span class=\"\">La nouvelle interface LISA WMS est plus conviviale que jamais avec une apparence moderne. En plus, cette derni\u00e8re version inclut de nombreuses am\u00e9liorations pour augmenter les performances du logiciel ainsi que l&#8217;exp\u00e9rience des utilisateurs.<\/span><\/span>[\/vc_column_text][mk_padding_divider size=&#8221;20&#8243;][vc_video max_width=&#8221;350&#8243; link=&#8221;https:\/\/youtu.be\/YBgQZgpcH7U&#8221;][\/vc_column][vc_column width=&#8221;1\/3&#8243;][mk_fancy_title font_family=&#8221;none&#8221;]\n<h2 class=\"title style-scope ytd-video-primary-info-renderer\">T\u00e9moignage de r\u00e9ussite &#8211; Lanct\u00f4t<\/h2>\n[\/mk_fancy_title][vc_column_text css=&#8221;.vc_custom_1541096471459{margin-bottom: 0px !important;}&#8221;]<span id=\"result_box\" class=\"\" lang=\"fr\"><span class=\"\">Lanctot Lt\u00e9e est une entreprise familiale sp\u00e9cialis\u00e9e dans la distribution et la production d&#8217;articles de sport, de v\u00eatements et de lunettes de premi\u00e8re qualit\u00e9.<\/span><\/span>[\/vc_column_text][mk_padding_divider size=&#8221;75&#8243;][vc_video max_width=&#8221;350&#8243; link=&#8221;https:\/\/youtu.be\/rTH9bN0RnoI&#8221;][\/vc_column][vc_column width=&#8221;1\/3&#8243;][mk_fancy_title font_family=&#8221;none&#8221;]\n<h2 class=\"title style-scope ytd-video-primary-info-renderer\">LISA WMS pour SAP Business One<\/h2>\n[\/mk_fancy_title][vc_column_text css=&#8221;.vc_custom_1543007175532{margin-bottom: 0px !important;}&#8221;]<span id=\"result_box\" class=\"\" lang=\"fr\"><span class=\"\">D\u00e9monstration de 10 min en anglais de LISA WMS, un module compl\u00e9mentaire de gestion d&#8217;entrep\u00f4t pour SAP Business One.<\/span><\/span><\/p>\n<p><span id=\"result_box\" class=\"\" lang=\"fr\"><span class=\"\">Pour en savoir plus sur LISA WMS ou pour demander une r\u00e9union avec nos experts, visitez notre site Internet : <a href=\"https:\/\/www.lisawms.com\" target=\"_blank\" rel=\"noopener\">www.lisawms.com<\/a><\/span><\/span>[\/vc_column_text][vc_video max_width=&#8221;350&#8243; link=&#8221;https:\/\/youtu.be\/LT0kwfbkSBg&#8221;][\/vc_column][\/vc_row][vc_row][vc_column][mk_padding_divider][vc_separator border_width=&#8221;5&#8243;][\/vc_column][\/vc_row][vc_row][vc_column][mk_padding_divider size=&#8221;100&#8243;][\/vc_column][\/vc_row][vc_row fullwidth=&#8221;true&#8221; css=&#8221;.vc_custom_1533222006898{margin-bottom: -50px !important;padding-top: 45px !important;padding-bottom: 25px !important;background-color: #edaf23 !important;}&#8221;][vc_column width=&#8221;2\/3&#8243; css=&#8221;.vc_custom_1532698532225{margin-top: 15px !important;}&#8221;][vc_column_text css=&#8221;.vc_custom_1537908010040{margin-bottom: 0px !important;}&#8221;]\n<h2 style=\"text-align: center;\"><span style=\"color: #081828;\"><strong>VOUS SOUHAITEZ PLUS D&#8217;INFORMATION?<\/strong><\/span><\/h2>\n[\/vc_column_text][\/vc_column][vc_column width=&#8221;1\/3&#8243;][mk_button dimension=&#8221;flat&#8221; corner_style=&#8221;rounded&#8221; size=&#8221;x-large&#8221; url=&#8221;https:\/\/www.nwaretech.com\/fr\/contactez-nous\/&#8221; margin_right=&#8221;20&#8243; bg_color=&#8221;#081828&#8243; btn_hover_bg=&#8221;#ffffff&#8221; btn_hover_txt_color=&#8221;#081828&#8243;]CONTACTEZ-NOUS[\/mk_button][\/vc_column][\/vc_row]\n<\/div>","protected":false},"excerpt":{"rendered":"<p>[vc_row][vc_column][vc_column_text css=&#8221;.vc_custom_1730312974457{margin-bottom: 0px !important;}&#8221;] LISA WMS Demo &amp; Histoires de succ\u00e8s [\/vc_column_text][vc_separator css=&#8221;&#8221;][\/vc_column][\/vc_row][vc_row][vc_column width=&#8221;1\/3&#8243;][mk_fancy_title font_family=&#8221;none&#8221;] Nouvelle interface LISA WMS [\/mk_fancy_title][vc_column_text css=&#8221;.vc_custom_1541095494004{margin-bottom: 0px !important;}&#8221;]La nouvelle interface LISA WMS est plus conviviale [&hellip;]<\/p>\n","protected":false},"author":3,"featured_media":0,"parent":5770,"menu_order":0,"comment_status":"closed","ping_status":"closed","template":"","meta":{"footnotes":""},"class_list":["post-6673","page","type-page","status-publish","hentry"],"yoast_head":"<!-- This site is optimized with the Yoast SEO plugin v27.6 - https:\/\/yoast.com\/product\/yoast-seo-wordpress\/ -->\n<title>D\u00e9monstration de l&#039;application LISA WMS pour SAP Business One<\/title>\n<meta name=\"description\" content=\"Apprener davantage sur SAP Business One avec les diff\u00e9rents tutoriels r\u00e9alis\u00e9s par les sp\u00e9cialistes et les experts de N&#039;ware Technologies.\" \/>\n<meta name=\"robots\" content=\"index, follow, max-snippet:-1, max-image-preview:large, max-video-preview:-1\" \/>\n<link rel=\"canonical\" href=\"https:\/\/www.nwaretech.com\/fr\/resources\/lisa-wms-videos\/\" \/>\n<meta property=\"og:locale\" content=\"fr_FR\" \/>\n<meta property=\"og:type\" content=\"article\" \/>\n<meta property=\"og:title\" content=\"D\u00e9monstration de l&#039;application LISA WMS pour SAP Business One\" \/>\n<meta property=\"og:description\" content=\"Apprener davantage sur SAP Business One avec les diff\u00e9rents tutoriels r\u00e9alis\u00e9s par les sp\u00e9cialistes et les experts de N&#039;ware Technologies.\" \/>\n<meta property=\"og:url\" content=\"https:\/\/www.nwaretech.com\/fr\/resources\/lisa-wms-videos\/\" \/>\n<meta property=\"og:site_name\" content=\"N\u2019ware Technologies\" \/>\n<meta property=\"article:modified_time\" content=\"2024-12-16T19:14:08+00:00\" \/>\n<meta name=\"twitter:card\" content=\"summary_large_image\" \/>\n<meta name=\"twitter:label1\" content=\"Dur\u00e9e de lecture estim\u00e9e\" \/>\n\t<meta name=\"twitter:data1\" content=\"1 minute\" \/>\n<script type=\"application\/ld+json\" class=\"yoast-schema-graph\">{\"@context\":\"https:\\\/\\\/schema.org\",\"@graph\":[{\"@type\":\"WebPage\",\"@id\":\"https:\\\/\\\/www.nwaretech.com\\\/fr\\\/resources\\\/lisa-wms-videos\\\/\",\"url\":\"https:\\\/\\\/www.nwaretech.com\\\/fr\\\/resources\\\/lisa-wms-videos\\\/\",\"name\":\"D\u00e9monstration de l'application LISA WMS pour SAP Business One\",\"isPartOf\":{\"@id\":\"https:\\\/\\\/www.nwaretech.com\\\/#website\"},\"datePublished\":\"2018-11-01T14:51:51+00:00\",\"dateModified\":\"2024-12-16T19:14:08+00:00\",\"description\":\"Apprener davantage sur SAP Business One avec les diff\u00e9rents tutoriels r\u00e9alis\u00e9s par les sp\u00e9cialistes et les experts de N'ware Technologies.\",\"breadcrumb\":{\"@id\":\"https:\\\/\\\/www.nwaretech.com\\\/fr\\\/resources\\\/lisa-wms-videos\\\/#breadcrumb\"},\"inLanguage\":\"fr-FR\",\"potentialAction\":[{\"@type\":\"ReadAction\",\"target\":[\"https:\\\/\\\/www.nwaretech.com\\\/fr\\\/resources\\\/lisa-wms-videos\\\/\"]}]},{\"@type\":\"BreadcrumbList\",\"@id\":\"https:\\\/\\\/www.nwaretech.com\\\/fr\\\/resources\\\/lisa-wms-videos\\\/#breadcrumb\",\"itemListElement\":[{\"@type\":\"ListItem\",\"position\":1,\"name\":\"Home\",\"item\":\"https:\\\/\\\/www.nwaretech.com\\\/fr\\\/\"},{\"@type\":\"ListItem\",\"position\":2,\"name\":\"Ressources\",\"item\":\"https:\\\/\\\/www.nwaretech.com\\\/fr\\\/resources\\\/\"},{\"@type\":\"ListItem\",\"position\":3,\"name\":\"Vid\u00e9os LISA WMS\"}]},{\"@type\":\"WebSite\",\"@id\":\"https:\\\/\\\/www.nwaretech.com\\\/#website\",\"url\":\"https:\\\/\\\/www.nwaretech.com\\\/\",\"name\":\"N\u2019ware Technologies\",\"description\":\"ERP &amp; WMS Software\",\"potentialAction\":[{\"@type\":\"SearchAction\",\"target\":{\"@type\":\"EntryPoint\",\"urlTemplate\":\"https:\\\/\\\/www.nwaretech.com\\\/?s={search_term_string}\"},\"query-input\":{\"@type\":\"PropertyValueSpecification\",\"valueRequired\":true,\"valueName\":\"search_term_string\"}}],\"inLanguage\":\"fr-FR\"}]}<\/script>\n<!-- \/ Yoast SEO plugin. -->","yoast_head_json":{"title":"D\u00e9monstration de l'application LISA WMS pour SAP Business One","description":"Apprener davantage sur SAP Business One avec les diff\u00e9rents tutoriels r\u00e9alis\u00e9s par les sp\u00e9cialistes et les experts de N'ware Technologies.","robots":{"index":"index","follow":"follow","max-snippet":"max-snippet:-1","max-image-preview":"max-image-preview:large","max-video-preview":"max-video-preview:-1"},"canonical":"https:\/\/www.nwaretech.com\/fr\/resources\/lisa-wms-videos\/","og_locale":"fr_FR","og_type":"article","og_title":"D\u00e9monstration de l'application LISA WMS pour SAP Business One","og_description":"Apprener davantage sur SAP Business One avec les diff\u00e9rents tutoriels r\u00e9alis\u00e9s par les sp\u00e9cialistes et les experts de N'ware Technologies.","og_url":"https:\/\/www.nwaretech.com\/fr\/resources\/lisa-wms-videos\/","og_site_name":"N\u2019ware Technologies","article_modified_time":"2024-12-16T19:14:08+00:00","twitter_card":"summary_large_image","twitter_misc":{"Dur\u00e9e de lecture estim\u00e9e":"1 minute"},"schema":{"@context":"https:\/\/schema.org","@graph":[{"@type":"WebPage","@id":"https:\/\/www.nwaretech.com\/fr\/resources\/lisa-wms-videos\/","url":"https:\/\/www.nwaretech.com\/fr\/resources\/lisa-wms-videos\/","name":"D\u00e9monstration de l'application LISA WMS pour SAP Business One","isPartOf":{"@id":"https:\/\/www.nwaretech.com\/#website"},"datePublished":"2018-11-01T14:51:51+00:00","dateModified":"2024-12-16T19:14:08+00:00","description":"Apprener davantage sur SAP Business One avec les diff\u00e9rents tutoriels r\u00e9alis\u00e9s par les sp\u00e9cialistes et les experts de N'ware Technologies.","breadcrumb":{"@id":"https:\/\/www.nwaretech.com\/fr\/resources\/lisa-wms-videos\/#breadcrumb"},"inLanguage":"fr-FR","potentialAction":[{"@type":"ReadAction","target":["https:\/\/www.nwaretech.com\/fr\/resources\/lisa-wms-videos\/"]}]},{"@type":"BreadcrumbList","@id":"https:\/\/www.nwaretech.com\/fr\/resources\/lisa-wms-videos\/#breadcrumb","itemListElement":[{"@type":"ListItem","position":1,"name":"Home","item":"https:\/\/www.nwaretech.com\/fr\/"},{"@type":"ListItem","position":2,"name":"Ressources","item":"https:\/\/www.nwaretech.com\/fr\/resources\/"},{"@type":"ListItem","position":3,"name":"Vid\u00e9os LISA WMS"}]},{"@type":"WebSite","@id":"https:\/\/www.nwaretech.com\/#website","url":"https:\/\/www.nwaretech.com\/","name":"N\u2019ware Technologies","description":"ERP &amp; WMS Software","potentialAction":[{"@type":"SearchAction","target":{"@type":"EntryPoint","urlTemplate":"https:\/\/www.nwaretech.com\/?s={search_term_string}"},"query-input":{"@type":"PropertyValueSpecification","valueRequired":true,"valueName":"search_term_string"}}],"inLanguage":"fr-FR"}]}},"_links":{"self":[{"href":"https:\/\/www.nwaretech.com\/fr\/wp-json\/wp\/v2\/pages\/6673","targetHints":{"allow":["GET"]}}],"collection":[{"href":"https:\/\/www.nwaretech.com\/fr\/wp-json\/wp\/v2\/pages"}],"about":[{"href":"https:\/\/www.nwaretech.com\/fr\/wp-json\/wp\/v2\/types\/page"}],"author":[{"embeddable":true,"href":"https:\/\/www.nwaretech.com\/fr\/wp-json\/wp\/v2\/users\/3"}],"replies":[{"embeddable":true,"href":"https:\/\/www.nwaretech.com\/fr\/wp-json\/wp\/v2\/comments?post=6673"}],"version-history":[{"count":0,"href":"https:\/\/www.nwaretech.com\/fr\/wp-json\/wp\/v2\/pages\/6673\/revisions"}],"up":[{"embeddable":true,"href":"https:\/\/www.nwaretech.com\/fr\/wp-json\/wp\/v2\/pages\/5770"}],"wp:attachment":[{"href":"https:\/\/www.nwaretech.com\/fr\/wp-json\/wp\/v2\/media?parent=6673"}],"curies":[{"name":"wp","href":"https:\/\/api.w.org\/{rel}","templated":true}]}}