{"id":7622,"date":"2019-10-16T17:36:30","date_gmt":"2019-10-16T22:36:30","guid":{"rendered":"https:\/\/e8e300b34e.nxcli.io\/webinaires-sap-business-one-copy\/"},"modified":"2025-02-06T16:46:03","modified_gmt":"2025-02-06T21:46:03","slug":"demonstration-sap-business-one","status":"publish","type":"page","link":"https:\/\/www.nwaretech.com\/fr\/demonstration-sap-business-one\/","title":{"rendered":"Webinaires"},"content":{"rendered":"<div class=\"wpb-content-wrapper\">[vc_row fullwidth=&#8221;true&#8221; css=&#8221;.vc_custom_1532701016934{margin-top: -155px !important;}&#8221;][vc_column][mk_page_title_box page_title=&#8221;D\u00e9monstrations SAP B1, Ecommerce &amp; WMS&#8221; page_subtitle=&#8221;Logiciels de gestion int\u00e9gr\u00e9s pour PME&#8221; section_height=&#8221;500&#8243; bg_image=&#8221;https:\/\/www.nwaretech.com\/wp-content\/uploads\/2019\/10\/seminaires-erp-ti-sapbusinessone-2.png&#8221; bg_position=&#8221;center top&#8221; bg_stretch=&#8221;true&#8221; bg_effects=&#8221;parallax&#8221; underline=&#8221;false&#8221;][mk_divider style=&#8221;thin_solid&#8221; thickness=&#8221;3&#8243; margin_top=&#8221;0&#8243; margin_bottom=&#8221;0&#8243;][mk_padding_divider][\/vc_column][\/vc_row][vc_row][vc_column][mk_fancy_title font_family=&#8221;none&#8221;]\n<h2>Participez \u00e0 nos formations en ligne gratuites pour d\u00e9couvrir des solutions TI concr\u00e8tes, et \u00e0 la hauteur de vos ambitions.<\/h2>\n[\/mk_fancy_title][vc_column_text css=&#8221;.vc_custom_1620858232812{margin-bottom: 0px !important;}&#8221;]Le domaine des TI est inond\u00e9 par de nombreuses tendances qui \u00e0 premi\u00e8re vue semblent toutes plus prometteuses les unes que les autres pour am\u00e9liorer vos performances d\u2019entreprise. En tant que gestionnaire, il peut \u00eatre difficile de trouver le temps pour analyser les solutions r\u00e9ellement pertinentes pour assurer la comp\u00e9titivit\u00e9 et la profitabilit\u00e9 de votre PME \u00e0 long terme. En participant \u00e0 nos d\u00e9monstrations SAP Business One, ecommerce int\u00e9gr\u00e9 ou sur la gestion d&#8217;entrp\u00f4t (WMS), vous d\u00e9couvrirez des outils technologiques concrets afin d\u2019am\u00e9liorer l\u2019efficacit\u00e9 et la profitabilit\u00e9 de votre organisation.<\/p>\n<p>Inscrivez-vous gratuitement \u00e0 nos s\u00e9ances offertes en ligne d\u00e8s maintenant :[\/vc_column_text][\/vc_column][\/vc_row][vc_row][vc_column][mk_padding_divider][mk_padding_divider][\/vc_column][\/vc_row][vc_row][vc_column width=&#8221;1\/3&#8243;][mk_fancy_title size=&#8221;20&#8243; margin_bottom=&#8221;10&#8243; font_family=&#8221;none&#8221;]\n<h2 style=\"text-align: center\"><strong>E-commerce B2C &amp; B2C int\u00e9gr\u00e9<\/strong><\/h2>\n[\/mk_fancy_title][vc_column_text css=&#8221;.vc_custom_1620858587474{margin-bottom: 0px !important;}&#8221;]\n<p style=\"text-align: center\">D\u00e9couvrez les opportunit\u00e9s du commerce en ligne pour les petites et moyennes entreprises! Nous vous pr\u00e9senterons les meilleures solutions e-commerce B2C et B2B et nous discuterons des avatanges d&#8217;int\u00e9grer votre syst\u00e8me ERP avec votre site Web, votre portail client et les diff\u00e9rentes places de march\u00e9 (<em>marketplace)<\/em>, telles que <a href=\"https:\/\/www.channeladvisor.com\/solutions\/marketplaces\/\">Channel Advisor<\/a>, <a href=\"https:\/\/sell.amazon.ca\/start\/?_encoding=UTF8&amp;ld=SECASOAGOOG-abk0041&amp;tag=googcana-20&amp;hvadid=511687023037&amp;hvpos=&amp;hvexid=&amp;hvnetw=g&amp;hvrand=2308144300795053114&amp;hvpone=&amp;hvptwo=&amp;hvqmt=e&amp;hvdev=c&amp;ref=pd_sl_5x350dwhii_e&amp;hvtargid=kwd-1889773674\">Amazon<\/a>, <a href=\"https:\/\/www.ariba.com\/\">SAP Ariba<\/a>, <a href=\"https:\/\/pages.ebay.ca\/seller-centre\/selling\/why-ebay.html\">eBay<\/a> et <a href=\"https:\/\/marketplace.walmart.com\/solutions\/\">Walmart.com<\/a>.<\/p>\n[\/vc_column_text][mk_button dimension=&#8221;flat&#8221; size=&#8221;x-large&#8221; url=&#8221;https:\/\/register.gotowebinar.com\/register\/3874302263637224460&#8243; target=&#8221;_blank&#8221; align=&#8221;center&#8221; bg_color=&#8221;#edaf23&#8243; btn_hover_bg=&#8221;#081828&#8243;]Inscrivez-vous maintenant[\/mk_button][\/vc_column][vc_column width=&#8221;1\/3&#8243;][mk_fancy_title size=&#8221;20&#8243; margin_bottom=&#8221;10&#8243; font_family=&#8221;none&#8221;]\n<h2 style=\"text-align: center\"><strong>D\u00e9monstration SAP Business One<\/strong><\/h2>\n[\/mk_fancy_title][vc_column_text css=&#8221;.vc_custom_1620858537814{margin-bottom: 0px !important;}&#8221;]\n<p style=\"text-align: center\">Pr\u00eat \u00e0 mettre de c\u00f4t\u00e9 votre logiciel comptable d\u00e9connect\u00e9 et les feuilles Excel? D\u00e9couvrez pourquoi SAP B1 est le logiciel ERP le plus utilis\u00e9 par les PME \u00e0 travers le monde! En vous inscrivant \u00e0 notre d\u00e9monstration SAP Business One, vous d\u00e9couvrirez comment ce logiciel peut vous permettre d\u2019automatiser et d\u2018optimiser vos processus afin de vous concentrer sur vos activit\u00e9s \u00e0 valeur ajout\u00e9e!<\/p>\n[\/vc_column_text][mk_button dimension=&#8221;flat&#8221; size=&#8221;x-large&#8221; url=&#8221;https:\/\/attendee.gotowebinar.com\/rt\/222496517507114585&#8243; target=&#8221;_blank&#8221; align=&#8221;center&#8221; bg_color=&#8221;#edaf23&#8243; btn_hover_bg=&#8221;#081828&#8243;]Inscrivez-vous maintenant[\/mk_button][\/vc_column][vc_column width=&#8221;1\/3&#8243;][mk_fancy_title size=&#8221;20&#8243; margin_bottom=&#8221;10&#8243; font_family=&#8221;none&#8221;]\n<h2 style=\"text-align: center\"><strong>Distribution, WMS et gestion d&#8217;entrep\u00f4t<\/strong><\/h2>\n[\/mk_fancy_title][vc_column_text css=&#8221;.vc_custom_1620858577950{margin-bottom: 0px !important;}&#8221;]\n<p style=\"text-align: center\">Nos sp\u00e9cialistes brosseront un portrait des meilleures outils disponibles afin d\u2019optimiser la gestion de votre cha\u00eene d\u2019approvisionnement pour diminuer vos co\u00fbts, am\u00e9liorer la satisfaction de vos clients et accro\u00eetre votre profitabilit\u00e9 globale.<\/p>\n<p style=\"text-align: center\">\u00c0 l\u2019ordre du jour : WMS, KPI, \u00e9quipement d\u2019entrep\u00f4t, distribution omnicanale et intelligence d\u2019affaires (BI).<\/p>\n[\/vc_column_text][mk_button dimension=&#8221;flat&#8221; size=&#8221;x-large&#8221; url=&#8221;https:\/\/attendee.gotowebinar.com\/rt\/6352385992542739033&#8243; target=&#8221;_blank&#8221; align=&#8221;center&#8221; bg_color=&#8221;#edaf23&#8243; btn_hover_bg=&#8221;#081828&#8243;]Inscrivez-vous maintenant[\/mk_button][\/vc_column][\/vc_row][vc_row][vc_column][mk_padding_divider size=&#8221;20&#8243;][vc_column_text css=&#8221;.vc_custom_1618259617816{margin-bottom: 0px !important;}&#8221;]\n<h6 style=\"text-align: center\">* Les webinaires durent entre 30 et 60 minutes incluant la p\u00e9driode questions. &#8211; Aucun frais d&#8217;inscription *<\/h6>\n[\/vc_column_text][mk_padding_divider size=&#8221;35&#8243;][\/vc_column][\/vc_row][vc_row][vc_column][mk_padding_divider][vc_separator border_width=&#8221;2&#8243; el_width=&#8221;70&#8243;][\/vc_column][\/vc_row][vc_row][vc_column][vc_message]\n<h2>Vous aimeriez en apprendre davantage sur SAP Business One?<\/h2>\n<p>Vous n\u2019avez pas trouv\u00e9 exactement ce que vous recherchiez? Pour approfondir vos connaissances \u00e0 propos de SAP Business One, vous n\u2019avez qu\u2019\u00e0 visiter notre section <a href=\"\/fr\/resources\/sap-business-one-videos\/\">Ressources SAP Business One<\/a> pour avoir acc\u00e8s \u00e0 une vaste s\u00e9lection de vid\u00e9os ax\u00e9es sur des fonctions pr\u00e9cises de SAP Business One. Elles vous aideront \u00e0 mieux comprendre les fonctionnalit\u00e9s qui importent le plus pour votre entreprise.[\/vc_message][\/vc_column][\/vc_row][vc_row fullwidth=&#8221;true&#8221; css=&#8221;.vc_custom_1533222006898{margin-bottom: -50px !important;padding-top: 45px !important;padding-bottom: 25px !important;background-color: #edaf23 !important;}&#8221;][vc_column width=&#8221;2\/3&#8243; css=&#8221;.vc_custom_1532698532225{margin-top: 15px !important;}&#8221;][vc_column_text css=&#8221;.vc_custom_1550264725369{margin-bottom: 0px !important;}&#8221;]\n<h2 style=\"text-align: center\"><span style=\"color: #081828\"><strong>PR\u00caT \u00c0 PARLER DE VOTRE PROJET AVEC UN PRO?<\/strong><\/span><\/h2>\n[\/vc_column_text][\/vc_column][vc_column width=&#8221;1\/3&#8243;][mk_button dimension=&#8221;flat&#8221; corner_style=&#8221;rounded&#8221; size=&#8221;x-large&#8221; url=&#8221;\/fr\/contactez-nous\/&#8221; margin_right=&#8221;20&#8243; bg_color=&#8221;#081828&#8243; btn_hover_bg=&#8221;#ffffff&#8221; btn_hover_txt_color=&#8221;#081828&#8243;]CONTACTEZ NOTRE \u00c9QUIPE[\/mk_button][\/vc_column][\/vc_row]\n<\/div>","protected":false},"excerpt":{"rendered":"<p>[vc_row fullwidth=&#8221;true&#8221; css=&#8221;.vc_custom_1532701016934{margin-top: -155px !important;}&#8221;][vc_column][mk_page_title_box page_title=&#8221;D\u00e9monstrations SAP B1, Ecommerce &amp; WMS&#8221; page_subtitle=&#8221;Logiciels de gestion int\u00e9gr\u00e9s pour PME&#8221; section_height=&#8221;500&#8243; bg_image=&#8221;https:\/\/www.nwaretech.com\/wp-content\/uploads\/2019\/10\/seminaires-erp-ti-sapbusinessone-2.png&#8221; bg_position=&#8221;center top&#8221; bg_stretch=&#8221;true&#8221; bg_effects=&#8221;parallax&#8221; underline=&#8221;false&#8221;][mk_divider style=&#8221;thin_solid&#8221; thickness=&#8221;3&#8243; margin_top=&#8221;0&#8243; margin_bottom=&#8221;0&#8243;][mk_padding_divider][\/vc_column][\/vc_row][vc_row][vc_column][mk_fancy_title font_family=&#8221;none&#8221;] Participez \u00e0 nos formations en ligne gratuites pour d\u00e9couvrir des solutions TI concr\u00e8tes, et \u00e0 la hauteur de vos ambitions. [\/mk_fancy_title][vc_column_text css=&#8221;.vc_custom_1620858232812{margin-bottom: 0px !important;}&#8221;]Le domaine des [&hellip;]<\/p>\n","protected":false},"author":3,"featured_media":0,"parent":0,"menu_order":0,"comment_status":"closed","ping_status":"closed","template":"","meta":{"footnotes":""},"class_list":["post-7622","page","type-page","status-publish","hentry"],"yoast_head":"<!-- This site is optimized with the Yoast SEO plugin v27.2 - https:\/\/yoast.com\/product\/yoast-seo-wordpress\/ -->\n<title>Partenaire SAP #1 au Qu\u00e9bec | D\u00e9monstration SAP Business One<\/title>\n<meta name=\"description\" content=\"D\u00e9couvrez comment am\u00e9liorer la rentabilit\u00e9 de votre PME avec nos logiciels de gestion int\u00e9gr\u00e9s. D\u00e9monstrations SAP B1, LISA WMS et ecommerce.\" \/>\n<meta name=\"robots\" content=\"index, follow, max-snippet:-1, max-image-preview:large, max-video-preview:-1\" \/>\n<link rel=\"canonical\" href=\"https:\/\/www.nwaretech.com\/fr\/demonstration-sap-business-one\/\" \/>\n<meta property=\"og:locale\" content=\"fr_FR\" \/>\n<meta property=\"og:type\" content=\"article\" \/>\n<meta property=\"og:title\" content=\"Partenaire SAP #1 au Qu\u00e9bec | D\u00e9monstration SAP Business One\" \/>\n<meta property=\"og:description\" content=\"D\u00e9couvrez comment am\u00e9liorer la rentabilit\u00e9 de votre PME avec nos logiciels de gestion int\u00e9gr\u00e9s. D\u00e9monstrations SAP B1, LISA WMS et ecommerce.\" \/>\n<meta property=\"og:url\" content=\"https:\/\/www.nwaretech.com\/fr\/demonstration-sap-business-one\/\" \/>\n<meta property=\"og:site_name\" content=\"N\u2019ware Technologies\" \/>\n<meta property=\"article:modified_time\" content=\"2025-02-06T21:46:03+00:00\" \/>\n<meta name=\"twitter:card\" content=\"summary_large_image\" \/>\n<meta name=\"twitter:label1\" content=\"Dur\u00e9e de lecture estim\u00e9e\" \/>\n\t<meta name=\"twitter:data1\" content=\"3 minutes\" \/>\n<script type=\"application\/ld+json\" class=\"yoast-schema-graph\">{\"@context\":\"https:\/\/schema.org\",\"@graph\":[{\"@type\":\"WebPage\",\"@id\":\"https:\/\/www.nwaretech.com\/fr\/demonstration-sap-business-one\/\",\"url\":\"https:\/\/www.nwaretech.com\/fr\/demonstration-sap-business-one\/\",\"name\":\"Partenaire SAP #1 au Qu\u00e9bec | D\u00e9monstration SAP Business One\",\"isPartOf\":{\"@id\":\"https:\/\/www.nwaretech.com\/#website\"},\"datePublished\":\"2019-10-16T22:36:30+00:00\",\"dateModified\":\"2025-02-06T21:46:03+00:00\",\"description\":\"D\u00e9couvrez comment am\u00e9liorer la rentabilit\u00e9 de votre PME avec nos logiciels de gestion int\u00e9gr\u00e9s. D\u00e9monstrations SAP B1, LISA WMS et ecommerce.\",\"breadcrumb\":{\"@id\":\"https:\/\/www.nwaretech.com\/fr\/demonstration-sap-business-one\/#breadcrumb\"},\"inLanguage\":\"fr-FR\",\"potentialAction\":[{\"@type\":\"ReadAction\",\"target\":[\"https:\/\/www.nwaretech.com\/fr\/demonstration-sap-business-one\/\"]}]},{\"@type\":\"BreadcrumbList\",\"@id\":\"https:\/\/www.nwaretech.com\/fr\/demonstration-sap-business-one\/#breadcrumb\",\"itemListElement\":[{\"@type\":\"ListItem\",\"position\":1,\"name\":\"Home\",\"item\":\"https:\/\/www.nwaretech.com\/fr\/\"},{\"@type\":\"ListItem\",\"position\":2,\"name\":\"Webinaires\"}]},{\"@type\":\"WebSite\",\"@id\":\"https:\/\/www.nwaretech.com\/#website\",\"url\":\"https:\/\/www.nwaretech.com\/\",\"name\":\"N\u2019ware Technologies\",\"description\":\"ERP &amp; WMS Software\",\"potentialAction\":[{\"@type\":\"SearchAction\",\"target\":{\"@type\":\"EntryPoint\",\"urlTemplate\":\"https:\/\/www.nwaretech.com\/?s={search_term_string}\"},\"query-input\":{\"@type\":\"PropertyValueSpecification\",\"valueRequired\":true,\"valueName\":\"search_term_string\"}}],\"inLanguage\":\"fr-FR\"}]}<\/script>\n<!-- \/ Yoast SEO plugin. -->","yoast_head_json":{"title":"Partenaire SAP #1 au Qu\u00e9bec | D\u00e9monstration SAP Business One","description":"D\u00e9couvrez comment am\u00e9liorer la rentabilit\u00e9 de votre PME avec nos logiciels de gestion int\u00e9gr\u00e9s. D\u00e9monstrations SAP B1, LISA WMS et ecommerce.","robots":{"index":"index","follow":"follow","max-snippet":"max-snippet:-1","max-image-preview":"max-image-preview:large","max-video-preview":"max-video-preview:-1"},"canonical":"https:\/\/www.nwaretech.com\/fr\/demonstration-sap-business-one\/","og_locale":"fr_FR","og_type":"article","og_title":"Partenaire SAP #1 au Qu\u00e9bec | D\u00e9monstration SAP Business One","og_description":"D\u00e9couvrez comment am\u00e9liorer la rentabilit\u00e9 de votre PME avec nos logiciels de gestion int\u00e9gr\u00e9s. D\u00e9monstrations SAP B1, LISA WMS et ecommerce.","og_url":"https:\/\/www.nwaretech.com\/fr\/demonstration-sap-business-one\/","og_site_name":"N\u2019ware Technologies","article_modified_time":"2025-02-06T21:46:03+00:00","twitter_card":"summary_large_image","twitter_misc":{"Dur\u00e9e de lecture estim\u00e9e":"3 minutes"},"schema":{"@context":"https:\/\/schema.org","@graph":[{"@type":"WebPage","@id":"https:\/\/www.nwaretech.com\/fr\/demonstration-sap-business-one\/","url":"https:\/\/www.nwaretech.com\/fr\/demonstration-sap-business-one\/","name":"Partenaire SAP #1 au Qu\u00e9bec | D\u00e9monstration SAP Business One","isPartOf":{"@id":"https:\/\/www.nwaretech.com\/#website"},"datePublished":"2019-10-16T22:36:30+00:00","dateModified":"2025-02-06T21:46:03+00:00","description":"D\u00e9couvrez comment am\u00e9liorer la rentabilit\u00e9 de votre PME avec nos logiciels de gestion int\u00e9gr\u00e9s. D\u00e9monstrations SAP B1, LISA WMS et ecommerce.","breadcrumb":{"@id":"https:\/\/www.nwaretech.com\/fr\/demonstration-sap-business-one\/#breadcrumb"},"inLanguage":"fr-FR","potentialAction":[{"@type":"ReadAction","target":["https:\/\/www.nwaretech.com\/fr\/demonstration-sap-business-one\/"]}]},{"@type":"BreadcrumbList","@id":"https:\/\/www.nwaretech.com\/fr\/demonstration-sap-business-one\/#breadcrumb","itemListElement":[{"@type":"ListItem","position":1,"name":"Home","item":"https:\/\/www.nwaretech.com\/fr\/"},{"@type":"ListItem","position":2,"name":"Webinaires"}]},{"@type":"WebSite","@id":"https:\/\/www.nwaretech.com\/#website","url":"https:\/\/www.nwaretech.com\/","name":"N\u2019ware Technologies","description":"ERP &amp; WMS Software","potentialAction":[{"@type":"SearchAction","target":{"@type":"EntryPoint","urlTemplate":"https:\/\/www.nwaretech.com\/?s={search_term_string}"},"query-input":{"@type":"PropertyValueSpecification","valueRequired":true,"valueName":"search_term_string"}}],"inLanguage":"fr-FR"}]}},"_links":{"self":[{"href":"https:\/\/www.nwaretech.com\/fr\/wp-json\/wp\/v2\/pages\/7622","targetHints":{"allow":["GET"]}}],"collection":[{"href":"https:\/\/www.nwaretech.com\/fr\/wp-json\/wp\/v2\/pages"}],"about":[{"href":"https:\/\/www.nwaretech.com\/fr\/wp-json\/wp\/v2\/types\/page"}],"author":[{"embeddable":true,"href":"https:\/\/www.nwaretech.com\/fr\/wp-json\/wp\/v2\/users\/3"}],"replies":[{"embeddable":true,"href":"https:\/\/www.nwaretech.com\/fr\/wp-json\/wp\/v2\/comments?post=7622"}],"version-history":[{"count":0,"href":"https:\/\/www.nwaretech.com\/fr\/wp-json\/wp\/v2\/pages\/7622\/revisions"}],"wp:attachment":[{"href":"https:\/\/www.nwaretech.com\/fr\/wp-json\/wp\/v2\/media?parent=7622"}],"curies":[{"name":"wp","href":"https:\/\/api.w.org\/{rel}","templated":true}]}}