{"id":9138,"date":"2022-04-11T13:01:34","date_gmt":"2022-04-11T18:01:34","guid":{"rendered":"https:\/\/e8e300b34e.nxcli.io\/resources\/brochures-copy\/"},"modified":"2024-12-16T14:00:57","modified_gmt":"2024-12-16T19:00:57","slug":"infographies","status":"publish","type":"page","link":"https:\/\/www.nwaretech.com\/fr\/resources\/infographies\/","title":{"rendered":"Infographies"},"content":{"rendered":"<div class=\"wpb-content-wrapper\">[vc_row][vc_column][vc_column_text css=&#8221;.vc_custom_1730304857905{margin-bottom: 0px !important;}&#8221;]\n<h1>Infographies<\/h1>\n[\/vc_column_text][vc_separator css=&#8221;&#8221;][\/vc_column][\/vc_row][vc_row][vc_column width=&#8221;1\/2&#8243;][mk_fancy_title margin_bottom=&#8221;0&#8243; font_family=&#8221;none&#8221;]\n<h2>Transformation num\u00e9rique | Distribution (<em>anglais<\/em>)<\/h2>\n[\/mk_fancy_title][vc_single_image image=&#8221;9195&#8243; img_size=&#8221;300&#215;215&#8243;][mk_button dimension=&#8221;flat&#8221; size=&#8221;large&#8221; url=&#8221;https:\/\/www.nwaretech.com\/wp-content\/uploads\/2022\/03\/digital_distribution.pdf&#8221; target=&#8221;_blank&#8221; bg_color=&#8221;#dbdbdb&#8221; btn_hover_bg=&#8221;#e5e5e5&#8243; text_color=&#8221;dark&#8221;]T\u00c9L\u00c9CHARGER[\/mk_button][\/vc_column][vc_column width=&#8221;1\/2&#8243;][mk_fancy_title margin_bottom=&#8221;0&#8243; font_family=&#8221;none&#8221;]\n<h2>Transformation num\u00e9rique | Production (<em>anglais<\/em>)<\/h2>\n[\/mk_fancy_title][vc_single_image image=&#8221;9190&#8243; img_size=&#8221;300&#215;215&#8243;][mk_button dimension=&#8221;flat&#8221; size=&#8221;large&#8221; url=&#8221;https:\/\/www.nwaretech.com\/wp-content\/uploads\/2022\/03\/digital_manufacturing.pdf&#8221; target=&#8221;_blank&#8221; bg_color=&#8221;#dbdbdb&#8221; btn_hover_bg=&#8221;#e5e5e5&#8243; text_color=&#8221;dark&#8221;]T\u00c9L\u00c9CHARGER[\/mk_button][\/vc_column][\/vc_row][vc_row][vc_column][vc_separator border_width=&#8221;5&#8243; css=&#8221;.vc_custom_1585667881956{padding-top: 20px !important;padding-bottom: 20px !important;}&#8221;][\/vc_column][\/vc_row][vc_row][vc_column width=&#8221;1\/2&#8243;][mk_fancy_title margin_bottom=&#8221;0&#8243; font_family=&#8221;none&#8221;]\n<h2>Transformation num\u00e9rique | Vente au d\u00e9tail (<em>anglais<\/em>)<\/h2>\n[\/mk_fancy_title][vc_single_image image=&#8221;9136&#8243; img_size=&#8221;300&#215;215&#8243;][mk_button dimension=&#8221;flat&#8221; size=&#8221;large&#8221; url=&#8221;https:\/\/www.nwaretech.com\/wp-content\/uploads\/2022\/03\/digital_retail.pdf&#8221; target=&#8221;_blank&#8221; bg_color=&#8221;#dbdbdb&#8221; btn_hover_bg=&#8221;#e5e5e5&#8243; text_color=&#8221;dark&#8221;]T\u00c9L\u00c9CHARGER[\/mk_button][\/vc_column][vc_column width=&#8221;1\/2&#8243;][mk_fancy_title margin_bottom=&#8221;0&#8243; font_family=&#8221;none&#8221;]\n<h2>Transformation num\u00e9rique | Biens de consommation (<em>anglais<\/em>)<\/h2>\n[\/mk_fancy_title][vc_single_image image=&#8221;9192&#8243; img_size=&#8221;300&#215;215&#8243;][mk_button dimension=&#8221;flat&#8221; size=&#8221;large&#8221; url=&#8221;https:\/\/www.nwaretech.com\/wp-content\/uploads\/2022\/03\/digital_consumer_products.pdf&#8221; target=&#8221;_blank&#8221; bg_color=&#8221;#dbdbdb&#8221; btn_hover_bg=&#8221;#e5e5e5&#8243; text_color=&#8221;dark&#8221;]T\u00c9L\u00c9CHARGER[\/mk_button][\/vc_column][\/vc_row][vc_row fullwidth=&#8221;true&#8221; css=&#8221;.vc_custom_1533222006898{margin-bottom: -50px !important;padding-top: 45px !important;padding-bottom: 25px !important;background-color: #edaf23 !important;}&#8221;][vc_column width=&#8221;2\/3&#8243; css=&#8221;.vc_custom_1532698532225{margin-top: 15px !important;}&#8221;][vc_column_text css=&#8221;.vc_custom_1536938087287{margin-bottom: 0px !important;}&#8221;]\n<h2 style=\"text-align: center;\"><span style=\"color: #081828;\"><strong>BESOIN DE PLUS D&#8217;INFORMATIONS?<\/strong><\/span><\/h2>\n[\/vc_column_text][\/vc_column][vc_column width=&#8221;1\/3&#8243;][mk_button dimension=&#8221;flat&#8221; corner_style=&#8221;rounded&#8221; size=&#8221;x-large&#8221; url=&#8221;https:\/\/www.nwaretech.com\/fr\/contact-us\/&#8221; margin_right=&#8221;20&#8243; bg_color=&#8221;#081828&#8243; btn_hover_bg=&#8221;#ffffff&#8221; btn_hover_txt_color=&#8221;#081828&#8243;]CONTACTEZ-NOUS[\/mk_button][\/vc_column][\/vc_row]\n<\/div>","protected":false},"excerpt":{"rendered":"<p>[vc_row][vc_column][vc_column_text css=&#8221;.vc_custom_1730304857905{margin-bottom: 0px !important;}&#8221;] Infographies [\/vc_column_text][vc_separator css=&#8221;&#8221;][\/vc_column][\/vc_row][vc_row][vc_column width=&#8221;1\/2&#8243;][mk_fancy_title margin_bottom=&#8221;0&#8243; font_family=&#8221;none&#8221;] Transformation num\u00e9rique | Distribution (anglais) [\/mk_fancy_title][vc_single_image image=&#8221;9195&#8243; img_size=&#8221;300&#215;215&#8243;][mk_button dimension=&#8221;flat&#8221; size=&#8221;large&#8221; url=&#8221;https:\/\/www.nwaretech.com\/wp-content\/uploads\/2022\/03\/digital_distribution.pdf&#8221; target=&#8221;_blank&#8221; bg_color=&#8221;#dbdbdb&#8221; btn_hover_bg=&#8221;#e5e5e5&#8243; text_color=&#8221;dark&#8221;]T\u00c9L\u00c9CHARGER[\/mk_button][\/vc_column][vc_column width=&#8221;1\/2&#8243;][mk_fancy_title margin_bottom=&#8221;0&#8243; font_family=&#8221;none&#8221;] Transformation num\u00e9rique | Production (anglais) [\/mk_fancy_title][vc_single_image image=&#8221;9190&#8243; img_size=&#8221;300&#215;215&#8243;][mk_button dimension=&#8221;flat&#8221; size=&#8221;large&#8221; url=&#8221;https:\/\/www.nwaretech.com\/wp-content\/uploads\/2022\/03\/digital_manufacturing.pdf&#8221; target=&#8221;_blank&#8221; bg_color=&#8221;#dbdbdb&#8221; btn_hover_bg=&#8221;#e5e5e5&#8243; text_color=&#8221;dark&#8221;]T\u00c9L\u00c9CHARGER[\/mk_button][\/vc_column][\/vc_row][vc_row][vc_column][vc_separator border_width=&#8221;5&#8243; css=&#8221;.vc_custom_1585667881956{padding-top: 20px !important;padding-bottom: 20px !important;}&#8221;][\/vc_column][\/vc_row][vc_row][vc_column width=&#8221;1\/2&#8243;][mk_fancy_title margin_bottom=&#8221;0&#8243; font_family=&#8221;none&#8221;] Transformation num\u00e9rique | [&hellip;]<\/p>\n","protected":false},"author":3,"featured_media":0,"parent":5770,"menu_order":0,"comment_status":"closed","ping_status":"closed","template":"","meta":{"footnotes":""},"class_list":["post-9138","page","type-page","status-publish","hentry"],"yoast_head":"<!-- This site is optimized with the Yoast SEO plugin v27.5 - https:\/\/yoast.com\/product\/yoast-seo-wordpress\/ -->\n<title>Infographies pour diff\u00e9rents secteurs | N&#039;ware Technologies<\/title>\n<meta name=\"description\" content=\"La section de t\u00e9l\u00e9chargement de N&#039;ware pour les brochures pdf destin\u00e9es aux petites et moyennes entreprises. Obtenez plus d&#039;informations ici!\" \/>\n<meta name=\"robots\" content=\"index, follow, max-snippet:-1, max-image-preview:large, max-video-preview:-1\" \/>\n<link rel=\"canonical\" href=\"https:\/\/www.nwaretech.com\/fr\/resources\/infographies\/\" \/>\n<meta property=\"og:locale\" content=\"fr_FR\" \/>\n<meta property=\"og:type\" content=\"article\" \/>\n<meta property=\"og:title\" content=\"Infographies pour diff\u00e9rents secteurs | N&#039;ware Technologies\" \/>\n<meta property=\"og:description\" content=\"La section de t\u00e9l\u00e9chargement de N&#039;ware pour les brochures pdf destin\u00e9es aux petites et moyennes entreprises. Obtenez plus d&#039;informations ici!\" \/>\n<meta property=\"og:url\" content=\"https:\/\/www.nwaretech.com\/fr\/resources\/infographies\/\" \/>\n<meta property=\"og:site_name\" content=\"N\u2019ware Technologies\" \/>\n<meta property=\"article:modified_time\" content=\"2024-12-16T19:00:57+00:00\" \/>\n<meta name=\"twitter:card\" content=\"summary_large_image\" \/>\n<meta name=\"twitter:label1\" content=\"Dur\u00e9e de lecture estim\u00e9e\" \/>\n\t<meta name=\"twitter:data1\" content=\"2 minutes\" \/>\n<script type=\"application\/ld+json\" class=\"yoast-schema-graph\">{\"@context\":\"https:\\\/\\\/schema.org\",\"@graph\":[{\"@type\":\"WebPage\",\"@id\":\"https:\\\/\\\/www.nwaretech.com\\\/fr\\\/resources\\\/infographies\\\/\",\"url\":\"https:\\\/\\\/www.nwaretech.com\\\/fr\\\/resources\\\/infographies\\\/\",\"name\":\"Infographies pour diff\u00e9rents secteurs | N'ware Technologies\",\"isPartOf\":{\"@id\":\"https:\\\/\\\/www.nwaretech.com\\\/#website\"},\"datePublished\":\"2022-04-11T18:01:34+00:00\",\"dateModified\":\"2024-12-16T19:00:57+00:00\",\"description\":\"La section de t\u00e9l\u00e9chargement de N'ware pour les brochures pdf destin\u00e9es aux petites et moyennes entreprises. Obtenez plus d'informations ici!\",\"breadcrumb\":{\"@id\":\"https:\\\/\\\/www.nwaretech.com\\\/fr\\\/resources\\\/infographies\\\/#breadcrumb\"},\"inLanguage\":\"fr-FR\",\"potentialAction\":[{\"@type\":\"ReadAction\",\"target\":[\"https:\\\/\\\/www.nwaretech.com\\\/fr\\\/resources\\\/infographies\\\/\"]}]},{\"@type\":\"BreadcrumbList\",\"@id\":\"https:\\\/\\\/www.nwaretech.com\\\/fr\\\/resources\\\/infographies\\\/#breadcrumb\",\"itemListElement\":[{\"@type\":\"ListItem\",\"position\":1,\"name\":\"Home\",\"item\":\"https:\\\/\\\/www.nwaretech.com\\\/fr\\\/\"},{\"@type\":\"ListItem\",\"position\":2,\"name\":\"Ressources\",\"item\":\"https:\\\/\\\/www.nwaretech.com\\\/fr\\\/resources\\\/\"},{\"@type\":\"ListItem\",\"position\":3,\"name\":\"Infographies\"}]},{\"@type\":\"WebSite\",\"@id\":\"https:\\\/\\\/www.nwaretech.com\\\/#website\",\"url\":\"https:\\\/\\\/www.nwaretech.com\\\/\",\"name\":\"N\u2019ware Technologies\",\"description\":\"ERP &amp; WMS Software\",\"potentialAction\":[{\"@type\":\"SearchAction\",\"target\":{\"@type\":\"EntryPoint\",\"urlTemplate\":\"https:\\\/\\\/www.nwaretech.com\\\/?s={search_term_string}\"},\"query-input\":{\"@type\":\"PropertyValueSpecification\",\"valueRequired\":true,\"valueName\":\"search_term_string\"}}],\"inLanguage\":\"fr-FR\"}]}<\/script>\n<!-- \/ Yoast SEO plugin. -->","yoast_head_json":{"title":"Infographies pour diff\u00e9rents secteurs | N'ware Technologies","description":"La section de t\u00e9l\u00e9chargement de N'ware pour les brochures pdf destin\u00e9es aux petites et moyennes entreprises. Obtenez plus d'informations ici!","robots":{"index":"index","follow":"follow","max-snippet":"max-snippet:-1","max-image-preview":"max-image-preview:large","max-video-preview":"max-video-preview:-1"},"canonical":"https:\/\/www.nwaretech.com\/fr\/resources\/infographies\/","og_locale":"fr_FR","og_type":"article","og_title":"Infographies pour diff\u00e9rents secteurs | N'ware Technologies","og_description":"La section de t\u00e9l\u00e9chargement de N'ware pour les brochures pdf destin\u00e9es aux petites et moyennes entreprises. Obtenez plus d'informations ici!","og_url":"https:\/\/www.nwaretech.com\/fr\/resources\/infographies\/","og_site_name":"N\u2019ware Technologies","article_modified_time":"2024-12-16T19:00:57+00:00","twitter_card":"summary_large_image","twitter_misc":{"Dur\u00e9e de lecture estim\u00e9e":"2 minutes"},"schema":{"@context":"https:\/\/schema.org","@graph":[{"@type":"WebPage","@id":"https:\/\/www.nwaretech.com\/fr\/resources\/infographies\/","url":"https:\/\/www.nwaretech.com\/fr\/resources\/infographies\/","name":"Infographies pour diff\u00e9rents secteurs | N'ware Technologies","isPartOf":{"@id":"https:\/\/www.nwaretech.com\/#website"},"datePublished":"2022-04-11T18:01:34+00:00","dateModified":"2024-12-16T19:00:57+00:00","description":"La section de t\u00e9l\u00e9chargement de N'ware pour les brochures pdf destin\u00e9es aux petites et moyennes entreprises. Obtenez plus d'informations ici!","breadcrumb":{"@id":"https:\/\/www.nwaretech.com\/fr\/resources\/infographies\/#breadcrumb"},"inLanguage":"fr-FR","potentialAction":[{"@type":"ReadAction","target":["https:\/\/www.nwaretech.com\/fr\/resources\/infographies\/"]}]},{"@type":"BreadcrumbList","@id":"https:\/\/www.nwaretech.com\/fr\/resources\/infographies\/#breadcrumb","itemListElement":[{"@type":"ListItem","position":1,"name":"Home","item":"https:\/\/www.nwaretech.com\/fr\/"},{"@type":"ListItem","position":2,"name":"Ressources","item":"https:\/\/www.nwaretech.com\/fr\/resources\/"},{"@type":"ListItem","position":3,"name":"Infographies"}]},{"@type":"WebSite","@id":"https:\/\/www.nwaretech.com\/#website","url":"https:\/\/www.nwaretech.com\/","name":"N\u2019ware Technologies","description":"ERP &amp; WMS Software","potentialAction":[{"@type":"SearchAction","target":{"@type":"EntryPoint","urlTemplate":"https:\/\/www.nwaretech.com\/?s={search_term_string}"},"query-input":{"@type":"PropertyValueSpecification","valueRequired":true,"valueName":"search_term_string"}}],"inLanguage":"fr-FR"}]}},"_links":{"self":[{"href":"https:\/\/www.nwaretech.com\/fr\/wp-json\/wp\/v2\/pages\/9138","targetHints":{"allow":["GET"]}}],"collection":[{"href":"https:\/\/www.nwaretech.com\/fr\/wp-json\/wp\/v2\/pages"}],"about":[{"href":"https:\/\/www.nwaretech.com\/fr\/wp-json\/wp\/v2\/types\/page"}],"author":[{"embeddable":true,"href":"https:\/\/www.nwaretech.com\/fr\/wp-json\/wp\/v2\/users\/3"}],"replies":[{"embeddable":true,"href":"https:\/\/www.nwaretech.com\/fr\/wp-json\/wp\/v2\/comments?post=9138"}],"version-history":[{"count":0,"href":"https:\/\/www.nwaretech.com\/fr\/wp-json\/wp\/v2\/pages\/9138\/revisions"}],"up":[{"embeddable":true,"href":"https:\/\/www.nwaretech.com\/fr\/wp-json\/wp\/v2\/pages\/5770"}],"wp:attachment":[{"href":"https:\/\/www.nwaretech.com\/fr\/wp-json\/wp\/v2\/media?parent=9138"}],"curies":[{"name":"wp","href":"https:\/\/api.w.org\/{rel}","templated":true}]}}