{"id":9908,"date":"2022-04-12T08:32:56","date_gmt":"2022-04-12T13:32:56","guid":{"rendered":"https:\/\/e8e300b34e.nxcli.io\/ntegrate-sap-business-one-connector\/"},"modified":"2025-07-17T16:08:42","modified_gmt":"2025-07-17T20:08:42","slug":"ntegrate-conntecteur-sap-business-one","status":"publish","type":"page","link":"https:\/\/www.nwaretech.com\/fr\/ntegrate-conntecteur-sap-business-one\/","title":{"rendered":"N&#8217;Tegrate"},"content":{"rendered":"<div class=\"wpb-content-wrapper\">[vc_row fullwidth=&#8221;true&#8221; css=&#8221;.vc_custom_1532701016934{margin-top: -155px !important;}&#8221;][vc_column][mk_page_title_box section_height=&#8221;525&#8243; bg_image=&#8221;https:\/\/www.nwaretech.com\/wp-content\/uploads\/2022\/04\/ntegratewpcover.png&#8221; bg_position=&#8221;center top&#8221; bg_stretch=&#8221;true&#8221; bg_effects=&#8221;parallax&#8221; underline=&#8221;false&#8221;][mk_divider style=&#8221;thin_solid&#8221; thickness=&#8221;3&#8243; margin_top=&#8221;0&#8243; margin_bottom=&#8221;0&#8243;][mk_divider style=&#8221;thin_solid&#8221; thickness=&#8221;3&#8243; margin_top=&#8221;0&#8243; margin_bottom=&#8221;0&#8243;][\/vc_column][\/vc_row][vc_row][vc_column][mk_padding_divider][\/vc_column][\/vc_row][vc_row][vc_column][mk_fancy_title font_family=&#8221;none&#8221;]\n<h1><strong>Connecteur SAP Business One pour applications externes, machines industrielles et plus<\/strong><\/h1>\n[\/mk_fancy_title][vc_row_inner disable_element=&#8221;yes&#8221;][vc_column_inner width=&#8221;1\/2&#8243;][vc_column_text css=&#8221;.vc_custom_1667416635375{margin-bottom: 0px !important;}&#8221;]N&#8217;Tegrate est une plateforme d&#8217;int\u00e9gration simple mais puissante qui connecte SAP Business One \u00e0 un large \u00e9ventail d&#8217;applications tierces, de machines industrielles et de sources de donn\u00e9es. Notre connecteur B1 flexible permet aux utilisateurs non techniques d&#8217;\u00e9changer des donn\u00e9es bidirectionnelles entre leur ERP et les applications cibles gr\u00e2ce \u00e0 des sc\u00e9narios pr\u00e9configur\u00e9s ou \u00e0 la fonctionnalit\u00e9 d&#8217;importation\/exportation de fichiers CSV.<\/p>\n<p>Connectez facilement SAP Business One \u00e0 vos applications de gestion pour \u00e9liminer les t\u00e2ches manuelles et sujettes aux erreurs, acc\u00e9l\u00e9rer le cycle de la commande \u00e0 l&#8217;encaissement, accro\u00eetre la satisfaction des clients et augmenter la valeur de votre logiciel ERP.[\/vc_column_text][\/vc_column_inner][vc_column_inner width=&#8221;1\/2&#8243;][vc_single_image image=&#8221;9453&#8243; img_size=&#8221;full&#8221;][vc_single_image][\/vc_column_inner][\/vc_row_inner][vc_row_inner][vc_column_inner width=&#8221;1\/3&#8243;][vc_column_text css=&#8221;.vc_custom_1737060201179{margin-bottom: 0px !important;}&#8221;]N&#8217;Tegrate est une plateforme d&#8217;int\u00e9gration simple mais puissante qui connecte <a href=\"https:\/\/www.nwaretech.com\/fr\/produits-sap-business-one\/\">SAP Business One<\/a> \u00e0 un large \u00e9ventail d&#8217;applications tierces, de machines industrielles et de sources de donn\u00e9es. Notre connecteur B1 flexible permet aux utilisateurs non techniques d\u2019\u00e9changer des donn\u00e9es bidirectionnelles entre leur ERP et des syst\u00e8mes externes (c&#8217;est-\u00e0-dire des plateformes de commerce \u00e9lectronique, des partenaires EDI, des applications CRM, des machines, etc.)<\/p>\n<p>\u00c9tendez la port\u00e9e de SAP Business One en connectant des applications de gestion externes afin d&#8217;<strong>\u00e9liminer les t\u00e2ches manuelles et sujettes aux erreurs, d&#8217;acc\u00e9l\u00e9rer le cycle de la commande \u00e0 l&#8217;encaissement, d&#8217;accro\u00eetre la satisfaction des clients et de renforcer la valeur de votre logiciel ERP.<\/strong>[\/vc_column_text][\/vc_column_inner][vc_column_inner width=&#8221;2\/3&#8243;][vc_single_image image=&#8221;35745&#8243; img_size=&#8221;full&#8221; css=&#8221;&#8221;][\/vc_column_inner][\/vc_row_inner][vc_row_inner][vc_column_inner][vc_column_text css=&#8221;.vc_custom_1667422556678{margin-bottom: 0px !important;}&#8221;]N&#8217;Tegrate permet aux utilisateurs de SAP Business One d&#8217;automatiser l&#8217;\u00e9change bi-directionnelle de donn\u00e9es entre leur logiciel ERP et des sources d&#8217;information externe, en utilisant des protocoles de communication standards incluant des sc\u00e9narios d&#8217;int\u00e9gration pr\u00e9-configur\u00e9s et le routage de donn\u00e9es. N&#8217;Tegrate permet la communication de donn\u00e9es avec SAP Business One, que ce soit par la simple exportation de donn\u00e9es transactionnelles au format CSV ou par la collecte d&#8217;informations \u00e0 partir d&#8217;une application Web tierce.[\/vc_column_text][\/vc_column_inner][\/vc_row_inner][\/vc_column][\/vc_row][vc_row fullwidth=&#8221;true&#8221; fullwidth_content=&#8221;false&#8221; css=&#8221;.vc_custom_1658183762226{padding-top: 40px !important;padding-bottom: 40px !important;}&#8221;][vc_column width=&#8221;1\/2&#8243;][mk_custom_list icon_color=&#8221;#081828&#8243;]\n<h2>Avantages de l&#8217;int\u00e9gration \u00e0 SAP Business One<\/h2>\n<ul>\n<li>Simplifie l\u2019int\u00e9gration avec les applications tierces<\/li>\n<li>\u00c9limine la saisie manuelle des donn\u00e9es et \u00e9vite les erreurs co\u00fbteuses<\/li>\n<li>Acc\u00e9l\u00e8re le traitement des donn\u00e9es, donc le service et la satisfaction des clients<\/li>\n<li>Plateforme conviviale con\u00e7ue pour les utilisateurs non techniques<\/li>\n<li>Plateforme rentable, flexible et \u00e9volutive<\/li>\n<\/ul>\n[\/mk_custom_list][\/vc_column][vc_column width=&#8221;1\/2&#8243;][vc_message icon_fontawesome=&#8221;fas fa-cogs&#8221;]\n<h2>Fonctionnalit\u00e9s de N&#8217;Tegrate<\/h2>\n<p>\u2022 Int\u00e9gration SAP B1 bi-directionnelle gr\u00e2ce \u00e0 l&#8217;importation et l&#8217;exportation de fichiers CSV<br \/>\n\u2022 Gestion de documents sur des serveurs FTP\/SFTP<br \/>\n\u2022 Alertes par courriel confirmant le succ\u00e8s ou l&#8217;\u00e9chec des processus<br \/>\n\u2022 Int\u00e9gration aux bases de donn\u00e9es SQL et HANA<br \/>\n\u2022 Compatible avec la plupart des protocoles de communication[\/vc_message][\/vc_column][\/vc_row][vc_row][vc_column][vc_separator border_width=&#8221;5&#8243; el_width=&#8221;40&#8243;][mk_fancy_title font_family=&#8221;none&#8221;]\n<h2 style=\"text-align: center\">\u00a0Qu&#8217;est-ce qui rend notre plateforme d&#8217;int\u00e9gration SAP Business One si puissante?<\/h2>\n[\/mk_fancy_title][\/vc_column][\/vc_row][vc_row][vc_column width=&#8221;1\/3&#8243;][vc_icon icon_fontawesome=&#8221;fas fa-cogs&#8221; color=&#8221;custom&#8221; size=&#8221;xl&#8221; align=&#8221;center&#8221; custom_color=&#8221;#ecae26&#8243;][vc_column_text css=&#8221;.vc_custom_1667422931194{margin-bottom: 0px !important;}&#8221;]\n<h3 style=\"text-align: center\">Automatisation des processus de gestion complexes<\/h3>\n<p style=\"text-align: center\">Les fonctionnalit\u00e9s \u00e9volutives pour la mod\u00e9lisation des processus de N\u2019Tegrate permettent l\u2019automatisation de t\u00e2ches manuelles complexes et sujettes aux erreurs. N\u2019Tegrate procure \u00e9galement un cadre d\u2019automatisation commun \u00e0 l\u2019ensemble de la cha\u00eene d\u2019informations.<\/p>\n[\/vc_column_text][\/vc_column][vc_column width=&#8221;1\/3&#8243;][vc_icon icon_fontawesome=&#8221;fas fa-laptop-code&#8221; color=&#8221;custom&#8221; size=&#8221;xl&#8221; align=&#8221;center&#8221; custom_color=&#8221;#ecae26&#8243;][vc_column_text css=&#8221;.vc_custom_1667423205785{margin-bottom: 0px !important;}&#8221;]\n<h3 style=\"text-align: center\">Application conviviale et sc\u00e9narios pr\u00eats \u00e0 l&#8217;emploi<\/h3>\n<p style=\"text-align: center\">Les utilisateurs SAP ayant des connaissances techniques minimales peuvent naviguer dans le processus de cr\u00e9ation de sc\u00e9narios pour commencer \u00e0 communiquer des donn\u00e9es avec une source de donn\u00e9es cible. Notre plateforme d&#8217;int\u00e9gration robuste pour SAP Business One permet aux petites entreprises de cr\u00e9er leurs propres sc\u00e9narios d&#8217;automatisation sans avoir recours \u00e0 des ressources techniques suppl\u00e9mentaires.<\/p>\n[\/vc_column_text][\/vc_column][vc_column width=&#8221;1\/3&#8243;][vc_icon icon_fontawesome=&#8221;fas fa-chart-line&#8221; color=&#8221;custom&#8221; size=&#8221;xl&#8221; align=&#8221;center&#8221; custom_color=&#8221;#ecae26&#8243;][vc_column_text css=&#8221;.vc_custom_1667423291203{margin-bottom: 0px !important;}&#8221;]\n<h3 style=\"text-align: center\">Une solution rentable pour maximiser la valeur de l&#8217;ERP<\/h3>\n<p style=\"text-align: center\">N&#8217;Tegrate fournit une solution d&#8217;automatisation \u00e9volutive et rentable pour synchroniser les donn\u00e9es entre SAP et les sources externes, afin d&#8217;augmenter la productivit\u00e9 des \u00e9quipes, d&#8217;\u00e9liminer les erreurs co\u00fbteuses caus\u00e9es par la saisie manuelle des donn\u00e9es et de stimuler la rentabilit\u00e9 globale. La connexion de SAP Business One aux applications externes est essentielle pour exploiter tout son potentiel et maximiser la valeur du logiciel.<\/p>\n[\/vc_column_text][\/vc_column][\/vc_row][vc_row fullwidth=&#8221;true&#8221; fullwidth_content=&#8221;false&#8221; css=&#8221;.vc_custom_1533926077250{padding-top: 40px !important;padding-bottom: 40px !important;background-color: #e8e8e8 !important;}&#8221;][vc_column][mk_fancy_title font_family=&#8221;none&#8221;]\n<h2 style=\"text-align: center\">Sc\u00e9narios courants d&#8217;int\u00e9gration de SAP Business One<\/h2>\n[\/mk_fancy_title][mk_fancy_title font_family=&#8221;none&#8221;]\n<h3 style=\"text-align: left\">Int\u00e9gration SAP B1 + Site Web e-commerce<\/h3>\n[\/mk_fancy_title][vc_row_inner][vc_column_inner width=&#8221;1\/4&#8243;][vc_single_image image=&#8221;9486&#8243;][\/vc_column_inner][vc_column_inner width=&#8221;1\/4&#8243;][vc_single_image image=&#8221;9494&#8243; img_size=&#8221;100&#215;100&#8243;][\/vc_column_inner][vc_column_inner width=&#8221;1\/4&#8243;][vc_single_image image=&#8221;9490&#8243;][\/vc_column_inner][vc_column_inner width=&#8221;1\/4&#8243;][vc_single_image image=&#8221;9496&#8243;][\/vc_column_inner][\/vc_row_inner][vc_separator css=&#8221;.vc_custom_1658186319806{background-color: #edaf23 !important;}&#8221;][mk_fancy_title font_family=&#8221;none&#8221;]\n<h3 style=\"text-align: left\">Int\u00e9gration SAP B1 + Places de march\u00e9s num\u00e9riques<\/h3>\n[\/mk_fancy_title][vc_row_inner][vc_column_inner width=&#8221;1\/4&#8243;][vc_single_image image=&#8221;6967&#8243;][\/vc_column_inner][vc_column_inner width=&#8221;1\/4&#8243;][vc_single_image image=&#8221;9484&#8243;][\/vc_column_inner][vc_column_inner width=&#8221;1\/4&#8243;][vc_single_image image=&#8221;9535&#8243;][\/vc_column_inner][vc_column_inner width=&#8221;1\/4&#8243;][vc_single_image image=&#8221;9498&#8243;][\/vc_column_inner][\/vc_row_inner][vc_separator css=&#8221;.vc_custom_1658186319806{background-color: #edaf23 !important;}&#8221;][vc_row_inner][vc_column_inner width=&#8221;1\/2&#8243;][mk_fancy_title font_family=&#8221;none&#8221;]\n<h3>Int\u00e9gration SAP B1 + Machinerie industrielle<\/h3>\n[\/mk_fancy_title][\/vc_column_inner][vc_column_inner width=&#8221;1\/2&#8243;][mk_fancy_title font_family=&#8221;none&#8221;]\n<h3 style=\"text-align: left\">Int\u00e9gration SAP B1 + Plateformes d&#8217;exp\u00e9dition et de logistique<\/h3>\n[\/mk_fancy_title][\/vc_column_inner][\/vc_row_inner][vc_row_inner][vc_column_inner width=&#8221;1\/4&#8243;][vc_single_image image=&#8221;9529&#8243;][\/vc_column_inner][vc_column_inner width=&#8221;1\/4&#8243;][vc_single_image image=&#8221;9525&#8243;][\/vc_column_inner][vc_column_inner width=&#8221;1\/4&#8243;][vc_single_image image=&#8221;9531&#8243;][\/vc_column_inner][vc_column_inner width=&#8221;1\/4&#8243;][vc_single_image image=&#8221;9533&#8243;][\/vc_column_inner][\/vc_row_inner][vc_separator css=&#8221;.vc_custom_1658186319806{background-color: #edaf23 !important;}&#8221;][vc_row_inner][vc_column_inner width=&#8221;1\/2&#8243;][mk_fancy_title font_family=&#8221;none&#8221;]\n<h3 style=\"text-align: left\">Int\u00e9gration SAP B1 + \u00c9change \u00e9lectronique de donn\u00e9es (EDI)<\/h3>\n[\/mk_fancy_title][\/vc_column_inner][vc_column_inner width=&#8221;1\/2&#8243;][mk_fancy_title font_family=&#8221;none&#8221;]\n<h3 style=\"text-align: left\">Int\u00e9gration SAP B1 + CRM<\/h3>\n[\/mk_fancy_title][\/vc_column_inner][\/vc_row_inner][vc_row_inner][vc_column_inner width=&#8221;1\/4&#8243;][vc_single_image image=&#8221;9517&#8243;][\/vc_column_inner][vc_column_inner width=&#8221;1\/4&#8243;][vc_single_image image=&#8221;9521&#8243;][\/vc_column_inner][vc_column_inner width=&#8221;1\/4&#8243;][vc_single_image image=&#8221;9519&#8243;][\/vc_column_inner][vc_column_inner width=&#8221;1\/4&#8243;][vc_single_image image=&#8221;9523&#8243;][\/vc_column_inner][\/vc_row_inner][vc_separator css=&#8221;.vc_custom_1658186319806{background-color: #edaf23 !important;}&#8221;][\/vc_column][\/vc_row][vc_row][vc_column][mk_padding_divider size=&#8221;100&#8243;][mk_fancy_title font_family=&#8221;none&#8221;]\n<h2>T\u00e9l\u00e9chargements connexes<\/h2>\n[\/mk_fancy_title][\/vc_column][\/vc_row][vc_row][vc_column width=&#8221;1\/3&#8243;][mk_fancy_title margin_bottom=&#8221;0&#8243; font_family=&#8221;none&#8221;]\n<h3>PDC-One<\/h3>\n[\/mk_fancy_title][vc_single_image image=&#8221;9935&#8243; img_size=&#8221;full&#8221;][mk_button dimension=&#8221;flat&#8221; size=&#8221;large&#8221; url=&#8221;https:\/\/www.nwaretech.com\/wp-content\/uploads\/2022\/11\/pdc-one-pour-sap-business-one_fr-1.pdf&#8221; target=&#8221;_blank&#8221; bg_color=&#8221;#dbdbdb&#8221; btn_hover_bg=&#8221;#e5e5e5&#8243; text_color=&#8221;dark&#8221;]T\u00c9L\u00c9CHARGER[\/mk_button][\/vc_column][vc_column width=&#8221;1\/3&#8243;][mk_fancy_title margin_bottom=&#8221;0&#8243; font_family=&#8221;none&#8221;]\n<h3>LISA WMS<\/h3>\n[\/mk_fancy_title][vc_single_image image=&#8221;30194&#8243; img_size=&#8221;full&#8221; css=&#8221;&#8221;][mk_button dimension=&#8221;flat&#8221; size=&#8221;large&#8221; url=&#8221;https:\/\/www.nwaretech.com\/wp-content\/uploads\/2024\/11\/lisawms_brochure_fr_05102024_web.pdf&#8221; target=&#8221;_blank&#8221; bg_color=&#8221;#dbdbdb&#8221; btn_hover_bg=&#8221;#e5e5e5&#8243; text_color=&#8221;dark&#8221;]T\u00c9L\u00c9CHARGER[\/mk_button][\/vc_column][vc_column width=&#8221;1\/3&#8243;][mk_fancy_title margin_bottom=&#8221;0&#8243; font_family=&#8221;none&#8221;]\n<h3>Solution de fabrication avanc\u00e9e<\/h3>\n[\/mk_fancy_title][vc_single_image image=&#8221;6273&#8243; img_size=&#8221;full&#8221;][mk_button dimension=&#8221;flat&#8221; size=&#8221;large&#8221; url=&#8221;\/wp-content\/uploads\/2018\/09\/nware_advanced_manufacturing_english.pdf&#8221; target=&#8221;_blank&#8221; bg_color=&#8221;#dbdbdb&#8221; btn_hover_bg=&#8221;#e5e5e5&#8243; text_color=&#8221;dark&#8221;]DOWNLOAD[\/mk_button][\/vc_column][\/vc_row][vc_row][vc_column][mk_padding_divider size=&#8221;100&#8243;][\/vc_column][\/vc_row][vc_row fullwidth=&#8221;true&#8221; css=&#8221;.vc_custom_1533222006898{margin-bottom: -50px !important;padding-top: 45px !important;padding-bottom: 25px !important;background-color: #edaf23 !important;}&#8221;][vc_column width=&#8221;2\/3&#8243; css=&#8221;.vc_custom_1532698532225{margin-top: 15px !important;}&#8221;][vc_column_text css=&#8221;.vc_custom_1667504425331{margin-bottom: 0px !important;}&#8221;]\n<h2 style=\"text-align: center\"><strong>D\u00c9COUVREZ COMMENT VOTRE ENTREPRISE PEUT MIEUX FONCTIONNER<\/strong><\/h2>\n[\/vc_column_text][\/vc_column][vc_column width=&#8221;1\/3&#8243;][mk_button dimension=&#8221;flat&#8221; corner_style=&#8221;rounded&#8221; size=&#8221;x-large&#8221; url=&#8221;\/contact-us\/&#8221; margin_right=&#8221;20&#8243; bg_color=&#8221;#081828&#8243; btn_hover_bg=&#8221;#ffffff&#8221; btn_hover_txt_color=&#8221;#081828&#8243;]PLANIFIER UN RENDEZ-VOUS[\/mk_button][\/vc_column][\/vc_row]\n<\/div>","protected":false},"excerpt":{"rendered":"<p>[vc_row fullwidth=&#8221;true&#8221; css=&#8221;.vc_custom_1532701016934{margin-top: -155px !important;}&#8221;][vc_column][mk_page_title_box section_height=&#8221;525&#8243; bg_image=&#8221;https:\/\/www.nwaretech.com\/wp-content\/uploads\/2022\/04\/ntegratewpcover.png&#8221; bg_position=&#8221;center top&#8221; bg_stretch=&#8221;true&#8221; bg_effects=&#8221;parallax&#8221; underline=&#8221;false&#8221;][mk_divider style=&#8221;thin_solid&#8221; thickness=&#8221;3&#8243; margin_top=&#8221;0&#8243; margin_bottom=&#8221;0&#8243;][mk_divider style=&#8221;thin_solid&#8221; thickness=&#8221;3&#8243; margin_top=&#8221;0&#8243; margin_bottom=&#8221;0&#8243;][\/vc_column][\/vc_row][vc_row][vc_column][mk_padding_divider][\/vc_column][\/vc_row][vc_row][vc_column][mk_fancy_title font_family=&#8221;none&#8221;] Connecteur SAP Business One pour applications externes, machines industrielles [&hellip;]<\/p>\n","protected":false},"author":3,"featured_media":0,"parent":0,"menu_order":0,"comment_status":"closed","ping_status":"closed","template":"","meta":{"footnotes":""},"class_list":["post-9908","page","type-page","status-publish","hentry"],"yoast_head":"<!-- This site is optimized with the Yoast SEO plugin v27.6 - https:\/\/yoast.com\/product\/yoast-seo-wordpress\/ -->\n<title>Connecteur SAP Business One - N&#039;Tegrate<\/title>\n<meta name=\"description\" content=\"Int\u00e9gration SAP B1 simple et facile avec N&#039;Tegrate. Le connecteur SAP Business One par excellence pour le e-commerce, le EDI, les CRM, etc.\" \/>\n<meta name=\"robots\" content=\"index, follow, max-snippet:-1, max-image-preview:large, max-video-preview:-1\" \/>\n<link rel=\"canonical\" href=\"https:\/\/www.nwaretech.com\/fr\/ntegrate-conntecteur-sap-business-one\/\" \/>\n<meta property=\"og:locale\" content=\"fr_FR\" \/>\n<meta property=\"og:type\" content=\"article\" \/>\n<meta property=\"og:title\" content=\"Connecteur SAP Business One - N&#039;Tegrate\" \/>\n<meta property=\"og:description\" content=\"Int\u00e9gration SAP B1 simple et facile avec N&#039;Tegrate. Le connecteur SAP Business One par excellence pour le e-commerce, le EDI, les CRM, etc.\" \/>\n<meta property=\"og:url\" content=\"https:\/\/www.nwaretech.com\/fr\/ntegrate-conntecteur-sap-business-one\/\" \/>\n<meta property=\"og:site_name\" content=\"N\u2019ware Technologies\" \/>\n<meta property=\"article:modified_time\" content=\"2025-07-17T20:08:42+00:00\" \/>\n<meta name=\"twitter:card\" content=\"summary_large_image\" \/>\n<meta name=\"twitter:label1\" content=\"Dur\u00e9e de lecture estim\u00e9e\" \/>\n\t<meta name=\"twitter:data1\" content=\"9 minutes\" \/>\n<script type=\"application\/ld+json\" class=\"yoast-schema-graph\">{\"@context\":\"https:\\\/\\\/schema.org\",\"@graph\":[{\"@type\":\"WebPage\",\"@id\":\"https:\\\/\\\/www.nwaretech.com\\\/fr\\\/ntegrate-conntecteur-sap-business-one\\\/\",\"url\":\"https:\\\/\\\/www.nwaretech.com\\\/fr\\\/ntegrate-conntecteur-sap-business-one\\\/\",\"name\":\"Connecteur SAP Business One - N'Tegrate\",\"isPartOf\":{\"@id\":\"https:\\\/\\\/www.nwaretech.com\\\/#website\"},\"datePublished\":\"2022-04-12T13:32:56+00:00\",\"dateModified\":\"2025-07-17T20:08:42+00:00\",\"description\":\"Int\u00e9gration SAP B1 simple et facile avec N'Tegrate. Le connecteur SAP Business One par excellence pour le e-commerce, le EDI, les CRM, etc.\",\"breadcrumb\":{\"@id\":\"https:\\\/\\\/www.nwaretech.com\\\/fr\\\/ntegrate-conntecteur-sap-business-one\\\/#breadcrumb\"},\"inLanguage\":\"fr-FR\",\"potentialAction\":[{\"@type\":\"ReadAction\",\"target\":[\"https:\\\/\\\/www.nwaretech.com\\\/fr\\\/ntegrate-conntecteur-sap-business-one\\\/\"]}]},{\"@type\":\"BreadcrumbList\",\"@id\":\"https:\\\/\\\/www.nwaretech.com\\\/fr\\\/ntegrate-conntecteur-sap-business-one\\\/#breadcrumb\",\"itemListElement\":[{\"@type\":\"ListItem\",\"position\":1,\"name\":\"Home\",\"item\":\"https:\\\/\\\/www.nwaretech.com\\\/fr\\\/\"},{\"@type\":\"ListItem\",\"position\":2,\"name\":\"N&#8217;Tegrate\"}]},{\"@type\":\"WebSite\",\"@id\":\"https:\\\/\\\/www.nwaretech.com\\\/#website\",\"url\":\"https:\\\/\\\/www.nwaretech.com\\\/\",\"name\":\"N\u2019ware Technologies\",\"description\":\"ERP &amp; WMS Software\",\"potentialAction\":[{\"@type\":\"SearchAction\",\"target\":{\"@type\":\"EntryPoint\",\"urlTemplate\":\"https:\\\/\\\/www.nwaretech.com\\\/?s={search_term_string}\"},\"query-input\":{\"@type\":\"PropertyValueSpecification\",\"valueRequired\":true,\"valueName\":\"search_term_string\"}}],\"inLanguage\":\"fr-FR\"}]}<\/script>\n<!-- \/ Yoast SEO plugin. -->","yoast_head_json":{"title":"Connecteur SAP Business One - N'Tegrate","description":"Int\u00e9gration SAP B1 simple et facile avec N'Tegrate. Le connecteur SAP Business One par excellence pour le e-commerce, le EDI, les CRM, etc.","robots":{"index":"index","follow":"follow","max-snippet":"max-snippet:-1","max-image-preview":"max-image-preview:large","max-video-preview":"max-video-preview:-1"},"canonical":"https:\/\/www.nwaretech.com\/fr\/ntegrate-conntecteur-sap-business-one\/","og_locale":"fr_FR","og_type":"article","og_title":"Connecteur SAP Business One - N'Tegrate","og_description":"Int\u00e9gration SAP B1 simple et facile avec N'Tegrate. Le connecteur SAP Business One par excellence pour le e-commerce, le EDI, les CRM, etc.","og_url":"https:\/\/www.nwaretech.com\/fr\/ntegrate-conntecteur-sap-business-one\/","og_site_name":"N\u2019ware Technologies","article_modified_time":"2025-07-17T20:08:42+00:00","twitter_card":"summary_large_image","twitter_misc":{"Dur\u00e9e de lecture estim\u00e9e":"9 minutes"},"schema":{"@context":"https:\/\/schema.org","@graph":[{"@type":"WebPage","@id":"https:\/\/www.nwaretech.com\/fr\/ntegrate-conntecteur-sap-business-one\/","url":"https:\/\/www.nwaretech.com\/fr\/ntegrate-conntecteur-sap-business-one\/","name":"Connecteur SAP Business One - N'Tegrate","isPartOf":{"@id":"https:\/\/www.nwaretech.com\/#website"},"datePublished":"2022-04-12T13:32:56+00:00","dateModified":"2025-07-17T20:08:42+00:00","description":"Int\u00e9gration SAP B1 simple et facile avec N'Tegrate. Le connecteur SAP Business One par excellence pour le e-commerce, le EDI, les CRM, etc.","breadcrumb":{"@id":"https:\/\/www.nwaretech.com\/fr\/ntegrate-conntecteur-sap-business-one\/#breadcrumb"},"inLanguage":"fr-FR","potentialAction":[{"@type":"ReadAction","target":["https:\/\/www.nwaretech.com\/fr\/ntegrate-conntecteur-sap-business-one\/"]}]},{"@type":"BreadcrumbList","@id":"https:\/\/www.nwaretech.com\/fr\/ntegrate-conntecteur-sap-business-one\/#breadcrumb","itemListElement":[{"@type":"ListItem","position":1,"name":"Home","item":"https:\/\/www.nwaretech.com\/fr\/"},{"@type":"ListItem","position":2,"name":"N&#8217;Tegrate"}]},{"@type":"WebSite","@id":"https:\/\/www.nwaretech.com\/#website","url":"https:\/\/www.nwaretech.com\/","name":"N\u2019ware Technologies","description":"ERP &amp; WMS Software","potentialAction":[{"@type":"SearchAction","target":{"@type":"EntryPoint","urlTemplate":"https:\/\/www.nwaretech.com\/?s={search_term_string}"},"query-input":{"@type":"PropertyValueSpecification","valueRequired":true,"valueName":"search_term_string"}}],"inLanguage":"fr-FR"}]}},"_links":{"self":[{"href":"https:\/\/www.nwaretech.com\/fr\/wp-json\/wp\/v2\/pages\/9908","targetHints":{"allow":["GET"]}}],"collection":[{"href":"https:\/\/www.nwaretech.com\/fr\/wp-json\/wp\/v2\/pages"}],"about":[{"href":"https:\/\/www.nwaretech.com\/fr\/wp-json\/wp\/v2\/types\/page"}],"author":[{"embeddable":true,"href":"https:\/\/www.nwaretech.com\/fr\/wp-json\/wp\/v2\/users\/3"}],"replies":[{"embeddable":true,"href":"https:\/\/www.nwaretech.com\/fr\/wp-json\/wp\/v2\/comments?post=9908"}],"version-history":[{"count":3,"href":"https:\/\/www.nwaretech.com\/fr\/wp-json\/wp\/v2\/pages\/9908\/revisions"}],"predecessor-version":[{"id":35742,"href":"https:\/\/www.nwaretech.com\/fr\/wp-json\/wp\/v2\/pages\/9908\/revisions\/35742"}],"wp:attachment":[{"href":"https:\/\/www.nwaretech.com\/fr\/wp-json\/wp\/v2\/media?parent=9908"}],"curies":[{"name":"wp","href":"https:\/\/api.w.org\/{rel}","templated":true}]}}